{"id":1005,"date":"2016-05-18T14:13:32","date_gmt":"2016-05-18T11:13:32","guid":{"rendered":"http:\/\/www.tiedonrakentajat.fi\/sptldev\/?page_id=1005"},"modified":"2023-09-12T18:04:23","modified_gmt":"2023-09-12T15:04:23","slug":"lisenssimaksut-2016","status":"publish","type":"page","link":"https:\/\/www.sptl.fi\/sptl_test\/?page_id=1005","title":{"rendered":"Lisenssihinnat 2023 &#8211; 2024"},"content":{"rendered":"<p><span style=\"color: #000000;\"><b>Ohje lisenssien maksamiseen:\u00a0<span style=\"text-decoration: underline;\"><a href=\"https:\/\/www.sptl.fi\/sptl_test\/?p=2020\">https:\/\/www.sptl.fi\/sptl_test\/?p=2020<\/a>\u00a0<\/span><\/b><\/span>Lisenssi astuu voimaan, kun se on ilmoitettu ja maksettu. T\u00e4ll\u00f6in se on my\u00f6s n\u00e4kyvill\u00e4 liiton rekisteriss\u00e4. Edellisen kauden lisenssill\u00e4 saa pelata 30.9. asti.<\/p>\n<h5 style=\"text-align: left;\"><span style=\"color: #000000;\"><strong>Lisenssit ja hinnat:<\/strong><\/span><\/h5>\n<ul>\n<li><span style=\"color: #000000;\"><span style=\"color: #000000;\"><span style=\"color: #000000;\"><span style=\"color: #000000;\"><span style=\"color: #000000;\"><strong>A<\/strong> Aikuiset <strong>5<\/strong><strong>5\u20ac<br \/>\n<\/strong>&#8211; Sis\u00e4lt\u00e4\u00e4 p\u00f6yt\u00e4tennislehden (digilehti)<strong><br \/>\n<\/strong><\/span><\/span><\/span><\/span><\/span><\/li>\n<li><span style=\"color: #000000;\"><span style=\"color: #000000;\"><span style=\"color: #000000;\"><span style=\"color: #000000;\"><span style=\"color: #000000;\"><span style=\"color: #000000;\"><em><del>vapaaehtoinen vakuutus (kausi 21\/ 22) <\/del><strong><del>15\u20ac<\/del><br \/>\n<\/strong><\/em><\/span><\/span><\/span><\/span><\/span><\/span><\/p>\n<hr \/>\n<\/li>\n<li><span style=\"color: #000000;\"><strong>V<\/strong> Veteraanit (yli 60vuotiaat)<strong> 35\u20ac<br \/>\n<\/strong>&#8211; Sis\u00e4lt\u00e4\u00e4 p\u00f6yt\u00e4tennislehden (digilehti)<strong><br \/>\n<\/strong><\/span><\/li>\n<li><del><span style=\"color: #000000;\"><span style=\"color: #000000;\"><em>vapaaehtoinen vakuutus (kausi 21\/22) <strong>12\u20ac<\/strong><\/em><\/span><\/span> *\u00a0<\/del><\/li>\n<li>V- lisenssi maksetaan sen pelikauden alussa, jonka kalenterivuoden aikana pelaaja t\u00e4ytt\u00e4\u00e4 60 vuotta. Jos pelaaja t\u00e4ytt\u00e4\u00e4 60v tammikuussa, on h\u00e4nen seuraavan 1.7. alkavan kauden lisenssimaksu 35 euroa.<br \/>\n<hr \/>\n<\/li>\n<li><span style=\"color: #000000;\"><strong>B<\/strong> 18 vuotiaat ja alle <strong>\u00a035\u20ac<br \/>\n<\/strong>&#8211; Sis\u00e4lt\u00e4\u00e4 p\u00f6yt\u00e4tennislehden (digilehti)<strong><br \/>\n<\/strong><\/span><\/li>\n<li><del><span style=\"color: #000000;\"><em>vapaaehtoinen vakuutus (kausi 21\/22 ) 7<strong>\u20ac<\/strong><\/em><\/span>*<\/del><br \/>\nKun pelaaja t\u00e4ytt\u00e4\u00e4 pelikauden (1.7.- 30.6.) alun kalenterivuotena 19 vuotta, tulee h\u00e4nen lunastaa <strong>A<\/strong>&#8211; lisenssi.<\/p>\n<hr \/>\n<\/li>\n<li><span style=\"color: #000000;\"><strong>C<\/strong>\u00a013 vuotiaat ja alle <strong>10\u20ac<br \/>\n&#8211; <\/strong>Sis\u00e4lt\u00e4\u00e4 p\u00f6yt\u00e4tennislehden (digilehti)<strong><br \/>\n<\/strong><\/span><\/li>\n<li><del><span style=\"color: #000000;\"><em>vapaaehtoinen vakuutus (kausi 21\/22) 7<strong>\u20ac<\/strong><\/em><\/span>*<\/del><br \/>\nKun pelaaja t\u00e4ytt\u00e4\u00e4 pelikauden (1.7.- 30.6.) alun kalenterivuotena 14 vuotta, tulee h\u00e4nen lunastaa <strong>B<\/strong>&#8211;\u00a0lisenssi.<\/p>\n<hr \/>\n<\/li>\n<li><span style=\"color: #000000;\"><span style=\"color: #000000;\"><span style=\"color: #000000;\"><strong>H<\/strong> Harrastajat (oikeuttaa pelaamiseen vain 4. ja 5. divisioonissa) <strong>35\u20ac<br \/>\n<\/strong>&#8211; Sis\u00e4lt\u00e4\u00e4 p\u00f6yt\u00e4tennislehden (digilehti)<strong><br \/>\n<\/strong><\/span><\/span><\/span><\/li>\n<li><span style=\"color: #000000;\"><span style=\"color: #000000;\"><span style=\"color: #000000;\"><del><em>vapaaehtoinen vakuutus (kausi 21\/22 ) <strong>10\u20ac<\/strong><\/em><\/del><br \/>\n<\/span><\/span><\/span><\/p>\n<hr \/>\n<\/li>\n<li><span style=\"color: #000000;\"><span style=\"color: #000000;\"><strong>K<\/strong> Kertalisenssi\u00e4 ei ole liittokokouksen p\u00e4\u00e4t\u00f6ksen mukaisesti k\u00e4yt\u00f6ss\u00e4 kaudelta 2021\/2022 alkaen<\/span><\/span><\/li>\n<li>\n<hr \/>\n<p><del><em><strong>P<\/strong> Vapaaehtoinen vakuutus 6-14 vuotiaille pingiskouluryhmien pelaajille, joilla ei ole lisenssi\u00e4 \u00a0<strong>1\u20ac<\/strong><\/em><\/del><\/p>\n<hr \/>\n<\/li>\n<\/ul>\n<p>&#8211; Syyskuun loppuun asti saa pelata vanhalla lisenssill\u00e4.<br \/>\n&#8211; Vakuutuksia ei voi toistaiseksi hankkia lisenssiin yhteydess\u00e4<\/p>\n","protected":false},"excerpt":{"rendered":"<p>Ohje lisenssien maksamiseen:\u00a0https:\/\/www.sptl.fi\/sptl_test\/?p=2020\u00a0Lisenssi astuu voimaan, kun se on ilmoitettu ja maksettu. T\u00e4ll\u00f6in se on my\u00f6s n\u00e4kyvill\u00e4 liiton rekisteriss\u00e4. Edellisen kauden lisenssill\u00e4 saa pelata 30.9. asti. Lisenssit ja hinnat: A Aikuiset 55\u20ac &#8211; Sis\u00e4lt\u00e4\u00e4 p\u00f6yt\u00e4tennislehden (digilehti) vapaaehtoinen vakuutus (kausi 21\/ 22) 15\u20ac V Veteraanit (yli 60vuotiaat) 35\u20ac &#8211; Sis\u00e4lt\u00e4\u00e4 p\u00f6yt\u00e4tennislehden (digilehti) vapaaehtoinen vakuutus (kausi 21\/22) 12\u20ac &hellip; <a href=\"https:\/\/www.sptl.fi\/sptl_test\/?page_id=1005\" class=\"more-link\">Jatka lukemista <span class=\"screen-reader-text\">Lisenssihinnat 2023 &#8211; 2024<\/span> <span class=\"meta-nav\">&rarr;<\/span><\/a><\/p>\n","protected":false},"author":7,"featured_media":0,"parent":0,"menu_order":0,"comment_status":"closed","ping_status":"closed","template":"","meta":{"ngg_post_thumbnail":0,"footnotes":""},"_links":{"self":[{"href":"https:\/\/www.sptl.fi\/sptl_test\/index.php?rest_route=\/wp\/v2\/pages\/1005"}],"collection":[{"href":"https:\/\/www.sptl.fi\/sptl_test\/index.php?rest_route=\/wp\/v2\/pages"}],"about":[{"href":"https:\/\/www.sptl.fi\/sptl_test\/index.php?rest_route=\/wp\/v2\/types\/page"}],"author":[{"embeddable":true,"href":"https:\/\/www.sptl.fi\/sptl_test\/index.php?rest_route=\/wp\/v2\/users\/7"}],"replies":[{"embeddable":true,"href":"https:\/\/www.sptl.fi\/sptl_test\/index.php?rest_route=%2Fwp%2Fv2%2Fcomments&post=1005"}],"version-history":[{"count":0,"href":"https:\/\/www.sptl.fi\/sptl_test\/index.php?rest_route=\/wp\/v2\/pages\/1005\/revisions"}],"wp:attachment":[{"href":"https:\/\/www.sptl.fi\/sptl_test\/index.php?rest_route=%2Fwp%2Fv2%2Fmedia&parent=1005"}],"curies":[{"name":"wp","href":"https:\/\/api.w.org\/{rel}","templated":true}]}}