{"id":1124,"date":"2016-06-10T16:11:20","date_gmt":"2016-06-10T13:11:20","guid":{"rendered":"http:\/\/www.tiedonrakentajat.fi\/sptl_uudet\/?page_id=1124"},"modified":"2019-02-04T13:42:42","modified_gmt":"2019-02-04T11:42:42","slug":"poytatennissaantoja-lyhyesti","status":"publish","type":"page","link":"https:\/\/www.sptl.fi\/sptl_test\/?page_id=1124","title":{"rendered":"P\u00f6yt\u00e4tenniss\u00e4\u00e4nt\u00f6j\u00e4 lyhyesti"},"content":{"rendered":"<p><strong>Pelin aloitus ja kulku<\/strong><\/p>\n<p><img decoding=\"async\" class=\"emoji\" draggable=\"false\" src=\"https:\/\/s.w.org\/images\/core\/emoji\/72x72\/25fe.png\" alt=\"&#x25fe;\">Ottelu aloitetaan arpomalla sy\u00f6tt\u00e4j\u00e4. Sy\u00f6tt\u00e4j\u00e4 ei siis m\u00e4\u00e4r\u00e4ydy aloituspallolla, kuten usein luullaan.<br \/>\n<img decoding=\"async\" class=\"emoji\" draggable=\"false\" src=\"https:\/\/s.w.org\/images\/core\/emoji\/72x72\/25fe.png\" alt=\"&#x25fe;\">Ensimm\u00e4isen\u00e4 vuorossa oleva sy\u00f6tt\u00e4\u00e4 aluksi kaksi palloa, mink\u00e4 j\u00e4lkeen sy\u00f6tt\u00f6vuoro vaihtuu.<br \/>\n<img decoding=\"async\" class=\"emoji\" draggable=\"false\" src=\"https:\/\/s.w.org\/images\/core\/emoji\/72x72\/25fe.png\" alt=\"&#x25fe;\">Sy\u00f6t\u00f6ss\u00e4 pallon tulee ensin koskettaa sy\u00f6tt\u00e4j\u00e4n omaa p\u00f6yt\u00e4puoliskoa ja pompata siit\u00e4 verkon yli vastustajan puolelle.<br \/>\n<img decoding=\"async\" class=\"emoji\" draggable=\"false\" src=\"https:\/\/s.w.org\/images\/core\/emoji\/72x72\/25fe.png\" alt=\"&#x25fe;\">T\u00e4m\u00e4n j\u00e4lkeen pallo ly\u00f6d\u00e4\u00e4n pompun j\u00e4lkeen suoraan verkon yli vastustajan puolelle.<\/p>\n<p><strong>Sy\u00f6tt\u00f6<\/strong><\/p>\n<p><img decoding=\"async\" class=\"emoji\" draggable=\"false\" src=\"https:\/\/s.w.org\/images\/core\/emoji\/72x72\/25fe.png\" alt=\"&#x25fe;\">Peli on k\u00e4ynniss\u00e4, kun pallo on ilmaan heitett\u00e4ess\u00e4 irronnut sy\u00f6tt\u00e4j\u00e4n k\u00e4mmenelt\u00e4. Eli jos sy\u00f6tt\u00e4j\u00e4 ly\u00f6 ohi pallosta, saa vastustaja pisteen.<br \/>\n<img decoding=\"async\" class=\"emoji\" draggable=\"false\" src=\"https:\/\/s.w.org\/images\/core\/emoji\/72x72\/25fe.png\" alt=\"&#x25fe;\">Sy\u00f6tt\u00f6 saa olla olla kuinka lyhyt tahansa eli on luvallista sy\u00f6tt\u00e4\u00e4 niin lyhyt sy\u00f6tt\u00f6, ett\u00e4 se pomppaisi useamman kerran kerran p\u00f6yd\u00e4ll\u00e4, jos vastustaja ei palauttaisi sy\u00f6tt\u00f6\u00e4.<br \/>\n<img decoding=\"async\" class=\"emoji\" draggable=\"false\" src=\"https:\/\/s.w.org\/images\/core\/emoji\/72x72\/25fe.png\" alt=\"&#x25fe;\">Sy\u00f6t\u00f6n ei my\u00f6sk\u00e4\u00e4n tarvitse menn\u00e4 ulos p\u00e4\u00e4dyst\u00e4 ulos.<br \/>\n<img decoding=\"async\" class=\"emoji\" draggable=\"false\" src=\"https:\/\/s.w.org\/images\/core\/emoji\/72x72\/25fe.png\" alt=\"&#x25fe;\">Verkkoa hipaissut sy\u00f6tt\u00f6, joka muuten on oikea, uusitaan.<\/p>\n<p><strong>Pistelasku<\/strong><\/p>\n<p><img decoding=\"async\" class=\"emoji\" draggable=\"false\" src=\"https:\/\/s.w.org\/images\/core\/emoji\/72x72\/25fe.png\" alt=\"&#x25fe;\">Er\u00e4t pelataan yhteentoista pisteeseen, kuitenkin niin, ett\u00e4 ero on v\u00e4hint\u00e4\u00e4n kaksi pistett\u00e4 esim. 12-10,13-11 jne.<br \/>\n<img decoding=\"async\" class=\"emoji\" draggable=\"false\" src=\"https:\/\/s.w.org\/images\/core\/emoji\/72x72\/25fe.png\" alt=\"&#x25fe;\">Jatkopalloilla pelattaessa (tilanne 10-10 j\u00e4lkeen) sy\u00f6tt\u00f6vuoro vaihtuu jokaisen pallon j\u00e4lkeen.<\/p>\n<p><img decoding=\"async\" class=\"emoji\" draggable=\"false\" src=\"https:\/\/s.w.org\/images\/core\/emoji\/72x72\/25fe.png\" alt=\"&#x25fe;\">Vastustaja saa pisteen, jos<br \/>\n&#8211; Pelaaja koskettaa p\u00f6yt\u00e4\u00e4 k\u00e4dell\u00e4, jossa ei ole mailaa<br \/>\n&#8211; Pelaaja ly\u00f6 p\u00f6yd\u00e4n p\u00e4\u00e4lt\u00e4 ilmasta palloa. P\u00f6yd\u00e4n takana saa pallon pys\u00e4ytt\u00e4\u00e4<br \/>\n&#8211; Pallo katsotaan osuneeksi p\u00f6yt\u00e4\u00e4n, jos se edes hipaisee p\u00f6yd\u00e4n reunaa, sen ei siis tarvitse pompata yl\u00f6sp\u00e4in.<\/p>\n<p lang=\"sv-SE\">&nbsp;<\/p>\n","protected":false},"excerpt":{"rendered":"<p>Pelin aloitus ja kulku Ottelu aloitetaan arpomalla sy\u00f6tt\u00e4j\u00e4. Sy\u00f6tt\u00e4j\u00e4 ei siis m\u00e4\u00e4r\u00e4ydy aloituspallolla, kuten usein luullaan. Ensimm\u00e4isen\u00e4 vuorossa oleva sy\u00f6tt\u00e4\u00e4 aluksi kaksi palloa, mink\u00e4 j\u00e4lkeen sy\u00f6tt\u00f6vuoro vaihtuu. Sy\u00f6t\u00f6ss\u00e4 pallon tulee ensin koskettaa sy\u00f6tt\u00e4j\u00e4n omaa p\u00f6yt\u00e4puoliskoa ja pompata siit\u00e4 verkon yli vastustajan puolelle. T\u00e4m\u00e4n j\u00e4lkeen pallo ly\u00f6d\u00e4\u00e4n pompun j\u00e4lkeen suoraan verkon yli vastustajan puolelle. Sy\u00f6tt\u00f6 Peli &hellip; <a href=\"https:\/\/www.sptl.fi\/sptl_test\/?page_id=1124\" class=\"more-link\">Jatka lukemista <span class=\"screen-reader-text\">P\u00f6yt\u00e4tenniss\u00e4\u00e4nt\u00f6j\u00e4 lyhyesti<\/span> <span class=\"meta-nav\">&rarr;<\/span><\/a><\/p>\n","protected":false},"author":7,"featured_media":0,"parent":0,"menu_order":0,"comment_status":"closed","ping_status":"closed","template":"","meta":{"ngg_post_thumbnail":0,"footnotes":""},"_links":{"self":[{"href":"https:\/\/www.sptl.fi\/sptl_test\/index.php?rest_route=\/wp\/v2\/pages\/1124"}],"collection":[{"href":"https:\/\/www.sptl.fi\/sptl_test\/index.php?rest_route=\/wp\/v2\/pages"}],"about":[{"href":"https:\/\/www.sptl.fi\/sptl_test\/index.php?rest_route=\/wp\/v2\/types\/page"}],"author":[{"embeddable":true,"href":"https:\/\/www.sptl.fi\/sptl_test\/index.php?rest_route=\/wp\/v2\/users\/7"}],"replies":[{"embeddable":true,"href":"https:\/\/www.sptl.fi\/sptl_test\/index.php?rest_route=%2Fwp%2Fv2%2Fcomments&post=1124"}],"version-history":[{"count":0,"href":"https:\/\/www.sptl.fi\/sptl_test\/index.php?rest_route=\/wp\/v2\/pages\/1124\/revisions"}],"wp:attachment":[{"href":"https:\/\/www.sptl.fi\/sptl_test\/index.php?rest_route=%2Fwp%2Fv2%2Fmedia&parent=1124"}],"curies":[{"name":"wp","href":"https:\/\/api.w.org\/{rel}","templated":true}]}}