{"id":1251,"date":"2016-06-30T09:56:29","date_gmt":"2016-06-30T06:56:29","guid":{"rendered":"http:\/\/www.tiedonrakentajat.fi\/sptl_uudet\/?page_id=1251"},"modified":"2024-04-08T16:14:49","modified_gmt":"2024-04-08T13:14:49","slug":"liitto","status":"publish","type":"page","link":"https:\/\/www.sptl.fi\/sptl_test\/?page_id=1251","title":{"rendered":"Liitto"},"content":{"rendered":"<p>Suomen P\u00f6yt\u00e4tennisliitto ry on vuonna 1938 perustettu p\u00f6yt\u00e4tenniksen erikoisliitto, joka ajaa p\u00f6yt\u00e4tenniksen asiaa Suomessa. Tavoitteemme on sek\u00e4 lajin harrastajam\u00e4\u00e4r\u00e4n lis\u00e4\u00e4minen ett\u00e4 suomalaisten huippupelaajien tuottaminen. SPTL on Suomen Olympiakomitean, Kansainv\u00e4lisen P\u00f6yt\u00e4tennisliiton&nbsp;(ITTF), Euroopan&nbsp;P\u00f6yt\u00e4tennisunionin (ETTU) &nbsp;sek\u00e4 Pohjois-Eurooopan P\u00f6yt\u00e4tennisunionin (NETU) &nbsp;j\u00e4sen.<\/p>\n<p>Liiton toimisto sijaitsee Sporttitalossa Pit\u00e4j\u00e4nm\u00e4ell\u00e4. Liiton puheenjohtajana (2022-2024) toimii Esko Heikkinen ja varapuheenjohtajana Sonja Grefberg. Toiminnanjohtajana on Henri Pelkonen.<\/p>\n<p>SPTL:n kunniapuheenjohtajia ovat Esa Ellonen (1998) ja Toivo P\u00f6yry (1975).<\/p>\n<p>Kimmo Arenius (2023), Bengt Ahti (2018), Liisa J\u00e4rvenp\u00e4\u00e4 (2018), Matti Kolppanen (2018), Teuvo Komulainen (2018) ja Usko Puustinen (1984) ovat SPTL:n kunniaj\u00e4seni\u00e4.<\/p>\n","protected":false},"excerpt":{"rendered":"<p>Suomen P\u00f6yt\u00e4tennisliitto ry on vuonna 1938 perustettu p\u00f6yt\u00e4tenniksen erikoisliitto, joka ajaa p\u00f6yt\u00e4tenniksen asiaa Suomessa. Tavoitteemme on sek\u00e4 lajin harrastajam\u00e4\u00e4r\u00e4n lis\u00e4\u00e4minen ett\u00e4 suomalaisten huippupelaajien tuottaminen. SPTL on Suomen Olympiakomitean, Kansainv\u00e4lisen P\u00f6yt\u00e4tennisliiton&nbsp;(ITTF), Euroopan&nbsp;P\u00f6yt\u00e4tennisunionin (ETTU) &nbsp;sek\u00e4 Pohjois-Eurooopan P\u00f6yt\u00e4tennisunionin (NETU) &nbsp;j\u00e4sen. Liiton toimisto sijaitsee Sporttitalossa Pit\u00e4j\u00e4nm\u00e4ell\u00e4. Liiton puheenjohtajana (2022-2024) toimii Esko Heikkinen ja varapuheenjohtajana Sonja Grefberg. Toiminnanjohtajana on Henri &hellip; <a href=\"https:\/\/www.sptl.fi\/sptl_test\/?page_id=1251\" class=\"more-link\">Jatka lukemista <span class=\"screen-reader-text\">Liitto<\/span> <span class=\"meta-nav\">&rarr;<\/span><\/a><\/p>\n","protected":false},"author":7,"featured_media":0,"parent":0,"menu_order":0,"comment_status":"closed","ping_status":"closed","template":"","meta":{"ngg_post_thumbnail":0,"footnotes":""},"_links":{"self":[{"href":"https:\/\/www.sptl.fi\/sptl_test\/index.php?rest_route=\/wp\/v2\/pages\/1251"}],"collection":[{"href":"https:\/\/www.sptl.fi\/sptl_test\/index.php?rest_route=\/wp\/v2\/pages"}],"about":[{"href":"https:\/\/www.sptl.fi\/sptl_test\/index.php?rest_route=\/wp\/v2\/types\/page"}],"author":[{"embeddable":true,"href":"https:\/\/www.sptl.fi\/sptl_test\/index.php?rest_route=\/wp\/v2\/users\/7"}],"replies":[{"embeddable":true,"href":"https:\/\/www.sptl.fi\/sptl_test\/index.php?rest_route=%2Fwp%2Fv2%2Fcomments&post=1251"}],"version-history":[{"count":0,"href":"https:\/\/www.sptl.fi\/sptl_test\/index.php?rest_route=\/wp\/v2\/pages\/1251\/revisions"}],"wp:attachment":[{"href":"https:\/\/www.sptl.fi\/sptl_test\/index.php?rest_route=%2Fwp%2Fv2%2Fmedia&parent=1251"}],"curies":[{"name":"wp","href":"https:\/\/api.w.org\/{rel}","templated":true}]}}