{"id":1315,"date":"2016-06-30T14:36:04","date_gmt":"2016-06-30T11:36:04","guid":{"rendered":"http:\/\/www.tiedonrakentajat.fi\/sptl_uudet\/?page_id=1315"},"modified":"2024-05-01T15:24:55","modified_gmt":"2024-05-01T12:24:55","slug":"historia","status":"publish","type":"page","link":"https:\/\/www.sptl.fi\/sptl_test\/?page_id=1315","title":{"rendered":"P\u00f6yt\u00e4tenniksen historia Suomessa"},"content":{"rendered":"<p>Suomen P\u00f6yt\u00e4tennisliitto on perustettu vuonna 1938, eli vuonna 2018 vietettiin liiton 80-vuotisjuhlia. T\u00e4t\u00e4 silm\u00e4ll\u00e4 pit\u00e4en SPTL p\u00e4\u00e4tti toteuttaa historiahankkeen, jonka tuloksena lajihistoriamme &#8221;Pingpongista p\u00f6yt\u00e4tennikseen&#8221; ilmestyi kes\u00e4kuussa 2018. Edellinen virallinen historia oli vuodelta 1963, liiton t\u00e4ytt\u00e4ess\u00e4 25 vuotta.<\/p>\n<p>Historiikki toteutettiin yhdess\u00e4 Suomen Urheilumuseos\u00e4\u00e4ti\u00f6n kanssa ja sen toimittajat ovat Urheilumuseon tutkimusp\u00e4\u00e4llikk\u00f6 Ossi Viita SPTL:n puheenjohtaja Esko Heikkinen. Puheenjohtajan ohella SPTL:n historiatoimikuntaan kuuluivat Matti Kolppanen, Esa Valasti ja toiminnanjohtaja Mika R\u00e4s\u00e4nen.<\/p>\n<p><img loading=\"lazy\" decoding=\"async\" class=\"alignnone size-medium wp-image-12545\" src=\"https:\/\/www.sptl.fi\/sptl_test\/wp-content\/uploads\/Slide1-300x225.jpg\" alt=\"\" width=\"300\" height=\"225\" srcset=\"https:\/\/www.sptl.fi\/sptl_test\/wp-content\/uploads\/Slide1-300x225.jpg 300w, https:\/\/www.sptl.fi\/sptl_test\/wp-content\/uploads\/Slide1.jpg 516w\" sizes=\"(max-width: 300px) 100vw, 300px\" \/><\/p>\n<p>Kirjan julkaisija on Suomen P\u00f6yt\u00e4tennisliitto ja sit\u00e4 voi tilata liiton toimistosta hintaan 50 \u20ac\/kpl.<\/p>\n<p>Kirjan artikkeleita<\/p>\n<p>Urheilumuseon tuottamia artikkeeita:<br \/>\n<a href=\"https:\/\/www.sptl.fi\/sptl_test\/wp-content\/uploads\/Esihistoria-vuoteen-1937.pdf\" target=\"_blank\" rel=\"noopener\">Esihistoria-vuoteen-1937 &#8211; Ossi Viita<\/a><br \/>\n<a href=\"https:\/\/www.sptl.fi\/sptl_test\/wp-content\/uploads\/Poytatennisliiton-perustaminen-1938.pdf\" target=\"_blank\" rel=\"noopener\">P\u00f6yt\u00e4tennisliiton-perustaminen 1938 &#8211; Ossi Viita<\/a><br \/>\n<a href=\"https:\/\/www.sptl.fi\/sptl_test\/wp-content\/uploads\/Sota_pula-aika.pdf\" target=\"_blank\" rel=\"noopener\">Sota- ja pula-aika &#8211; Ossi Viita<\/a><br \/>\n<a href=\"https:\/\/www.sptl.fi\/sptl_test\/wp-content\/uploads\/Moderni-poytatennis.pdf\" target=\"_blank\" rel=\"noopener\">Moderni-p\u00f6yt\u00e4tennis &#8211; Ossi Viita<\/a><br \/>\n<a href=\"https:\/\/www.sptl.fi\/sptl_test\/wp-content\/uploads\/Tyovaen-poytatennis.pdf\" target=\"_blank\" rel=\"noopener\">Ty\u00f6v\u00e4en-p\u00f6yt\u00e4tennis &#8211; Riikka Aminoff<\/a><br \/>\n<a href=\"https:\/\/www.sptl.fi\/sptl_test\/wp-content\/uploads\/Valmennus-ja-koulutustoiminta.pdf\" target=\"_blank\" rel=\"noopener\">Valmennus-ja-koulutustoiminta &#8211; Kalle Rantala<\/a><br \/>\n<a href=\"https:\/\/www.sptl.fi\/sptl_test\/wp-content\/uploads\/Valinekehitys.pdf\" target=\"_blank\" rel=\"noopener\">V\u00e4linekehitys &#8211; Riikka Aminoff<\/a><\/p>\n<p>Muita asiantuntija-artikkeleita:<br \/>\n<a href=\"https:\/\/www.sptl.fi\/sptl_test\/wp-content\/uploads\/Poytatennistehdas_Hovi.pdf\" target=\"_blank\" rel=\"noopener\">V\u00e4linetehdas Orimattilassa &#8211; Kimmo Hovi<\/a><br \/>\n<a href=\"https:\/\/www.sptl.fi\/sptl_test\/wp-content\/uploads\/Saannot_Kolppanen.pdf\" target=\"_blank\" rel=\"noopener\">S\u00e4\u00e4nn\u00f6t kauutta aikain &#8211; Matti Kolppanen<\/a><br \/>\n<a href=\"https:\/\/www.sptl.fi\/sptl_test\/wp-content\/uploads\/Nappulaliiga_Luukkainen.pdf\" target=\"_blank\" rel=\"noopener\">Nappulaliiga &#8211; Arto Luukkainen<\/a><br \/>\n<a href=\"https:\/\/www.sptl.fi\/sptl_test\/wp-content\/uploads\/Parapingis_Miettinen.pdf\" target=\"_blank\" rel=\"noopener\">Parap\u00f6yt\u00e4tennis &#8211; Esa Miettinen<\/a><br \/>\n<a href=\"https:\/\/www.sptl.fi\/sptl_test\/wp-content\/uploads\/Veteraanipingis_Merimaa.pdf\" target=\"_blank\" rel=\"noopener\">Veteraanip\u00f6yt\u00e4tennis &#8211; Kai Merimaa<\/a><br \/>\n<a href=\"https:\/\/www.sptl.fi\/sptl_test\/wp-content\/uploads\/Lehdet-ja-kirjat_EH-1.pdf\" target=\"_blank\" rel=\"noopener\">P\u00f6yt\u00e4tennislehdet ja -kirjat &#8211; Esko Heikkinen<\/a><br \/>\n<a href=\"https:\/\/www.sptl.fi\/sptl_test\/wp-content\/uploads\/Barna_Nieminen.pdf\">Victor Barna Cup &#8211; Pekka Nieminen<\/a><br \/>\n<a href=\"https:\/\/www.sptl.fi\/sptl_test\/wp-content\/uploads\/Finlandia-Open_Virtanen.pdf\" target=\"_blank\" rel=\"noopener\">Finlandia Open &#8211; Solja Virtanen<\/a><br \/>\n<a href=\"https:\/\/www.sptl.fi\/sptl_test\/wp-content\/uploads\/Kilpailumuotoja_EH.pdf\" target=\"_blank\" rel=\"noopener\">Kilpailumuotoja &#8211; Esko Heikkinen<\/a><\/p>\n<p>Henkil\u00f6kuvia:<br \/>\n<a href=\"https:\/\/www.sptl.fi\/sptl_test\/wp-content\/uploads\/TPoyry_Alaja.pdf\" target=\"_blank\" rel=\"noopener\">Toivo P\u00f6yry &#8211; Erkki Alaja<\/a><br \/>\n<a href=\"https:\/\/www.sptl.fi\/sptl_test\/wp-content\/uploads\/Esa-Ellonen_EH.pdf\" target=\"_blank\" rel=\"noopener\">Esa Ellonen &#8211; Esko Heikkinen<\/a><br \/>\n<a href=\"https:\/\/www.sptl.fi\/sptl_test\/wp-content\/uploads\/JJokinen_Autio.pdf\" target=\"_blank\" rel=\"noopener\">Jarmo Jokinen &#8211; Martti Autio<\/a><br \/>\n<a href=\"https:\/\/www.sptl.fi\/sptl_test\/wp-content\/uploads\/TGrefberg_EH.pdf\" target=\"_blank\" rel=\"noopener\">Torkel Grefberg &#8211; Esko Heikkinen<\/a><br \/>\n<a href=\"https:\/\/www.sptl.fi\/sptl_test\/wp-content\/uploads\/SGrefberg_Siekkinen.pdf\" target=\"_blank\" rel=\"noopener\">Sonja Grefberg &#8211; Jarmo Siekkinen<\/a><br \/>\n<a href=\"https:\/\/www.sptl.fi\/sptl_test\/wp-content\/uploads\/Olah_Heinonen-3.pdf\" target=\"_blank\" rel=\"noopener\">Benedek Olah &#8211; Jukka Heinonen<\/a><br \/>\n<a href=\"https:\/\/www.sptl.fi\/sptl_test\/wp-content\/uploads\/Elokuvamiehet_EH.pdf\" target=\"_blank\" rel=\"noopener\">Elokuvamiehet &#8211; Esko Heikkinen<\/a><br \/>\n<a href=\"https:\/\/www.sptl.fi\/sptl_test\/wp-content\/uploads\/Merkittavimmat-pelaajat_Heikkinen_Viita-1.pdf\" target=\"_blank\" rel=\"noopener\">Merkitt\u00e4vimpi\u00e4 pelaajia &#8211; Ossi Viita ja Esko Heikkinen<\/a><\/p>\n<hr \/>\n<h4>SPTL:n historiaan liittyvi\u00e4 linkkej\u00e4, juttuja ja muita dokumentteja<\/h4>\n<p>Muualla julkaisemattomia tarinoita sek\u00e4 historiakirjan alkuper\u00e4isi\u00e4 lyhent\u00e4m\u00e4tt\u00f6mi\u00e4 k\u00e4sikirjoituksia. Sivusto t\u00e4ydentyy pikku hiljaa.<\/p>\n<p><strong>Seurahistorioita<\/strong><br \/>\n&#8211; <a href=\"http:\/\/koskenkaiku.fi\/poytatennis\/historia\/vanhaa-historiaa\" target=\"_blank\" rel=\"noopener\">Kosken Kaiku, vanhaa historiaa<\/a><br \/>\n&#8211; <a href=\"http:\/\/www.porvoonmaraton.fi\/historia\" target=\"_blank\" rel=\"noopener\">Porvoon Maraton<\/a><br \/>\n&#8211; <a href=\"https:\/\/www.sptl.fi\/sptl_test\/wp-content\/uploads\/2016\/05\/pad06p12.pdf\" target=\"_blank\" rel=\"noopener\">Padasjoen Yritys<\/a><\/p>\n<p><strong>Piirit<\/strong><br \/>\n<a href=\"https:\/\/www.sptl.fi\/sptl_test\/wp-content\/uploads\/Turun-po\u0308yta\u0308tennis-2.2.pdf\" target=\"_blank\" rel=\"noopener\">Turun piirin historiaa<\/a><br \/>\n&#8211; teksti Juha Suotmaa, Usko Puustinen ja Kai Merimaa<br \/>\n&#8211; teksti p\u00e4ivitetty 11.8.2021<\/p>\n<p><strong>Sekalaisia<br \/>\n<\/strong><a href=\"https:\/\/www.sptl.fi\/sptl_test\/wp-content\/uploads\/Kandidaatintutkielma_Pelkonen.pdf\" target=\"_blank\" rel=\"noopener\">Marginaalista kohti menestyksen portteja: Suomen P\u00f6yt\u00e4tennisliitto kilpailullis-valmennuksellisella kaudella 1964\u20131980<\/a><br \/>\n&#8211; Henri Pelkosen opinn\u00e4ytety\u00f6<\/p>\n<p><a href=\"https:\/\/jaasuo.wordpress.com\/2022\/03\/04\/tuskin-mikaan-peli-suomessa-on-saanut-sellaisen-levikin-poytatenniksen-yleistyminen-1920-luvun-puolivalissa\/\" target=\"_blank\" rel=\"noopener\">&#8221;Tuskin mik\u00e4\u00e4n peli Suomessa on saanut sellaisen levikin&#8221;<\/a><br \/>\n&#8211; Jaakko Suomisen blogi p\u00f6yt\u00e4tenniksen rantautumisesta Suomeen 1900-luvun alussa<\/p>\n<p><a href=\"https:\/\/www.sptl.fi\/sptl_test\/wp-content\/uploads\/G\u00f6teborg.pdf\" target=\"_blank\" rel=\"noopener\">G\u00f6teborg<\/a><br \/>\n&#8211; Juha Suotmaan teksti novellikokoelmasta &#8221;Sapattivuosia ja muita kertomuksia&#8221;.<\/p>\n<p><b>Pingisihmisi\u00e4<\/b><br \/>\n&#8211; <a href=\"https:\/\/www.sptl.fi\/sptl_test\/wp-content\/uploads\/Esa-ja-Masa.pdf\" target=\"_blank\" rel=\"noopener\">Esa ja Masa<\/a> &#8211; Esko Heikkinen<br \/>\n&#8211; <a href=\"https:\/\/www.sptl.fi\/sptl_test\/wp-content\/uploads\/Puppeli.pdf\" target=\"_blank\" rel=\"noopener\">Puppeli<\/a> &#8211; Esko Heikkinen<\/p>\n<p><strong>Pingislaulu<\/strong><\/p>\n<!--[if lt IE 9]><script>document.createElement('audio');<\/script><![endif]-->\n<audio class=\"wp-audio-shortcode\" id=\"audio-1315-1\" preload=\"none\" style=\"width: 100%;\" controls=\"controls\"><source type=\"audio\/mpeg\" src=\"https:\/\/www.sptl.fi\/sptl_test\/wp-content\/uploads\/04-Pingislaulu.mp3?_=1\" \/><a href=\"https:\/\/www.sptl.fi\/sptl_test\/wp-content\/uploads\/04-Pingislaulu.mp3\">https:\/\/www.sptl.fi\/sptl_test\/wp-content\/uploads\/04-Pingislaulu.mp3<\/a><\/audio>\n<p>(tehty SPTL:n 40-vuotisjuhliin toiminnanjohtaja Erkki Alajan aloitteesta 1977)<br \/>\nS\u00e4vel ja sanat: Kari Tuomisaari<br \/>\nStudiosovitus ja kapellimestari: Pentti Lasanen<br \/>\nSolistit: Aira Korteoja, Kai Lind ja Irma Tapio<br \/>\nMuusikot: Markku Hannola, Kai-Matti Oiling, Pekka Sarmanto ja Taisto Wesslin<\/p>\n<p><strong>Tilastoja<\/strong><\/p>\n<p><a href=\"https:\/\/www.sptl.fi\/sptl_test\/wp-content\/uploads\/SM-tilastot-paivitys-kesa2023.pdf\" target=\"_blank\" rel=\"noopener\">Senioreiden SM-mitalistit<\/a><br \/>\n<a href=\"https:\/\/www.sptl.fi\/sptl_test\/wp-content\/uploads\/juniori-sm-kaksinpelimitalistit-tytot-2023.pdf\" target=\"_blank\" rel=\"noopener\">Tytt\u00f6junioreiden kaksinpelin SM-mitalistit<\/a><br \/>\n<a href=\"https:\/\/www.sptl.fi\/sptl_test\/wp-content\/uploads\/juniori-sm-kaksinpelimitalistit-pojat.pdf\" target=\"_blank\" rel=\"noopener\">Poikajunioreiden kaksinpelin SM-mitalistit<\/a><br \/>\n<a href=\"https:\/\/www.sptl.fi\/sptl_test\/wp-content\/uploads\/NJ-17-nelinpelin-SM-mitalistit-1975-nykyhetki.pdf\" target=\"_blank\" rel=\"noopener\">Tytt\u00f6junioreiden nelinpelin SM-mitalistit<\/a><br \/>\n<a href=\"https:\/\/www.sptl.fi\/sptl_test\/wp-content\/uploads\/MJ-17-nelinpelin-SM-mitalistit-1975-nykyhetki.pdf\" target=\"_blank\" rel=\"noopener\">Poikajunioreiden nelinpelin SM-mitalistit<\/a><br \/>\n<a href=\"https:\/\/www.sptl.fi\/sptl_test\/wp-content\/uploads\/Naisjunioreiden-joukkue.pdf\" target=\"_blank\" rel=\"noopener\">Tytt\u00f6junioreiden joukkue SM-mitallistit<\/a><br \/>\n<a href=\"https:\/\/www.sptl.fi\/sptl_test\/wp-content\/uploads\/Poikien-joukkue-SM-mitalistit-1975-nykyhetki-1.pdf\" target=\"_blank\" rel=\"noopener\">Poikajunioreiden joukkue SM-mitalistit<\/a><br \/>\n<a href=\"https:\/\/www.sptl.fi\/sptl_test\/wp-content\/uploads\/VET-SM-1983-laht..pdf\" target=\"_blank\" rel=\"noopener noreferrer\">Veteraanien SM-mitalistit 1983-2005<\/a><br \/>\n<a href=\"https:\/\/www.sptl.fi\/sptl_test\/wp-content\/uploads\/Vet-sm-2006-lahtien-Oulu.pdf\" target=\"_blank\" rel=\"noopener\">Veteraani SM-mitalistit 2006-<\/a><br \/>\n<a href=\"https:\/\/www.sptl.fi\/sptl_test\/wp-content\/uploads\/Mestariluokka.pdf\" target=\"_blank\" rel=\"noopener\">Mestariluokka ja TOP-12\/16\/8<\/a><br \/>\n<a href=\"https:\/\/www.sptl.fi\/sptl_test\/wp-content\/uploads\/Mestaruussarja-historia.pdf\" target=\"_blank\" rel=\"noopener\">Mestaruussarja 1991-<\/a><br \/>\n<a href=\"https:\/\/www.sptl.fi\/sptl_test\/wp-content\/uploads\/Mestaruussarja-historia-1966-90.pdf\" target=\"_blank\" rel=\"noopener\">Mestaruussarja 1966-90<\/a><br \/>\n<a href=\"https:\/\/www.sptl.fi\/sptl_test\/wp-content\/uploads\/Mestaruussarja-historia-naiset.pdf\" target=\"_blank\" rel=\"noopener\">Mestaruussarja naiset 1984-2003<\/a><br \/>\n<a href=\"https:\/\/www.sptl.fi\/sptl_test\/wp-content\/uploads\/PM-kilpailut.pdf\" target=\"_blank\" rel=\"noopener\">PM- ja NETU kilpailut<\/a><br \/>\n<a href=\"https:\/\/www.sptl.fi\/sptl_test\/wp-content\/uploads\/Suomalaisten-veteraanien-EM-ja-MM-mitalit.pdf\" target=\"_blank\" rel=\"noopener\">Veteraanien EM- ja MM-mitalit<\/a><br \/>\n<a href=\"https:\/\/www.sptl.fi\/sptl_test\/wp-content\/uploads\/Arvokilpailut-tiivistetty-1.pdf\">Suomalaiset senioreiden arvokilpailuissa<\/a><br \/>\n<a href=\"https:\/\/www.sptl.fi\/sptl_test\/wp-content\/uploads\/Johtajat-1.pdf\" target=\"_blank\" rel=\"noopener\">SPTL:n puheenjohtajat, varapuheenjohtajat, sihteerit ja toiminnanjohtajat<\/a><br \/>\n<a href=\"https:\/\/www.sptl.fi\/sptl_test\/wp-content\/uploads\/FO_voitttajat-1.pdf\" target=\"_blank\" rel=\"noopener\">Finlandia Openin voitttajat<\/a><br \/>\n<a href=\"https:\/\/www.sptl.fi\/sptl_test\/wp-content\/uploads\/Suomalaisten-Paralympia-mitalit.pdf\" target=\"_blank\" rel=\"noopener\">Suomalaisten Paralympia mitalit<\/a><\/p>\n<p><strong>Wikipedia<\/strong><\/p>\n<p><a href=\"https:\/\/fi.wikipedia.org\/wiki\/P%C3%B6yt%C3%A4tenniksen_Suomen-mestaruuskilpailut\" target=\"_blank\" rel=\"noopener\">Kaksinpelien SM-mitalistit<\/a><\/p>\n<p>&nbsp;<\/p>\n","protected":false},"excerpt":{"rendered":"<p>Suomen P\u00f6yt\u00e4tennisliitto on perustettu vuonna 1938, eli vuonna 2018 vietettiin liiton 80-vuotisjuhlia. T\u00e4t\u00e4 silm\u00e4ll\u00e4 pit\u00e4en SPTL p\u00e4\u00e4tti toteuttaa historiahankkeen, jonka tuloksena lajihistoriamme &#8221;Pingpongista p\u00f6yt\u00e4tennikseen&#8221; ilmestyi kes\u00e4kuussa 2018. Edellinen virallinen historia oli vuodelta 1963, liiton t\u00e4ytt\u00e4ess\u00e4 25 vuotta. Historiikki toteutettiin yhdess\u00e4 Suomen Urheilumuseos\u00e4\u00e4ti\u00f6n kanssa ja sen toimittajat ovat Urheilumuseon tutkimusp\u00e4\u00e4llikk\u00f6 Ossi Viita SPTL:n puheenjohtaja Esko Heikkinen. &hellip; <a href=\"https:\/\/www.sptl.fi\/sptl_test\/?page_id=1315\" class=\"more-link\">Jatka lukemista <span class=\"screen-reader-text\">P\u00f6yt\u00e4tenniksen historia Suomessa<\/span> <span class=\"meta-nav\">&rarr;<\/span><\/a><\/p>\n","protected":false},"author":7,"featured_media":0,"parent":0,"menu_order":0,"comment_status":"closed","ping_status":"closed","template":"","meta":{"ngg_post_thumbnail":0,"footnotes":""},"_links":{"self":[{"href":"https:\/\/www.sptl.fi\/sptl_test\/index.php?rest_route=\/wp\/v2\/pages\/1315"}],"collection":[{"href":"https:\/\/www.sptl.fi\/sptl_test\/index.php?rest_route=\/wp\/v2\/pages"}],"about":[{"href":"https:\/\/www.sptl.fi\/sptl_test\/index.php?rest_route=\/wp\/v2\/types\/page"}],"author":[{"embeddable":true,"href":"https:\/\/www.sptl.fi\/sptl_test\/index.php?rest_route=\/wp\/v2\/users\/7"}],"replies":[{"embeddable":true,"href":"https:\/\/www.sptl.fi\/sptl_test\/index.php?rest_route=%2Fwp%2Fv2%2Fcomments&post=1315"}],"version-history":[{"count":0,"href":"https:\/\/www.sptl.fi\/sptl_test\/index.php?rest_route=\/wp\/v2\/pages\/1315\/revisions"}],"wp:attachment":[{"href":"https:\/\/www.sptl.fi\/sptl_test\/index.php?rest_route=%2Fwp%2Fv2%2Fmedia&parent=1315"}],"curies":[{"name":"wp","href":"https:\/\/api.w.org\/{rel}","templated":true}]}}