{"id":22511,"date":"2020-03-31T09:41:36","date_gmt":"2020-03-31T06:41:36","guid":{"rendered":"https:\/\/www.sptl.fi\/sptl_test\/?page_id=22511"},"modified":"2020-11-23T22:15:00","modified_gmt":"2020-11-23T20:15:00","slug":"seurakehitys","status":"publish","type":"page","link":"https:\/\/www.sptl.fi\/sptl_test\/?page_id=22511","title":{"rendered":"Seurakehitys"},"content":{"rendered":"<p><strong>Seurakehitys<\/strong><\/p>\n<p>P\u00f6yt\u00e4tennisliitto tukee kaikkia j\u00e4senseurojaan kehittymisess\u00e4 kohti tavoitteitaan. Tukea on saatavilla seuraavissa muodoissa:<\/p>\n<ol>\n<li><a href=\"https:\/\/www.sptl.fi\/sptl_test\/?page_id=22542\">Seuraty\u00f6kalu<\/a><\/li>\n<li><a href=\"https:\/\/www.sptl.fi\/sptl_test\/?page_id=22533\">T\u00e4htiseura-sparraus<\/a><\/li>\n<li>Kouluvierailut<\/li>\n<li><a href=\"https:\/\/www.sptl.fi\/sptl_test\/?page_id=760\">Valmentaja- ja ohjaajakoulutus<\/a><\/li>\n<\/ol>\n<p><strong>P\u00f6yt\u00e4tennisliiton seurakehityksess\u00e4 ovat mukana: <\/strong><\/p>\n<p><a href=\"https:\/\/tip-70.fi\/tipfi\/\">TIP-70 (Vantaa)<\/a>: Olympiakomitean T\u00e4htiseura ja STK:n l\u00e4ht\u00f6taso<\/p>\n<p><a href=\"https:\/\/sites.google.com\/view\/opt-86?fbclid=IwAR3iU4k3UPMZfHTk8DnnCoz0YXhCcx9MGvWbV0ZdTLrKPZIKrbn3bNng3TI\">OPT-86 (Oulu):<\/a> STK:n taso 1<\/p>\n<p><a href=\"https:\/\/koskenkaiku.fi\/poytatennis\/\">Kosken Kaiku<\/a> (Koski TL): STK:n l\u00e4ht\u00f6taso<\/p>\n<p><a href=\"http:\/\/www.ptespoo.net\/\">PT-Espoo (Espoo):<\/a> STK:n l\u00e4ht\u00f6taso<\/p>\n<p><a href=\"http:\/\/www.ptjyvaskyla.fi\">PT Jyv\u00e4skyl\u00e4 (Jyv\u00e4skyl\u00e4):<\/a> STK:n taso 1<\/p>\n<p><a href=\"https:\/\/peraseinajoentoive.sporttisaitti.com\/poytatennis\/\">Per\u00e4sein\u00e4joen Toive (Sein\u00e4joki):<\/a> STK:n l\u00e4ht\u00f6taso<\/p>\n<p><a href=\"https:\/\/www.facebook.com\/rovaniemenpt60\/\">Rovaniemen P\u00f6yt\u00e4tennis -60 (Rovaniemi):<\/a> STK:n l\u00e4ht\u00f6taso<\/p>\n<p>(STK = Seuraty\u00f6kalu)<\/p>\n","protected":false},"excerpt":{"rendered":"<p>Seurakehitys P\u00f6yt\u00e4tennisliitto tukee kaikkia j\u00e4senseurojaan kehittymisess\u00e4 kohti tavoitteitaan. Tukea on saatavilla seuraavissa muodoissa: Seuraty\u00f6kalu T\u00e4htiseura-sparraus Kouluvierailut Valmentaja- ja ohjaajakoulutus P\u00f6yt\u00e4tennisliiton seurakehityksess\u00e4 ovat mukana: TIP-70 (Vantaa): Olympiakomitean T\u00e4htiseura ja STK:n l\u00e4ht\u00f6taso OPT-86 (Oulu): STK:n taso 1 Kosken Kaiku (Koski TL): STK:n l\u00e4ht\u00f6taso PT-Espoo (Espoo): STK:n l\u00e4ht\u00f6taso PT Jyv\u00e4skyl\u00e4 (Jyv\u00e4skyl\u00e4): STK:n taso 1 Per\u00e4sein\u00e4joen Toive (Sein\u00e4joki): STK:n &hellip; <a href=\"https:\/\/www.sptl.fi\/sptl_test\/?page_id=22511\" class=\"more-link\">Jatka lukemista <span class=\"screen-reader-text\">Seurakehitys<\/span> <span class=\"meta-nav\">&rarr;<\/span><\/a><\/p>\n","protected":false},"author":7,"featured_media":0,"parent":1298,"menu_order":0,"comment_status":"closed","ping_status":"closed","template":"","meta":{"ngg_post_thumbnail":0,"footnotes":""},"_links":{"self":[{"href":"https:\/\/www.sptl.fi\/sptl_test\/index.php?rest_route=\/wp\/v2\/pages\/22511"}],"collection":[{"href":"https:\/\/www.sptl.fi\/sptl_test\/index.php?rest_route=\/wp\/v2\/pages"}],"about":[{"href":"https:\/\/www.sptl.fi\/sptl_test\/index.php?rest_route=\/wp\/v2\/types\/page"}],"author":[{"embeddable":true,"href":"https:\/\/www.sptl.fi\/sptl_test\/index.php?rest_route=\/wp\/v2\/users\/7"}],"replies":[{"embeddable":true,"href":"https:\/\/www.sptl.fi\/sptl_test\/index.php?rest_route=%2Fwp%2Fv2%2Fcomments&post=22511"}],"version-history":[{"count":0,"href":"https:\/\/www.sptl.fi\/sptl_test\/index.php?rest_route=\/wp\/v2\/pages\/22511\/revisions"}],"up":[{"embeddable":true,"href":"https:\/\/www.sptl.fi\/sptl_test\/index.php?rest_route=\/wp\/v2\/pages\/1298"}],"wp:attachment":[{"href":"https:\/\/www.sptl.fi\/sptl_test\/index.php?rest_route=%2Fwp%2Fv2%2Fmedia&parent=22511"}],"curies":[{"name":"wp","href":"https:\/\/api.w.org\/{rel}","templated":true}]}}