{"id":23928,"date":"2023-10-17T16:25:02","date_gmt":"2023-10-17T13:25:02","guid":{"rendered":"https:\/\/www.sptl.fi\/sptl_test\/?page_id=23928"},"modified":"2023-10-17T16:28:58","modified_gmt":"2023-10-17T13:28:58","slug":"kisajarjestajien-dokumentit","status":"publish","type":"page","link":"https:\/\/www.sptl.fi\/sptl_test\/?page_id=23928","title":{"rendered":"Kisaj\u00e4rjest\u00e4jien dokumentit"},"content":{"rendered":"<p>Alta l\u00f6ytyy kilpailujen j\u00e4rjest\u00e4jille tarpeellisia dokumentteja.<\/p>\n<ul>\n<li><a href=\"https:\/\/www.sptl.fi\/sptl_test\/?p=35271\">Kilpailujen j\u00e4rjest\u00e4j\u00e4n ohjeet versio 5.0<\/a><\/li>\n<li><a href=\"https:\/\/www.sptl.fi\/sptl_test\/?p=43473\">GP-kilpailujen ohjeet kaudelle 2023\/2024<\/a><\/li>\n<li><a href=\"https:\/\/www.sptl.fi\/sptl_test\/wp-content\/uploads\/SPTL_s%C3%A4%C3%A4nn%C3%B6t_2020-21.pdf\">SPTL s\u00e4\u00e4nn\u00f6t<\/a><\/li>\n<li><a href=\"https:\/\/www.sptl.fi\/sptl_test\/wp-content\/uploads\/SPTL_Rating-manuaali_V7.0.pdf\">Ratingmanuaali<\/a><\/li>\n<\/ul>\n<p>&nbsp;<\/p>\n","protected":false},"excerpt":{"rendered":"<p>Alta l\u00f6ytyy kilpailujen j\u00e4rjest\u00e4jille tarpeellisia dokumentteja. Kilpailujen j\u00e4rjest\u00e4j\u00e4n ohjeet versio 5.0 GP-kilpailujen ohjeet kaudelle 2023\/2024 SPTL s\u00e4\u00e4nn\u00f6t Ratingmanuaali &nbsp;<\/p>\n","protected":false},"author":7,"featured_media":0,"parent":0,"menu_order":0,"comment_status":"closed","ping_status":"closed","template":"","meta":{"ngg_post_thumbnail":0,"footnotes":""},"_links":{"self":[{"href":"https:\/\/www.sptl.fi\/sptl_test\/index.php?rest_route=\/wp\/v2\/pages\/23928"}],"collection":[{"href":"https:\/\/www.sptl.fi\/sptl_test\/index.php?rest_route=\/wp\/v2\/pages"}],"about":[{"href":"https:\/\/www.sptl.fi\/sptl_test\/index.php?rest_route=\/wp\/v2\/types\/page"}],"author":[{"embeddable":true,"href":"https:\/\/www.sptl.fi\/sptl_test\/index.php?rest_route=\/wp\/v2\/users\/7"}],"replies":[{"embeddable":true,"href":"https:\/\/www.sptl.fi\/sptl_test\/index.php?rest_route=%2Fwp%2Fv2%2Fcomments&post=23928"}],"version-history":[{"count":0,"href":"https:\/\/www.sptl.fi\/sptl_test\/index.php?rest_route=\/wp\/v2\/pages\/23928\/revisions"}],"wp:attachment":[{"href":"https:\/\/www.sptl.fi\/sptl_test\/index.php?rest_route=%2Fwp%2Fv2%2Fmedia&parent=23928"}],"curies":[{"name":"wp","href":"https:\/\/api.w.org\/{rel}","templated":true}]}}