{"id":25172,"date":"2021-01-15T14:05:18","date_gmt":"2021-01-15T12:05:18","guid":{"rendered":"https:\/\/www.sptl.fi\/sptl_test\/?page_id=25172"},"modified":"2024-03-27T10:04:00","modified_gmt":"2024-03-27T08:04:00","slug":"valmentajaporssi","status":"publish","type":"page","link":"https:\/\/www.sptl.fi\/sptl_test\/?page_id=25172","title":{"rendered":"Valmentajap\u00f6rssi"},"content":{"rendered":"<p><strong>Valmentajap\u00f6rssi<\/strong><\/p>\n<p>Kaipaatko pelisi kehitt\u00e4mist\u00e4? Yksityisvalmennus on varmasti tehokas tapa saada tekniikka kohdilleen ja peliin edistyst\u00e4. Ota siis yhteytt\u00e4 suoraan valmentajiin ja sovi aika harjoitukseen.<\/p>\n<p>Valmentajap\u00f6rssin tavoitteena on tuoda valmennusta tarjoavat ja valmennusta haluavat nykyist\u00e4 helpommin yhteen. Valmentajat ovat itse voineet ilmoittautua mukaan listalle. P\u00f6yt\u00e4tennisliitto ei vastaa listalla olevien valmentajien toiminnasta.<\/p>\n<p>Valmentaja, jos nime\u00e4si ei viel\u00e4 ole listalla ja haluat mukaan p\u00f6rssiin, laita tietosi Taneli Keinoselle.<\/p>\n<p><strong>P\u00e4\u00e4kaupunkiseutu<\/strong><\/p>\n<p><strong>Nimi:<\/strong> Mika R\u00e4s\u00e4nen<br \/>\n<strong>Kokemus:<\/strong> Lajin parissa yli 30 vuotta. Pelaajana kolme henkil\u00f6kohtaista Suomen mestaruutta sek\u00e4 useita muita mitaleja. Valmentajana eri maajoukkueiden parissa, PT Espoon juniorivalmentaja. Valmennuksen erikoisammattitutkinto<br \/>\nErilaisia valmennuspalveluita tarpeiden mukaan:<br \/>\nYksityisopetus, ryhmien valmennus sek\u00e4 leirit, Tyhy-p\u00e4iv\u00e4t ja tapahtumat,&nbsp; valmentajakoulutus,&nbsp; henkil\u00f6kohtainen harjoitusohjelma<br \/>\n<strong>Milloin:<\/strong> Sovitusti<br \/>\n<strong>Paikka:<\/strong> Sovitusti<br \/>\n<strong>Yhteystiedot:<\/strong> <a href=\"mailto:mika.rasanen@sptl.fi\">mika.mrsports@gmail.com<\/a>&nbsp;\/ +358 40 5943 043<\/p>\n<p><strong>Nimi:<\/strong> Samuli Soine<br \/>\n<strong>Kokemus:<\/strong> Lajin parissa mukana yli 20v, valmentajana 5v, pelaajana maajoukkuetasoa.<br \/>\n<strong>Milloin:<\/strong> Arkisin p\u00e4iv\u00e4ajat<br \/>\n<strong>Paikka:<\/strong> Ruskeasuo<br \/>\n<strong>Yhteystiedot:<\/strong> <a href=\"mailto:samuli.soine@kolumbus.fi\">samuli.soine@kolumbus.fi<\/a> \/ 0400736214<\/p>\n<p><strong>Nimi:<\/strong> Mattias Bergkvist (valmennuskieli ruotsi ja englanti)<br \/>\n<strong>Kokemus:<\/strong> Pitk\u00e4 kokemus seura- ja maajoukkuetason valmennuksesta Ruotsissa. P\u00f6yt\u00e4tennisliiton maajoukkuevalmentaja.<br \/>\n<strong>Milloin:<\/strong> Sovitusti<br \/>\n<strong>Paikka:<\/strong> Sovitusti<br \/>\n<strong>Yhteystiedot:<\/strong> <a href=\"mailto:ljmbergkvist@hotmail.com\">ljmbergkvist@hotmail.com<\/a><\/p>\n<p><strong>Nimi:<\/strong> Taneli Keinonen<br \/>\n<strong>Kokemus:<\/strong> Pitk\u00e4 kokemus seuravalmennuksesta ja P\u00f6yt\u00e4tennisliiton nuorisoryhmien valmennuksesta<br \/>\n<strong>Milloin:<\/strong> Sovitusti<br \/>\n<strong>Paikka:<\/strong> Sovitusti<br \/>\n<strong>Yhteystiedot:<\/strong> <a href=\"mailto:taneli.keinonen@sptl.fi\">taneli.keinonen@sptl.fi<\/a> \/ 0505285861<\/p>\n<p><strong>Nimi:<\/strong> Aleksi R\u00e4s\u00e4nen<br \/>\n<strong>Kokemus:<\/strong><br \/>\n-lajin parissa yli 10 vuotta.<br \/>\n-Pelaajana nykyinen miesten maajoukkuepelaaja, puoliammattilaisena Italiassa ja saavutuksina kaksi aikuisten SM pronssia, lukuisia SM-mitaleita junnuissa<br \/>\n-Valmentajana parin vuoden kokemus yksityistunneista, leireist\u00e4 ja ryhm\u00e4treeneist\u00e4.<br \/>\n<strong>Palvelut:<\/strong> Yksityistunnit, harjoitusohjelmat, Modernin tekniikan kehitys<br \/>\n<strong>Milloin:<\/strong> arkisin p\u00e4iv\u00e4ajat -viikonloppusin ja lomilla rajoitetusti<br \/>\n<strong>Paikka:<\/strong> Ruskeasuo<br \/>\n<strong>Yhteystiedot:<\/strong> aleksi.rasan@gmail.com \/ 0402444726<\/p>\n<p><strong>Nimi:<\/strong> Jukka \u201dJuki\u201d Julin<br \/>\n<strong>Kokemus:<\/strong> Pingispelaajana kokemusta kahdelta vuosituhannelta. Parhaina saavutuksina kolme joukkue suomenmestaruutta. SM-mitaleita my\u00f6s racketlonista ja dartsista. Racketlonin maajoukkuevalmentajana (+10 vuotta). Saavutuksia valmentajana: Racketlon joukkue maailmanmestaruus (Milano 2011) ja muita MM-mitaleita, SeSi:n\/Boomin nousu mestaruussarjaan, eri juniori joukkueiden SM-mitaleita. Pingisvalmennuskokemusta racketlonin lis\u00e4ksi mm. PT Espoon, SPTL:n ja Boomin eri valmennusteht\u00e4vist\u00e4. Pelaajavalmentajana kokemusta mestaruussarjasta vitosdivariin.<br \/>\nMailapelivalmennusta ja ohjausta eskari-ik\u00e4isist\u00e4 maajoukkuekonkareihin. TYHY p\u00e4iv\u00e4t , mailapelitapahtumat, mailapelileirit. Valmennusta pelaajan omista l\u00e4ht\u00f6kohdista ja omin tavoittein. Varattavissa yksityistunteja tai vaikka yhteistunteja suunnilleen samantasoisen kaverin kanssa. Seuran kotisivulla lis\u00e4tietoa koulutuksesta, kokemuksesta ja v\u00e4h\u00e4n muustakin.<br \/>\n<strong>Milloin:<\/strong> Sopimuksen mukaan, joskus on treenattu joulunakin<br \/>\n<strong>Paikka:<\/strong> Kerava, Tuusula, muu p\u00e4\u00e4kaupunkiseutu mutta sovitusti vaikka Hangosta Nuorgamiin.<br \/>\n<strong>Yhteystiedot:<\/strong> <a href=\"mailto:ttcboom@kolumbus.fi\">ttcboom@kolumbus.fi<\/a> &nbsp;\/ 040 771 6050<br \/>\n<a href=\"https:\/\/ttcboom.sporttisaitti.com\/valmennus\/jukin-cv\/\">Jukin CV &#8211; TTC Boom (sporttisaitti.com)<\/a><\/p>\n<p><strong>Turku<\/strong><\/p>\n<p><strong>Nimi:<\/strong> Johanna Kaimio<br aria-hidden=\"true\"><strong>Kokemus:<\/strong> Pitk\u00e4 kokemus seura- ja maajoukkuetason valmennuksesta Suomessa ja Sveitsiss\u00e4. P\u00f6yt\u00e4tennisliiton naisten- ja tytt\u00f6jen maajoukkuevalmentaja. Aktiiviuran aika edustanut Suomea EM- ja MM-kisoissa, pelannut Ruotsin ja Sveitsin p\u00e4\u00e4sarjassa.<br \/>\n<strong>Koulutus:<\/strong> Liikunnanohjaaja<br aria-hidden=\"true\"><strong>Milloin:<\/strong> Sovitusti<br aria-hidden=\"true\"><strong>Paikka:&nbsp;<\/strong><span class=\"x_gmail-Apple-converted-space\">&nbsp;<\/span>Alfa, Manhattan Sport Center, Jarkko Nieminen Areena<br aria-hidden=\"true\"><strong>Yhteystiedot:<\/strong><span class=\"x_gmail-Apple-converted-space\">&nbsp;<a id=\"LPlnk602671\" href=\"mailto:jonnaschuepbach@gmail.com\" target=\"_blank\" rel=\"noopener noreferrer\" data-auth=\"NotApplicable\" data-safelink=\"true\" data-linkindex=\"0\">jonnaschuepbach@gmail.com<\/a> \/ 0405760711<\/span><\/p>\n<p><strong>Nimi:<\/strong> Tero Penttil\u00e4 &nbsp;&amp; Juha &nbsp;\u00c4\u00e4nismaa<br \/>\n<strong>Kokemus:<\/strong> Henkil\u00f6kohtaista aktiivista ja puoliaktiivista kilpailemista lajin parissa 35 vuotta. Joitain SM-mitaleita vuosien saatossa juniori- (kulta, hopea ja pronssi) ja veteraaniluokissa (kulta, hopea ja pronssi). P\u00f6yt\u00e4tennis ohjausta ja valmennusta(VOK1\/2) viimeiset 8 vuotta juniori- ja harrastajapuolella. Lajileiritoimintaa j\u00e4rjestetty 4 vuotta. MN-Pingis\/Pingispalvelut Oy omistajia p\u00f6yt\u00e4tenniksen v\u00e4linepuolella.<br \/>\n<strong>Milloin:<\/strong> Ajankohta sovittavissa tapauskohtaisesti. Tero arkit\u00f6iss\u00e4 klo. 14-17 asti vaihdellen. Juha vuorot\u00f6iss\u00e4 palomiehen\u00e4 1-2vrk\/vuoroa viikossa.<br \/>\n<strong>Paikka:<\/strong> Manhattan Sport Center, Jarkko Nieminen Areena, Alfa tms.<br \/>\n<strong>Yhteystiedot:<\/strong>&nbsp;<a href=\"http:\/\/mn-pingis.fi\">mn-pingis.fi<\/a><\/p>\n<p><strong>Nimi:<\/strong> Mergim Kelmendi<br \/>\n<strong>Kokemus:<\/strong> 14 vuotta pelannut Turun Pyrkiv\u00e4ss\u00e4. 3 vuotta ollut valmentajana Turun Pyrkiv\u00e4n treneiss\u00e4.<br \/>\n<strong>Milloin:<\/strong> ma &#8211; pe iltaisin<br \/>\n<strong>Paikka:<\/strong> Alfa, Manhattan Sport Center, Jarkko Nieminen Areena.<br \/>\n<strong>Yhteystiedot:<\/strong> Mergim Kelmendi, puh. 0451842252, meguu1@hotmail.com<\/p>\n<p><strong>Jyv\u00e4skyl\u00e4<\/strong><\/p>\n<p><strong>Nimi:<\/strong> Topi Hirvonen<br aria-hidden=\"true\"><strong>Koulutus:<\/strong> Liikuntatieteiden maisteri (liikuntapedagokiikka)<br \/>\n<strong>Kokemus:<\/strong> Useamman vuoden ty\u00f6kokemus liikunnan- ja luokanopettajana. P\u00f6yt\u00e4tennisvalmentajana kaksi vuotta, joista toinen P\u00f6yt\u00e4tennis Jyv\u00e4skyl\u00e4n puolip\u00e4iv\u00e4isen\u00e4 valmennuskoordinaattorina. Peliuraa noin 10 vuotta.&nbsp;<br aria-hidden=\"true\"><strong>Milloin:<\/strong> Sovitusti<br aria-hidden=\"true\"><strong>Paikka:&nbsp;<\/strong><span class=\"x_gmail-Apple-converted-space\"> Sepp\u00e4l\u00e4nkankaan p\u00f6yt\u00e4tennishalli (Sorastajantie 1, Jyv\u00e4skyl\u00e4)<\/span><br aria-hidden=\"true\"><strong>Yhteystiedot:<\/strong> Topi Hirvonen, 044 336 7237, info@ptjyvaskyla.fi&nbsp;<\/p>\n<p><strong>Oulu<\/strong><\/p>\n<p><strong>Nimi:<\/strong> Tuomas Perkki\u00f6<br \/>\n<strong>Kokemus:<\/strong> Vajaan 15 vuoden kokemus junnuvalmennuksesta ja satunnaisesta muusta valmennuksesta. Lis\u00e4ksi aikuisten yksityistunteja ja pingiskerhoa koulun tiloissa.<br \/>\n<strong>Milloin:<\/strong> Voidaan sopia<br \/>\n<strong>Paikka:<\/strong> Ratamotien p\u00f6yt\u00e4tennishalli<br \/>\n<strong>Yhteystiedot:<\/strong> <a href=\"mailto:perkkio.tuomas@gmail.com\">perkkio.tuomas@gmail.com<\/a><\/p>\n<p><strong>Nimi:<\/strong> Toni Ruokanen<br \/>\n<strong>Koulutus ja ammatti:<\/strong> Liikuntatieteiden maisteri, p\u00e4\u00e4ty\u00f6 liikunnan- ja terveystiedon lehtori.<br \/>\n<strong>Kokemus:<\/strong> Henkil\u00f6kohtaisia valmennettavia p\u00f6yt\u00e4tenniksess\u00e4 SM-tasolta harrastajiin, kes\u00e4isin toimivan fysiikkatreeniryhm\u00e4n valmennus, liikunnan- ja terveystiedonopettajan ty\u00f6t\u00e4 vajaa 4 vuotta. Oma lajitausta on pingiksen parissa noin 7 vuotta, racketlonia 3 vuotta, aiemmin nuorempana j\u00e4\u00e4kiekkoa noin 15 vuotta nuorten SM-sarjoista aikuisten Mestis-karsintaan.<br \/>\nValmennuspalveluihini kuuluu:<br \/>\n-Yksil\u00f6llinen lajianalyysiin perustuva fysiikkavalmennus ja harjoittelun ohjelmointi kisakalenteriin suhteutettuna tavoitteellisille urheilijoille<br \/>\n&#8211; Fyysisen toimintakyvyn ja terveyden edist\u00e4minen harrastelijoille tai i\u00e4kk\u00e4\u00e4mmille pelureille<br \/>\n&#8211; Ravintovalmennus ja palautumista edist\u00e4vien toimenpiteiden optimointi<br \/>\n&#8211; Fysiikkaharjoitteiden suunnittelu seuroille lajiharjoitusten yhteyteen<br \/>\n&#8211; Fysiikkavalmennuksen konsultointi valmentajille<br \/>\n<strong>Paikka:<\/strong> Valmennukset voidaan sopia Oulun seudulle tai et\u00e4yhteyksien avulla ymp\u00e4ri maailmaa.<br \/>\n<strong>Yhteystiedot:<\/strong> <a href=\"mailto:toni.t.ruokanen@gmail.com\">toni.t.ruokanen@gmail.com<\/a> \/ 0405163561<\/p>\n<p><strong>Nimi:<\/strong> Pekka \u00c5gren<br \/>\n<strong>Kokemus:<\/strong> OPT-86 valmennusta ja pitk\u00e4 pelaajaura mestaruussarjatasolla.<br \/>\n<strong>Milloin:<\/strong> Voidaan sopia<br \/>\n<strong>Paikka:<\/strong> Ratamotien p\u00f6yt\u00e4tennishalli<br \/>\n<strong>Yhteystiedot:<\/strong> <a href=\"mailto:pekka.agren@hotmail.com\">pekka.agren@hotmail.com<\/a><\/p>\n<p><strong>Pirkanmaa<\/strong><\/p>\n<p><strong>Nimi:<\/strong> Jorma Lahtinen<br \/>\n<strong>Kokemus:<\/strong> Yli 20 vuotta pelaajana, mm. juniori- ja miesten maajoukkueessa, miesten SM sarjassa n. 20 kautta. T\u00e4ll\u00e4 hetkell\u00e4 pelaan Viron mestaruussarjassa. Olen opiskellut p\u00f6yt\u00e4tennist\u00e4 kansainv\u00e4lisesti.<br \/>\n<strong>Milloin:<\/strong> iltaisin, erikseen sovittavissa.<br \/>\n<strong>Paikka:<\/strong> Pelihallillani on kansainv\u00e4lisen p\u00f6yt\u00e4tennisliiton hyv\u00e4ksym\u00e4 lattia ja kilpatason p\u00f6yd\u00e4t 3 kpl. K\u00e4yt\u00f6ss\u00e4ni on valmennuksen apuv\u00e4linein\u00e4 mm. satoja palloja, kaksi pingisrobottia, kamera, spinroll ja tietenkin suuri peili.<br \/>\nValmennus l\u00e4htee aina valmennettavan tarpeesta. Rakennan valmennuksen sis\u00e4ll\u00f6n yhdess\u00e4 pelaajan kanssa. Esimerkiksi: Perustekniikan ja peliasennon rakentaminen, sy\u00f6tt\u00f6jen opettaminen, sy\u00f6t\u00f6nvastausten opettaminen, pelitaktiikan perusteet, yksil\u00f6llinen \u201dpelikirjan\u201d luonti.<br \/>\nPelihallillani on my\u00f6s fyysisiin harjoituksiin v\u00e4lineet ja tilat.<br \/>\nTiloissani on my\u00f6s majoitusmahdollisuus.<br \/>\n<strong>Yhteystiedot:<\/strong> Mastontie 27 as 3-4. Puh 040 5106252, tabletennisbootcamp@gmail.com<\/p>\n<p>&nbsp;<\/p>\n<p>&nbsp;<\/p>\n<p><strong>&nbsp;<\/strong><\/p>\n","protected":false},"excerpt":{"rendered":"<p>Valmentajap\u00f6rssi Kaipaatko pelisi kehitt\u00e4mist\u00e4? Yksityisvalmennus on varmasti tehokas tapa saada tekniikka kohdilleen ja peliin edistyst\u00e4. Ota siis yhteytt\u00e4 suoraan valmentajiin ja sovi aika harjoitukseen. Valmentajap\u00f6rssin tavoitteena on tuoda valmennusta tarjoavat ja valmennusta haluavat nykyist\u00e4 helpommin yhteen. Valmentajat ovat itse voineet ilmoittautua mukaan listalle. P\u00f6yt\u00e4tennisliitto ei vastaa listalla olevien valmentajien toiminnasta. Valmentaja, jos nime\u00e4si ei viel\u00e4 &hellip; <a href=\"https:\/\/www.sptl.fi\/sptl_test\/?page_id=25172\" class=\"more-link\">Jatka lukemista <span class=\"screen-reader-text\">Valmentajap\u00f6rssi<\/span> <span class=\"meta-nav\">&rarr;<\/span><\/a><\/p>\n","protected":false},"author":7,"featured_media":0,"parent":0,"menu_order":0,"comment_status":"closed","ping_status":"closed","template":"","meta":{"ngg_post_thumbnail":0,"footnotes":""},"_links":{"self":[{"href":"https:\/\/www.sptl.fi\/sptl_test\/index.php?rest_route=\/wp\/v2\/pages\/25172"}],"collection":[{"href":"https:\/\/www.sptl.fi\/sptl_test\/index.php?rest_route=\/wp\/v2\/pages"}],"about":[{"href":"https:\/\/www.sptl.fi\/sptl_test\/index.php?rest_route=\/wp\/v2\/types\/page"}],"author":[{"embeddable":true,"href":"https:\/\/www.sptl.fi\/sptl_test\/index.php?rest_route=\/wp\/v2\/users\/7"}],"replies":[{"embeddable":true,"href":"https:\/\/www.sptl.fi\/sptl_test\/index.php?rest_route=%2Fwp%2Fv2%2Fcomments&post=25172"}],"version-history":[{"count":0,"href":"https:\/\/www.sptl.fi\/sptl_test\/index.php?rest_route=\/wp\/v2\/pages\/25172\/revisions"}],"wp:attachment":[{"href":"https:\/\/www.sptl.fi\/sptl_test\/index.php?rest_route=%2Fwp%2Fv2%2Fmedia&parent=25172"}],"curies":[{"name":"wp","href":"https:\/\/api.w.org\/{rel}","templated":true}]}}