{"id":25271,"date":"2021-10-02T14:35:30","date_gmt":"2021-10-02T11:35:30","guid":{"rendered":"https:\/\/www.sptl.fi\/sptl_test\/?page_id=25271"},"modified":"2024-04-28T11:54:37","modified_gmt":"2024-04-28T08:54:37","slug":"sarjaottelupoytakirjat","status":"publish","type":"page","link":"https:\/\/www.sptl.fi\/sptl_test\/?page_id=25271","title":{"rendered":"Sarjaottelup\u00f6yt\u00e4kirjat"},"content":{"rendered":"<p><strong>Sarjaottelut<\/strong><br \/>\n<a href=\"https:\/\/www.sptl.fi\/sptl_test\/Lomakkeet\/Sarjaottelup%C3%B6yt%C3%A4kirja_2016.xlsx\" target=\"_blank\" rel=\"noopener\">Sarjaottelup\u00f6yt\u00e4kirja 2-6 divisioonat, viikkolohkot<\/a><\/p>\n<p><a href=\"https:\/\/www.sptl.fi\/sptl_test\/wp-content\/uploads\/Ottelupoytakirja_27.4.2024_korjattu.xls\" target=\"_blank\" rel=\"noopener\">Mestaruussarjan, 1-divisioonan ja 2-6 divisioonien turnauslohkojen p\u00f6yt\u00e4kirja kaudesta 2023\/2024 alkaen<\/a><!--more--><\/p>\n<p>&nbsp;<\/p>\n","protected":false},"excerpt":{"rendered":"<p>Sarjaottelut Sarjaottelup\u00f6yt\u00e4kirja 2-6 divisioonat, viikkolohkot Mestaruussarjan, 1-divisioonan ja 2-6 divisioonien turnauslohkojen p\u00f6yt\u00e4kirja kaudesta 2023\/2024 alkaen<\/p>\n","protected":false},"author":7,"featured_media":0,"parent":0,"menu_order":0,"comment_status":"closed","ping_status":"closed","template":"","meta":{"ngg_post_thumbnail":0,"footnotes":""},"_links":{"self":[{"href":"https:\/\/www.sptl.fi\/sptl_test\/index.php?rest_route=\/wp\/v2\/pages\/25271"}],"collection":[{"href":"https:\/\/www.sptl.fi\/sptl_test\/index.php?rest_route=\/wp\/v2\/pages"}],"about":[{"href":"https:\/\/www.sptl.fi\/sptl_test\/index.php?rest_route=\/wp\/v2\/types\/page"}],"author":[{"embeddable":true,"href":"https:\/\/www.sptl.fi\/sptl_test\/index.php?rest_route=\/wp\/v2\/users\/7"}],"replies":[{"embeddable":true,"href":"https:\/\/www.sptl.fi\/sptl_test\/index.php?rest_route=%2Fwp%2Fv2%2Fcomments&post=25271"}],"version-history":[{"count":0,"href":"https:\/\/www.sptl.fi\/sptl_test\/index.php?rest_route=\/wp\/v2\/pages\/25271\/revisions"}],"wp:attachment":[{"href":"https:\/\/www.sptl.fi\/sptl_test\/index.php?rest_route=%2Fwp%2Fv2%2Fmedia&parent=25271"}],"curies":[{"name":"wp","href":"https:\/\/api.w.org\/{rel}","templated":true}]}}