{"id":2570,"date":"2016-09-27T22:07:55","date_gmt":"2016-09-27T19:07:55","guid":{"rendered":"https:\/\/www.sptl.fi\/sptl_test\/?page_id=2570"},"modified":"2016-09-27T22:07:55","modified_gmt":"2016-09-27T19:07:55","slug":"pko-taulukoiden-kayttoohje","status":"publish","type":"page","link":"https:\/\/www.sptl.fi\/sptl_test\/?page_id=2570","title":{"rendered":"PKO-taulukoiden k\u00e4ytt\u00f6ohje"},"content":{"rendered":"<p>Osallistujat-sivulle laitetaan osallistujat, seurat ja mahdollisesti luokat.<br \/>\nSiirr\u00e4 kaavion-painike siirt\u00e4\u00e4 nimet ja seurat kaavioon. Jos arvonta ei miellyt\u00e4 Osallistujat-sivulla voi tehd\u00e4 s\u00e4\u00e4t\u00f6j\u00e4.<\/p>\n<p>Tulokset sy\u00f6tet\u00e4\u00e4n harmaisiin lokeroihin voittajan mukaan. Ohjelma kysyy tuloksen sy\u00f6tt\u00e4misen j\u00e4lkeen kumpi voitti.<\/p>\n<p>Sijoitukset-sivulla on parit painikkeet.<br \/>\nAloitettavat pelit-painike n\u00e4ytt\u00e4\u00e4 pelaamattomat pelit.<br \/>\nTuomarip\u00f6yt\u00e4kirjat-painike tulostaa oletustulostimelle aloittamattomien pelin p\u00f6yt\u00e4kirjat.<br \/>\nT\u00e4ydenn\u00e4 tulokset-painike lis\u00e4\u00e4 tuloslistaan pelaajien seurat ja luokat<\/p>\n<p>-Ismo<\/p>\n","protected":false},"excerpt":{"rendered":"<p>Osallistujat-sivulle laitetaan osallistujat, seurat ja mahdollisesti luokat. Siirr\u00e4 kaavion-painike siirt\u00e4\u00e4 nimet ja seurat kaavioon. Jos arvonta ei miellyt\u00e4 Osallistujat-sivulla voi tehd\u00e4 s\u00e4\u00e4t\u00f6j\u00e4. Tulokset sy\u00f6tet\u00e4\u00e4n harmaisiin lokeroihin voittajan mukaan. Ohjelma kysyy tuloksen sy\u00f6tt\u00e4misen j\u00e4lkeen kumpi voitti. Sijoitukset-sivulla on parit painikkeet. Aloitettavat pelit-painike n\u00e4ytt\u00e4\u00e4 pelaamattomat pelit. Tuomarip\u00f6yt\u00e4kirjat-painike tulostaa oletustulostimelle aloittamattomien pelin p\u00f6yt\u00e4kirjat. T\u00e4ydenn\u00e4 tulokset-painike lis\u00e4\u00e4 tuloslistaan pelaajien &hellip; <a href=\"https:\/\/www.sptl.fi\/sptl_test\/?page_id=2570\" class=\"more-link\">Jatka lukemista <span class=\"screen-reader-text\">PKO-taulukoiden k\u00e4ytt\u00f6ohje<\/span> <span class=\"meta-nav\">&rarr;<\/span><\/a><\/p>\n","protected":false},"author":10,"featured_media":0,"parent":0,"menu_order":0,"comment_status":"closed","ping_status":"closed","template":"","meta":{"ngg_post_thumbnail":0,"footnotes":""},"_links":{"self":[{"href":"https:\/\/www.sptl.fi\/sptl_test\/index.php?rest_route=\/wp\/v2\/pages\/2570"}],"collection":[{"href":"https:\/\/www.sptl.fi\/sptl_test\/index.php?rest_route=\/wp\/v2\/pages"}],"about":[{"href":"https:\/\/www.sptl.fi\/sptl_test\/index.php?rest_route=\/wp\/v2\/types\/page"}],"author":[{"embeddable":true,"href":"https:\/\/www.sptl.fi\/sptl_test\/index.php?rest_route=\/wp\/v2\/users\/10"}],"replies":[{"embeddable":true,"href":"https:\/\/www.sptl.fi\/sptl_test\/index.php?rest_route=%2Fwp%2Fv2%2Fcomments&post=2570"}],"version-history":[{"count":0,"href":"https:\/\/www.sptl.fi\/sptl_test\/index.php?rest_route=\/wp\/v2\/pages\/2570\/revisions"}],"wp:attachment":[{"href":"https:\/\/www.sptl.fi\/sptl_test\/index.php?rest_route=%2Fwp%2Fv2%2Fmedia&parent=2570"}],"curies":[{"name":"wp","href":"https:\/\/api.w.org\/{rel}","templated":true}]}}