{"id":25915,"date":"2021-05-12T11:34:42","date_gmt":"2021-05-12T08:34:42","guid":{"rendered":"https:\/\/www.sptl.fi\/sptl_test\/?page_id=25915"},"modified":"2021-05-12T11:34:42","modified_gmt":"2021-05-12T08:34:42","slug":"fyysisen-suorituskyvyn-harjoittaminen-modernissa-poytatenniksessa-opas","status":"publish","type":"page","link":"https:\/\/www.sptl.fi\/sptl_test\/?page_id=25915","title":{"rendered":"Fyysisen suorituskyvyn harjoittaminen modernissa p\u00f6yt\u00e4tenniksess\u00e4-opas"},"content":{"rendered":"<h3>&nbsp;<\/h3>\n<h3>&nbsp;<\/h3>\n<hr>\n<h3><strong><a href=\"https:\/\/www.sptl.fi\/sptl_test\/wp-content\/uploads\/Fyysinen-suorituskyky.pdf\">Fyysisen suorituskyvyn harjoittaminen modernissa p\u00f6yt\u00e4tenniksess\u00e4<\/a><\/strong><\/h3>\n<hr>\n<h3>&nbsp;<\/h3>\n<p>&nbsp;<\/p>\n","protected":false},"excerpt":{"rendered":"<p>&nbsp; &nbsp; Fyysisen suorituskyvyn harjoittaminen modernissa p\u00f6yt\u00e4tenniksess\u00e4 &nbsp; &nbsp;<\/p>\n","protected":false},"author":7,"featured_media":0,"parent":0,"menu_order":0,"comment_status":"closed","ping_status":"closed","template":"","meta":{"ngg_post_thumbnail":0,"footnotes":""},"_links":{"self":[{"href":"https:\/\/www.sptl.fi\/sptl_test\/index.php?rest_route=\/wp\/v2\/pages\/25915"}],"collection":[{"href":"https:\/\/www.sptl.fi\/sptl_test\/index.php?rest_route=\/wp\/v2\/pages"}],"about":[{"href":"https:\/\/www.sptl.fi\/sptl_test\/index.php?rest_route=\/wp\/v2\/types\/page"}],"author":[{"embeddable":true,"href":"https:\/\/www.sptl.fi\/sptl_test\/index.php?rest_route=\/wp\/v2\/users\/7"}],"replies":[{"embeddable":true,"href":"https:\/\/www.sptl.fi\/sptl_test\/index.php?rest_route=%2Fwp%2Fv2%2Fcomments&post=25915"}],"version-history":[{"count":0,"href":"https:\/\/www.sptl.fi\/sptl_test\/index.php?rest_route=\/wp\/v2\/pages\/25915\/revisions"}],"wp:attachment":[{"href":"https:\/\/www.sptl.fi\/sptl_test\/index.php?rest_route=%2Fwp%2Fv2%2Fmedia&parent=25915"}],"curies":[{"name":"wp","href":"https:\/\/api.w.org\/{rel}","templated":true}]}}