{"id":39337,"date":"2023-02-16T12:07:14","date_gmt":"2023-02-16T10:07:14","guid":{"rendered":"https:\/\/www.sptl.fi\/sptl_test\/?page_id=39337"},"modified":"2023-02-16T12:07:14","modified_gmt":"2023-02-16T10:07:14","slug":"olkapaavammojen-ennaltaehkaiseva-harjoitusopas-poytatennispelaajille","status":"publish","type":"page","link":"https:\/\/www.sptl.fi\/sptl_test\/?page_id=39337","title":{"rendered":"Olkap\u00e4\u00e4vammojen ennaltaehk\u00e4isev\u00e4 harjoitusopas p\u00f6yt\u00e4tennispelaajille"},"content":{"rendered":"<p>Patrik Rissasen ja Jussi V\u00e4h\u00e4n opinn\u00e4ytety\u00f6:<\/p>\n<hr>\n<h5>\n<a href=\"https:\/\/www.sptl.fi\/sptl_test\/wp-content\/uploads\/Rissanen_Vaha.pdf\">Olkap\u00e4\u00e4vammojen ennaltaehk\u00e4isev\u00e4 harjoitusopas p\u00f6yt\u00e4tennispelaajille<\/a><\/h5>\n<hr>\n<p>&nbsp;<\/p>\n","protected":false},"excerpt":{"rendered":"<p>Patrik Rissasen ja Jussi V\u00e4h\u00e4n opinn\u00e4ytety\u00f6: Olkap\u00e4\u00e4vammojen ennaltaehk\u00e4isev\u00e4 harjoitusopas p\u00f6yt\u00e4tennispelaajille &nbsp;<\/p>\n","protected":false},"author":7,"featured_media":0,"parent":0,"menu_order":0,"comment_status":"closed","ping_status":"closed","template":"","meta":{"ngg_post_thumbnail":0,"footnotes":""},"_links":{"self":[{"href":"https:\/\/www.sptl.fi\/sptl_test\/index.php?rest_route=\/wp\/v2\/pages\/39337"}],"collection":[{"href":"https:\/\/www.sptl.fi\/sptl_test\/index.php?rest_route=\/wp\/v2\/pages"}],"about":[{"href":"https:\/\/www.sptl.fi\/sptl_test\/index.php?rest_route=\/wp\/v2\/types\/page"}],"author":[{"embeddable":true,"href":"https:\/\/www.sptl.fi\/sptl_test\/index.php?rest_route=\/wp\/v2\/users\/7"}],"replies":[{"embeddable":true,"href":"https:\/\/www.sptl.fi\/sptl_test\/index.php?rest_route=%2Fwp%2Fv2%2Fcomments&post=39337"}],"version-history":[{"count":0,"href":"https:\/\/www.sptl.fi\/sptl_test\/index.php?rest_route=\/wp\/v2\/pages\/39337\/revisions"}],"wp:attachment":[{"href":"https:\/\/www.sptl.fi\/sptl_test\/index.php?rest_route=%2Fwp%2Fv2%2Fmedia&parent=39337"}],"curies":[{"name":"wp","href":"https:\/\/api.w.org\/{rel}","templated":true}]}}