{"id":42795,"date":"2023-08-16T11:22:13","date_gmt":"2023-08-16T08:22:13","guid":{"rendered":"https:\/\/www.sptl.fi\/sptl_test\/?page_id=42795"},"modified":"2023-08-16T12:46:28","modified_gmt":"2023-08-16T09:46:28","slug":"eu-erasmus-maahanmuuttajien-kotouttaminen-ja-sukupuolten-tasa-arvo-poytatenniksessa-kattavan-osallisuuden-kautta","status":"publish","type":"page","link":"https:\/\/www.sptl.fi\/sptl_test\/?page_id=42795","title":{"rendered":"EU-Erasmus: Maahanmuuttajien kotouttaminen ja sukupuolten tasa-arvo p\u00f6yt\u00e4tenniksess\u00e4 kattavan osallisuuden kautta"},"content":{"rendered":"<p style=\"text-align: center;\"><img loading=\"lazy\" decoding=\"async\" class=\"alignnone wp-image-42798\" src=\"https:\/\/www.sptl.fi\/sptl_test\/wp-content\/uploads\/SPTL-logo.png\" alt=\"\" width=\"53\" height=\"53\">&nbsp; &nbsp; &nbsp; &nbsp; &nbsp; &nbsp; &nbsp; &nbsp;<img loading=\"lazy\" decoding=\"async\" class=\"alignnone wp-image-42796\" src=\"https:\/\/www.sptl.fi\/sptl_test\/wp-content\/uploads\/ELTL-logo.png\" alt=\"\" width=\"142\" height=\"37\">&nbsp; &nbsp; &nbsp; &nbsp; &nbsp; &nbsp; &nbsp;<img loading=\"lazy\" decoding=\"async\" class=\"alignnone wp-image-42799\" src=\"https:\/\/www.sptl.fi\/sptl_test\/wp-content\/uploads\/TIP-logo.png\" alt=\"\" width=\"155\" height=\"45\"><br \/>\n<img loading=\"lazy\" decoding=\"async\" class=\"wp-image-42797 aligncenter\" src=\"https:\/\/www.sptl.fi\/sptl_test\/wp-content\/uploads\/EU-logo-300x63.png\" alt=\"\" width=\"219\" height=\"46\" srcset=\"https:\/\/www.sptl.fi\/sptl_test\/wp-content\/uploads\/EU-logo-300x63.png 300w, https:\/\/www.sptl.fi\/sptl_test\/wp-content\/uploads\/EU-logo-1024x215.png 1024w, https:\/\/www.sptl.fi\/sptl_test\/wp-content\/uploads\/EU-logo.png 1424w\" sizes=\"(max-width: 219px) 100vw, 219px\" \/><\/p>\n<pre>Disclaimer:\r\n\r\nFunded by the European Union. Views and opinions expressed are however those of the author(s) only and do not necessarily reflect those of the European Union or the European Education and Culture Executive Agency (EACEA). Neither the European Union nor EACEA can be held responsible for them.\r\n\r\nVastuuvapauslauseke:\r\n\r\nEuroopan unionin rahoittama. Esitetyt n\u00e4kemykset ja mielipiteet ovat kuitenkin vain kirjoittajien omia eiv\u00e4tk\u00e4 v\u00e4ltt\u00e4m\u00e4tt\u00e4 vastaa Euroopan unionin tai Euroopan koulutuksen ja kulttuurin toimeenpanoviraston (EACEA) n\u00e4kemyksi\u00e4. Euroopan unionia tai EACEAa ei voida pit\u00e4\u00e4 niist\u00e4 vastuussa.\r\n\r\n<\/pre>\n<h6 style=\"text-align: center;\">Erasmus+ projekti:<\/h6>\n<h6 style=\"text-align: center;\">Maahanmuuttajien kotouttaminen ja sukupuolten tasa-arvo p\u00f6yt\u00e4tenniksess\u00e4 kattavan osallisuuden kautta<br \/>\n(Integration of immigrants and gender equality in table tennis through comprehensive inclusion )<\/h6>\n<p style=\"text-align: left;\">Suomen ja Viron P\u00f6yt\u00e4tennisliitot sek\u00e4 vantaalainen seura TIP-70 tekiv\u00e4t yhteisty\u00f6ss\u00e4 EU-Erasmus-projektin \u201dMaahanmuuttajien integraatio ja tasa-arvo p\u00f6yt\u00e4tennisess\u00e4 kokonaisvaltaisen osallisuuden kautta\u201d. SPTL oli projektin p\u00e4\u00e4vet\u00e4j\u00e4 ja vastasi projektin aikana osiosta \u201dmaahanmuuttajien kotouttaminen\u201d. Viron liiton vastuualueena oli tasa-arvoon ja tytt\u00f6jen sek\u00e4 naispelaajien haasteisiin liittyv\u00e4 osio. TIP-70:ll\u00e4 on pitk\u00e4t perinteet maahanmuuttajapelaajien osalta seurassa ja he ovat my\u00f6s ty\u00f6skennelleet erilaisissa projekteissa, jotka liittyv\u00e4t maahanmuuttajien osallistamiseen urheilussa. TIP-70 toimi kumppanina t\u00e4ss\u00e4 projektissa.<\/p>\n<p>Koko projektin integraatioraportin l\u00f6yd\u00e4t t\u00e4\u00e4lt\u00e4: <a href=\"https:\/\/www.sptl.fi\/sptl_test\/?p=42554\" target=\"_blank\" rel=\"noopener\">https:\/\/www.sptl.fi\/sptl_test\/?p=42554<\/a><\/p>\n<p>Raportissa on mm. suomalaisille p\u00f6yt\u00e4tennisihmisille tuttujen maahanmuuttajien Ildiko Kadarin, Huy Chaun ja Lauri Laanen kokemuksia. Kannattaa k\u00e4yd\u00e4 ainakin heid\u00e4n kokemukset lukemassa.<\/p>\n<p>Miksi sitten seurojen kannattaisi perehty\u00e4 asiaan? Kansalaisj\u00e4rjest\u00f6ill\u00e4, kuten urheiluseuroilla, on n\u00e4iss\u00e4 asioissa merkitt\u00e4v\u00e4 oma rooli. T\u00e4m\u00e4n lis\u00e4ksi seurat voivat aivan omista tarpeistaan tehd\u00e4 maahanmuuttajien integraatioty\u00f6t\u00e4. T\u00e4t\u00e4 ei siis tarvitse n\u00e4hd\u00e4 \u201dmaailmanparantamisena\u201d, vaan normaalina seuraty\u00f6n\u00e4. P\u00f6yt\u00e4tennis on globaali laji, joten maahanmuuttajissa on paljon jo osaavia lajin harrastajia.&nbsp; Yksinkertaisesti voimme saada seuroihin uusia jo osaavia harrastajia. Lis\u00e4ksi tarjoamalla maahanmuuttajille toimintaa, voi saada tukea toimintaan, kuten vaikkapa TIP-70 Vantaalla. T\u00e4t\u00e4 kannattaa kysy\u00e4 omasta kunnastasi. Parasta maahanmuuttajien integrointia on kuitenkin ottaa heid\u00e4t mukaan normaaliin toimintaan. T\u00e4st\u00e4 n\u00e4k\u00f6kulmasta Eeva R\u00f6nkk\u00f6ll\u00e4 oli hyv\u00e4 puheenvuoro, joka on luettavissa raportista.<\/p>\n<p>Tarvitseeko siis seuroissa tehd\u00e4 mit\u00e4\u00e4n eri tavalla kuin normaalisti? Yksi asia nousi esiin niin asiantuntijoiden kuin meid\u00e4n maahanmuuttajataustaisten pelaajien kokemuksista: henkil\u00f6kohtainen viestint\u00e4. Seuroissa usein k\u00e4ytetty viestint\u00e4tapa \u201dkatso meid\u00e4n sivuilta&#8221; tai &#8221;laitan s\u00e4hk\u00f6postin\u201d ei v\u00e4ltt\u00e4m\u00e4tt\u00e4 toimi t\u00e4ss\u00e4 yhteydess\u00e4. Hienoa olisi, jos seuran sivuilla olisi jotain perustietoa my\u00f6s englanniksi. Yksinkertainen ohje maahanmuuttajien suhteen on, ett\u00e4 pyri tapaamaan heid\u00e4t hallilla. Mottona voisi olla \u201dpelataan, paperiasiat ehtii my\u00f6hemminkin\u201d.<\/p>\n<p>Virossa j\u00e4rjestetyll\u00e4 tytt\u00f6jen ja naisten leirill\u00e4 saatiin pelillisten asioiden lis\u00e4ksi luennoilla sek\u00e4 tehdyss\u00e4 kyselyss\u00e4 osallistujilta t\u00e4rke\u00e4\u00e4 tietoja harjoituskumppaneiden ja koulutusryhmien merkityksest\u00e4. Useat osallistujat olivat sit\u00e4 mielt\u00e4, ett\u00e4 vastakkaisen sukupuolen kanssa harjoitteleminen ei ole ongelma, mutta samalla he ymm\u00e4rsiv\u00e4t poikien ja tytt\u00f6jen pelityylierot. Lis\u00e4ksi tytt\u00f6jen omat ryhm\u00e4t ovat t\u00e4rkeit\u00e4 sosiaalisesti.<\/p>\n<p>Projektissa k\u00e4siteltiin my\u00f6s h\u00e4irinn\u00e4n v\u00e4hent\u00e4mist\u00e4 urheilussa, ennaltaehk\u00e4isytekniikoita sek\u00e4 urheilijan hyvinvoinnin ja turvallisuuden t\u00e4rkeytt\u00e4. Yhten\u00e4 t\u00e4rke\u00e4n\u00e4 kohtana nousi esille turvallisen tilan luominen urheilijoille, jossa he voivat jakaa kokemuksiaan, esitt\u00e4\u00e4 kysymyksi\u00e4 ja hakea tukea. T\u00e4m\u00e4 kannustava ymp\u00e4rist\u00f6 antaa urheilijoille mahdollisuuden ryhty\u00e4 toimiin h\u00e4irint\u00e4\u00e4 vastaan \u200b\u200bja luoda positiivista muutosta urheiluyhteis\u00f6ihins\u00e4.&nbsp; Jatkuvan koulutuksen ja toiminnan avulla toivotaan voitavan v\u00e4hent\u00e4\u00e4 h\u00e4irinn\u00e4n riski\u00e4 ja luoda turvallinen ymp\u00e4rist\u00f6 kaikille urheilijoille. Suomen P\u00f6yt\u00e4tennisliitolla on oma vastuullisuusohjelma, josta l\u00f6ytyy lis\u00e4\u00e4 ohjeistusta aiheeseen liittyen. Vastuullisuusohjelma l\u00f6ytyy t\u00e4\u00e4lt\u00e4: <a href=\"https:\/\/www.sptl.fi\/sptl_test\/wp-content\/uploads\/Poytatennisliiton-vastuullisuusohjelma_2022.pdf\">Poytatennisliiton-vastuullisuusohjelma_2022.pdf (sptl.fi)<\/a><\/p>\n<p>Projektin julkaisuja ja linkkej\u00e4:<\/p>\n<p>Juttu opetushallituksen sivuilla:<br \/>\n<a href=\"https:\/\/www.oph.fi\/fi\/uutiset\/2023\/poytatennikselle-kehitetaan-roolia-tasa-arvotyossa-ja-maahanmuuttajien-integraatiossa\"><u>P\u00f6yt\u00e4tennikselle kehitet\u00e4\u00e4n roolia tasa-arvoty\u00f6ss\u00e4 ja maahanmuuttajien integraatiossa | Opetushallitus (oph.fi)<\/u><\/a><\/p>\n<p>&nbsp;<\/p>\n<p><a href=\"https:\/\/www.sptl.fi\/sptl_test\/?p=42659\"><u>Integraatiowebinaarin raportti (englanniksi) | Suomen P\u00f6yt\u00e4tennisliitto (sptl.fi)<\/u><\/a><\/p>\n<p><a href=\"https:\/\/www.sptl.fi\/sptl_test\/?p=42554\"><u>EU -erasmus hankeen raportti-Maahanmuuttajien integraatio (SPTL, Viron liitto ja TIP-70) | Suomen P\u00f6yt\u00e4tennisliitto<\/u><\/a><\/p>\n<p><a href=\"https:\/\/www.facebook.com\/photo\/?fbid=596648115843061&amp;set=pcb.596649282509611\"><u>https:\/\/www.facebook.com\/photo\/?fbid=596648115843061&amp;set=pcb.596649282509611<\/u><\/a><\/p>\n<p><a href=\"https:\/\/www.facebook.com\/media\/set\/?vanity=lauatenniseliit&amp;set=a.515267167314490\"><u>https:\/\/www.facebook.com\/media\/set\/?vanity=lauatenniseliit&amp;set=a.515267167314490<\/u><\/a><\/p>\n<p><a href=\"https:\/\/uus.lauatennis.ee\/seminar-webinar-31-03-2023\/\"><u>https:\/\/uus.lauatennis.ee\/seminar-webinar-31-03-2023\/<\/u><\/a><\/p>\n<p><a href=\"https:\/\/uus.lauatennis.ee\/lauatennis-naised-vs-mehed-voi-siiski-koos\/\"><u>https:\/\/uus.lauatennis.ee\/lauatennis-naised-vs-mehed-voi-siiski-koos\/<\/u><\/a><\/p>\n<p><a href=\"https:\/\/uus.lauatennis.ee\/erasmus\/\"><u>https:\/\/uus.lauatennis.ee\/erasmus\/<\/u><\/a><\/p>\n<p><a href=\"https:\/\/www.sptl.fi\/sptl_test\/?p=39110\"><u>https:\/\/www.sptl.fi\/sptl_test\/?p=39110<\/u><\/a><\/p>\n<p><a href=\"https:\/\/www.sptl.fi\/sptl_test\/?p=40464\"><u>An Athlete in Need \u2013 What Now?\u201d -webinaari perjantaina | Suomen P\u00f6yt\u00e4tennisliitto (sptl.fi)<\/u><\/a><\/p>\n<p>&nbsp;<\/p>\n","protected":false},"excerpt":{"rendered":"<p>&nbsp; &nbsp; &nbsp; &nbsp; &nbsp; &nbsp; &nbsp; &nbsp;&nbsp; &nbsp; &nbsp; &nbsp; &nbsp; &nbsp; &nbsp; Disclaimer: Funded by the European Union. Views and opinions expressed are however those of the author(s) only and do not necessarily reflect those of the European Union or the European Education and Culture Executive Agency (EACEA). Neither the European Union nor &hellip; <a href=\"https:\/\/www.sptl.fi\/sptl_test\/?page_id=42795\" class=\"more-link\">Jatka lukemista <span class=\"screen-reader-text\">EU-Erasmus: Maahanmuuttajien kotouttaminen ja sukupuolten tasa-arvo p\u00f6yt\u00e4tenniksess\u00e4 kattavan osallisuuden kautta<\/span> <span class=\"meta-nav\">&rarr;<\/span><\/a><\/p>\n","protected":false},"author":7,"featured_media":0,"parent":0,"menu_order":0,"comment_status":"closed","ping_status":"closed","template":"","meta":{"ngg_post_thumbnail":0,"footnotes":""},"_links":{"self":[{"href":"https:\/\/www.sptl.fi\/sptl_test\/index.php?rest_route=\/wp\/v2\/pages\/42795"}],"collection":[{"href":"https:\/\/www.sptl.fi\/sptl_test\/index.php?rest_route=\/wp\/v2\/pages"}],"about":[{"href":"https:\/\/www.sptl.fi\/sptl_test\/index.php?rest_route=\/wp\/v2\/types\/page"}],"author":[{"embeddable":true,"href":"https:\/\/www.sptl.fi\/sptl_test\/index.php?rest_route=\/wp\/v2\/users\/7"}],"replies":[{"embeddable":true,"href":"https:\/\/www.sptl.fi\/sptl_test\/index.php?rest_route=%2Fwp%2Fv2%2Fcomments&post=42795"}],"version-history":[{"count":0,"href":"https:\/\/www.sptl.fi\/sptl_test\/index.php?rest_route=\/wp\/v2\/pages\/42795\/revisions"}],"wp:attachment":[{"href":"https:\/\/www.sptl.fi\/sptl_test\/index.php?rest_route=%2Fwp%2Fv2%2Fmedia&parent=42795"}],"curies":[{"name":"wp","href":"https:\/\/api.w.org\/{rel}","templated":true}]}}