{"id":44886,"date":"2023-10-20T14:45:37","date_gmt":"2023-10-20T11:45:37","guid":{"rendered":"https:\/\/www.sptl.fi\/sptl_test\/?page_id=44886"},"modified":"2024-04-15T15:05:31","modified_gmt":"2024-04-15T12:05:31","slug":"gp-kilpailut","status":"publish","type":"page","link":"https:\/\/www.sptl.fi\/sptl_test\/?page_id=44886","title":{"rendered":"GP-kilpailut"},"content":{"rendered":"<p><strong>Suomen P\u00f6yt\u00e4tennisliiton GP-sarja on kotimaisille huippupelaajille suunnattu kilpailusarja. GP-sarjan paremmuudesta pelataan miehiss\u00e4, naisissa ja junioriluokissa. Kaudella 2023-2024 sarja sis\u00e4lt\u00e4\u00e4 kuusi osakilpailua.<\/strong><\/p>\n<p><strong>KILPAILUOHJELMA<\/strong><\/p>\n<p>1. Tampere GP (Tampere): 23.-24.9.2023<br \/>\n2. PT Espoo syyskisat GP (Espoo): 21.-22.10.2023<br \/>\n3. OP GP (Per\u00e4sein\u00e4joki): 18.-19.11.2023<br \/>\n4. Kosken Malja GP (Koski Tl):\u00a0 6.-7.1.2024<br \/>\n5. Wega Malja GP (Helsinki): 3.-4.2.2024<br \/>\n6. PT Espoo kev\u00e4tkisat GP (Espoo): 13.-14.4.2024<\/p>\n<p><strong>SARJAT<\/strong><\/p>\n<p>Miehet (MK)<br \/>\nNaiset (NK)<br \/>\nPojat 18v (M18, s. 2005-08)<br \/>\nTyt\u00f6t 18v (N18, s. 2005-08)<br \/>\nPojat 14v (M14, s. 2009-)<br \/>\nTyt\u00f6t 14v (N14, s. 2009-)<\/p>\n<p><strong>LOPULLINEN PISTETILANNE (taulukossa useita v\u00e4lilehti\u00e4)<\/strong><\/p>\n<p><em>Edit: korjattu Espoon GP-kisojen pisteet ja lopputulokset.<\/em><\/p>\n<div class=\"ead-preview\"><div class=\"ead-document\" style=\"position: relative;\"><iframe src=\"\/\/view.officeapps.live.com\/op\/embed.aspx?src=https%3A%2F%2Fwww.sptl.fi%2Fsptl_test%2Fwp-content%2Fuploads%2FGP-pisteet-2023-2024-16.xlsx\" title=\"Embedded Document\" class=\"ead-iframe\" style=\"width: 100%;height: 500px;border: none;\"><\/iframe><\/div><\/div>\n<p><strong>PALKINNOT<\/strong><\/p>\n<p><strong>Yksitt\u00e4iset kilpailut<\/strong><\/p>\n<p>Miehet<br \/>\nI palkinto minimi 200\u20ac<br \/>\nII palkinto minimi 50\u20ac<\/p>\n<p>Naiset<br \/>\nI palkinto minimi 50\u20ac.<\/p>\n<p><strong>GP-sarja<\/strong><\/p>\n<p>GP-sarjan osallistumismaksuista menee palkintopottiin aikuisilla 5\u20ac \/ pelaaja \/ osakilpailu ja junioreilla 3\u20ac.<\/p>\n<p>MK, NK ja M18, N18, M14 ja N14 GP-sarjan kertyneet palkintorahat jaetaan sijoille 1-3. sijoittuneiden pelaajien seurojen kesken suhteessa 50% &#8211; 30% &#8211; 20%.<\/p>\n<p>Pelaajan tulee osallistua v\u00e4hint\u00e4\u00e4n kolmeen osakilpailuun ollakseen oikeutettu palkintorahoihin.<\/p>\n<p>Liitto antaa lis\u00e4palkinnoksi voittajille jokaisen GP-kilpailun MK- ja NK- luokkien osallistujista 5\u20ac \/ pelaaja \/ osakilpailu\u00a0sek\u00e4 junioreiden GP-kilpailusta 3\u20ac \/ pelaaja \/ GP-luokka. Kyseinen raha maksetaan n\u00e4iden GP-luokkien voittajien seuroille.<\/p>\n<p>Lis\u00e4ksi palkitaan se seura 200\u20ac palkinnolla, joka on saanut ker\u00e4tty\u00e4 eniten GP-pisteit\u00e4, jotka lasketaan seuroittain kaikkien GP-kilpailujen pisteiden yhteissummasta (MK-, NK- ja juniori GP:t).<\/p>\n<p><a href=\"https:\/\/www.sptl.fi\/sptl_test\/wp-content\/uploads\/SPTL_saannot_2023-24.pdf\" target=\"_blank\" rel=\"noopener\"><strong>Lis\u00e4tietoja SPTL:n s\u00e4\u00e4nn\u00f6t 7.5 &#8211; 7.7<\/strong><\/a><\/p>\n<p>&nbsp;<\/p>\n","protected":false},"excerpt":{"rendered":"<p>Suomen P\u00f6yt\u00e4tennisliiton GP-sarja on kotimaisille huippupelaajille suunnattu kilpailusarja. GP-sarjan paremmuudesta pelataan miehiss\u00e4, naisissa ja junioriluokissa. Kaudella 2023-2024 sarja sis\u00e4lt\u00e4\u00e4 kuusi osakilpailua. KILPAILUOHJELMA 1. Tampere GP (Tampere): 23.-24.9.2023 2. PT Espoo syyskisat GP (Espoo): 21.-22.10.2023 3. OP GP (Per\u00e4sein\u00e4joki): 18.-19.11.2023 4. Kosken Malja GP (Koski Tl):\u00a0 6.-7.1.2024 5. Wega Malja GP (Helsinki): 3.-4.2.2024 6. PT Espoo &hellip; <a href=\"https:\/\/www.sptl.fi\/sptl_test\/?page_id=44886\" class=\"more-link\">Jatka lukemista <span class=\"screen-reader-text\">GP-kilpailut<\/span> <span class=\"meta-nav\">&rarr;<\/span><\/a><\/p>\n","protected":false},"author":59,"featured_media":0,"parent":0,"menu_order":0,"comment_status":"closed","ping_status":"closed","template":"","meta":{"ngg_post_thumbnail":0,"footnotes":""},"_links":{"self":[{"href":"https:\/\/www.sptl.fi\/sptl_test\/index.php?rest_route=\/wp\/v2\/pages\/44886"}],"collection":[{"href":"https:\/\/www.sptl.fi\/sptl_test\/index.php?rest_route=\/wp\/v2\/pages"}],"about":[{"href":"https:\/\/www.sptl.fi\/sptl_test\/index.php?rest_route=\/wp\/v2\/types\/page"}],"author":[{"embeddable":true,"href":"https:\/\/www.sptl.fi\/sptl_test\/index.php?rest_route=\/wp\/v2\/users\/59"}],"replies":[{"embeddable":true,"href":"https:\/\/www.sptl.fi\/sptl_test\/index.php?rest_route=%2Fwp%2Fv2%2Fcomments&post=44886"}],"version-history":[{"count":0,"href":"https:\/\/www.sptl.fi\/sptl_test\/index.php?rest_route=\/wp\/v2\/pages\/44886\/revisions"}],"wp:attachment":[{"href":"https:\/\/www.sptl.fi\/sptl_test\/index.php?rest_route=%2Fwp%2Fv2%2Fmedia&parent=44886"}],"curies":[{"name":"wp","href":"https:\/\/api.w.org\/{rel}","templated":true}]}}