{"id":45,"date":"2015-08-26T11:49:08","date_gmt":"2015-08-26T11:49:08","guid":{"rendered":"http:\/\/sptldev.sdihost.fi\/wordpress\/?page_id=45"},"modified":"2023-09-14T16:12:42","modified_gmt":"2023-09-14T13:12:42","slug":"toimisto","status":"publish","type":"page","link":"https:\/\/www.sptl.fi\/sptl_test\/?page_id=45","title":{"rendered":"Yhteystiedot \u2013 Contact us"},"content":{"rendered":"<p><i>Suomen P\u00f6yt\u00e4tennisliitto ry (SPTL) \u2013 Finnish Table Tennis Association ( FTTA)<\/i><\/p>\n<p><b>Toimisto \u2013 Office of FTTA<\/b><br \/>\nPostiosoite \u2013 Address: Valimotie 10, 00380 HELSINKI<br \/>\nemail: <a href=\"mailto:info@sptl.fi\">info@sptl.fi<\/a><\/p>\n<p><strong>Toimihenkil\u00f6t \u2013 Officials<\/strong><\/p>\n<p>Henri Pelkonen, toiminnanjohtaja, general secretary<br \/>\nmatkapuhelin \/ mobile +358 40 537 1449<br \/>\ne-mail: henri.pelkonen(a)sptl.fi<\/p>\n<p>Taneli Keinonen, kentt\u00e4p\u00e4\u00e4llikk\u00f6, nuorisovastaava, regional manager<br \/>\nmatkapuhelin \/ mobile +358 50 5285861<br \/>\ne-mail: taneli.keinonen(a)sptl.fi<span style=\"font-size: small;\"><br \/>\n<\/span><\/p>\n<p>Mattias Bergkvist, p\u00e4\u00e4valmentaja, head coach<br \/>\nmatkapuhelin \/ mobile +358 400 271 065<br \/>\ne-mail: ljmbergkvist(a)hotmail.com<\/p>\n<p>Heikki Kiiskinen, viestint\u00e4koordinaattori, communications coordinator<br \/>\nmatkapuhelin \/ mobile +358 40 5545075<br \/>\nemail: heikki.kiiskinen(\u00e5)gmail.com<\/p>\n<p>&nbsp;<\/p>\n<div id=\"gtx-trans\" style=\"position: absolute; left: -3px; top: 199.6px;\">\n<div class=\"gtx-trans-icon\">&nbsp;<\/div>\n<\/div>\n","protected":false},"excerpt":{"rendered":"<p>Suomen P\u00f6yt\u00e4tennisliitto ry (SPTL) \u2013 Finnish Table Tennis Association ( FTTA) Toimisto \u2013 Office of FTTA Postiosoite \u2013 Address: Valimotie 10, 00380 HELSINKI email: info@sptl.fi Toimihenkil\u00f6t \u2013 Officials Henri Pelkonen, toiminnanjohtaja, general secretary matkapuhelin \/ mobile +358 40 537 1449 e-mail: henri.pelkonen(a)sptl.fi Taneli Keinonen, kentt\u00e4p\u00e4\u00e4llikk\u00f6, nuorisovastaava, regional manager matkapuhelin \/ mobile +358 50 5285861 e-mail: &hellip; <a href=\"https:\/\/www.sptl.fi\/sptl_test\/?page_id=45\" class=\"more-link\">Jatka lukemista <span class=\"screen-reader-text\">Yhteystiedot \u2013 Contact us<\/span> <span class=\"meta-nav\">&rarr;<\/span><\/a><\/p>\n","protected":false},"author":1,"featured_media":0,"parent":0,"menu_order":0,"comment_status":"closed","ping_status":"closed","template":"","meta":{"ngg_post_thumbnail":0,"footnotes":""},"_links":{"self":[{"href":"https:\/\/www.sptl.fi\/sptl_test\/index.php?rest_route=\/wp\/v2\/pages\/45"}],"collection":[{"href":"https:\/\/www.sptl.fi\/sptl_test\/index.php?rest_route=\/wp\/v2\/pages"}],"about":[{"href":"https:\/\/www.sptl.fi\/sptl_test\/index.php?rest_route=\/wp\/v2\/types\/page"}],"author":[{"embeddable":true,"href":"https:\/\/www.sptl.fi\/sptl_test\/index.php?rest_route=\/wp\/v2\/users\/1"}],"replies":[{"embeddable":true,"href":"https:\/\/www.sptl.fi\/sptl_test\/index.php?rest_route=%2Fwp%2Fv2%2Fcomments&post=45"}],"version-history":[{"count":0,"href":"https:\/\/www.sptl.fi\/sptl_test\/index.php?rest_route=\/wp\/v2\/pages\/45\/revisions"}],"wp:attachment":[{"href":"https:\/\/www.sptl.fi\/sptl_test\/index.php?rest_route=%2Fwp%2Fv2%2Fmedia&parent=45"}],"curies":[{"name":"wp","href":"https:\/\/api.w.org\/{rel}","templated":true}]}}