{"id":48,"date":"2015-08-26T11:50:03","date_gmt":"2015-08-26T11:50:03","guid":{"rendered":"http:\/\/sptldev.sdihost.fi\/wordpress\/?page_id=48"},"modified":"2023-11-21T22:26:40","modified_gmt":"2023-11-21T20:26:40","slug":"hallitus","status":"publish","type":"page","link":"https:\/\/www.sptl.fi\/sptl_test\/?page_id=48","title":{"rendered":"Hallitus"},"content":{"rendered":"<p><strong>Esko Heikkinen<\/strong>, puheenjohtaja (2023-2024)<br \/>\n050 62532<br \/>\nesko.heikkinen(a)sptl.fi<\/p>\n<p><strong>Sonja Grefberg<\/strong>, varapuheenjohtaja (2023-2024)<br \/>\n040 556 6179<br \/>\nsonja.grefberg(a)kolumbus.fi<\/p>\n<p><strong><u>Varsinaiset j\u00e4senet<\/u><\/strong><\/p>\n<p><strong>Mergim Kelmendi <\/strong>(2024-2025)<br \/>\n045 184 2252<br \/>\nmeguu1(a)hotmail.com<\/p>\n<p><strong>Tero Naumi<\/strong> (2024-2025)<br \/>\n040 823 9895<br \/>\nteromi10(a)hotmail.fi<\/p>\n<p><strong>Mika Pyykk\u00f6 <\/strong>(2024-2025)<br \/>\n0400 841 662<br \/>\nmika.pyykko(a)kolumbus.fi<\/p>\n<p><strong>Pasi Valasti <\/strong>(2024-2025)<strong><br \/>\n<\/strong>050 3884306<br \/>\npasi.valasti(a)sok.fi<\/p>\n<p><strong>Matti Kurvinen <\/strong>(2023-2024)<strong><br \/>\n<\/strong>040 5047845<br \/>\nkurvinen(a)live.com<\/p>\n<p><strong>Jyrki Nummenmaa <\/strong>(2023-2024)<strong><br \/>\n<\/strong>040 5277999<br \/>\njyrki.nummenmaa(a)gmail.com<\/p>\n<p><strong>Teemu Oinas<\/strong> (2023-2024)<strong><br \/>\n<\/strong>050 4858200<br \/>\nteemu.oinas(a)gmail.com<\/p>\n<p><b>Juha Julmala <\/b>(2023-2024)<strong><br \/>\n<\/strong>040 6817610<br \/>\njuha.julmala(a)gmail.com<\/p>\n<p><strong><u>Varaj\u00e4senet, toimivaltaisia t\u00e4ss\u00e4\u00a0j\u00e4rjestyksess\u00e4 <\/u><\/strong><u>(toimikausi yksi vuosi)<\/u><u><br \/>\n<\/u><\/p>\n<p><strong>1.Hannu Sihvo<\/strong><br \/>\n040 7186 360<br \/>\nhannusihvo57(a)gmail.com<\/p>\n<p><strong>2. Bahman Khosravi<\/strong><strong><br \/>\n<\/strong>050 5400773<br \/>\nbahman23(a)gmail.com<\/p>\n<p><strong>3. Toni Soine<br \/>\n<\/strong>044 3599937<strong><br \/>\n<\/strong>toni.soine(a)kolumbus.fi<\/p>\n<p><strong>4. Petri Mikkonen<\/strong><strong><br \/>\n<\/strong>045 1302510<br \/>\npetemikk(a)hotmail.com<\/p>\n","protected":false},"excerpt":{"rendered":"<p>Esko Heikkinen, puheenjohtaja (2023-2024) 050 62532 esko.heikkinen(a)sptl.fi Sonja Grefberg, varapuheenjohtaja (2023-2024) 040 556 6179 sonja.grefberg(a)kolumbus.fi Varsinaiset j\u00e4senet Mergim Kelmendi (2024-2025) 045 184 2252 meguu1(a)hotmail.com Tero Naumi (2024-2025) 040 823 9895 teromi10(a)hotmail.fi Mika Pyykk\u00f6 (2024-2025) 0400 841 662 mika.pyykko(a)kolumbus.fi Pasi Valasti (2024-2025) 050 3884306 pasi.valasti(a)sok.fi Matti Kurvinen (2023-2024) 040 5047845 kurvinen(a)live.com Jyrki Nummenmaa (2023-2024) 040 5277999 &hellip; <a href=\"https:\/\/www.sptl.fi\/sptl_test\/?page_id=48\" class=\"more-link\">Jatka lukemista <span class=\"screen-reader-text\">Hallitus<\/span> <span class=\"meta-nav\">&rarr;<\/span><\/a><\/p>\n","protected":false},"author":1,"featured_media":0,"parent":0,"menu_order":0,"comment_status":"closed","ping_status":"closed","template":"","meta":{"ngg_post_thumbnail":0,"footnotes":""},"_links":{"self":[{"href":"https:\/\/www.sptl.fi\/sptl_test\/index.php?rest_route=\/wp\/v2\/pages\/48"}],"collection":[{"href":"https:\/\/www.sptl.fi\/sptl_test\/index.php?rest_route=\/wp\/v2\/pages"}],"about":[{"href":"https:\/\/www.sptl.fi\/sptl_test\/index.php?rest_route=\/wp\/v2\/types\/page"}],"author":[{"embeddable":true,"href":"https:\/\/www.sptl.fi\/sptl_test\/index.php?rest_route=\/wp\/v2\/users\/1"}],"replies":[{"embeddable":true,"href":"https:\/\/www.sptl.fi\/sptl_test\/index.php?rest_route=%2Fwp%2Fv2%2Fcomments&post=48"}],"version-history":[{"count":0,"href":"https:\/\/www.sptl.fi\/sptl_test\/index.php?rest_route=\/wp\/v2\/pages\/48\/revisions"}],"wp:attachment":[{"href":"https:\/\/www.sptl.fi\/sptl_test\/index.php?rest_route=%2Fwp%2Fv2%2Fmedia&parent=48"}],"curies":[{"name":"wp","href":"https:\/\/api.w.org\/{rel}","templated":true}]}}