{"id":51,"date":"2023-09-25T11:45:55","date_gmt":"2023-09-25T08:45:55","guid":{"rendered":"http:\/\/sptldev.sdihost.fi\/wordpress\/?page_id=51"},"modified":"2024-03-28T14:19:19","modified_gmt":"2024-03-28T12:19:19","slug":"valiokunnat","status":"publish","type":"page","link":"https:\/\/www.sptl.fi\/sptl_test\/?page_id=51","title":{"rendered":"Valiokunnat"},"content":{"rendered":"<h3>Ty\u00f6valiokunta<\/h3>\n<p><strong>Esko Heikkinen<\/strong> (pj), 050 625 32, esko.heikkinen(a)sptl.fi<br \/>\n<strong>Sonja Grefberg<\/strong>, 040 556 6179, sonja.grefberg(a)kolumbus.fi<br \/>\n<strong>Matti Kurvinen<\/strong>, 040 5047845, kurvinen(a)live.com<br \/>\n<strong>Henri Pelkonen<\/strong>, 040 537 1449, henri.pelkonen(a)sptl.fi<br \/>\n<strong>Mika Pyykk\u00f6<\/strong>, 0400 841 662, mika.pyykko(a)kolumbus.fi<\/p>\n<h3>S\u00e4\u00e4nt\u00f6- ja tuomarivaliokunta<\/h3>\n<p><span style=\"color: #141412;\"><b>Asko Rasinen<\/b>, (pj) 0400 444779, asko.rasinen(a)kolumbus.fi<\/span><br \/>\n<span style=\"color: #141412;\"><b>Esko Heikkinen<\/b>, 050 625 32, esko.heikkinen(a)sptl.fi<br \/>\n<b>Matti Kolppanen<\/b>, 0400 717 966, matti.kolppanen(a)kolumbus.fi<br \/>\n<b>Joonas Kivim\u00e4ki, <\/b>joonas.<\/span><strong><span style=\"font-family: 'Calibri','sans-serif'; color: #141412; font-weight: normal;\">stonehill(a)kolumbus.fi<\/span><\/strong><b><\/b><\/p>\n<h3>Seuravaliokunta<\/h3>\n<p><strong>Tero Naumi <\/strong>(pj), 040 8239895, teromi10(a)hotmail.fi<strong><br \/>\nHenri Pelkonen<\/strong>, 040 537 1449, henri.pelkonen(a)sptl.fi<br \/>\n<strong>Taneli Keinonen<\/strong>, 050 5285861, taneli.keinonen (a)sptl.fi<br \/>\n<strong>Teemu Oinas<\/strong>, 050 485 8200, teemu.oinas(a)gmail.com<strong><br \/>\nMergim Kelmendi<\/strong>, 045 184 2252, meguu1(a)hotmail.com<br \/>\n<strong>Henna S\u00f6derg\u00e5rd<\/strong>, 040 572 5404, hennasodergard(a)gmail.com<\/p>\n<h3>Kilpailuvaliokunta<\/h3>\n<p><strong>Teemu Oinas<\/strong> (pj), 050 485 8200, teemu.oinas(a)gmail.com<br \/>\n<strong>Jori Haataja<\/strong>, 040 504 2013, jori.haataja(a)outlook.com<br \/>\n<strong>Henri Pelkonen<\/strong>, 040 537 1449, henri.pelkonen(a)sptl.fi<br \/>\n<strong>Juha Julmala<\/strong>, 040 681 7610, juha.julmala(a)gmail.com<br \/>\n<strong>Aaro M\u00e4kel\u00e4<\/strong>, 045 889 2470, aaromakela(a)outlook.com<\/p>\n<h5>Sarjajaosto:<\/h5>\n<p><strong>Teemu Oinas <\/strong>(pj): 2-divisioona \/ 4-divisioona Pohjois-Suomi ja It\u00e4-Suomi<em>, <\/em>puh.050 485 8200, teemu.oinas(a)gmail.com<br \/>\n<strong>Juha Julmala: <\/strong>Mestaruussarja \/ 1-divisioona \/ 3-divisioona \/ 4-5 divisioonat Pohjanmaa<em>, <\/em>puh.040 681 7610, juha.julmala(a)gmail.com<strong><br \/>\nJori Haataja: <\/strong>4-6 divisioona Etel\u00e4-Suomi ja Varsinais-Suomi<em>, <\/em>puh. 040 504 2013, jori.haataja(a)outlook.com<br \/>\n<strong>Aaro M\u00e4kel\u00e4:<\/strong> 4-6 divisioona Uusimaa, puh. 045 889 2470, aaromakela(a)outlook.com<\/p>\n<h3>Huippu-urheiluvaliokunta<\/h3>\n<p><strong>Sonja Grefberg<\/strong> (pj), 040 556 6179, sonja.grefberg(a)kolumbus.fi<br \/>\n<strong>Mattias Bergkvist<\/strong>, 0400 271065, ljmbergkvist(a)hotmail.com<br \/>\n<strong>Mika R\u00e4s\u00e4nen<\/strong>, 040 594 3043, mika.rasanen(a)sptl.fi<br \/>\n<strong>Pasi Valasti<\/strong>, 050 388 4306, pasi.valasti(a)sok.fi<br \/>\n<strong>Martti Autio,&nbsp;<\/strong>050 5704730, autio.mara(a)gmail.com<\/p>\n<h3>IT-valiokunta<\/h3>\n<p><strong>Jyrki Nummenmaa <\/strong>(pj), 040 5277999, jyrki.nummenmaa(a)gmail.com<br \/>\n<strong>Jori Haataja<\/strong>, 040 504 2013, jori.haataja(a)outlook.com<br \/>\n<strong>Marko Koskinen<\/strong>, 050 4386658, marko(a)vapaus.net<br \/>\n<strong>Tomi Nummenmaa<\/strong><br \/>\n<strong>Lasse Vimpari<\/strong>, pingis_69(a)outlook.com<\/p>\n<h3><strong>Valmennusvaliokunta<\/strong><\/h3>\n<p><strong>Mika R\u00e4s\u00e4nen <\/strong>(pj), 040 594 3043, mika.rasanen(a)sptl.fi<br \/>\n<strong>Taneli Keinonen <\/strong>050 5285861, taneli.keinonen (a)sptl.fi<br \/>\n<strong>Teemu Oinas<\/strong> 050 485 8200, teemu.oinas(a)gmail.com<strong><br \/>\n<\/strong><strong>Esko Heikkinen<\/strong>, 050 625 32, esko.heikkinen(a)sptl.fi<br \/>\n<strong>Mika Sorvisto<\/strong>, 040 517 5866,&nbsp; mika.sorvisto(a)norrbotten.se<br \/>\n<strong>Tuomas Perkki\u00f6<\/strong>, 040 305 3470, perkkio.tuomas(a)gmail.com<\/p>\n<h3>Veteraanivaliokunta<\/h3>\n<p><strong>Vesa Lappi <\/strong>(pj.), 045 6716700, vesa.lappi(a)bandits.fi<br \/>\n<strong>Hannu Sihvo<\/strong>, 040 7186 360,&nbsp;hannusihvo57(a)gmail.com<br \/>\n<strong>Ildiko Kadar<\/strong>, 045 3461779, tokes.ildiko(a)gmail.com<strong><br \/>\nTauno Kara, <\/strong>0400 701586, tauno.kara(a)icloud.com<br \/>\n<strong>Lasse Vimpari<\/strong>, pingis_69(a)outlook.com<\/p>\n<h3><strong>Paravaliokunta<\/strong><\/h3>\n<p><strong>Juha Julmala <\/strong>(pj.) 040 6817610, juha.julmala(a)gmail.com<strong><br \/>\nHannu Sihvo<\/strong> 040 7186360, hannusihvo57(a)gmail.com<strong><br \/>\n<\/strong><strong><span style=\"color: #141412;\"><b>Asko Rasinen<\/b>,<\/span><\/strong><span style=\"color: #141412;\"> 0400 444779, asko.rasinen(a)kolumbus.fi<\/span><strong><br \/>\nPetri Mikkonen <\/strong>petemikk(a)hotmail.com<strong><br \/>\nRaimo Nevanen<\/strong><br \/>\n<strong>Aaro M\u00e4kel\u00e4<\/strong><br \/>\n<strong>Julius Muinonen<br \/>\n<\/strong><\/p>\n<h3><strong>Nuorten valiokunta<\/strong><\/h3>\n<div class=\"x_elementToProof\"><strong>Aaro M\u00e4kel\u00e4 <\/strong>(pj.), 045 889 2470, aaromakela(a)outlook.com<\/div>\n<div><strong><strong><strong><strong>Simeoni Saarikoski<\/strong><\/strong><\/strong><\/strong> 044 9762464, simeoni.saarikoski(a)gmail.com<\/div>\n<div><strong>Juho \u00c5vist <\/strong>044 0773411, juho.j.avist(a)gmail.com<br \/>\n<strong>Ella Kellow <\/strong>045 2351966, ellakellow91(a)gmail.com<br \/>\n<strong>Vincent Joki 0<\/strong>45 3303311, vincent.joki(a)gmail.com<\/div>\n<div><strong>Matias Ojala <\/strong>044 2192110, ojala.matsku(a)gmail.com<\/div>\n<div class=\"x_elementToProof\"><strong>Lauri Hakaste <\/strong>045 2568838,lauri.hakaste6(a)gmail.com<\/div>\n<div class=\"x_elementToProof\"><strong>Kummij\u00e4sen: Juha Julmala <\/strong>040 6817610, juha.julmala(a)gmail.com<\/div>\n<div>\n<h3><strong>Vastuullisuusvaliokunta<\/strong><\/h3>\n<div class=\"x_elementToProof\"><strong>Oskari Hakala <\/strong>(pj.), 044 054 1550, oskari@tipotie.fi<\/div>\n<div><strong>Timo Salmi<\/strong>, 0503740888, info@voimantie.fi<\/div>\n<div><strong>Henri Pelkonen<\/strong>, 040 537 1449, henri.pelkonen@sptl.fi<\/div>\n<\/div>\n<div><strong>Mika Pyykk\u00f6<\/strong>, 0400 841 662, mika.pyykko(a)kolumbus.fi<\/div>\n<div><strong>Samuli Oja<\/strong>, samulioja@gmail.com<\/div>\n<div>&nbsp;<\/div>\n<p><strong>Kansainv\u00e4liset kontaktit<\/strong><br \/>\n<strong>Sonja Grefberg<\/strong>, 040 556 6179, sonja.grefberg(a)kolumbus.fi<\/p>\n<p><strong>Ruskeasuon hallity\u00f6ryhm\u00e4<br \/>\n<\/strong><strong>Bahman Khosravi<\/strong>, 050 5400773, bahman23(a)gmail.com<br \/>\n<strong>Hannu Sihvo<\/strong>, 040 7186360, hannusihvo57(a)gmail.com<\/p>\n<p><strong>Ansiomerkit<\/strong><br \/>\n<strong>Juha Suotmaa<\/strong>, 040 5118166,&nbsp; juhsuo(a)hotmail.com<\/p>\n<h3>&nbsp;<\/h3>\n<h3>&nbsp;<\/h3>\n","protected":false},"excerpt":{"rendered":"<p>Ty\u00f6valiokunta Esko Heikkinen (pj), 050 625 32, esko.heikkinen(a)sptl.fi Sonja Grefberg, 040 556 6179, sonja.grefberg(a)kolumbus.fi Matti Kurvinen, 040 5047845, kurvinen(a)live.com Henri Pelkonen, 040 537 1449, henri.pelkonen(a)sptl.fi Mika Pyykk\u00f6, 0400 841 662, mika.pyykko(a)kolumbus.fi S\u00e4\u00e4nt\u00f6- ja tuomarivaliokunta Asko Rasinen, (pj) 0400 444779, asko.rasinen(a)kolumbus.fi Esko Heikkinen, 050 625 32, esko.heikkinen(a)sptl.fi Matti Kolppanen, 0400 717 966, matti.kolppanen(a)kolumbus.fi Joonas Kivim\u00e4ki, joonas.stonehill(a)kolumbus.fi &hellip; <a href=\"https:\/\/www.sptl.fi\/sptl_test\/?page_id=51\" class=\"more-link\">Jatka lukemista <span class=\"screen-reader-text\">Valiokunnat<\/span> <span class=\"meta-nav\">&rarr;<\/span><\/a><\/p>\n","protected":false},"author":1,"featured_media":0,"parent":0,"menu_order":0,"comment_status":"closed","ping_status":"closed","template":"","meta":{"ngg_post_thumbnail":0,"footnotes":""},"_links":{"self":[{"href":"https:\/\/www.sptl.fi\/sptl_test\/index.php?rest_route=\/wp\/v2\/pages\/51"}],"collection":[{"href":"https:\/\/www.sptl.fi\/sptl_test\/index.php?rest_route=\/wp\/v2\/pages"}],"about":[{"href":"https:\/\/www.sptl.fi\/sptl_test\/index.php?rest_route=\/wp\/v2\/types\/page"}],"author":[{"embeddable":true,"href":"https:\/\/www.sptl.fi\/sptl_test\/index.php?rest_route=\/wp\/v2\/users\/1"}],"replies":[{"embeddable":true,"href":"https:\/\/www.sptl.fi\/sptl_test\/index.php?rest_route=%2Fwp%2Fv2%2Fcomments&post=51"}],"version-history":[{"count":0,"href":"https:\/\/www.sptl.fi\/sptl_test\/index.php?rest_route=\/wp\/v2\/pages\/51\/revisions"}],"wp:attachment":[{"href":"https:\/\/www.sptl.fi\/sptl_test\/index.php?rest_route=%2Fwp%2Fv2%2Fmedia&parent=51"}],"curies":[{"name":"wp","href":"https:\/\/api.w.org\/{rel}","templated":true}]}}