{"id":717,"date":"2016-04-05T01:39:15","date_gmt":"2016-04-04T22:39:15","guid":{"rendered":"http:\/\/www.tiedonrakentajat.fi\/sptldev\/?page_id=717"},"modified":"2023-11-22T19:03:55","modified_gmt":"2023-11-22T17:03:55","slug":"strategia-ja-toimintasuunnitelma","status":"publish","type":"page","link":"https:\/\/www.sptl.fi\/sptl_test\/?page_id=717","title":{"rendered":"Visio, strategia ja toimintasuunnitelma"},"content":{"rendered":"<p>SPTL:n visio on \u201dKohti Euroopan huippua\u201d. Olemme kilpaurheiluliitto, jonka tavoitteena on tuottaa maanosan k\u00e4rkeen&nbsp;kurkottavia p\u00f6yt\u00e4tennispelaajia. T\u00e4t\u00e4 tavoitetta tukee nuorten kilpapelaajien m\u00e4\u00e4r\u00e4n kasvattaminen,&nbsp;mik\u00e4 edellytt\u00e4\u00e4 meilt\u00e4 sek\u00e4 valmennustoimintamme uudistamista ett\u00e4 uusia pysyvi\u00e4 pelitiloja.<\/p>\n<p>Nelj\u00e4ksi vuodeksi rakennettua&nbsp;strategiaa tarkastellaan vuosittain erityisesti toimintasuunnitelmaprosessin yhteydess\u00e4.<\/p>\n<p>Voimassaolevan&nbsp;strategiamme peruskivet:<\/p>\n<p><strong>HUIPPUPELAAJAN PINGISPOLKU<\/strong><br \/>\n\u2013 kansainv\u00e4list\u00e4 huippua tavoittelevat maajoukkuepelaajat<br \/>\n\u2013 Ruskeasuosta oikea harjoituskeskus: ulkoiset puitteet, asiantuntijavierailut (fysioterapia, psykologia, ravitsemus), ulkomaiset sparrarit, fysiikkavalmennus keski\u00f6\u00f6n<br \/>\n\u2013 P\u00f6yt\u00e4tennispelaajan polku tunnetummaksi<br \/>\n\u2013 Juniori-ik\u00e4isi\u00e4 pelaajia kouluun ulkomaille<br \/>\n\u2013 Erityistukea kansainv\u00e4lisi\u00e4 kisoja tarvitseville pelaajille<\/p>\n<p><strong>UUSIA NUORIA KILPAPELAAJIA<\/strong><br \/>\n&#8211; Tavoitteena kilpapelaajien m\u00e4\u00e4r\u00e4n kaksinkertaistaminen<br \/>\n&#8211; Panostetaan aktiivisiin seuroihin, muille seuroille toiminnan kehitt\u00e4mismalleja<br \/>\n&#8211; Lasten kilpailu- ja leirimuotojen kehitt\u00e4minen (seura- ja koulukilpailut)<br \/>\n&#8211; Tavoitteena lajin aloitus viimeist\u00e4\u00e4n ala-astei\u00e4ss\u00e4<\/p>\n<p><strong>VALMENNUSTOIMINNAN UUDISTAMINEN&nbsp;<\/strong><br \/>\n&#8211; Uusi koulutettu valmentajasukupolvi, joka tohtii pyyt\u00e4\u00e4 ty\u00f6st\u00e4\u00e4n korvausta<br \/>\n&#8211; Lis\u00e4\u00e4 toimijoita seurojen, Ruskeasuon valmennuskeskuksen sek\u00e4 maajoukkueiden valmentamiseen<br \/>\n&#8211; Valmennusosaamisen konsulttiapua huippuvalmennuksen organisointiin<br \/>\n\u2013 Laadukkaan seuravalmennuksen ja&nbsp;valmentajien korvauksien mahdollistaminen<\/p>\n<p><strong>LIS\u00c4\u00c4 PYSYVI\u00c4 PELIPAIKKOJA<br \/>\n<\/strong>&#8211; Pysyvien p\u00f6ytien pelipaikka kaikkiin suurimpiin kaupunkeihin ja aktiivisimmille seuroille<br \/>\n&#8211; Uusia harjoituspaikkoja kasvavalle lajille ja uusille pelaajille<\/p>\n<p><strong>P\u00d6YT\u00c4TENNIKSEN LAJIKUVAN KIRKASTAMINEN<\/strong><br \/>\n&#8211; Faktat p\u00f6yt\u00e4\u00e4n: ITTF on maailman suurin urheiluj\u00e4rjest\u00f6, lajilla yksi tiukimmista olympiakarsinnoista<br \/>\n&#8211; Median parempi huomioiminen<br \/>\n&#8211; Tiukempi yhteys muuhun urheiluun (akatemiat, OK)<br \/>\n&#8211; Tunnettujen p\u00f6yt\u00e4tennisihmisten hy\u00f6dynt\u00e4minen<br \/>\n&#8211; Liiton vastuullisuusohjelman ja yhdenvertaisuuden korostaminen<\/p>\n<p><a href=\"https:\/\/www.sptl.fi\/sptl_test\/wp-content\/uploads\/Toimintasuunnitelma-2024.pdf\">P\u00f6yt\u00e4tennisliiton toimintasuunnitelma 2024<\/a><br \/>\n<a href=\"https:\/\/www.sptl.fi\/sptl_test\/wp-content\/uploads\/SPTL_toimintasuunnitelma_2022-1.pdf\">P\u00f6yt\u00e4tennisliiton toimintasuunnitelma 2022<\/a><br \/>\n<a href=\"https:\/\/www.sptl.fi\/sptl_test\/wp-content\/uploads\/SPTL_toimintasuunnitelma_2021.pdf\">P\u00f6yt\u00e4tennisliiton toimintasuunnitelma 2021<\/a><br \/>\n<a href=\"https:\/\/www.sptl.fi\/sptl_test\/wp-content\/uploads\/SPTL_toimintasuunnitelma_2020-2.pdf\">P\u00f6yt\u00e4tennisliiton toimintasuunnitelma 2020<\/a><br \/>\n<a href=\"https:\/\/www.sptl.fi\/sptl_test\/wp-content\/uploads\/SPTL_toimintasuunnitelma_2019-1.pdf\">P\u00f6yt\u00e4tennisliiton toimintasuunnitelma 2019<\/a><br \/>\n<a href=\"https:\/\/www.sptl.fi\/sptl_test\/wp-content\/uploads\/SPTL_toimintasuunnitelma_2018-2.pdf\">P\u00f6yt\u00e4tennisliiton<\/a><a href=\"https:\/\/www.sptl.fi\/sptl_test\/wp-content\/uploads\/SPTL_toimintasuunnitelma_2018-2.pdf\"> toimintasuunnitelma<\/a><a href=\"https:\/\/www.sptl.fi\/sptl_test\/wp-content\/uploads\/SPTL_toimintasuunnitelma_2018-2.pdf\"> 2018<\/a><br \/>\n<a href=\"https:\/\/www.sptl.fi\/sptl_test\/wp-content\/uploads\/2016\/04\/SPTL_toimintasuunnitelma_2017.pdf\">P\u00f6yt\u00e4tennisliiton toimintasuunnitelma 2017<\/a><br \/>\n<a href=\"https:\/\/www.sptl.fi\/sptl_test\/wp-content\/uploads\/2016\/04\/SPTL_toimintasuunnitelma_2016-1.pdf\">P\u00f6yt\u00e4tennisliiton toimintasuunnitelma 2016<br \/>\n<\/a><\/p>\n<p>&nbsp;<\/p>\n<p>&nbsp;<\/p>\n","protected":false},"excerpt":{"rendered":"<p>SPTL:n visio on \u201dKohti Euroopan huippua\u201d. Olemme kilpaurheiluliitto, jonka tavoitteena on tuottaa maanosan k\u00e4rkeen&nbsp;kurkottavia p\u00f6yt\u00e4tennispelaajia. T\u00e4t\u00e4 tavoitetta tukee nuorten kilpapelaajien m\u00e4\u00e4r\u00e4n kasvattaminen,&nbsp;mik\u00e4 edellytt\u00e4\u00e4 meilt\u00e4 sek\u00e4 valmennustoimintamme uudistamista ett\u00e4 uusia pysyvi\u00e4 pelitiloja. Nelj\u00e4ksi vuodeksi rakennettua&nbsp;strategiaa tarkastellaan vuosittain erityisesti toimintasuunnitelmaprosessin yhteydess\u00e4. Voimassaolevan&nbsp;strategiamme peruskivet: HUIPPUPELAAJAN PINGISPOLKU \u2013 kansainv\u00e4list\u00e4 huippua tavoittelevat maajoukkuepelaajat \u2013 Ruskeasuosta oikea harjoituskeskus: ulkoiset puitteet, asiantuntijavierailut &hellip; <a href=\"https:\/\/www.sptl.fi\/sptl_test\/?page_id=717\" class=\"more-link\">Jatka lukemista <span class=\"screen-reader-text\">Visio, strategia ja toimintasuunnitelma<\/span> <span class=\"meta-nav\">&rarr;<\/span><\/a><\/p>\n","protected":false},"author":1,"featured_media":0,"parent":0,"menu_order":0,"comment_status":"closed","ping_status":"closed","template":"","meta":{"ngg_post_thumbnail":0,"footnotes":""},"_links":{"self":[{"href":"https:\/\/www.sptl.fi\/sptl_test\/index.php?rest_route=\/wp\/v2\/pages\/717"}],"collection":[{"href":"https:\/\/www.sptl.fi\/sptl_test\/index.php?rest_route=\/wp\/v2\/pages"}],"about":[{"href":"https:\/\/www.sptl.fi\/sptl_test\/index.php?rest_route=\/wp\/v2\/types\/page"}],"author":[{"embeddable":true,"href":"https:\/\/www.sptl.fi\/sptl_test\/index.php?rest_route=\/wp\/v2\/users\/1"}],"replies":[{"embeddable":true,"href":"https:\/\/www.sptl.fi\/sptl_test\/index.php?rest_route=%2Fwp%2Fv2%2Fcomments&post=717"}],"version-history":[{"count":0,"href":"https:\/\/www.sptl.fi\/sptl_test\/index.php?rest_route=\/wp\/v2\/pages\/717\/revisions"}],"wp:attachment":[{"href":"https:\/\/www.sptl.fi\/sptl_test\/index.php?rest_route=%2Fwp%2Fv2%2Fmedia&parent=717"}],"curies":[{"name":"wp","href":"https:\/\/api.w.org\/{rel}","templated":true}]}}