{"id":721,"date":"2016-04-05T01:40:54","date_gmt":"2016-04-04T22:40:54","guid":{"rendered":"http:\/\/www.tiedonrakentajat.fi\/sptldev\/?page_id=721"},"modified":"2024-02-29T22:45:50","modified_gmt":"2024-02-29T20:45:50","slug":"liiton-perimat-maksut","status":"publish","type":"page","link":"https:\/\/www.sptl.fi\/sptl_test\/?page_id=721","title":{"rendered":"Liiton perim\u00e4t maksut"},"content":{"rendered":"<p>P\u00f6yt\u00e4tennisliiton tilitiedot ovat muuttuneet 2021<\/p>\n<h4>P\u00c4\u00c4TILI:&nbsp; FI12 5716 9020 0181 10 (OP)<\/h4>\n<p>P\u00d6YT\u00c4TENNISRAHASTO:&nbsp;FI11 5716 9020 0181 28<br \/>\nTilille maksetaan P\u00f6yt\u00e4tennisrahastoon suunnatut lahjoitukset<\/p>\n<p>LASKUTUSTILI:FI55 5710 0420 2557 47 (OP)<br \/>\nTilille maksetaan ainoastaan laskutuksen kautta tulevat maksut. K\u00e4yt\u00e4 aina viitett\u00e4.<\/p>\n<p>LISENSSITILI: FI34 5716 9020 0181 02<br \/>\nTilille maksetaan ainoastaan lisenssimaksuja.<\/p>\n<p>&nbsp;<\/p>\n<table width=\"443\">\n<tbody>\n<tr>\n<td colspan=\"3\" width=\"443\">\n<h4>Liiton perim\u00e4t maksut<\/h4>\n<\/td>\n<\/tr>\n<tr>\n<td width=\"194\">J\u00e4senmaksu:<\/td>\n<td width=\"76\">&nbsp;<\/td>\n<td width=\"173\">&nbsp;<\/td>\n<\/tr>\n<tr>\n<td width=\"194\">Seurat<\/td>\n<td width=\"76\">&nbsp;<\/td>\n<td width=\"173\">120\u20ac<\/td>\n<\/tr>\n<tr>\n<td width=\"194\">Uudet seurat 1.vuosi<\/td>\n<td width=\"76\">&nbsp;<\/td>\n<td width=\"173\">60\u20ac<\/td>\n<\/tr>\n<tr>\n<td width=\"194\">&nbsp;<\/td>\n<td width=\"76\">&nbsp;<\/td>\n<td width=\"173\">&nbsp;<\/td>\n<\/tr>\n<tr>\n<td width=\"194\">Lisenssimaksut:<\/td>\n<td width=\"76\">&nbsp;<\/td>\n<td width=\"173\">&nbsp;<\/td>\n<\/tr>\n<tr>\n<td width=\"194\">Aikuiset (A)<\/td>\n<td width=\"76\">&nbsp;<\/td>\n<td width=\"173\">55\u20ac <i><br \/>\n<\/i><\/td>\n<\/tr>\n<tr>\n<td width=\"194\">Veteraanit yli 60v (V)<\/td>\n<td width=\"76\">&nbsp;<\/td>\n<td width=\"173\">35\u20ac<\/td>\n<\/tr>\n<tr>\n<td width=\"194\">18 vuotiaat ja alle (B)<\/td>\n<td width=\"76\">&nbsp;<\/td>\n<td width=\"173\">35\u20ac <i><br \/>\n<\/i><\/td>\n<\/tr>\n<tr>\n<td width=\"194\">13 vuotiaat ja alle (C)<\/td>\n<td width=\"76\">&nbsp;<\/td>\n<td width=\"173\">10\u20ac<\/td>\n<\/tr>\n<tr>\n<td width=\"194\">Harrastajat (H)<\/td>\n<td width=\"76\">&nbsp;<\/td>\n<td width=\"173\">35\u20ac<\/td>\n<\/tr>\n<tr>\n<td width=\"194\">&nbsp;<\/td>\n<td width=\"76\">&nbsp;<\/td>\n<td width=\"173\">&nbsp;<\/td>\n<\/tr>\n<tr>\n<td width=\"194\"><strong>Kilpailumaksut:<\/strong><\/td>\n<td width=\"76\">&nbsp;<\/td>\n<td width=\"173\">&nbsp;<\/td>\n<\/tr>\n<tr>\n<td width=\"194\">&nbsp;Yksip\u00e4iv\u00e4iset<\/td>\n<td width=\"76\">&nbsp;<\/td>\n<td width=\"173\">&nbsp;35\u20ac<\/td>\n<\/tr>\n<tr>\n<td width=\"194\">Useampip\u00e4iv\u00e4iset<\/td>\n<td width=\"76\">&nbsp;<\/td>\n<td width=\"173\">&nbsp;50\u20ac<\/td>\n<\/tr>\n<tr>\n<td width=\"194\">SM- kilpailut<\/td>\n<td width=\"76\">&nbsp;<\/td>\n<td width=\"173\">15% osallistumismaksuista, Veteraanien henkil\u00f6kohtainen SM 30% osallistumismaksuista<\/td>\n<\/tr>\n<tr>\n<td width=\"194\">&nbsp;<\/td>\n<td width=\"76\">&nbsp;<\/td>\n<td width=\"173\">&nbsp;<\/td>\n<\/tr>\n<tr>\n<td width=\"194\"><strong>Sarjamaksut:<\/strong><\/td>\n<td width=\"76\">&nbsp;<\/td>\n<td width=\"173\">&nbsp;<\/td>\n<\/tr>\n<tr>\n<td width=\"194\">Miesten mestaruussarja<\/td>\n<td width=\"76\">&nbsp;<\/td>\n<td width=\"173\">250\u20ac<\/td>\n<\/tr>\n<tr>\n<td width=\"194\">I Div<\/td>\n<td width=\"76\">&nbsp;<\/td>\n<td width=\"173\">150\u20ac<\/td>\n<\/tr>\n<tr>\n<td width=\"194\">II Div<\/td>\n<td width=\"76\">&nbsp;<\/td>\n<td width=\"173\">140\u20ac<\/td>\n<\/tr>\n<tr>\n<td width=\"194\">III Div<\/td>\n<td width=\"76\">&nbsp;<\/td>\n<td width=\"173\">120\u20ac<\/td>\n<\/tr>\n<tr>\n<td width=\"194\">IV<\/td>\n<td width=\"76\">&nbsp;<\/td>\n<td width=\"173\">80\u20ac<\/td>\n<\/tr>\n<tr>\n<td width=\"194\">V Div<\/td>\n<td width=\"76\">&nbsp;<\/td>\n<td width=\"173\">70\u20ac<\/td>\n<\/tr>\n<tr>\n<td width=\"194\">VI Div<\/td>\n<td width=\"76\">&nbsp;<\/td>\n<td width=\"173\">50\u20ac<\/td>\n<\/tr>\n<tr>\n<td width=\"194\"><strong>Seurasiirto<\/strong><\/td>\n<td width=\"76\">&nbsp;<\/td>\n<td width=\"173\">20\u20ac<\/td>\n<\/tr>\n<tr>\n<td width=\"194\"><strong>&nbsp;Vastalausemaksu (saa takaisin jos menee l\u00e4pi)<\/strong><\/td>\n<td width=\"76\">&nbsp;<\/td>\n<td width=\"173\">&nbsp;50\u20ac<\/td>\n<\/tr>\n<tr>\n<td width=\"194\">&nbsp;<\/td>\n<td width=\"76\">&nbsp;<\/td>\n<td width=\"173\">&nbsp;<\/td>\n<\/tr>\n<tr>\n<td width=\"194\"><strong>Ansiomerkit:<\/strong><\/td>\n<td width=\"76\">Pronssi<\/td>\n<td width=\"173\">60\u20ac<\/td>\n<\/tr>\n<tr>\n<td width=\"194\">&nbsp;<\/td>\n<td width=\"76\">Hopea<\/td>\n<td width=\"173\">85\u20ac<\/td>\n<\/tr>\n<tr>\n<td width=\"194\">&nbsp;<\/td>\n<td width=\"76\">Kulta<\/td>\n<td width=\"173\">110\u20ac<\/td>\n<\/tr>\n<tr>\n<td width=\"194\">&nbsp;<\/td>\n<td width=\"76\">Kultainen plaketti<\/td>\n<td width=\"173\">150\u20ac<\/td>\n<\/tr>\n<tr>\n<td width=\"194\">&nbsp;<\/td>\n<td width=\"76\">&nbsp;<\/td>\n<td width=\"173\">&nbsp;<\/td>\n<\/tr>\n<tr>\n<td width=\"194\"><strong>Sakkomaksut:<\/strong><\/td>\n<td width=\"76\">&nbsp;<\/td>\n<td width=\"173\">&nbsp;<\/td>\n<\/tr>\n<tr>\n<td width=\"194\">Kilpailutulosten toimittaminen<\/td>\n<td width=\"76\">&nbsp;<\/td>\n<td width=\"173\">100\u20ac<\/td>\n<\/tr>\n<tr>\n<td width=\"194\">Sarjasta luopuminen<\/td>\n<td width=\"76\">&nbsp;<\/td>\n<td width=\"173\">sarjamaksua ei palauteta+ sarjamaksun suuruinen sakko<\/td>\n<\/tr>\n<tr>\n<td width=\"194\"><strong>Lisenssitt\u00f6m\u00e4n pelaajan sakkomaksu:<\/strong><\/td>\n<td width=\"76\">&nbsp;<\/td>\n<td width=\"173\">&nbsp;<\/td>\n<\/tr>\n<tr>\n<td width=\"194\">Sarjat<\/td>\n<td width=\"76\">&nbsp;<\/td>\n<td width=\"173\">sakkomaksu on sarjamaksun suuruinen<\/td>\n<\/tr>\n<tr>\n<td width=\"194\">Kilpailuissa<\/td>\n<td width=\"76\">&nbsp;<\/td>\n<td width=\"173\">lisenssin suuruus<\/td>\n<\/tr>\n<tr>\n<td width=\"194\">&nbsp;<\/td>\n<td width=\"76\">&nbsp;<\/td>\n<td width=\"173\">&nbsp;<\/td>\n<\/tr>\n<tr>\n<td width=\"194\"><strong>Muut sakko-\/huomautusmaksut<\/strong><\/td>\n<td width=\"76\">&nbsp;<\/td>\n<td width=\"173\">20\u20ac-400\u20ac<\/td>\n<\/tr>\n<tr>\n<td width=\"194\"><strong>Laskutusmaksu<\/strong><\/td>\n<td width=\"76\">&nbsp;<\/td>\n<td width=\"173\">2 \u20ac<\/td>\n<\/tr>\n<tr>\n<td width=\"194\"><strong>Huomautusmaksu<\/strong><\/td>\n<td width=\"76\">&nbsp;<\/td>\n<td width=\"173\">10\u20ac<\/td>\n<\/tr>\n<tr>\n<td width=\"194\"><strong>Viiv\u00e4styskorko<\/strong><\/td>\n<td width=\"76\">&nbsp;<\/td>\n<td width=\"173\">6 %<\/td>\n<\/tr>\n<\/tbody>\n<\/table>\n<p style=\"text-align: center;\">&nbsp;<\/p>\n","protected":false},"excerpt":{"rendered":"<p>P\u00f6yt\u00e4tennisliiton tilitiedot ovat muuttuneet 2021 P\u00c4\u00c4TILI:&nbsp; FI12 5716 9020 0181 10 (OP) P\u00d6YT\u00c4TENNISRAHASTO:&nbsp;FI11 5716 9020 0181 28 Tilille maksetaan P\u00f6yt\u00e4tennisrahastoon suunnatut lahjoitukset LASKUTUSTILI:FI55 5710 0420 2557 47 (OP) Tilille maksetaan ainoastaan laskutuksen kautta tulevat maksut. K\u00e4yt\u00e4 aina viitett\u00e4. LISENSSITILI: FI34 5716 9020 0181 02 Tilille maksetaan ainoastaan lisenssimaksuja. &nbsp; Liiton perim\u00e4t maksut J\u00e4senmaksu: &nbsp; &nbsp; &hellip; <a href=\"https:\/\/www.sptl.fi\/sptl_test\/?page_id=721\" class=\"more-link\">Jatka lukemista <span class=\"screen-reader-text\">Liiton perim\u00e4t maksut<\/span> <span class=\"meta-nav\">&rarr;<\/span><\/a><\/p>\n","protected":false},"author":1,"featured_media":0,"parent":0,"menu_order":0,"comment_status":"closed","ping_status":"closed","template":"","meta":{"ngg_post_thumbnail":0,"footnotes":""},"_links":{"self":[{"href":"https:\/\/www.sptl.fi\/sptl_test\/index.php?rest_route=\/wp\/v2\/pages\/721"}],"collection":[{"href":"https:\/\/www.sptl.fi\/sptl_test\/index.php?rest_route=\/wp\/v2\/pages"}],"about":[{"href":"https:\/\/www.sptl.fi\/sptl_test\/index.php?rest_route=\/wp\/v2\/types\/page"}],"author":[{"embeddable":true,"href":"https:\/\/www.sptl.fi\/sptl_test\/index.php?rest_route=\/wp\/v2\/users\/1"}],"replies":[{"embeddable":true,"href":"https:\/\/www.sptl.fi\/sptl_test\/index.php?rest_route=%2Fwp%2Fv2%2Fcomments&post=721"}],"version-history":[{"count":0,"href":"https:\/\/www.sptl.fi\/sptl_test\/index.php?rest_route=\/wp\/v2\/pages\/721\/revisions"}],"wp:attachment":[{"href":"https:\/\/www.sptl.fi\/sptl_test\/index.php?rest_route=%2Fwp%2Fv2%2Fmedia&parent=721"}],"curies":[{"name":"wp","href":"https:\/\/api.w.org\/{rel}","templated":true}]}}