{"id":730,"date":"2016-04-05T01:54:53","date_gmt":"2016-04-04T22:54:53","guid":{"rendered":"http:\/\/www.tiedonrakentajat.fi\/sptldev\/?page_id=730"},"modified":"2022-06-01T12:42:55","modified_gmt":"2022-06-01T09:42:55","slug":"antidoping","status":"publish","type":"page","link":"https:\/\/www.sptl.fi\/sptl_test\/?page_id=730","title":{"rendered":"Antidopingohjelma"},"content":{"rendered":"<p><strong>Suomen P\u00f6yt\u00e4tennisliitto ry:n antidopingohjelma (p\u00e4ivitetty 2022)<\/strong><\/p>\n<p><strong>Ohjelman arvoperusta ja tavoitteet<\/strong><\/p>\n<p>Suomen P\u00f6yt\u00e4tennisliitto ry (SPTL) pyrkii ottamaan huomioon kaikessa toiminnassaan yleisesti hyv\u00e4ksytyn eettisen ja moraalisen toiminnan. Suomen P\u00f6yt\u00e4tennisliitto on sitoutunut antidopingtoimintaan ja dopingin vastaiseen ty\u00f6h\u00f6n sek\u00e4 noudattamaan Reilun Pelin periaatteita.<\/p>\n<p>P\u00f6yt\u00e4tennisliitto haluaa vaalia puhdasta urheilua ja taata kaikille j\u00e4senilleen mahdollisuuden reiluun liikuntaan ja urheiluun. Omalla toiminnallaan liitto haluaa varmistaa, etteiv\u00e4t kielletyt aineet ja menetelm\u00e4t saa lajissa jalansijaa. Liitto suhtautuu ehdottoman kielteisesti dopingiin. Liiton kilpailutoimintaan osallistuvat pelaajat ovat lisenssin hankkimalla sitoutuneet noudattamaan kaikkia liiton s\u00e4\u00e4nt\u00f6j\u00e4 ja m\u00e4\u00e4r\u00e4yksi\u00e4.<\/p>\n<p>Koulutuksella, viestinn\u00e4ll\u00e4, s\u00e4\u00e4nn\u00f6st\u00f6ll\u00e4 ja sopimuksilla sitoutetaan seurat, pelaajat ja valmentajat antidopingohjelmaan. N\u00e4in v\u00e4ltyt\u00e4\u00e4n my\u00f6s tahattomilta virheilt\u00e4. Kouluttamalla dopingin k\u00e4yt\u00f6n haitoista terveydelle, ohjataan lajin parissa toimivat terveiden el\u00e4m\u00e4ntapojen piiriin.<\/p>\n<p>P\u00f6yt\u00e4tennisiitto tekee avoimesti yhteisty\u00f6t\u00e4 kaikkien antidopingty\u00f6t\u00e4 tekevien tahojen kanssa. Liiton antidopingryhm\u00e4\u00e4n kuuluu puheenjohtaja, toiminnanjohtaja sek\u00e4 1\u20132 lajin kilpailutoiminannan tuntevaa l\u00e4\u00e4k\u00e4rij\u00e4sent\u00e4.<\/p>\n<p><strong>Toimenpiteet<\/strong><\/p>\n<p><strong>Valmentajakoulutus<\/strong><\/p>\n<p>Antidopingty\u00f6, terveelliset el\u00e4m\u00e4ntavat ja eettiset arvot huomioidaan kaikilla koulutuksen tasoilla. Tavoitteena on, ett\u00e4 kaikki koulutuksen l\u00e4pi k\u00e4yneet valmentajat ymm\u00e4rt\u00e4v\u00e4t dopingin k\u00e4ytt\u00f6\u00f6n liittyv\u00e4t vaarat sek\u00e4 sis\u00e4ist\u00e4v\u00e4t reilun ja puhtaan kilpailun merkityksen. Valmentajien kautta tieto siirtyy urheilijoille. Tasolla I liiton kouluttaja vastaa antidopingkoulutuksesta. II-tasolla liitto pyyt\u00e4\u00e4 tarpeen mukaan my\u00f6s SUEK:in kouluttajan paikalle. Antidopingkoulutusta j\u00e4rjestet\u00e4\u00e4n kaikissa liiton toteuttamissa I- ja II- tason valmentajakoulutuksissa. Liiton puolesta vastuuhenkil\u00f6n\u00e4 toimii valmentajakoulutuksista vastaava henkil\u00f6, joka on my\u00f6s k\u00e4ynyt SUEK:n j\u00e4rjest\u00e4mi\u00e4 aiheeseen liittyvi\u00e4 koulutuksia.<\/p>\n<p><strong>Maajoukkuetoiminta ja muu huippu-urheilu<\/strong><\/p>\n<p>Maajoukkueiden toiminnassa jaetaan antidopingtietoa pelaajille. Leiritysten ja muiden maajoukkuetapahtumien yhteydess\u00e4 kutsutaan tarpeen mukaan SUEK:n asiantuntija\/kouluttaja kertomaan ajankohtaisista asioista. Antidopingopas -julkaisu jaetaan maajoukkuepelaajille (aikuiset ja nuoret). Lis\u00e4ksi julkaisusta laitetaan linkki liiton nettisivuille.<\/p>\n<p><strong>Antidopingpyk\u00e4l\u00e4t liiton s\u00e4\u00e4nn\u00f6iss\u00e4 ja kilpailum\u00e4\u00e4r\u00e4yksiss\u00e4 (p\u00e4ivitetty kev\u00e4tliittokokouksessa 2022)<\/strong><\/p>\n<ul>\n<li>7: <em>Liitto ja sen j\u00e4senet sitoutuvat kulloinkin voimassa olevaan Suomen urheilun eettisen keskuksen s\u00e4\u00e4nn\u00f6st\u00f6n noudattamiseen ja sit\u00e4 kautta Kansainv\u00e4lisen Olympiakomitean ja ITTF:n s\u00e4\u00e4nt\u00f6jen sek\u00e4 Euroopan Neuvoston dopingin vastaisen yleissopimuksen, pohjoismaisen antidopingsopimuksen sek\u00e4 Suomen allekirjoittamien muiden kansainv\u00e4listen antidopingsopimusten noudattamiseen.<\/em><\/li>\n<\/ul>\n<p><strong>Antidoping<\/strong><\/p>\n<p>Pelaajien on noudatettava Suomen ja ITTF:n antidopings\u00e4\u00e4d\u00f6st\u00f6\u00e4. Pelaajien, valmentajien ja huoltajien sek\u00e4 muiden antidopings\u00e4\u00e4nn\u00f6st\u00f6n alle kuuluvien henkil\u00f6iden tulee tutustua heit\u00e4 koskeviin antidopings\u00e4\u00e4nn\u00f6st\u00f6ihin. Tiedot kielletyist\u00e4 dopingaineista ja &#8211; menetelmist\u00e4 p\u00e4ivittyv\u00e4t Suomen urheilun eettisen keskuksen materiaaleihin.<\/p>\n<p>Seuraamuksena dopingrikkomuksesta voidaan m\u00e4\u00e4r\u00e4t\u00e4:<\/p>\n<ul>\n<li>kilpailutuloksen mit\u00e4t\u00f6inti<\/li>\n<li>urheilutapahtuman tulosten hylk\u00e4\u00e4minen<\/li>\n<li>urheilun toimintakielto<\/li>\n<li>kirjallinen varoitus<\/li>\n<\/ul>\n<p><strong>Kurinpito<\/strong><\/p>\n<p>Liittohallitus voi rangaista j\u00e4senseuraansa tai sen j\u00e4sent\u00e4, joka ei noudata liiton s\u00e4\u00e4nt\u00f6j\u00e4 tai liiton toimielinten p\u00e4\u00e4t\u00f6ksi\u00e4 tai m\u00e4\u00e4r\u00e4yksi\u00e4 tai j\u00e4tt\u00e4\u00e4 hoitamatta velvoitteet, joihin se on liittoon liittym\u00e4ll\u00e4 sitoutunut, tai muulla tavoin toimii liiton tarkoitusperi\u00e4 tai hyvi\u00e4 tapoja vastaan.<\/p>\n<p><strong>Valvonta ja testaustoiminta<\/strong><\/p>\n<p>Dopingvalvonnan piiriin kuuluvat Suomen antidopings\u00e4\u00e4nn\u00f6st\u00f6n mukaan henkil\u00f6t, jotka osallistuvat s\u00e4\u00e4nn\u00f6llisesti j\u00e4rjestettyyn urheilutoimintaan. T\u00e4llaisiksi henkil\u00f6iksi luetaan P\u00f6yt\u00e4tennisliiton toiminnassa mm. lisenssin lunastaneet, liittoon kuuluvien seurojen toiminnassa mukana olevat henkil\u00f6t ja urheilijan tukihenkil\u00f6t. Urheilijan tukihenkil\u00f6ksi on m\u00e4\u00e4ritelty Suomen antidopings\u00e4\u00e4nn\u00f6st\u00f6ss\u00e4: valmentaja, ohjaaja, manageri, edustaja, joukkueen toimihenkil\u00f6, toimitsija, l\u00e4\u00e4k\u00e4ri, l\u00e4\u00e4kint\u00e4ryhm\u00e4n j\u00e4sen, vanhempi tai kuka tahansa muu henkil\u00f6, joka ty\u00f6skentelee, hoitaa tai auttaa urheilukilpailuun osallistuvaa tai valmistautuvaa urheilijaa.<\/p>\n<p>Liitto informoi kilpailunj\u00e4rjest\u00e4ji\u00e4 niiden dopingtestaukseen liittyvist\u00e4 velvoitteista kuten organisoinnista testitilojen ja saattajien suhteen. Testej\u00e4 voidaan tehd\u00e4 milloin vain ja miss\u00e4 tahansa ennalta ilmoittamatta. Liittohallituksen teht\u00e4v\u00e4 on vastata antidopingia koskevasta viestint\u00e4- ja koulutustoiminnan j\u00e4rjest\u00e4misest\u00e4 sek\u00e4 riitt\u00e4vien resurssien ottamisesta liiton talousarvioon antidopingtoimintaan ja tarvittaessa my\u00f6s dopingtestaukseen. Antidopingtoiminta on osa liiton toimintasuunnitelmaa ja talousarviota.<\/p>\n<p>Liittohallitus asettaa antidopingtoimintaa varten toimiryhm\u00e4n (liiton antidopingryhm\u00e4), jonka kokoonpanon liittohallitus vahvistaa vuosittain. Antidopingryhm\u00e4n teht\u00e4v\u00e4n\u00e4 on liiton m\u00e4\u00e4rittelemien tavoitteiden ja resurssien puitteissa antidopingohjelman toteuttaminen ja sen seuranta. Antidopingryhm\u00e4 pit\u00e4\u00e4 yll\u00e4 tietouttaan antidopingasioissa ja toimii yhteisty\u00f6elimen\u00e4 dopingasioissa Suomen Olympiakomiteaan ja SUEK:een.<\/p>\n<p>P\u00f6yt\u00e4tennisliiton antidopingyhteyshenkil\u00f6n\u00e4 toimii liiton toiminnanjohtaja. SUEK ilmoittaa yhteyshenkil\u00f6lle dopingrikkomusep\u00e4ilyist\u00e4. Dopingrikkomusep\u00e4ilyiden yhteydess\u00e4 yhteyshenkil\u00f6 ja liiton puheenjohtaja selvitt\u00e4v\u00e4t SUEK:in kanssa tulokseen liittyv\u00e4t asiat ja toimenpiteet.<\/p>\n<p>Toimenpiteet dopingrikkomusasioissa on m\u00e4\u00e4ritelty Suomen antidopings\u00e4\u00e4nn\u00f6st\u00f6ss\u00e4 ja Kansainv\u00e4lisess\u00e4 tulostenk\u00e4sittelystandardissa. Dopingrikkomuksia koskeva k\u00e4sittely ja p\u00e4\u00e4t\u00f6svalta kuuluu Antidopingasioiden kurinpitolautakunnalle tai joissain tapauksissa SUEKille.<\/p>\n<p>Liitto toimittaa tarvittaessa SUEK:lle maajoukkueidensa leiri- ja otteluohjelmat sek\u00e4 niihin osallistuvien pelaajien nimilistat. Tietojen toimittamisesta ovat vastuussa p\u00e4\u00e4valmentaja sek\u00e4 liiton yhteyshenkil\u00f6. Liitto toimii my\u00f6s muutoin yhteisty\u00f6ss\u00e4 SUEK:n kanssa ja toimittaa pyydett\u00e4ess\u00e4 my\u00f6s muita tietoja koskien maajoukkueita.<\/p>\n<p><strong>Erivapaudet<\/strong><\/p>\n<p>Mik\u00e4li urheilijan sairauden hoito vaatii jonkin urheilussa kielletyn l\u00e4\u00e4keaineen tai menetelm\u00e4n k\u00e4ytt\u00f6\u00e4, hoidolle voidaan hakea erivapautta. SUEKin lajikohtaisen tasom\u00e4\u00e4rittelyn (tasom\u00e4\u00e4rittely n\u00e4ht\u00e4viss\u00e4 SUEKin nettisivuilla) piiriin kuuluvien urheilijoiden tulee hakea erivapautta kansainv\u00e4lisen erivapausstandardin ja SUEKin ohjeiden mukaisesti ennakkoon. SUEKin tekem\u00e4 erivapausp\u00e4\u00e4t\u00f6s koskee kansallisen tason urheilijaa ja kansallisen tason kilpailuja.<\/p>\n<p>Tasom\u00e4\u00e4rittelyn ulkopuolella olevien urheilijoiden kohdalla SUEK tarkistaa j\u00e4lkik\u00e4teen (mahdollisen dopingtestin j\u00e4lkeen), ett\u00e4 kiellettyjen aineiden ja menetelmien luettelossa olevien aineiden ja\/tai menetelmien k\u00e4yt\u00f6lle on l\u00e4\u00e4ketieteellinen peruste. T\u00e4m\u00e4n osoittamiseksi urheilijan tulee hakea erivapautta j\u00e4lkik\u00e4teen.<\/p>\n<p>Kansainv\u00e4lisen tason urheilijoiden ja kansainv\u00e4lisiin kilpailuihin osallistuvien urheilijoiden erivapauksista vastaa Kansainv\u00e4linen P\u00f6yt\u00e4tennisliitto (ITTF), riippumatta urheilijan i\u00e4st\u00e4 tai kansallisesta tasosta. Mik\u00e4li urheilijalla on jo ennest\u00e4\u00e4n voimassa oleva SUEK:n my\u00f6nt\u00e4m\u00e4 erivapaus, tulee h\u00e4nen selvitt\u00e4\u00e4, tunnustaako kansainv\u00e4linen lajiliitto SUEK:n my\u00f6nt\u00e4m\u00e4n erivapauden automaattisesti vai tuleeko se ensin toimittaa kansainv\u00e4lisen lajiliiton arvioitavaksi. P\u00f6yt\u00e4tennisliitto auttaa urheilijoita kansallisten ja kansainv\u00e4listen erivapauksien hakemiseen liittyviss\u00e4 kysymyksiss\u00e4.<\/p>\n<p><strong>Toiminta kriisitilanteissa<\/strong><\/p>\n<p>P\u00f6yt\u00e4tennisliitto on sitoutunut auttamaan SUEK:a mahdollisen dopingrikkomuksen selvitt\u00e4misess\u00e4. Liitto my\u00f6s raportoi SUEK:lle sek\u00e4 ITTF:lle kaikista tiedoista, jotka viittaavat dopingrikkomukseen tai liittyv\u00e4t siihen. Selvitysty\u00f6n aikana yhteisty\u00f6t\u00e4 saatetaan tarvita esimerkiksi henkil\u00f6n yhteystietojen varmistamiseksi, antidopingkoulutuksista ja muista vastaavista tiedoista, jotka ovat j\u00e4rjest\u00f6n tiedossa.<\/p>\n<p>Itsen\u00e4ist\u00e4 p\u00e4\u00e4t\u00f6svaltaa k\u00e4ytt\u00e4v\u00e4, SUEKin yleiskokouksen nime\u00e4m\u00e4 kurinpitolautakunta tutkii ja tekee p\u00e4\u00e4t\u00f6ksen siit\u00e4, onko s\u00e4\u00e4nn\u00f6st\u00f6nmukainen dopingrikkomus tapahtunut vai ei ja m\u00e4\u00e4r\u00e4\u00e4 seuraamukset. SUEK julkistaa tapauksen, kun kurinpitop\u00e4\u00e4t\u00f6s on lopullinen eli, kun siit\u00e4 ei voi en\u00e4\u00e4 valittaa minnek\u00e4\u00e4n.<\/p>\n<p>Suomen antidopings\u00e4\u00e4nn\u00f6st\u00f6\u00f6n perustuviin p\u00e4\u00e4t\u00f6ksiin haetaan p\u00e4\u00e4s\u00e4\u00e4nt\u00f6isesti muutosta Urheilun oikeusturvalautakunnalta. Jos kyseess\u00e4 on kansainv\u00e4lisen tason urheilija tai kansainv\u00e4linen urheilutapahtuma, muutosta voidaan hakea ainoastaan Urheilun kansainv\u00e4liselt\u00e4 v\u00e4limiesoikeudelta (CAS). SUEK yll\u00e4pit\u00e4\u00e4 nettisivuillaan listaa toimintakiellossa olevista henkil\u00f6ist\u00e4.<\/p>\n<p>Dopingrikkomusep\u00e4ilyyn liittyv\u00e4n tulostenk\u00e4sittelymenettelyn yhteydess\u00e4 SUEK toimittaa asiaankuuluvat ilmoitukset aina dopingrikkomusep\u00e4illylle, jolla on oikeus kertoa t\u00e4st\u00e4 oman harkintansa mukaan kenelle tahansa. Lis\u00e4ksi SUEK v\u00e4litt\u00e4\u00e4 tiedon rikkomusep\u00e4ilyst\u00e4 ep\u00e4illyn lajiliiton toiminnanjohtajalle- H\u00e4nell\u00e4 on oikeus jakaa tieto niille henkil\u00f6ille, joilla on perusteltu tarve tiet\u00e4\u00e4 asiasta. T\u00e4llaisia henkil\u00f6it\u00e4 voivat olla esimerkiksi liiton puheenjohtaja ja valmennuksesta vastaava sek\u00e4 mahdollisesti seuran edustaja. Lajiliiton on painotettava tiedon luottamuksellisuutta. SUEK voi toimittaa tiedon my\u00f6s Suomen Olympiakomitealle, Suomen Paralympiakomitealle \/tai OKM:lle, mik\u00e4li katsoo, ett\u00e4 niill\u00e4 on tarve saada tieto rikkomusep\u00e4ilyst\u00e4. Edell\u00e4 mainittujen lis\u00e4ksi SUEK v\u00e4litt\u00e4\u00e4 tiedon my\u00f6s rikkomuksesta ep\u00e4illyn kansainv\u00e4liselle lajiliitolle ja WADAlle.<\/p>\n<p><strong>Muutoksenhaku<\/strong><\/p>\n<p>Suomen antidopings\u00e4\u00e4nn\u00f6st\u00f6\u00f6n perustuviin p\u00e4\u00e4t\u00f6ksiin haetaan p\u00e4\u00e4s\u00e4\u00e4nt\u00f6isesti muutosta Urheilun oikeusturvalautakunnalta. Jos kyseess\u00e4 on kansainv\u00e4lisen tason urheilija tai kansainv\u00e4linen urheilutapahtuma, muutosta voidaan hakea ainoastaan Urheilun kansainv\u00e4liselt\u00e4 v\u00e4limiesoikeudelta (CAS). SUEK yll\u00e4pit\u00e4\u00e4 nettisivuillaan listaa toimintakiellossa olevista henkil\u00f6ist\u00e4.<\/p>\n<p><strong>J\u00e4lkihoito<\/strong><\/p>\n<p>Dopingtapauksissa pyrit\u00e4\u00e4n my\u00f6s auttamaan ja tukemaan kiinnij\u00e4\u00e4nytt\u00e4 urheilijaa, jotta h\u00e4n ei j\u00e4\u00e4 ongelmansa kanssa yksin. Jos kyseess\u00e4 on huumaavat aineet, niin autetaan kiinnij\u00e4\u00e4nytt\u00e4 hakeutumaan h\u00e4nelle soveltuvaan hoitoon.<\/p>\n<p>Kilpailija, joka on k\u00e4rsinyt m\u00e4\u00e4r\u00e4aikaisen toimintakiellon, voi palata kilpailutoimintaan, jos h\u00e4n, toimintakiellon saatuaan, on ilmoittanut SUEK:lle jatkavansa kilpailutoimintaa ja oltuaan koko toimintakiellon ajan dopingvalvonnan piiriss\u00e4.<\/p>\n<p><strong>Seuranta ja kehitysty\u00f6<\/strong><\/p>\n<p>SPTL:n hallitus hyv\u00e4ksyy antidopingohjelman, ohjelmaa p\u00e4ivitet\u00e4\u00e4n tarvittaessa. Toimintaa kehitet\u00e4\u00e4n ensisijaisesti yhteisty\u00f6ss\u00e4 SUEK:n kanssa ja toiminta kuuluu kiinte\u00e4n\u00e4 osana liiton toimintasuunnitelmaan. Antidopingohjelman hyv\u00e4ksyy liiton hallitus ja sen p\u00e4ivitt\u00e4misest\u00e4 vastaa erikseen m\u00e4\u00e4ritelt\u00e4v\u00e4 liiton antidopingyksikk\u00f6. Ohjelma julkaistaan liiton ja SUEK:n nettisivuilla ja sen toteutumisesta raportoidaan toimintakertomuksessa. Liitto osallistuu SUEK:n j\u00e4rjest\u00e4miin liittokoulutustilaisuuksiin.<\/p>\n<p><strong>Yhteenveto toimenpiteist\u00e4 ja vastuuhenkil\u00f6ist\u00e4<\/strong><\/p>\n<p><strong>&nbsp; &nbsp; &nbsp; &nbsp; &nbsp; &nbsp; TOIMENPIDE&nbsp; &nbsp; &nbsp; &nbsp; &nbsp; &nbsp; &nbsp; &nbsp; &nbsp; &nbsp; &nbsp; &nbsp; &nbsp; &nbsp; &nbsp; &nbsp; &nbsp; &nbsp; &nbsp; &nbsp; &nbsp; &nbsp; &nbsp; &nbsp; &nbsp; &nbsp; &nbsp; &nbsp; &nbsp; &nbsp; &nbsp; &nbsp; &nbsp; &nbsp; &nbsp; &nbsp; &nbsp; &nbsp; &nbsp; &nbsp; &nbsp; &nbsp; &nbsp; &nbsp; &nbsp; &nbsp; &nbsp; &nbsp; &nbsp; &nbsp; &nbsp; &nbsp; &nbsp; &nbsp; &nbsp; &nbsp; &nbsp; &nbsp; &nbsp; &nbsp; &nbsp;TOTEUTUS<\/strong><\/p>\n<table style=\"height: 1922px;\" width=\"608\">\n<tbody>\n<tr>\n<td width=\"292\">Antidopingopas -julkaisun jakelu<\/td>\n<td width=\"302\">Liiton nime\u00e4m\u00e4 vastuuhenkil\u00f6 l\u00e4hett\u00e4\u00e4 julkaisun kaikille tasom\u00e4\u00e4rittelyn piiriin kuuluville urheilijoille sek\u00e4 maajoukkueiden joukkueenjohtajille v\u00e4litett\u00e4v\u00e4ksi pelaajille. Lis\u00e4ksi julkaisu l\u00e4hetet\u00e4\u00e4n kaikille seuroille ja julkaistaan liiton nettisivuilla<\/td>\n<\/tr>\n<tr>\n<td width=\"292\">S\u00e4\u00e4nt\u00f6jen mukaisten testaustilojen j\u00e4rjest\u00e4minen otteluissa<\/td>\n<td width=\"302\">Kansainv\u00e4lisiss\u00e4 kilpailuissa: kilpailun j\u00e4rjest\u00e4j\u00e4 ITTF:n m\u00e4\u00e4r\u00e4\u00e4m\u00e4ll\u00e4 tavalla.<\/p>\n<p>Kotimaisissa kilpailuissa: j\u00e4rjest\u00e4v\u00e4 seura huolehtii tarvittavista tiloista<\/td>\n<\/tr>\n<tr>\n<td width=\"292\">Valmentajakoulutusten antidopingosiot<\/td>\n<td width=\"302\">Liiton kouluttaja kouluttaa itse tai tilaa koulutuksen SUEK:lta.<\/td>\n<\/tr>\n<tr>\n<td width=\"292\">Erivapausk\u00e4yt\u00e4nt\u00f6<\/td>\n<td width=\"302\">Urheilijalla on vastuu erivapauden hakemisessa. Liitto selvitt\u00e4\u00e4 kansainv\u00e4liset k\u00e4yt\u00e4nn\u00f6t ja ohjeistaa urheilijoita.<\/td>\n<\/tr>\n<tr>\n<td width=\"292\">Pelaajien informointi ja sitouttaminen<\/td>\n<td width=\"302\">Lisenssin ostoon laitetaan pyk\u00e4l\u00e4, jossa lisenssin ostaja sitoutuu noudattamaan Suomen antidopings\u00e4\u00e4nn\u00f6st\u00f6\u00e4 sek\u00e4 ITTF:n antidopings\u00e4\u00e4nn\u00f6st\u00f6\u00e4. Liiton viestint\u00e4 v\u00e4litt\u00e4\u00e4 SUEK:n tuottamaa ajankohtaista tietoa.<\/td>\n<\/tr>\n<tr>\n<td width=\"292\">Maajoukkuepelaajien informointi<\/td>\n<td width=\"302\">Liiton maajoukkuetoiminnasta vastaava henkil\u00f6 jakaa tietoa vuosittain maajoukkueleireill\u00e4.<\/td>\n<\/tr>\n<tr>\n<td width=\"292\">Maajoukkueiden ohjelmien tiedottaminen SUEK:lle<\/td>\n<td width=\"302\">P\u00e4\u00e4valmentaja\/Toiminnanjohtaja<\/td>\n<\/tr>\n<tr>\n<td width=\"292\">SUEK:n koulutustilaisuudet<\/td>\n<td width=\"302\">Liiton nime\u00e4m\u00e4 vastuuhenkil\u00f6 osallistuu<\/td>\n<\/tr>\n<tr>\n<td width=\"292\">Antidopingviestint\u00e4<\/td>\n<td width=\"302\">Liitto julkaisee ja v\u00e4litt\u00e4\u00e4 SUEK:n tiedotteita. Liiton antidopingohjelma l\u00f6ytyy liiton sivuilta Liitto-valikon alta. Liiton sivuilta l\u00f6ytyy linkit muun muassa SUEKin sivuille, antidopingoppaaseen sek\u00e4 KAMU-j\u00e4rjestelm\u00e4\u00e4n ja ILMO-raportointij\u00e4rjestelm\u00e4\u00e4n.<\/td>\n<\/tr>\n<tr>\n<td width=\"292\">Antidopingohjelma<\/td>\n<td width=\"302\">Antidopingohjelman p\u00e4ivitt\u00e4misest\u00e4 vastaa liiton nime\u00e4m\u00e4 antidopingyksikk\u00f6 ja sen hyv\u00e4ksyy liiton hallitus.<\/td>\n<\/tr>\n<\/tbody>\n<\/table>\n<p>&nbsp;<\/p>\n","protected":false},"excerpt":{"rendered":"<p>Suomen P\u00f6yt\u00e4tennisliitto ry:n antidopingohjelma (p\u00e4ivitetty 2022) Ohjelman arvoperusta ja tavoitteet Suomen P\u00f6yt\u00e4tennisliitto ry (SPTL) pyrkii ottamaan huomioon kaikessa toiminnassaan yleisesti hyv\u00e4ksytyn eettisen ja moraalisen toiminnan. Suomen P\u00f6yt\u00e4tennisliitto on sitoutunut antidopingtoimintaan ja dopingin vastaiseen ty\u00f6h\u00f6n sek\u00e4 noudattamaan Reilun Pelin periaatteita. P\u00f6yt\u00e4tennisliitto haluaa vaalia puhdasta urheilua ja taata kaikille j\u00e4senilleen mahdollisuuden reiluun liikuntaan ja urheiluun. Omalla toiminnallaan &hellip; <a href=\"https:\/\/www.sptl.fi\/sptl_test\/?page_id=730\" class=\"more-link\">Jatka lukemista <span class=\"screen-reader-text\">Antidopingohjelma<\/span> <span class=\"meta-nav\">&rarr;<\/span><\/a><\/p>\n","protected":false},"author":1,"featured_media":0,"parent":0,"menu_order":0,"comment_status":"closed","ping_status":"closed","template":"","meta":{"ngg_post_thumbnail":0,"footnotes":""},"_links":{"self":[{"href":"https:\/\/www.sptl.fi\/sptl_test\/index.php?rest_route=\/wp\/v2\/pages\/730"}],"collection":[{"href":"https:\/\/www.sptl.fi\/sptl_test\/index.php?rest_route=\/wp\/v2\/pages"}],"about":[{"href":"https:\/\/www.sptl.fi\/sptl_test\/index.php?rest_route=\/wp\/v2\/types\/page"}],"author":[{"embeddable":true,"href":"https:\/\/www.sptl.fi\/sptl_test\/index.php?rest_route=\/wp\/v2\/users\/1"}],"replies":[{"embeddable":true,"href":"https:\/\/www.sptl.fi\/sptl_test\/index.php?rest_route=%2Fwp%2Fv2%2Fcomments&post=730"}],"version-history":[{"count":0,"href":"https:\/\/www.sptl.fi\/sptl_test\/index.php?rest_route=\/wp\/v2\/pages\/730\/revisions"}],"wp:attachment":[{"href":"https:\/\/www.sptl.fi\/sptl_test\/index.php?rest_route=%2Fwp%2Fv2%2Fmedia&parent=730"}],"curies":[{"name":"wp","href":"https:\/\/api.w.org\/{rel}","templated":true}]}}