{"id":740,"date":"2016-04-05T02:01:48","date_gmt":"2016-04-04T23:01:48","guid":{"rendered":"http:\/\/www.tiedonrakentajat.fi\/sptldev\/?page_id=740"},"modified":"2024-02-20T09:42:52","modified_gmt":"2024-02-20T07:42:52","slug":"maajoukkueryhmat","status":"publish","type":"page","link":"https:\/\/www.sptl.fi\/sptl_test\/?page_id=740","title":{"rendered":"Maajoukkuetoiminta"},"content":{"rendered":"<p><strong>Suomen P\u00f6yt\u00e4tennisliiton huippu-urheiluvaliokunta vastaa huippu-urheilun kehitt\u00e4misty\u00f6st\u00e4. Valiokunta toimii yhteisty\u00f6ss\u00e4 liiton valmentajien kanssa kehitt\u00e4\u00e4kseen toimintaa. Ruskeasuon valmennusryhm\u00e4n valmennuksesta vastaa liiton palkkaama p\u00e4\u00e4valmentaja sek\u00e4 mahdollisuuksien mukaan apuvalmentaja.<\/strong><\/p>\n<p>P\u00f6yt\u00e4tennisliiton arvokisojen valinnoista vastaa huippu-urheiluvaliokunta. Valiokunta valitsee pelaajat edustusteht\u00e4viin kisakohtaisesti. Valintakriteereist\u00e4 merkitt\u00e4vin on menestyminen kilpailuissa. Valittavien pelaajien tulee osoittaa pelitaso isoimmissa kotimaisissa kisoissa (SM-kilpailut, GP-kilpailut, TOP) sek\u00e4 sarjapeleiss\u00e4. Kansainv\u00e4lisiss\u00e4 otteluissa ja tapahtumissa menestyminen on my\u00f6s merkitt\u00e4v\u00e4 tekij\u00e4. Lis\u00e4ksi pelaajien on pystytt\u00e4v\u00e4 osoittamaan sitoutumista maajoukkueteht\u00e4vien edellytt\u00e4miin harjoittelum\u00e4\u00e4riin. Kotimainen kilpailuj\u00e4rjestelm\u00e4 ja k\u00e4yt\u00f6ss\u00e4 oleva ratingsysteemi antavat riitt\u00e4v\u00e4n mahdollisuuden pelaajille osoittaa tasonsa.<\/p>\n<p><strong>Valiokunta ei kuitenkaan tee valintoja pelk\u00e4st\u00e4\u00e4n kilpailutulosten tai ratingpisteiden perusteella, vaan kokonaisuuteen vaikuttaa harjoittelu, sitoutuminen sek\u00e4 tulevaisuuden suunnitelmat ja n\u00e4kym\u00e4t.<\/strong><\/p>\n<hr \/>\n<h2 style=\"text-align: left;\"><strong>Maajoukkueryhm\u00e4<\/strong><\/h2>\n<p>(J) = kuuluu my\u00f6s juniorimaajoukkueeseen<\/p>\n<h3 style=\"text-align: left;\"><strong>Miehet<\/strong><\/h3>\n<p style=\"text-align: left;\"><strong>Benedek Olah<\/strong><br \/>\nSein\u00e4joen Sisu<br \/>\nJura Morez TT (Ranska)<br \/>\ns. 1991<\/p>\n<p><img loading=\"lazy\" decoding=\"async\" class=\"alignnone wp-image-31294\" src=\"https:\/\/www.sptl.fi\/sptl_test\/wp-content\/uploads\/Benedek-Olah-1-848x1024.jpg\" alt=\"\" width=\"400\" height=\"483\" srcset=\"https:\/\/www.sptl.fi\/sptl_test\/wp-content\/uploads\/Benedek-Olah-1-848x1024.jpg 848w, https:\/\/www.sptl.fi\/sptl_test\/wp-content\/uploads\/Benedek-Olah-1-249x300.jpg 249w, https:\/\/www.sptl.fi\/sptl_test\/wp-content\/uploads\/Benedek-Olah-1-1272x1536.jpg 1272w, https:\/\/www.sptl.fi\/sptl_test\/wp-content\/uploads\/Benedek-Olah-1-1697x2048.jpg 1697w, https:\/\/www.sptl.fi\/sptl_test\/wp-content\/uploads\/Benedek-Olah-1.jpg 1960w\" sizes=\"(max-width: 400px) 100vw, 400px\" \/><\/p>\n<hr \/>\n<p style=\"text-align: left;\"><strong>Alex Naumi<br \/>\n<\/strong>Kosken Kaiku<br \/>\nEsl\u00f6vs AI BTK (Ruotsi)<br \/>\nDe Boer Taverzo (Hollanti)<br \/>\nBrighton TTC<br \/>\ns. 2001<\/p>\n<p style=\"text-align: left;\"><img loading=\"lazy\" decoding=\"async\" class=\"alignnone wp-image-31291\" src=\"https:\/\/www.sptl.fi\/sptl_test\/wp-content\/uploads\/Alex-Naumi-757x1024.jpg\" alt=\"\" width=\"400\" height=\"541\" srcset=\"https:\/\/www.sptl.fi\/sptl_test\/wp-content\/uploads\/Alex-Naumi-757x1024.jpg 757w, https:\/\/www.sptl.fi\/sptl_test\/wp-content\/uploads\/Alex-Naumi-222x300.jpg 222w, https:\/\/www.sptl.fi\/sptl_test\/wp-content\/uploads\/Alex-Naumi-1136x1536.jpg 1136w, https:\/\/www.sptl.fi\/sptl_test\/wp-content\/uploads\/Alex-Naumi-1515x2048.jpg 1515w, https:\/\/www.sptl.fi\/sptl_test\/wp-content\/uploads\/Alex-Naumi-scaled.jpg 1893w\" sizes=\"(max-width: 400px) 100vw, 400px\" \/><\/p>\n<hr \/>\n<p style=\"text-align: left;\"><strong>Sam Khosravi (J)<br \/>\n<\/strong>Kosken Kaiku<br \/>\nHaparanda SKT (Ruotsi)<br \/>\ns. 2005<\/p>\n<p><img loading=\"lazy\" decoding=\"async\" class=\"alignnone wp-image-31304\" src=\"https:\/\/www.sptl.fi\/sptl_test\/wp-content\/uploads\/Sam-Khosravi-1-820x1024.jpg\" alt=\"\" width=\"400\" height=\"499\" srcset=\"https:\/\/www.sptl.fi\/sptl_test\/wp-content\/uploads\/Sam-Khosravi-1-820x1024.jpg 820w, https:\/\/www.sptl.fi\/sptl_test\/wp-content\/uploads\/Sam-Khosravi-1-240x300.jpg 240w, https:\/\/www.sptl.fi\/sptl_test\/wp-content\/uploads\/Sam-Khosravi-1-1230x1536.jpg 1230w, https:\/\/www.sptl.fi\/sptl_test\/wp-content\/uploads\/Sam-Khosravi-1-1640x2048.jpg 1640w, https:\/\/www.sptl.fi\/sptl_test\/wp-content\/uploads\/Sam-Khosravi-1.jpg 1959w\" sizes=\"(max-width: 400px) 100vw, 400px\" \/><\/p>\n<hr \/>\n<p style=\"text-align: left;\"><strong>Aleksi R\u00e4s\u00e4nen (J)<\/strong><br \/>\nPT Espoo<br \/>\nTT Santa Tecla Nulvi (Italia)<br \/>\nLyckeby BTK (Ruotsi)<br \/>\ns. 2005<\/p>\n<p><img loading=\"lazy\" decoding=\"async\" class=\"alignnone wp-image-38382\" src=\"https:\/\/www.sptl.fi\/sptl_test\/wp-content\/uploads\/Aleksi-Rasanen-2023-922x1024.jpg\" alt=\"\" width=\"400\" height=\"444\" srcset=\"https:\/\/www.sptl.fi\/sptl_test\/wp-content\/uploads\/Aleksi-Rasanen-2023-922x1024.jpg 922w, https:\/\/www.sptl.fi\/sptl_test\/wp-content\/uploads\/Aleksi-Rasanen-2023-270x300.jpg 270w, https:\/\/www.sptl.fi\/sptl_test\/wp-content\/uploads\/Aleksi-Rasanen-2023-1382x1536.jpg 1382w, https:\/\/www.sptl.fi\/sptl_test\/wp-content\/uploads\/Aleksi-Rasanen-2023-1843x2048.jpg 1843w\" sizes=\"(max-width: 400px) 100vw, 400px\" \/><\/p>\n<hr \/>\n<h3 style=\"text-align: left;\"><strong>Naiset<\/strong><\/h3>\n<p style=\"text-align: left;\"><strong>Marina Donner<\/strong><br \/>\nHIK Pingis (Hanko)<br \/>\nSp\u00e5rv\u00e4gens BTK (Ruotsi)<br \/>\nMaardu LTK (Viro)<br \/>\ns. 1982<\/p>\n<p><img loading=\"lazy\" decoding=\"async\" class=\"alignnone wp-image-36298\" src=\"https:\/\/www.sptl.fi\/sptl_test\/wp-content\/uploads\/MarinaDonnerProfile-955x1024.jpg\" alt=\"\" width=\"400\" height=\"429\" srcset=\"https:\/\/www.sptl.fi\/sptl_test\/wp-content\/uploads\/MarinaDonnerProfile-955x1024.jpg 955w, https:\/\/www.sptl.fi\/sptl_test\/wp-content\/uploads\/MarinaDonnerProfile-280x300.jpg 280w, https:\/\/www.sptl.fi\/sptl_test\/wp-content\/uploads\/MarinaDonnerProfile-1433x1536.jpg 1433w, https:\/\/www.sptl.fi\/sptl_test\/wp-content\/uploads\/MarinaDonnerProfile-1911x2048.jpg 1911w, https:\/\/www.sptl.fi\/sptl_test\/wp-content\/uploads\/MarinaDonnerProfile.jpg 1960w\" sizes=\"(max-width: 400px) 100vw, 400px\" \/><\/p>\n<hr \/>\n<p style=\"text-align: left;\"><strong>Ramona Betz<br \/>\n<\/strong>Linnan Pingis (Savonlinna)<br \/>\nTTC Langen 1950 (Saksa)<br \/>\ns. 2003<\/p>\n<p><img loading=\"lazy\" decoding=\"async\" class=\"alignnone wp-image-36299\" src=\"https:\/\/www.sptl.fi\/sptl_test\/wp-content\/uploads\/RamonaBetzProfile-878x1024.jpg\" alt=\"\" width=\"400\" height=\"466\" srcset=\"https:\/\/www.sptl.fi\/sptl_test\/wp-content\/uploads\/RamonaBetzProfile-878x1024.jpg 878w, https:\/\/www.sptl.fi\/sptl_test\/wp-content\/uploads\/RamonaBetzProfile-257x300.jpg 257w, https:\/\/www.sptl.fi\/sptl_test\/wp-content\/uploads\/RamonaBetzProfile-1318x1536.jpg 1318w, https:\/\/www.sptl.fi\/sptl_test\/wp-content\/uploads\/RamonaBetzProfile-1757x2048.jpg 1757w, https:\/\/www.sptl.fi\/sptl_test\/wp-content\/uploads\/RamonaBetzProfile.jpg 1960w\" sizes=\"(max-width: 400px) 100vw, 400px\" \/><\/p>\n<hr \/>\n<p style=\"text-align: left;\"><strong>Aleksandra Titievskaja (J)<\/strong><br \/>\nPT Espoo<br \/>\nGrantham College TTA (Englanti)<br \/>\ns. 2004<\/p>\n<p><img loading=\"lazy\" decoding=\"async\" class=\"alignnone wp-image-36294\" src=\"https:\/\/www.sptl.fi\/sptl_test\/wp-content\/uploads\/AleksandraTitievskajaProfile-944x1024.jpg\" alt=\"\" width=\"400\" height=\"434\" srcset=\"https:\/\/www.sptl.fi\/sptl_test\/wp-content\/uploads\/AleksandraTitievskajaProfile-944x1024.jpg 944w, https:\/\/www.sptl.fi\/sptl_test\/wp-content\/uploads\/AleksandraTitievskajaProfile-276x300.jpg 276w, https:\/\/www.sptl.fi\/sptl_test\/wp-content\/uploads\/AleksandraTitievskajaProfile-1415x1536.jpg 1415w, https:\/\/www.sptl.fi\/sptl_test\/wp-content\/uploads\/AleksandraTitievskajaProfile.jpg 1703w\" sizes=\"(max-width: 400px) 100vw, 400px\" \/><\/p>\n<hr \/>\n<p><strong>Maria Girlea (J)<br \/>\n<\/strong>PT Jyv\u00e4skyl\u00e4<br \/>\nSp\u00e5rv\u00e4gens BTK (Ruotsi)<br \/>\nGrantham College TTA (Englanti)<br \/>\nTalTech SK (Viro)<br \/>\ns. 2005<\/p>\n<p><img loading=\"lazy\" decoding=\"async\" class=\"alignnone wp-image-31299\" src=\"https:\/\/www.sptl.fi\/sptl_test\/wp-content\/uploads\/Maria-Girlea-904x1024.jpg\" alt=\"\" width=\"400\" height=\"453\" srcset=\"https:\/\/www.sptl.fi\/sptl_test\/wp-content\/uploads\/Maria-Girlea-904x1024.jpg 904w, https:\/\/www.sptl.fi\/sptl_test\/wp-content\/uploads\/Maria-Girlea-265x300.jpg 265w, https:\/\/www.sptl.fi\/sptl_test\/wp-content\/uploads\/Maria-Girlea-1357x1536.jpg 1357w, https:\/\/www.sptl.fi\/sptl_test\/wp-content\/uploads\/Maria-Girlea-1809x2048.jpg 1809w, https:\/\/www.sptl.fi\/sptl_test\/wp-content\/uploads\/Maria-Girlea.jpg 1959w\" sizes=\"(max-width: 400px) 100vw, 400px\" \/><\/p>\n<hr \/>\n<h3 style=\"text-align: left;\"><strong>Juniorit<\/strong><\/h3>\n<p style=\"text-align: left;\"><strong>Ella Kellow<\/strong><br \/>\nOPT-86 (Oulu)<br \/>\n\u00c4ngby SK\u00a0(Ruotsi)<br \/>\nLTK Kalev (Viro)<br \/>\ns. 2006<\/p>\n<p><img loading=\"lazy\" decoding=\"async\" class=\"alignnone wp-image-31295\" src=\"https:\/\/www.sptl.fi\/sptl_test\/wp-content\/uploads\/Ella-Kellow-823x1024.jpg\" alt=\"\" width=\"400\" height=\"498\" srcset=\"https:\/\/www.sptl.fi\/sptl_test\/wp-content\/uploads\/Ella-Kellow-823x1024.jpg 823w, https:\/\/www.sptl.fi\/sptl_test\/wp-content\/uploads\/Ella-Kellow-241x300.jpg 241w, https:\/\/www.sptl.fi\/sptl_test\/wp-content\/uploads\/Ella-Kellow-1235x1536.jpg 1235w, https:\/\/www.sptl.fi\/sptl_test\/wp-content\/uploads\/Ella-Kellow-1646x2048.jpg 1646w, https:\/\/www.sptl.fi\/sptl_test\/wp-content\/uploads\/Ella-Kellow.jpg 1960w\" sizes=\"(max-width: 400px) 100vw, 400px\" \/><\/p>\n<hr \/>\n<p><strong>Lassi Lehtola<\/strong><br \/>\nPT Espoo<br \/>\ns. 2008<\/p>\n<p><img loading=\"lazy\" decoding=\"async\" class=\"alignnone wp-image-34192\" src=\"https:\/\/www.sptl.fi\/sptl_test\/wp-content\/uploads\/LassiLehtola2-826x1024.jpeg\" alt=\"\" width=\"400\" height=\"496\" srcset=\"https:\/\/www.sptl.fi\/sptl_test\/wp-content\/uploads\/LassiLehtola2-826x1024.jpeg 826w, https:\/\/www.sptl.fi\/sptl_test\/wp-content\/uploads\/LassiLehtola2-242x300.jpeg 242w, https:\/\/www.sptl.fi\/sptl_test\/wp-content\/uploads\/LassiLehtola2-1240x1536.jpeg 1240w, https:\/\/www.sptl.fi\/sptl_test\/wp-content\/uploads\/LassiLehtola2.jpeg 1376w\" sizes=\"(max-width: 400px) 100vw, 400px\" \/><\/p>\n<hr \/>\n<p><strong>Mia Kellow<br \/>\n<\/strong>TIP-70 (Vantaa)<br \/>\ns. 2009<\/p>\n<p><img loading=\"lazy\" decoding=\"async\" class=\"alignnone wp-image-42439\" src=\"https:\/\/www.sptl.fi\/sptl_test\/wp-content\/uploads\/Mia-Kellow-939x1024.jpeg\" alt=\"\" width=\"400\" height=\"436\" srcset=\"https:\/\/www.sptl.fi\/sptl_test\/wp-content\/uploads\/Mia-Kellow-939x1024.jpeg 939w, https:\/\/www.sptl.fi\/sptl_test\/wp-content\/uploads\/Mia-Kellow-275x300.jpeg 275w, https:\/\/www.sptl.fi\/sptl_test\/wp-content\/uploads\/Mia-Kellow.jpeg 1075w\" sizes=\"(max-width: 400px) 100vw, 400px\" \/><\/p>\n<hr \/>\n<h3 style=\"text-align: left;\"><strong>Valmentajat<\/strong><\/h3>\n<p><strong>Mattias Bergkvist, p\u00e4\u00e4valmentaja<\/strong><\/p>\n<p><img loading=\"lazy\" decoding=\"async\" class=\"alignnone wp-image-31301\" src=\"https:\/\/www.sptl.fi\/sptl_test\/wp-content\/uploads\/Mattias-Bergkvist-950x1024.jpg\" alt=\"\" width=\"400\" height=\"431\" srcset=\"https:\/\/www.sptl.fi\/sptl_test\/wp-content\/uploads\/Mattias-Bergkvist-950x1024.jpg 950w, https:\/\/www.sptl.fi\/sptl_test\/wp-content\/uploads\/Mattias-Bergkvist-278x300.jpg 278w, https:\/\/www.sptl.fi\/sptl_test\/wp-content\/uploads\/Mattias-Bergkvist-1425x1536.jpg 1425w, https:\/\/www.sptl.fi\/sptl_test\/wp-content\/uploads\/Mattias-Bergkvist-1901x2048.jpg 1901w, https:\/\/www.sptl.fi\/sptl_test\/wp-content\/uploads\/Mattias-Bergkvist.jpg 1946w\" sizes=\"(max-width: 400px) 100vw, 400px\" \/><\/p>\n<p><strong>Samuli Soine, apuvalmentaja<\/strong><\/p>\n<p><img loading=\"lazy\" decoding=\"async\" class=\"alignnone wp-image-31305\" src=\"https:\/\/www.sptl.fi\/sptl_test\/wp-content\/uploads\/Samuli-Soine-827x1024.jpg\" alt=\"\" width=\"400\" height=\"495\" srcset=\"https:\/\/www.sptl.fi\/sptl_test\/wp-content\/uploads\/Samuli-Soine-827x1024.jpg 827w, https:\/\/www.sptl.fi\/sptl_test\/wp-content\/uploads\/Samuli-Soine-242x300.jpg 242w, https:\/\/www.sptl.fi\/sptl_test\/wp-content\/uploads\/Samuli-Soine-1240x1536.jpg 1240w, https:\/\/www.sptl.fi\/sptl_test\/wp-content\/uploads\/Samuli-Soine-1654x2048.jpg 1654w, https:\/\/www.sptl.fi\/sptl_test\/wp-content\/uploads\/Samuli-Soine.jpg 1946w\" sizes=\"(max-width: 400px) 100vw, 400px\" \/><\/p>\n<hr \/>\n<h3><strong>Parap\u00f6yt\u00e4tennis<\/strong><\/h3>\n<p><strong>Aino Tapola<\/strong><br \/>\nWega (Helsinki)<br \/>\ns. 1997<\/p>\n<p><img loading=\"lazy\" decoding=\"async\" class=\"alignnone wp-image-27001\" src=\"https:\/\/www.sptl.fi\/sptl_test\/wp-content\/uploads\/aino_pohjoisentahti.jpg\" alt=\"\" width=\"400\" height=\"230\" srcset=\"https:\/\/www.sptl.fi\/sptl_test\/wp-content\/uploads\/aino_pohjoisentahti.jpg 1020w, https:\/\/www.sptl.fi\/sptl_test\/wp-content\/uploads\/aino_pohjoisentahti-300x172.jpg 300w\" sizes=\"(max-width: 400px) 100vw, 400px\" \/><\/p>\n<hr \/>\n<p><strong>Aaro M\u00e4kel\u00e4<\/strong><br \/>\nPT Espoo<br \/>\ns. 2004<\/p>\n<p><img loading=\"lazy\" decoding=\"async\" class=\"alignnone wp-image-30350\" src=\"https:\/\/www.sptl.fi\/sptl_test\/wp-content\/uploads\/Aaro.jpg\" alt=\"\" width=\"400\" height=\"264\" srcset=\"https:\/\/www.sptl.fi\/sptl_test\/wp-content\/uploads\/Aaro.jpg 1000w, https:\/\/www.sptl.fi\/sptl_test\/wp-content\/uploads\/Aaro-300x198.jpg 300w\" sizes=\"(max-width: 400px) 100vw, 400px\" \/><\/p>\n<hr \/>\n<p><strong>Timo Natunen<\/strong><br \/>\nKuPts (Kuopio)<br \/>\ns. 1987<\/p>\n<p><img loading=\"lazy\" decoding=\"async\" class=\"alignnone wp-image-29045\" src=\"https:\/\/www.sptl.fi\/sptl_test\/wp-content\/uploads\/Timo-Natunen-1024x784.png\" alt=\"\" width=\"400\" height=\"306\" srcset=\"https:\/\/www.sptl.fi\/sptl_test\/wp-content\/uploads\/Timo-Natunen-1024x784.png 1024w, https:\/\/www.sptl.fi\/sptl_test\/wp-content\/uploads\/Timo-Natunen-300x230.png 300w, https:\/\/www.sptl.fi\/sptl_test\/wp-content\/uploads\/Timo-Natunen.png 1271w\" sizes=\"(max-width: 400px) 100vw, 400px\" \/><\/p>\n<hr \/>\n<h3><strong>Valmentajat<\/strong><\/h3>\n<p><strong>Hannu Sihvo ja Martti Autio (p\u00e4\u00e4valmentaja)<\/strong><\/p>\n<p><img loading=\"lazy\" decoding=\"async\" class=\"alignnone wp-image-26961\" src=\"https:\/\/www.sptl.fi\/sptl_test\/wp-content\/uploads\/ainotapolavalmentajat-1024x680.jpg\" alt=\"\" width=\"400\" height=\"266\" srcset=\"https:\/\/www.sptl.fi\/sptl_test\/wp-content\/uploads\/ainotapolavalmentajat-1024x680.jpg 1024w, https:\/\/www.sptl.fi\/sptl_test\/wp-content\/uploads\/ainotapolavalmentajat-300x199.jpg 300w, https:\/\/www.sptl.fi\/sptl_test\/wp-content\/uploads\/ainotapolavalmentajat-1536x1021.jpg 1536w, https:\/\/www.sptl.fi\/sptl_test\/wp-content\/uploads\/ainotapolavalmentajat.jpg 1651w\" sizes=\"(max-width: 400px) 100vw, 400px\" \/><\/p>\n<p><strong>Iivari Hartikainen<\/strong><\/p>\n<p><img loading=\"lazy\" decoding=\"async\" class=\"alignnone wp-image-37110\" src=\"https:\/\/www.sptl.fi\/sptl_test\/wp-content\/uploads\/Iivari-Hartikainen.png\" alt=\"\" width=\"400\" height=\"296\" srcset=\"https:\/\/www.sptl.fi\/sptl_test\/wp-content\/uploads\/Iivari-Hartikainen.png 727w, https:\/\/www.sptl.fi\/sptl_test\/wp-content\/uploads\/Iivari-Hartikainen-300x222.png 300w\" sizes=\"(max-width: 400px) 100vw, 400px\" \/><\/p>\n<p>&nbsp;<\/p>\n","protected":false},"excerpt":{"rendered":"<p>Suomen P\u00f6yt\u00e4tennisliiton huippu-urheiluvaliokunta vastaa huippu-urheilun kehitt\u00e4misty\u00f6st\u00e4. Valiokunta toimii yhteisty\u00f6ss\u00e4 liiton valmentajien kanssa kehitt\u00e4\u00e4kseen toimintaa. Ruskeasuon valmennusryhm\u00e4n valmennuksesta vastaa liiton palkkaama p\u00e4\u00e4valmentaja sek\u00e4 mahdollisuuksien mukaan apuvalmentaja. P\u00f6yt\u00e4tennisliiton arvokisojen valinnoista vastaa huippu-urheiluvaliokunta. Valiokunta valitsee pelaajat edustusteht\u00e4viin kisakohtaisesti. Valintakriteereist\u00e4 merkitt\u00e4vin on menestyminen kilpailuissa. Valittavien pelaajien tulee osoittaa pelitaso isoimmissa kotimaisissa kisoissa (SM-kilpailut, GP-kilpailut, TOP) sek\u00e4 sarjapeleiss\u00e4. Kansainv\u00e4lisiss\u00e4 otteluissa &hellip; <a href=\"https:\/\/www.sptl.fi\/sptl_test\/?page_id=740\" class=\"more-link\">Jatka lukemista <span class=\"screen-reader-text\">Maajoukkuetoiminta<\/span> <span class=\"meta-nav\">&rarr;<\/span><\/a><\/p>\n","protected":false},"author":1,"featured_media":0,"parent":0,"menu_order":0,"comment_status":"closed","ping_status":"closed","template":"","meta":{"ngg_post_thumbnail":0,"footnotes":""},"_links":{"self":[{"href":"https:\/\/www.sptl.fi\/sptl_test\/index.php?rest_route=\/wp\/v2\/pages\/740"}],"collection":[{"href":"https:\/\/www.sptl.fi\/sptl_test\/index.php?rest_route=\/wp\/v2\/pages"}],"about":[{"href":"https:\/\/www.sptl.fi\/sptl_test\/index.php?rest_route=\/wp\/v2\/types\/page"}],"author":[{"embeddable":true,"href":"https:\/\/www.sptl.fi\/sptl_test\/index.php?rest_route=\/wp\/v2\/users\/1"}],"replies":[{"embeddable":true,"href":"https:\/\/www.sptl.fi\/sptl_test\/index.php?rest_route=%2Fwp%2Fv2%2Fcomments&post=740"}],"version-history":[{"count":0,"href":"https:\/\/www.sptl.fi\/sptl_test\/index.php?rest_route=\/wp\/v2\/pages\/740\/revisions"}],"wp:attachment":[{"href":"https:\/\/www.sptl.fi\/sptl_test\/index.php?rest_route=%2Fwp%2Fv2%2Fmedia&parent=740"}],"curies":[{"name":"wp","href":"https:\/\/api.w.org\/{rel}","templated":true}]}}