{"id":1005,"date":"2016-05-18T14:13:32","date_gmt":"2016-05-18T11:13:32","guid":{"rendered":"http:\/\/www.tiedonrakentajat.fi\/sptldev\/?page_id=1005"},"modified":"2025-08-12T00:48:28","modified_gmt":"2025-08-11T21:48:28","slug":"lisenssimaksut-2016","status":"publish","type":"page","link":"https:\/\/www.sptl.fi\/sptl_uudet\/?page_id=1005","title":{"rendered":"Lisenssihinnat 2025 &#8211; 2026"},"content":{"rendered":"<p><span style=\"color: #000000;\"><b>Ohje lisenssien maksamiseen:&nbsp;<span style=\"text-decoration: underline;\"><a href=\"http:\/\/www.sptl.fi\/sptl_uudet\/?p=2020\">http:\/\/www.sptl.fi\/sptl_uudet\/?p=2020<\/a>&nbsp;<\/span><\/b><\/span>Lisenssi astuu voimaan, kun se on ilmoitettu ja maksettu. T\u00e4ll\u00f6in se on my\u00f6s n\u00e4kyvill\u00e4 liiton rekisteriss\u00e4. Edellisen kauden lisenssill\u00e4 saa pelata 30.9. asti.<\/p>\n<h5 style=\"text-align: left;\"><span style=\"color: #000000;\"><strong>Lisenssit ja hinnat 2025-2026:<\/strong><\/span><\/h5>\n<ul>\n<li><span style=\"color: #000000;\"><span style=\"color: #000000;\"><span style=\"color: #000000;\"><span style=\"color: #000000;\"><span style=\"color: #000000;\"><strong>A<\/strong> Aikuiset <strong>65\u20ac<br \/>\n<\/strong><\/span><\/span><\/span><\/span><\/span><em>Aikuispelaajille, jotka ovat syntyneet 1.1.1962 &#8211; 31.12.1999.<\/em><\/li>\n<li><span style=\"color: #000000;\"><strong>V<\/strong> Veteraanit, yli 65-vuotiaat<strong> 45\u20ac<br \/>\n<\/strong><\/span><em>Veteraanipelaajille, jotka ovat syntyneet 31.12.1961 tai aiemmin.<\/em><\/li>\n<li><span style=\"color: #000000;\"><strong>N<\/strong> Nuoret, alle 25-vuotiaat<strong> 45\u20ac<br \/>\n<\/strong><\/span><em>Nuorille pelaajille, jotka ovat syntyneet 1.1.2000 &#8211; 31.12.2006.<\/em><\/li>\n<li><span style=\"color: #000000;\"><strong>B<\/strong> 18-vuotiaat ja alle <strong>&nbsp;25\u20ac<\/strong><\/span><br \/>\n<em>Junioripelaajille, jotka ovat syntyneet 1.1.2007 &#8211; 31.12.2011.<\/em><\/li>\n<li><span style=\"color: #000000;\"><strong>C<\/strong> 13-vuotiaat ja alle <strong>10\u20ac<\/strong><\/span><br \/>\n<em>Junioripelaajille, jotka ovat syntyneet 1.1.2012 tai my\u00f6hemmin.<\/em><\/li>\n<li><span style=\"color: #000000;\"><strong>E<\/strong> Ensikertalaiset, yli 18-vuotiaat<strong> 25\u20ac<br \/>\n<\/strong><\/span><em>Ensimm\u00e4ist\u00e4 p\u00f6yt\u00e4tennislisenssi\u00e4 ostavat, jotka ovat syntyneet 31.12.2006 tai aiemmin.<\/em><\/li>\n<li><span style=\"color: #000000;\"><span style=\"color: #000000;\"><span style=\"color: #000000;\"><strong>H<\/strong> Harrastajat <strong>40\u20ac<br \/>\n<\/strong><\/span><\/span><\/span><span style=\"color: #000000;\"><span style=\"color: #000000;\"><span style=\"color: #000000;\"><em>Vaihtoehto aikuisten lisenssille. Oikeuttaa pelaamiseen vain 4.-6. divisioonissa.<\/em><br \/>\n<\/span><\/span><\/span><\/li>\n<\/ul>\n<p>&#8211; Uusina lisenssein\u00e4 kaudelle 2025-2026 ensikertalaisten (E) ja nuorten (N) lisenssit<br \/>\n&#8211; Syyskuun loppuun asti saa pelata vanhalla lisenssill\u00e4.<br \/>\n&#8211; Vakuutuksia ei voi toistaiseksi hankkia lisenssiin yhteydess\u00e4, joten jokainen pelaaja vastaa vakuutuksistaan itse.<\/p>\n","protected":false},"excerpt":{"rendered":"<p>Ohje lisenssien maksamiseen:&nbsp;http:\/\/www.sptl.fi\/sptl_uudet\/?p=2020&nbsp;Lisenssi astuu voimaan, kun se on ilmoitettu ja maksettu. T\u00e4ll\u00f6in se on my\u00f6s n\u00e4kyvill\u00e4 liiton rekisteriss\u00e4. Edellisen kauden lisenssill\u00e4 saa pelata 30.9. asti. Lisenssit ja hinnat 2025-2026: A Aikuiset 65\u20ac Aikuispelaajille, jotka ovat syntyneet 1.1.1962 &#8211; 31.12.1999. V Veteraanit, yli 65-vuotiaat 45\u20ac Veteraanipelaajille, jotka ovat syntyneet 31.12.1961 tai aiemmin. N Nuoret, alle 25-vuotiaat &hellip; <a href=\"https:\/\/www.sptl.fi\/sptl_uudet\/?page_id=1005\" class=\"more-link\">Jatka lukemista <span class=\"screen-reader-text\">Lisenssihinnat 2025 &#8211; 2026<\/span> <span class=\"meta-nav\">&rarr;<\/span><\/a><\/p>\n","protected":false},"author":7,"featured_media":0,"parent":1298,"menu_order":0,"comment_status":"closed","ping_status":"closed","template":"","meta":{"ngg_post_thumbnail":0,"footnotes":""},"class_list":["post-1005","page","type-page","status-publish","hentry"],"_links":{"self":[{"href":"https:\/\/www.sptl.fi\/sptl_uudet\/index.php?rest_route=\/wp\/v2\/pages\/1005","targetHints":{"allow":["GET"]}}],"collection":[{"href":"https:\/\/www.sptl.fi\/sptl_uudet\/index.php?rest_route=\/wp\/v2\/pages"}],"about":[{"href":"https:\/\/www.sptl.fi\/sptl_uudet\/index.php?rest_route=\/wp\/v2\/types\/page"}],"author":[{"embeddable":true,"href":"https:\/\/www.sptl.fi\/sptl_uudet\/index.php?rest_route=\/wp\/v2\/users\/7"}],"replies":[{"embeddable":true,"href":"https:\/\/www.sptl.fi\/sptl_uudet\/index.php?rest_route=%2Fwp%2Fv2%2Fcomments&post=1005"}],"version-history":[{"count":69,"href":"https:\/\/www.sptl.fi\/sptl_uudet\/index.php?rest_route=\/wp\/v2\/pages\/1005\/revisions"}],"predecessor-version":[{"id":61349,"href":"https:\/\/www.sptl.fi\/sptl_uudet\/index.php?rest_route=\/wp\/v2\/pages\/1005\/revisions\/61349"}],"up":[{"embeddable":true,"href":"https:\/\/www.sptl.fi\/sptl_uudet\/index.php?rest_route=\/wp\/v2\/pages\/1298"}],"wp:attachment":[{"href":"https:\/\/www.sptl.fi\/sptl_uudet\/index.php?rest_route=%2Fwp%2Fv2%2Fmedia&parent=1005"}],"curies":[{"name":"wp","href":"https:\/\/api.w.org\/{rel}","templated":true}]}}