{"id":1121,"date":"2016-06-10T16:09:50","date_gmt":"2016-06-10T13:09:50","guid":{"rendered":"http:\/\/www.tiedonrakentajat.fi\/sptl_uudet\/?page_id=1121"},"modified":"2025-11-17T15:20:44","modified_gmt":"2025-11-17T13:20:44","slug":"koulupingis","status":"publish","type":"page","link":"https:\/\/www.sptl.fi\/sptl_uudet\/?page_id=1121","title":{"rendered":"STIGA-v\u00e4lituntikisa"},"content":{"rendered":"<p><strong>Kaipaako koulunne uuden liikunnallisen aktiviteetin v\u00e4litunneille? Suomen P\u00f6yt\u00e4tennisliitto ja STIGA k\u00e4ynnist\u00e4v\u00e4t marraskuussa 2025 valtakunnallisen<\/strong><\/p>\n<h2>KYMMENEN V\u00c4LITUNNIN KILPAILUN<\/h2>\n<p><strong>T\u00e4ss\u00e4 kilpailussa ei pelata normaaleja p\u00f6yt\u00e4tennispelej\u00e4, vaan pelaamme \u201dHALLITSIJAPELI\u00c4\u201d. T\u00e4m\u00e4 peli soveltuu hyvin v\u00e4litunneille, sill\u00e4 pelikaverit vaihtuvat nopeasti ja jopa kymmenen oppilasta voi pelata yhdell\u00e4 p\u00f6yd\u00e4ll\u00e4.<\/strong><\/p>\n<h3>Hallitsijapeli lyhyesti<\/h3>\n<ul>\n<li>Toisella puolella p\u00f6yt\u00e4\u00e4 on hallitsija ja toisella puolella p\u00f6yt\u00e4\u00e4 jonossa haastajat.<\/li>\n<li>Peli\u00e4 pelataan pareittain aina yksi piste kerrallaan.<\/li>\n<li>Voittaja jatkaa pelaamista hallitsijana ja h\u00e4vinnyt siirtyy jonon viimeiseksi.<\/li>\n<li>Pelaajat laskevat itse kuinka monta pistett\u00e4 voittavat v\u00e4litunnin aikana.<\/li>\n<li>V\u00e4litunnin j\u00e4lkeen jokaisen voittojen m\u00e4\u00e4r\u00e4 merkataan tuloskorttiin.<\/li>\n<li>Voittaja on se pelaaja, joka ker\u00e4\u00e4 yhteens\u00e4 eniten voittoja kymmenell\u00e4 v\u00e4litunnilla.<\/li>\n<\/ul>\n<h3>J\u00e4rjestelyt<\/h3>\n<ul>\n<li>Koulun tulee ilmoittautua alla olevan linkin kautta.<\/li>\n<li>Kilpailussa pelataan hallitsijapeli\u00e4 kymmenen v\u00e4litunnin ajan.<\/li>\n<li>Yhteen kilpailuun voi osallistua noin 10 pelaajaa, mutta samalla koululla voidaan pelata useampi kilpailu.<\/li>\n<li>Jokaisella kilpailulla tulee olla ohjaaja, jonka oppilaat valitsevat keskuudestaan.<\/li>\n<li>Kilpailun ohjaaja toimittaa tuloskortit vastuuopettajalle, joka l\u00e4hett\u00e4\u00e4 ne alla olevan linkin kautta.<\/li>\n<li>Opettajan roolina on vain vied\u00e4 kilpailun idea oppilaille ja auttaa pelien k\u00e4ynnist\u00e4misess\u00e4 &#8211; ajatuksena on opettaa oppilaat toimimaan itsen\u00e4isesti.<\/li>\n<li>Tarkistuksen j\u00e4lkeen toimitamme palkinnot kouluille joko postitse tai paikallisen seuran kautta. Palkitsemme kilpailuiden voittajat sek\u00e4 ohjaajan (max. 3 palkintosetti\u00e4 = 6 palkintoa \/ koulu).<\/li>\n<\/ul>\n<p><strong><a href=\"https:\/\/forms.gle\/YHTVNtRfWGdHN5JSA\">ILMOITTAUTUMINEN<\/a><\/strong><\/p>\n<p><strong><a href=\"https:\/\/forms.gle\/pSViNsm2zuZzG3m28\">TULOSTEN PALAUTUS JA PALAUTE<\/a><\/strong><\/p>\n<p><strong>Pelin kulku on kerrottu t\u00e4ss\u00e4 videossa.<\/strong><\/p>\n<p><iframe loading=\"lazy\" title=\"V\u00e4lituntikilpailun ohjeet\" width=\"604\" height=\"340\" src=\"https:\/\/www.youtube.com\/embed\/8yJa53AKhZU?feature=oembed\" frameborder=\"0\" allow=\"accelerometer; autoplay; clipboard-write; encrypted-media; gyroscope; picture-in-picture; web-share\" referrerpolicy=\"strict-origin-when-cross-origin\" allowfullscreen><\/iframe><\/p>\n<h3>Tulostettavat materiaalit<\/h3>\n<p><a href=\"https:\/\/www.sptl.fi\/sptl_uudet\/wp-content\/uploads\/Valituntipingis-esite.pdf\" target=\"_blank\" rel=\"noopener\"><strong>V\u00e4lituntipingis-esite<\/strong><\/a><\/p>\n<p><a href=\"https:\/\/www.sptl.fi\/sptl_uudet\/wp-content\/uploads\/Valituntipingis-ohjaajan-ohje.pdf\" target=\"_blank\" rel=\"noopener\"><strong>V\u00e4lituntipingiksen ohjaajan ohje<\/strong><\/a><\/p>\n<p><a href=\"https:\/\/www.sptl.fi\/sptl_uudet\/wp-content\/uploads\/Valituntipingis-tuloskortti.pdf\" target=\"_blank\" rel=\"noopener\"><strong>V\u00e4lituntipingiksen tuloskortti<\/strong><\/a><\/p>\n<h3>Lis\u00e4tietoja<\/h3>\n<p>Taneli Keinonen<br \/>\ntaneli.keinonen@sptl.fi<br \/>\n050 5285861<\/p>\n<p>&nbsp;<\/p>\n<h2>P\u00f6yt\u00e4tenniksen yleiss\u00e4\u00e4nn\u00f6t<\/h2>\n<p><strong>Pelin aloitus<\/strong><\/p>\n<ul>\n<li>Sy\u00f6t\u00f6ss\u00e4 pallon tulee ensin koskettaa sy\u00f6tt\u00e4j\u00e4n omaa p\u00f6yt\u00e4puoliskoa ja pompata siit\u00e4 verkon yli vastustajan puolelle.<\/li>\n<li>T\u00e4m\u00e4n j\u00e4lkeen pallo ly\u00f6d\u00e4\u00e4n pompun j\u00e4lkeen suoraan verkon yli pelikaverin puolelle.<\/li>\n<li>Pallo katsotaan osuneeksi p\u00f6yt\u00e4\u00e4n, jos se hipaisee p\u00f6yd\u00e4n reunaa,<br \/>\nsen ei siis tarvitse pompata yl\u00f6sp\u00e4in.<\/li>\n<\/ul>\n<p><strong>Sy\u00f6tt\u00f6<\/strong><\/p>\n<ul>\n<li>Peli on k\u00e4ynniss\u00e4, kun pallo on ilmaan heitett\u00e4ess\u00e4 irronnut sy\u00f6tt\u00e4j\u00e4n k\u00e4mmenelt\u00e4.<\/li>\n<li>Eli jos sy\u00f6tt\u00e4j\u00e4 ly\u00f6 ohi pallosta, saa vastustaja pisteen.<\/li>\n<li>Sy\u00f6tt\u00f6 saa olla kuinka lyhyt tahansa eli on luvallista sy\u00f6tt\u00e4\u00e4 niin lyhyt sy\u00f6tt\u00f6, ett\u00e4 se pomppaa useamman kerran p\u00f6yd\u00e4ll\u00e4, jos vastustaja ei palauta sit\u00e4 ennen toista p\u00f6yt\u00e4kosketusta.<\/li>\n<li>Sy\u00f6t\u00f6n ei my\u00f6sk\u00e4\u00e4n tarvitse menn\u00e4 ulos p\u00f6yd\u00e4n p\u00e4\u00e4dyst\u00e4. Verkkoa hipaissut sy\u00f6tt\u00f6 uusitaan aina.<\/li>\n<\/ul>\n<p><strong>Voitat pisteen, kun vastustaja&#8230;<\/strong><\/p>\n<ul>\n<li>ei saa palautettua ly\u00f6nti\u00e4si onnistuneesti.<\/li>\n<li>ly\u00f6 kokonaan ohi pallosta.<\/li>\n<li>ly\u00f6 pallon verkkoon (verkkoon koskeva pallo pelataan normaalisti loppuun saakka (pl. aloitussy\u00f6tt\u00f6).<\/li>\n<li>ly\u00f6 pallon ohi tai yli p\u00f6yd\u00e4n.<\/li>\n<li>koskettaa p\u00f6yt\u00e4\u00e4 k\u00e4dell\u00e4, jossa ei ole mailaa.<\/li>\n<li>ly\u00f6 palloa p\u00f6yd\u00e4n p\u00e4\u00e4lt\u00e4 ilmasta ennen kuin se on pompannut h\u00e4nen puolellaan.<\/li>\n<\/ul>\n<p>&nbsp;<\/p>\n","protected":false},"excerpt":{"rendered":"<p>Kaipaako koulunne uuden liikunnallisen aktiviteetin v\u00e4litunneille? Suomen P\u00f6yt\u00e4tennisliitto ja STIGA k\u00e4ynnist\u00e4v\u00e4t marraskuussa 2025 valtakunnallisen KYMMENEN V\u00c4LITUNNIN KILPAILUN T\u00e4ss\u00e4 kilpailussa ei pelata normaaleja p\u00f6yt\u00e4tennispelej\u00e4, vaan pelaamme \u201dHALLITSIJAPELI\u00c4\u201d. T\u00e4m\u00e4 peli soveltuu hyvin v\u00e4litunneille, sill\u00e4 pelikaverit vaihtuvat nopeasti ja jopa kymmenen oppilasta voi pelata yhdell\u00e4 p\u00f6yd\u00e4ll\u00e4. Hallitsijapeli lyhyesti Toisella puolella p\u00f6yt\u00e4\u00e4 on hallitsija ja toisella puolella p\u00f6yt\u00e4\u00e4 jonossa &hellip; <a href=\"https:\/\/www.sptl.fi\/sptl_uudet\/?page_id=1121\" class=\"more-link\">Jatka lukemista <span class=\"screen-reader-text\">STIGA-v\u00e4lituntikisa<\/span> <span class=\"meta-nav\">&rarr;<\/span><\/a><\/p>\n","protected":false},"author":7,"featured_media":0,"parent":1088,"menu_order":0,"comment_status":"closed","ping_status":"closed","template":"","meta":{"ngg_post_thumbnail":0,"footnotes":""},"class_list":["post-1121","page","type-page","status-publish","hentry"],"_links":{"self":[{"href":"https:\/\/www.sptl.fi\/sptl_uudet\/index.php?rest_route=\/wp\/v2\/pages\/1121","targetHints":{"allow":["GET"]}}],"collection":[{"href":"https:\/\/www.sptl.fi\/sptl_uudet\/index.php?rest_route=\/wp\/v2\/pages"}],"about":[{"href":"https:\/\/www.sptl.fi\/sptl_uudet\/index.php?rest_route=\/wp\/v2\/types\/page"}],"author":[{"embeddable":true,"href":"https:\/\/www.sptl.fi\/sptl_uudet\/index.php?rest_route=\/wp\/v2\/users\/7"}],"replies":[{"embeddable":true,"href":"https:\/\/www.sptl.fi\/sptl_uudet\/index.php?rest_route=%2Fwp%2Fv2%2Fcomments&post=1121"}],"version-history":[{"count":32,"href":"https:\/\/www.sptl.fi\/sptl_uudet\/index.php?rest_route=\/wp\/v2\/pages\/1121\/revisions"}],"predecessor-version":[{"id":63530,"href":"https:\/\/www.sptl.fi\/sptl_uudet\/index.php?rest_route=\/wp\/v2\/pages\/1121\/revisions\/63530"}],"up":[{"embeddable":true,"href":"https:\/\/www.sptl.fi\/sptl_uudet\/index.php?rest_route=\/wp\/v2\/pages\/1088"}],"wp:attachment":[{"href":"https:\/\/www.sptl.fi\/sptl_uudet\/index.php?rest_route=%2Fwp%2Fv2%2Fmedia&parent=1121"}],"curies":[{"name":"wp","href":"https:\/\/api.w.org\/{rel}","templated":true}]}}