{"id":1124,"date":"2016-06-10T16:11:20","date_gmt":"2016-06-10T13:11:20","guid":{"rendered":"http:\/\/www.tiedonrakentajat.fi\/sptl_uudet\/?page_id=1124"},"modified":"2025-10-20T13:10:11","modified_gmt":"2025-10-20T10:10:11","slug":"poytatennissaantoja-lyhyesti","status":"publish","type":"page","link":"https:\/\/www.sptl.fi\/sptl_uudet\/?page_id=1124","title":{"rendered":"P\u00f6yt\u00e4tenniss\u00e4\u00e4nt\u00f6j\u00e4 ja -sanastoa"},"content":{"rendered":"<p><strong>Pelin aloitus ja kulku<\/strong><\/p>\n<p><img decoding=\"async\" class=\"emoji\" draggable=\"false\" src=\"https:\/\/s.w.org\/images\/core\/emoji\/72x72\/25fe.png\" alt=\"\u25fe\">Ottelu aloitetaan arpomalla sy\u00f6tt\u00e4j\u00e4. Sy\u00f6tt\u00e4j\u00e4 ei siis m\u00e4\u00e4r\u00e4ydy aloituspallolla, kuten usein luullaan.<br \/>\n<img decoding=\"async\" class=\"emoji\" draggable=\"false\" src=\"https:\/\/s.w.org\/images\/core\/emoji\/72x72\/25fe.png\" alt=\"\u25fe\">Ensimm\u00e4isen\u00e4 vuorossa oleva sy\u00f6tt\u00e4\u00e4 aluksi kaksi palloa, mink\u00e4 j\u00e4lkeen sy\u00f6tt\u00f6vuoro vaihtuu.<br \/>\n<img decoding=\"async\" class=\"emoji\" draggable=\"false\" src=\"https:\/\/s.w.org\/images\/core\/emoji\/72x72\/25fe.png\" alt=\"\u25fe\">Sy\u00f6t\u00f6ss\u00e4 pallon tulee ensin koskettaa sy\u00f6tt\u00e4j\u00e4n omaa p\u00f6yt\u00e4puoliskoa ja pompata siit\u00e4 verkon yli vastustajan puolelle.<br \/>\n<img decoding=\"async\" class=\"emoji\" draggable=\"false\" src=\"https:\/\/s.w.org\/images\/core\/emoji\/72x72\/25fe.png\" alt=\"\u25fe\">T\u00e4m\u00e4n j\u00e4lkeen pallo ly\u00f6d\u00e4\u00e4n pompun j\u00e4lkeen suoraan verkon yli vastustajan puolelle.<\/p>\n<p><strong>Sy\u00f6tt\u00f6<\/strong><\/p>\n<p><img decoding=\"async\" class=\"emoji\" draggable=\"false\" src=\"https:\/\/s.w.org\/images\/core\/emoji\/72x72\/25fe.png\" alt=\"\u25fe\">Peli on k\u00e4ynniss\u00e4, kun pallo on ilmaan heitett\u00e4ess\u00e4 irronnut sy\u00f6tt\u00e4j\u00e4n k\u00e4mmenelt\u00e4. Eli jos sy\u00f6tt\u00e4j\u00e4 ly\u00f6 ohi pallosta, saa vastustaja pisteen.<br \/>\n<img decoding=\"async\" class=\"emoji\" draggable=\"false\" src=\"https:\/\/s.w.org\/images\/core\/emoji\/72x72\/25fe.png\" alt=\"\u25fe\">Sy\u00f6tt\u00f6 saa olla olla kuinka lyhyt tahansa eli on luvallista sy\u00f6tt\u00e4\u00e4 niin lyhyt sy\u00f6tt\u00f6, ett\u00e4 se pomppaisi useamman kerran kerran p\u00f6yd\u00e4ll\u00e4, jos vastustaja ei palauttaisi sy\u00f6tt\u00f6\u00e4.<br \/>\n<img decoding=\"async\" class=\"emoji\" draggable=\"false\" src=\"https:\/\/s.w.org\/images\/core\/emoji\/72x72\/25fe.png\" alt=\"\u25fe\">Sy\u00f6t\u00f6n ei my\u00f6sk\u00e4\u00e4n tarvitse menn\u00e4 ulos p\u00e4\u00e4dyst\u00e4 ulos.<br \/>\n<img decoding=\"async\" class=\"emoji\" draggable=\"false\" src=\"https:\/\/s.w.org\/images\/core\/emoji\/72x72\/25fe.png\" alt=\"\u25fe\">Verkkoa hipaissut sy\u00f6tt\u00f6, joka muuten on oikea, uusitaan.<\/p>\n<p><strong>Pistelasku<\/strong><\/p>\n<p><img decoding=\"async\" class=\"emoji\" draggable=\"false\" src=\"https:\/\/s.w.org\/images\/core\/emoji\/72x72\/25fe.png\" alt=\"\u25fe\">Er\u00e4t pelataan yhteentoista pisteeseen, kuitenkin niin, ett\u00e4 ero on v\u00e4hint\u00e4\u00e4n kaksi pistett\u00e4 esim. 12-10,13-11 jne.<br \/>\n<img decoding=\"async\" class=\"emoji\" draggable=\"false\" src=\"https:\/\/s.w.org\/images\/core\/emoji\/72x72\/25fe.png\" alt=\"\u25fe\">Jatkopalloilla pelattaessa (tilanne 10-10 j\u00e4lkeen) sy\u00f6tt\u00f6vuoro vaihtuu jokaisen pallon j\u00e4lkeen.<\/p>\n<p><img decoding=\"async\" class=\"emoji\" draggable=\"false\" src=\"https:\/\/s.w.org\/images\/core\/emoji\/72x72\/25fe.png\" alt=\"\u25fe\">Vastustaja saa pisteen, jos<br \/>\n&#8211; Pelaaja koskettaa p\u00f6yt\u00e4\u00e4 k\u00e4dell\u00e4, jossa ei ole mailaa<br \/>\n&#8211; Pelaaja ly\u00f6 p\u00f6yd\u00e4n p\u00e4\u00e4lt\u00e4 ilmasta palloa. P\u00f6yd\u00e4n takana saa pallon pys\u00e4ytt\u00e4\u00e4<br \/>\n&#8211; Pallo katsotaan osuneeksi p\u00f6yt\u00e4\u00e4n, jos se edes hipaisee p\u00f6yd\u00e4n reunaa, sen ei siis tarvitse pompata yl\u00f6sp\u00e4in.<\/p>\n<h2>Sy\u00f6tt\u00f6s\u00e4\u00e4nn\u00f6t ja k\u00e4yt\u00f6srikkeet<\/h2>\n<p>Alla oleva tiivistelm\u00e4 on hyv\u00e4 k\u00e4yd\u00e4 l\u00e4pi seuran kaikkien lisenssipelaajien ja j\u00e4senten kanssa. Se helpottaa varsinkin aloittelevien pelaajien toimimista tuomareina. Dokumentien voi my\u00f6s tulostaa kisojen ajaksi tuomarip\u00f6yd\u00e4lle.<\/p>\n<p><strong><a href=\"https:\/\/www.sptl.fi\/sptl_uudet\/wp-content\/uploads\/Syottosaannot-ja-kaytosrikkeet.pdf\">Sy\u00f6tt\u00f6s\u00e4\u00e4nn\u00f6t ja k\u00e4yt\u00f6srikkeet<\/a>&nbsp;<\/strong><\/p>\n<h2 lang=\"sv-SE\">Pingissanastoa<\/h2>\n<p>&#8221;Ei oikein oma s\u00f6rvi kulkenu tossa ekassa singeliss\u00e4. Vastus oli paha deffu, jonka altsua en saanut nostettua spinnill\u00e4, enk\u00e4 saanut avattua flipeill\u00e4 ollenkaan. Lopussa p\u00e4\u00e4sin peliin mukaan, kun sain kontrattua kulmiin kaverin k\u00e4mmenspinnit, joissa ei ollut paljon yltsy\u00e4. Mut mink\u00e4s teet, jos oot koko ajan alla, koska kaveri saa nelj\u00e4 soria siihen vikaan er\u00e4\u00e4n.&#8221;<\/p>\n<p lang=\"sv-SE\">singeli \/ singles = kaksinpeli<br \/>\ndubbeli \/ duobles = nelinpeli<br \/>\nmixti \/ mixed = sekanelinpeli<br \/>\nkvartta = puoliv\u00e4lier\u00e4<br \/>\nsemi = v\u00e4lier\u00e4<br \/>\ns\u00f6rvi \/ serv = sy\u00f6tt\u00f6<br \/>\nalla \/ alatilannne = tappiolla, tappiotilanne<br \/>\nsori \/ soripallo = verkon kautta tai p\u00f6yd\u00e4n reunasta saatu piste<br \/>\njenga = kierre yleisesti<br \/>\naltsu = alakierre<br \/>\nyltsy = yl\u00e4kierre<br \/>\nsivari = sivukierre<br \/>\nspinni = voimakkaasti yl\u00e4kierteinen ly\u00f6nti<br \/>\nflippi = nopea yl\u00e4kierrely\u00f6nti l\u00e4helle verkkoa tulleesta lyhyest\u00e4 palautuksesta<br \/>\nkontra = kontrolloitu palautus pallossa valmiiksi olevaa kierrett\u00e4 ja vauhtia hy\u00f6dynt\u00e4en<br \/>\navaus = pallorallin ensimm\u00e4inen hy\u00f6kk\u00e4ysly\u00f6nti<br \/>\ndeffu = puolustuspelaaja<br \/>\nblokeeraus = nopean ly\u00f6nnin palauttaminen p\u00f6yd\u00e4n pinnasta laittamatta palloon lis\u00e4\u00e4 vauhtia<br \/>\nkantti = pallon osuminen mailan sivureunaan<br \/>\nk\u00e4sisy\u00f6tt\u00f6 = s\u00e4\u00e4nt\u00f6jenvastainen sy\u00f6tt\u00f6, jossa pallo ei nouse riitt\u00e4v\u00e4sti (v\u00e4hint\u00e4\u00e4n 16 cm) avok\u00e4mmenelt\u00e4 yl\u00f6sp\u00e4in tai se heitet\u00e4\u00e4n esim. taaksep\u00e4in kohti mailaa<br \/>\nkaveri = vastustaja<br \/>\ndumari = tuomari<br \/>\nfyssa = fysiikkaharjoittelu<\/p>\n<p lang=\"sv-SE\"><strong>Luokkien lyhenteet<\/strong><\/p>\n<p lang=\"sv-SE\">MS \/ Men&#8217;s Singles = miesten kaksinpeli<br \/>\nWS \/ Women&#8217;s Singles = naisten kaksinpeli<br \/>\nMD \/ Men&#8217;s Doubles = miesten nelipeli<br \/>\nWD \/ Women&#8217;s Doubles = naisten kaksinpeli<br \/>\nXD \/ Mixed Doubles = sekanelinpeli<\/p>\n<p lang=\"sv-SE\"><strong>Pelisysteemi ja ottelukaavio<\/strong><\/p>\n<p lang=\"sv-SE\">pooli \/ pool = alkulohko<br \/>\nR256\/128\/64\/32\/16 = jatkokaavion kierrokset (montako pelaajaa j\u00e4ljell\u00e4)<br \/>\nQF \/ quarterfinal \/ kvartta = puoliv\u00e4lier\u00e4<br \/>\nSF \/ semifinali \/ semi = v\u00e4lier\u00e4<\/p>\n<p lang=\"sv-SE\">&nbsp;<\/p>\n","protected":false},"excerpt":{"rendered":"<p>Pelin aloitus ja kulku Ottelu aloitetaan arpomalla sy\u00f6tt\u00e4j\u00e4. Sy\u00f6tt\u00e4j\u00e4 ei siis m\u00e4\u00e4r\u00e4ydy aloituspallolla, kuten usein luullaan. Ensimm\u00e4isen\u00e4 vuorossa oleva sy\u00f6tt\u00e4\u00e4 aluksi kaksi palloa, mink\u00e4 j\u00e4lkeen sy\u00f6tt\u00f6vuoro vaihtuu. Sy\u00f6t\u00f6ss\u00e4 pallon tulee ensin koskettaa sy\u00f6tt\u00e4j\u00e4n omaa p\u00f6yt\u00e4puoliskoa ja pompata siit\u00e4 verkon yli vastustajan puolelle. T\u00e4m\u00e4n j\u00e4lkeen pallo ly\u00f6d\u00e4\u00e4n pompun j\u00e4lkeen suoraan verkon yli vastustajan puolelle. Sy\u00f6tt\u00f6 Peli &hellip; <a href=\"https:\/\/www.sptl.fi\/sptl_uudet\/?page_id=1124\" class=\"more-link\">Jatka lukemista <span class=\"screen-reader-text\">P\u00f6yt\u00e4tenniss\u00e4\u00e4nt\u00f6j\u00e4 ja -sanastoa<\/span> <span class=\"meta-nav\">&rarr;<\/span><\/a><\/p>\n","protected":false},"author":7,"featured_media":0,"parent":1088,"menu_order":0,"comment_status":"closed","ping_status":"closed","template":"","meta":{"ngg_post_thumbnail":0,"footnotes":""},"class_list":["post-1124","page","type-page","status-publish","hentry"],"_links":{"self":[{"href":"https:\/\/www.sptl.fi\/sptl_uudet\/index.php?rest_route=\/wp\/v2\/pages\/1124","targetHints":{"allow":["GET"]}}],"collection":[{"href":"https:\/\/www.sptl.fi\/sptl_uudet\/index.php?rest_route=\/wp\/v2\/pages"}],"about":[{"href":"https:\/\/www.sptl.fi\/sptl_uudet\/index.php?rest_route=\/wp\/v2\/types\/page"}],"author":[{"embeddable":true,"href":"https:\/\/www.sptl.fi\/sptl_uudet\/index.php?rest_route=\/wp\/v2\/users\/7"}],"replies":[{"embeddable":true,"href":"https:\/\/www.sptl.fi\/sptl_uudet\/index.php?rest_route=%2Fwp%2Fv2%2Fcomments&post=1124"}],"version-history":[{"count":16,"href":"https:\/\/www.sptl.fi\/sptl_uudet\/index.php?rest_route=\/wp\/v2\/pages\/1124\/revisions"}],"predecessor-version":[{"id":62913,"href":"https:\/\/www.sptl.fi\/sptl_uudet\/index.php?rest_route=\/wp\/v2\/pages\/1124\/revisions\/62913"}],"up":[{"embeddable":true,"href":"https:\/\/www.sptl.fi\/sptl_uudet\/index.php?rest_route=\/wp\/v2\/pages\/1088"}],"wp:attachment":[{"href":"https:\/\/www.sptl.fi\/sptl_uudet\/index.php?rest_route=%2Fwp%2Fv2%2Fmedia&parent=1124"}],"curies":[{"name":"wp","href":"https:\/\/api.w.org\/{rel}","templated":true}]}}