{"id":116,"date":"2015-08-28T20:30:35","date_gmt":"2015-08-28T17:30:35","guid":{"rendered":"http:\/\/sptldev.sdihost.fi\/wordpress\/?page_id=116"},"modified":"2025-04-09T20:49:18","modified_gmt":"2025-04-09T17:49:18","slug":"yhteyshenkilot-2","status":"publish","type":"page","link":"https:\/\/www.sptl.fi\/sptl_uudet\/?page_id=116","title":{"rendered":"Yhteyshenkil\u00f6t ja pelipaikat"},"content":{"rendered":"<p>Joukkueiden yhteyshenkil\u00f6t ja pelipaikat l\u00f6ytyv\u00e4t alla olevan linkin kautta<\/p>\n<p><a href=\"https:\/\/docs.google.com\/spreadsheets\/d\/1RMsjCsQVSmuqxrkd4tBylqugNSsUXVcfPrEWpbC8Ruk\/edit#gid=851655002\" target=\"_blank\">https:\/\/docs.google.com\/spreadsheets\/d\/1RMsjCsQVSmuqxrkd4tBylqugNSsUXVcfPrEWpbC8Ruk\/edit#gid=851655002<\/a><\/p>\n<p>Yhteyshenkil\u00f6t ja pelipaikat pyrit\u00e4\u00e4n pikkuhiljaa siirt\u00e4m\u00e4\u00e4n sarjojen yhteyteen. Sarjataulukosta saa n\u00e4kyviin joukkueen lis\u00e4tiedot klikkaamalla joukkueen nime\u00e4. Joukkueiden lis\u00e4tietoja voivat muokata seurojen yhteyshenkil\u00f6t.<\/p>\n","protected":false},"excerpt":{"rendered":"<p>Joukkueiden yhteyshenkil\u00f6t ja pelipaikat l\u00f6ytyv\u00e4t alla olevan linkin kautta https:\/\/docs.google.com\/spreadsheets\/d\/1RMsjCsQVSmuqxrkd4tBylqugNSsUXVcfPrEWpbC8Ruk\/edit#gid=851655002 Yhteyshenkil\u00f6t ja pelipaikat pyrit\u00e4\u00e4n pikkuhiljaa siirt\u00e4m\u00e4\u00e4n sarjojen yhteyteen. Sarjataulukosta saa n\u00e4kyviin joukkueen lis\u00e4tiedot klikkaamalla joukkueen nime\u00e4. Joukkueiden lis\u00e4tietoja voivat muokata seurojen yhteyshenkil\u00f6t.<\/p>\n","protected":false},"author":1,"featured_media":0,"parent":0,"menu_order":0,"comment_status":"closed","ping_status":"closed","template":"","meta":{"ngg_post_thumbnail":0,"footnotes":""},"class_list":["post-116","page","type-page","status-publish","hentry"],"_links":{"self":[{"href":"https:\/\/www.sptl.fi\/sptl_uudet\/index.php?rest_route=\/wp\/v2\/pages\/116","targetHints":{"allow":["GET"]}}],"collection":[{"href":"https:\/\/www.sptl.fi\/sptl_uudet\/index.php?rest_route=\/wp\/v2\/pages"}],"about":[{"href":"https:\/\/www.sptl.fi\/sptl_uudet\/index.php?rest_route=\/wp\/v2\/types\/page"}],"author":[{"embeddable":true,"href":"https:\/\/www.sptl.fi\/sptl_uudet\/index.php?rest_route=\/wp\/v2\/users\/1"}],"replies":[{"embeddable":true,"href":"https:\/\/www.sptl.fi\/sptl_uudet\/index.php?rest_route=%2Fwp%2Fv2%2Fcomments&post=116"}],"version-history":[{"count":10,"href":"https:\/\/www.sptl.fi\/sptl_uudet\/index.php?rest_route=\/wp\/v2\/pages\/116\/revisions"}],"predecessor-version":[{"id":2295,"href":"https:\/\/www.sptl.fi\/sptl_uudet\/index.php?rest_route=\/wp\/v2\/pages\/116\/revisions\/2295"}],"wp:attachment":[{"href":"https:\/\/www.sptl.fi\/sptl_uudet\/index.php?rest_route=%2Fwp%2Fv2%2Fmedia&parent=116"}],"curies":[{"name":"wp","href":"https:\/\/api.w.org\/{rel}","templated":true}]}}