{"id":1296,"date":"2016-06-30T13:43:55","date_gmt":"2016-06-30T10:43:55","guid":{"rendered":"http:\/\/www.tiedonrakentajat.fi\/sptl_uudet\/?page_id=1296"},"modified":"2024-09-02T13:49:58","modified_gmt":"2024-09-02T10:49:58","slug":"kilpailut-ja-sarjat","status":"publish","type":"page","link":"https:\/\/www.sptl.fi\/sptl_uudet\/?page_id=1296","title":{"rendered":"Kilpailut ja sarjat"},"content":{"rendered":"<p>Liiton kaikista toiminnoista laajuudeltaan selv\u00e4sti suurin on kilpailutoiminta, jota toteutetaan huippu-urheilussa, nuorisourheilussa, aikuisliikunnassa, senioriliikunnassa sek\u00e4 vammaispingiksess\u00e4.<\/p>\n<p>Kilpailutoiminta jakautuu kansalliseen toimintaan ja kansainv\u00e4liseen kilpailu- ja maajoukkuetason toimintaan.&nbsp;P\u00f6yt\u00e4tennisliiton kilpailutoiminnan kehitt\u00e4misest\u00e4 vastaa kilpailuvaliokunta.<\/p>\n<p>P\u00f6yt\u00e4tennisliiton alaisia sarjoja pelataan kuudella sarjatasolla (Mestaruussarja, 1-6 divisioonat). Sarjoihin liittyv\u00e4t toiminnot on hoidettu p\u00e4\u00e4osin sarjajaostossa, joka on hoitanut sarjatoiminnan ohjelmat ja tulosten k\u00e4sittelyn.<\/p>\n<p>Kilpailuvaliokunta: Teemu Oinas (pj), Henri Pelkonen, Jori Haataja, Juha Julmala, Aaro M\u00e4kel\u00e4<\/p>\n<p>Sarjajaosto: Teemu Oinas (pj), Jori Haataja, Juha Julmala, Aaro M\u00e4kel\u00e4<\/p>\n","protected":false},"excerpt":{"rendered":"<p>Liiton kaikista toiminnoista laajuudeltaan selv\u00e4sti suurin on kilpailutoiminta, jota toteutetaan huippu-urheilussa, nuorisourheilussa, aikuisliikunnassa, senioriliikunnassa sek\u00e4 vammaispingiksess\u00e4. Kilpailutoiminta jakautuu kansalliseen toimintaan ja kansainv\u00e4liseen kilpailu- ja maajoukkuetason toimintaan.&nbsp;P\u00f6yt\u00e4tennisliiton kilpailutoiminnan kehitt\u00e4misest\u00e4 vastaa kilpailuvaliokunta. P\u00f6yt\u00e4tennisliiton alaisia sarjoja pelataan kuudella sarjatasolla (Mestaruussarja, 1-6 divisioonat). Sarjoihin liittyv\u00e4t toiminnot on hoidettu p\u00e4\u00e4osin sarjajaostossa, joka on hoitanut sarjatoiminnan ohjelmat ja tulosten k\u00e4sittelyn. Kilpailuvaliokunta: &hellip; <a href=\"https:\/\/www.sptl.fi\/sptl_uudet\/?page_id=1296\" class=\"more-link\">Jatka lukemista <span class=\"screen-reader-text\">Kilpailut ja sarjat<\/span> <span class=\"meta-nav\">&rarr;<\/span><\/a><\/p>\n","protected":false},"author":7,"featured_media":0,"parent":0,"menu_order":0,"comment_status":"closed","ping_status":"closed","template":"","meta":{"ngg_post_thumbnail":0,"footnotes":""},"class_list":["post-1296","page","type-page","status-publish","hentry"],"_links":{"self":[{"href":"https:\/\/www.sptl.fi\/sptl_uudet\/index.php?rest_route=\/wp\/v2\/pages\/1296","targetHints":{"allow":["GET"]}}],"collection":[{"href":"https:\/\/www.sptl.fi\/sptl_uudet\/index.php?rest_route=\/wp\/v2\/pages"}],"about":[{"href":"https:\/\/www.sptl.fi\/sptl_uudet\/index.php?rest_route=\/wp\/v2\/types\/page"}],"author":[{"embeddable":true,"href":"https:\/\/www.sptl.fi\/sptl_uudet\/index.php?rest_route=\/wp\/v2\/users\/7"}],"replies":[{"embeddable":true,"href":"https:\/\/www.sptl.fi\/sptl_uudet\/index.php?rest_route=%2Fwp%2Fv2%2Fcomments&post=1296"}],"version-history":[{"count":9,"href":"https:\/\/www.sptl.fi\/sptl_uudet\/index.php?rest_route=\/wp\/v2\/pages\/1296\/revisions"}],"predecessor-version":[{"id":52793,"href":"https:\/\/www.sptl.fi\/sptl_uudet\/index.php?rest_route=\/wp\/v2\/pages\/1296\/revisions\/52793"}],"wp:attachment":[{"href":"https:\/\/www.sptl.fi\/sptl_uudet\/index.php?rest_route=%2Fwp%2Fv2%2Fmedia&parent=1296"}],"curies":[{"name":"wp","href":"https:\/\/api.w.org\/{rel}","templated":true}]}}