{"id":1298,"date":"2016-06-30T13:44:10","date_gmt":"2016-06-30T10:44:10","guid":{"rendered":"http:\/\/www.tiedonrakentajat.fi\/sptl_uudet\/?page_id=1298"},"modified":"2025-12-16T17:42:49","modified_gmt":"2025-12-16T15:42:49","slug":"seuratoiminta","status":"publish","type":"page","link":"https:\/\/www.sptl.fi\/sptl_uudet\/?page_id=1298","title":{"rendered":"Seuratoiminta"},"content":{"rendered":"<p>P\u00f6yt\u00e4tennisliiton alaiset seurat ovat liittohallituksen hyv\u00e4ksymi\u00e4 rekister\u00f6ityj\u00e4 yhdistyksi\u00e4. J\u00e4senseurojen katsotaan sitoutuneen noudattamaan liiton s\u00e4\u00e4nt\u00f6j\u00e4 ja sen toimielinten p\u00e4\u00e4t\u00f6ksi\u00e4 sek\u00e4 ITTF:n s\u00e4\u00e4nt\u00f6j\u00e4 ja m\u00e4\u00e4r\u00e4yksi\u00e4. Seuratoiminnan kehitt\u00e4misest\u00e4 vastaa seuravaliokunta.<\/p>\n<p>P\u00f6yt\u00e4tennisliitto edist\u00e4\u00e4 p\u00f6yt\u00e4tennisseurojen ja -jaostojen perustamista ja tukee niiden toimintaa mahdollisuuksien mukaan. Liitto tekee seurojen kanssa yhdess\u00e4 mm. kouluvierailuja ja j\u00e4rjest\u00e4\u00e4 leirej\u00e4.<\/p>\n<p>&nbsp;<\/p>\n<p><strong><a href=\"https:\/\/www.sptl.fi\/sptl_uudet\/wp-content\/uploads\/SPTLn-jasenseurat.xlsx\" target=\"_blank\" rel=\"noopener\">SPTLn-j\u00e4senseurat (xls)<\/a><\/strong><br \/>\n&#8211; nettisivut<br \/>\n&#8211; somekanavat (Facebook, Instagram, Twitter, Youtube)<br \/>\n&#8211; p\u00e4ivityspyynn\u00f6t heikki.kiiskinen(\u00e5)gmail.com<\/p>\n<p>&nbsp;<\/p>\n","protected":false},"excerpt":{"rendered":"<p>P\u00f6yt\u00e4tennisliiton alaiset seurat ovat liittohallituksen hyv\u00e4ksymi\u00e4 rekister\u00f6ityj\u00e4 yhdistyksi\u00e4. J\u00e4senseurojen katsotaan sitoutuneen noudattamaan liiton s\u00e4\u00e4nt\u00f6j\u00e4 ja sen toimielinten p\u00e4\u00e4t\u00f6ksi\u00e4 sek\u00e4 ITTF:n s\u00e4\u00e4nt\u00f6j\u00e4 ja m\u00e4\u00e4r\u00e4yksi\u00e4. Seuratoiminnan kehitt\u00e4misest\u00e4 vastaa seuravaliokunta. P\u00f6yt\u00e4tennisliitto edist\u00e4\u00e4 p\u00f6yt\u00e4tennisseurojen ja -jaostojen perustamista ja tukee niiden toimintaa mahdollisuuksien mukaan. Liitto tekee seurojen kanssa yhdess\u00e4 mm. kouluvierailuja ja j\u00e4rjest\u00e4\u00e4 leirej\u00e4. &nbsp; SPTLn-j\u00e4senseurat (xls) &#8211; nettisivut &#8211; &hellip; <a href=\"https:\/\/www.sptl.fi\/sptl_uudet\/?page_id=1298\" class=\"more-link\">Jatka lukemista <span class=\"screen-reader-text\">Seuratoiminta<\/span> <span class=\"meta-nav\">&rarr;<\/span><\/a><\/p>\n","protected":false},"author":7,"featured_media":0,"parent":0,"menu_order":0,"comment_status":"closed","ping_status":"closed","template":"","meta":{"ngg_post_thumbnail":0,"footnotes":""},"class_list":["post-1298","page","type-page","status-publish","hentry"],"_links":{"self":[{"href":"https:\/\/www.sptl.fi\/sptl_uudet\/index.php?rest_route=\/wp\/v2\/pages\/1298","targetHints":{"allow":["GET"]}}],"collection":[{"href":"https:\/\/www.sptl.fi\/sptl_uudet\/index.php?rest_route=\/wp\/v2\/pages"}],"about":[{"href":"https:\/\/www.sptl.fi\/sptl_uudet\/index.php?rest_route=\/wp\/v2\/types\/page"}],"author":[{"embeddable":true,"href":"https:\/\/www.sptl.fi\/sptl_uudet\/index.php?rest_route=\/wp\/v2\/users\/7"}],"replies":[{"embeddable":true,"href":"https:\/\/www.sptl.fi\/sptl_uudet\/index.php?rest_route=%2Fwp%2Fv2%2Fcomments&post=1298"}],"version-history":[{"count":33,"href":"https:\/\/www.sptl.fi\/sptl_uudet\/index.php?rest_route=\/wp\/v2\/pages\/1298\/revisions"}],"predecessor-version":[{"id":64015,"href":"https:\/\/www.sptl.fi\/sptl_uudet\/index.php?rest_route=\/wp\/v2\/pages\/1298\/revisions\/64015"}],"wp:attachment":[{"href":"https:\/\/www.sptl.fi\/sptl_uudet\/index.php?rest_route=%2Fwp%2Fv2%2Fmedia&parent=1298"}],"curies":[{"name":"wp","href":"https:\/\/api.w.org\/{rel}","templated":true}]}}