{"id":1302,"date":"2016-06-30T13:44:49","date_gmt":"2016-06-30T10:44:49","guid":{"rendered":"http:\/\/www.tiedonrakentajat.fi\/sptl_uudet\/?page_id=1302"},"modified":"2023-03-03T09:08:30","modified_gmt":"2023-03-03T07:08:30","slug":"valmennus-ja-koulutus","status":"publish","type":"page","link":"https:\/\/www.sptl.fi\/sptl_uudet\/?page_id=1302","title":{"rendered":"Valmennus ja koulutus"},"content":{"rendered":"<p>P\u00f6yt\u00e4tennisliitto j\u00e4rjest\u00e4\u00e4 eritasoisia lajikoulutuksia kaikille aiheesta kiinnostuneille. Valmennuskoulutus toteutetaan portaittain VOK-koulutusj\u00e4rjestelm\u00e4n mukaisesti.<\/p>\n<p>Liitto j\u00e4rjest\u00e4\u00e4 my\u00f6s lajiin liittyv\u00e4\u00e4 perusohjaajakoulusta seuroissa, edistyneempien valmentajien koulutusta sek\u00e4 tuomarikoulutusta. Mik\u00e4li olet kiinnostunut koulutuksista, ota yhteytt\u00e4 info@sptl.fi.<\/p>\n<p>Valmennusvaliokunta: Mika R\u00e4s\u00e4nen (pj), Esko Heikkinen, Johanna Kaimio, Mika Sorvisto, Taneli Keinonen, Tuomas Perkki\u00f6, Teemu Oinas<\/p>\n<h2>Valmennuksen verkkokurssit<\/h2>\n<p>SPTL on yhdess\u00e4 Liikuntakeskus Pajulahden kanssa rakentanut kolme eri valmennuksen verkkokurssia, jotka pohjaavat viime vuosina ilmestyneisiin lajioppaisiimme. Aiheet ovat seuravalmentajana toimiminen, moderni ly\u00f6ntitekniikka ja p\u00f6yt\u00e4tennispelaajan fyysisten ominaisuuksien kehitt\u00e4minen. Olemme t\u00e4ss\u00e4 asiassa ensimm\u00e4isten joukossa, sill\u00e4 monellakaan lajiliitolla ei valmennuksen verkkokoulutuksia viel\u00e4 ole.<\/p>\n<p><a href=\"https:\/\/www.sptl.fi\/sptl_uudet\/?p=38414\"><strong>Lue lis\u00e4\u00e4 t\u00e4\u00e4lt\u00e4<\/strong><\/a><\/p>\n<p>&nbsp;<\/p>\n","protected":false},"excerpt":{"rendered":"<p>P\u00f6yt\u00e4tennisliitto j\u00e4rjest\u00e4\u00e4 eritasoisia lajikoulutuksia kaikille aiheesta kiinnostuneille. Valmennuskoulutus toteutetaan portaittain VOK-koulutusj\u00e4rjestelm\u00e4n mukaisesti. Liitto j\u00e4rjest\u00e4\u00e4 my\u00f6s lajiin liittyv\u00e4\u00e4 perusohjaajakoulusta seuroissa, edistyneempien valmentajien koulutusta sek\u00e4 tuomarikoulutusta. Mik\u00e4li olet kiinnostunut koulutuksista, ota yhteytt\u00e4 info@sptl.fi. Valmennusvaliokunta: Mika R\u00e4s\u00e4nen (pj), Esko Heikkinen, Johanna Kaimio, Mika Sorvisto, Taneli Keinonen, Tuomas Perkki\u00f6, Teemu Oinas Valmennuksen verkkokurssit SPTL on yhdess\u00e4 Liikuntakeskus Pajulahden kanssa &hellip; <a href=\"https:\/\/www.sptl.fi\/sptl_uudet\/?page_id=1302\" class=\"more-link\">Jatka lukemista <span class=\"screen-reader-text\">Valmennus ja koulutus<\/span> <span class=\"meta-nav\">&rarr;<\/span><\/a><\/p>\n","protected":false},"author":7,"featured_media":0,"parent":0,"menu_order":0,"comment_status":"closed","ping_status":"closed","template":"","meta":{"ngg_post_thumbnail":0,"footnotes":""},"class_list":["post-1302","page","type-page","status-publish","hentry"],"_links":{"self":[{"href":"https:\/\/www.sptl.fi\/sptl_uudet\/index.php?rest_route=\/wp\/v2\/pages\/1302","targetHints":{"allow":["GET"]}}],"collection":[{"href":"https:\/\/www.sptl.fi\/sptl_uudet\/index.php?rest_route=\/wp\/v2\/pages"}],"about":[{"href":"https:\/\/www.sptl.fi\/sptl_uudet\/index.php?rest_route=\/wp\/v2\/types\/page"}],"author":[{"embeddable":true,"href":"https:\/\/www.sptl.fi\/sptl_uudet\/index.php?rest_route=\/wp\/v2\/users\/7"}],"replies":[{"embeddable":true,"href":"https:\/\/www.sptl.fi\/sptl_uudet\/index.php?rest_route=%2Fwp%2Fv2%2Fcomments&post=1302"}],"version-history":[{"count":9,"href":"https:\/\/www.sptl.fi\/sptl_uudet\/index.php?rest_route=\/wp\/v2\/pages\/1302\/revisions"}],"predecessor-version":[{"id":39754,"href":"https:\/\/www.sptl.fi\/sptl_uudet\/index.php?rest_route=\/wp\/v2\/pages\/1302\/revisions\/39754"}],"wp:attachment":[{"href":"https:\/\/www.sptl.fi\/sptl_uudet\/index.php?rest_route=%2Fwp%2Fv2%2Fmedia&parent=1302"}],"curies":[{"name":"wp","href":"https:\/\/api.w.org\/{rel}","templated":true}]}}