{"id":17725,"date":"2019-06-03T17:15:16","date_gmt":"2019-06-03T14:15:16","guid":{"rendered":"http:\/\/www.sptl.fi\/sptl_uudet\/?page_id=17725"},"modified":"2022-05-06T16:18:49","modified_gmt":"2022-05-06T13:18:49","slug":"luokittelu-2","status":"publish","type":"page","link":"https:\/\/www.sptl.fi\/sptl_uudet\/?page_id=17725","title":{"rendered":"Luokittelu"},"content":{"rendered":"<h2>Linkkej\u00e4<\/h2>\n<ul>\n<li style=\"list-style-type: none;\">\n<ul><\/ul>\n<\/li>\n<\/ul>\n<p><strong><a href=\"https:\/\/www.paralympia.fi\/urheilu\/luokittelu\" target=\"_blank\" rel=\"noopener\">Yleist\u00e4 luokittelusta<\/a><\/strong><\/p>\n<p><strong><a href=\"https:\/\/www.paralympia.fi\/urheilu\/lajit\/poytatennis\/saannot-ja-luokittelu\" target=\"_blank\" rel=\"noopener\">P\u00f6yt\u00e4tenniksen s\u00e4\u00e4nn\u00f6t ja luokittelu<\/a><\/strong><\/p>\n<p><strong><a href=\"https:\/\/www.paralympic.org\/classification\" target=\"_blank\" rel=\"noopener\">Kansainv\u00e4lisen Paralympiakomitean luokittelusivut<\/a><\/strong><\/p>\n<p><strong><a href=\"http:\/\/www.ipttc.org\/classification\/\">Kansainv\u00e4linen vammaisp\u00f6yt\u00e4tennisliitto (luokittelum\u00e4\u00e4ritykset)<\/a><\/strong><\/p>\n<p><strong><a href=\"https:\/\/www.paralympic.org\/sites\/default\/files\/document\/150915170806821_2015_09_15%2BExplanatory%2Bguide%2BClassification_summer%2BFINAL%2B_5.pdf\" target=\"_blank\" rel=\"noopener\">Explanatory guide to Paralympic classification<\/a><\/strong><\/p>\n<p><strong><a href=\"https:\/\/www.ipttc.org\/\" target=\"_blank\" rel=\"noopener\">ITTF:n pararanking<\/a><\/strong><\/p>\n<p>&nbsp;<\/p>\n","protected":false},"excerpt":{"rendered":"<p>Linkkej\u00e4 Yleist\u00e4 luokittelusta P\u00f6yt\u00e4tenniksen s\u00e4\u00e4nn\u00f6t ja luokittelu Kansainv\u00e4lisen Paralympiakomitean luokittelusivut Kansainv\u00e4linen vammaisp\u00f6yt\u00e4tennisliitto (luokittelum\u00e4\u00e4ritykset) Explanatory guide to Paralympic classification ITTF:n pararanking &nbsp;<\/p>\n","protected":false},"author":7,"featured_media":0,"parent":299,"menu_order":0,"comment_status":"closed","ping_status":"closed","template":"","meta":{"ngg_post_thumbnail":0,"footnotes":""},"class_list":["post-17725","page","type-page","status-publish","hentry"],"_links":{"self":[{"href":"https:\/\/www.sptl.fi\/sptl_uudet\/index.php?rest_route=\/wp\/v2\/pages\/17725","targetHints":{"allow":["GET"]}}],"collection":[{"href":"https:\/\/www.sptl.fi\/sptl_uudet\/index.php?rest_route=\/wp\/v2\/pages"}],"about":[{"href":"https:\/\/www.sptl.fi\/sptl_uudet\/index.php?rest_route=\/wp\/v2\/types\/page"}],"author":[{"embeddable":true,"href":"https:\/\/www.sptl.fi\/sptl_uudet\/index.php?rest_route=\/wp\/v2\/users\/7"}],"replies":[{"embeddable":true,"href":"https:\/\/www.sptl.fi\/sptl_uudet\/index.php?rest_route=%2Fwp%2Fv2%2Fcomments&post=17725"}],"version-history":[{"count":8,"href":"https:\/\/www.sptl.fi\/sptl_uudet\/index.php?rest_route=\/wp\/v2\/pages\/17725\/revisions"}],"predecessor-version":[{"id":32552,"href":"https:\/\/www.sptl.fi\/sptl_uudet\/index.php?rest_route=\/wp\/v2\/pages\/17725\/revisions\/32552"}],"up":[{"embeddable":true,"href":"https:\/\/www.sptl.fi\/sptl_uudet\/index.php?rest_route=\/wp\/v2\/pages\/299"}],"wp:attachment":[{"href":"https:\/\/www.sptl.fi\/sptl_uudet\/index.php?rest_route=%2Fwp%2Fv2%2Fmedia&parent=17725"}],"curies":[{"name":"wp","href":"https:\/\/api.w.org\/{rel}","templated":true}]}}