{"id":22542,"date":"2020-03-31T10:59:57","date_gmt":"2020-03-31T07:59:57","guid":{"rendered":"http:\/\/www.sptl.fi\/sptl_uudet\/?page_id=22542"},"modified":"2026-01-14T15:05:53","modified_gmt":"2026-01-14T13:05:53","slug":"seuratyokalu-2","status":"publish","type":"page","link":"https:\/\/www.sptl.fi\/sptl_uudet\/?page_id=22542","title":{"rendered":"Seuraty\u00f6kalu"},"content":{"rendered":"<p>Seuraty\u00f6kalu on suomalaisen p\u00f6yt\u00e4tennisseuran tarpeisiin suunniteltu v\u00e4line seurakehitt\u00e4miseen. Ty\u00f6kalun tavoitteena on tarjota seuroille v\u00e4line entist\u00e4 laadukkaamman seuraty\u00f6n tekemiseen. Sen toteuttamisessa on otettu mallia Salibandyliiton ja Palloliiton vastaavista v\u00e4lineist\u00e4. Ty\u00f6kalun on luonut P\u00f6yt\u00e4tennisliiton seuravaliokunta.<\/p>\n<p>Ty\u00f6kalun perusidea on jakaa seuratoiminta eri osa-alueisiin ja tarkastella seuran toimintaa sit\u00e4 kautta. Osa-alueita on nelj\u00e4: 1) viestint\u00e4 ja markkinointi, 2) varainhankinta ja kilpailut, 3) johtaminen ja hallinto ja 4) urheilutoiminta ja olosuhteet.<\/p>\n<p>Ty\u00f6kalussa on kolme eri tasoa, joita seurojen on tarkoitus kiivet\u00e4 yl\u00f6sp\u00e4in. T\u00e4ytt\u00e4m\u00e4ll\u00e4 yhden tason kriteerit seura p\u00e4\u00e4see seuraavalle tasolle. Idea ei ole kuitenkaan suorittaa tasoja &#8221;rasti ruutuun&#8221;-menetelm\u00e4ll\u00e4, vaan aidosti tarttua seurojen mahdollisiin kehityskohteisiin. Yhdess\u00e4 liiton ja muiden seurojen kanssa tavoitteena on l\u00f6yt\u00e4\u00e4 ratkaisut seuran kehitt\u00e4miseen.<\/p>\n<p><strong>Tutustu ty\u00f6kaluun: <a href=\"http:\/\/www.sptl.fi\/sptl_uudet\/wp-content\/uploads\/SPTL_seuraty\u00f6kalu-4.0.xlsx\">SEURATY\u00d6KALU <\/a><\/strong><\/p>\n<p><strong>Lis\u00e4tiedot:<br \/>\n<\/strong>Henri Pelkonen<br \/>\n040 537 1449, henri.pelkonen@sptl.fi<\/p>\n<p><strong>Mukana olevat seurat suoritetun tason mukaisesti:<\/strong><\/p>\n<p><strong>Taso 3: Huippuseura<br \/>\n&#8211;<br \/>\n<\/strong><strong>Taso 2: Laatuseura<\/strong><br \/>\nMejlans Bollf\u00f6rening (Helsinki)<\/p>\n<p><strong>Taso 1: Kehittyv\u00e4 seura<br \/>\n<\/strong>OPT-86 (Oulu)<br \/>\nP\u00f6yt\u00e4tennis Jyv\u00e4skyl\u00e4 (Jyv\u00e4skyl\u00e4)<br \/>\nP\u00f6yt\u00e4tennis Porilaiset -83 (Pori)<\/p>\n<p><strong>L\u00e4ht\u00f6taso<br \/>\n<\/strong>Kosken Kaiku (Koski TL)<br \/>\nTIP-70 (Vantaa)<br \/>\nPT-Espoo (Espoo)<br \/>\nPer\u00e4sein\u00e4joen Toive (Per\u00e4sein\u00e4joki)<br \/>\nRovaniemen P\u00f6yt\u00e4tennis -60 (Rovaniemi)<\/p>\n","protected":false},"excerpt":{"rendered":"<p>Seuraty\u00f6kalu on suomalaisen p\u00f6yt\u00e4tennisseuran tarpeisiin suunniteltu v\u00e4line seurakehitt\u00e4miseen. Ty\u00f6kalun tavoitteena on tarjota seuroille v\u00e4line entist\u00e4 laadukkaamman seuraty\u00f6n tekemiseen. Sen toteuttamisessa on otettu mallia Salibandyliiton ja Palloliiton vastaavista v\u00e4lineist\u00e4. Ty\u00f6kalun on luonut P\u00f6yt\u00e4tennisliiton seuravaliokunta. Ty\u00f6kalun perusidea on jakaa seuratoiminta eri osa-alueisiin ja tarkastella seuran toimintaa sit\u00e4 kautta. Osa-alueita on nelj\u00e4: 1) viestint\u00e4 ja markkinointi, 2) varainhankinta &hellip; <a href=\"https:\/\/www.sptl.fi\/sptl_uudet\/?page_id=22542\" class=\"more-link\">Jatka lukemista <span class=\"screen-reader-text\">Seuraty\u00f6kalu<\/span> <span class=\"meta-nav\">&rarr;<\/span><\/a><\/p>\n","protected":false},"author":7,"featured_media":0,"parent":22511,"menu_order":0,"comment_status":"closed","ping_status":"closed","template":"","meta":{"ngg_post_thumbnail":0,"footnotes":""},"class_list":["post-22542","page","type-page","status-publish","hentry"],"_links":{"self":[{"href":"https:\/\/www.sptl.fi\/sptl_uudet\/index.php?rest_route=\/wp\/v2\/pages\/22542","targetHints":{"allow":["GET"]}}],"collection":[{"href":"https:\/\/www.sptl.fi\/sptl_uudet\/index.php?rest_route=\/wp\/v2\/pages"}],"about":[{"href":"https:\/\/www.sptl.fi\/sptl_uudet\/index.php?rest_route=\/wp\/v2\/types\/page"}],"author":[{"embeddable":true,"href":"https:\/\/www.sptl.fi\/sptl_uudet\/index.php?rest_route=\/wp\/v2\/users\/7"}],"replies":[{"embeddable":true,"href":"https:\/\/www.sptl.fi\/sptl_uudet\/index.php?rest_route=%2Fwp%2Fv2%2Fcomments&post=22542"}],"version-history":[{"count":11,"href":"https:\/\/www.sptl.fi\/sptl_uudet\/index.php?rest_route=\/wp\/v2\/pages\/22542\/revisions"}],"predecessor-version":[{"id":64499,"href":"https:\/\/www.sptl.fi\/sptl_uudet\/index.php?rest_route=\/wp\/v2\/pages\/22542\/revisions\/64499"}],"up":[{"embeddable":true,"href":"https:\/\/www.sptl.fi\/sptl_uudet\/index.php?rest_route=\/wp\/v2\/pages\/22511"}],"wp:attachment":[{"href":"https:\/\/www.sptl.fi\/sptl_uudet\/index.php?rest_route=%2Fwp%2Fv2%2Fmedia&parent=22542"}],"curies":[{"name":"wp","href":"https:\/\/api.w.org\/{rel}","templated":true}]}}