{"id":23928,"date":"2024-05-29T09:35:02","date_gmt":"2024-05-29T06:35:02","guid":{"rendered":"https:\/\/www.sptl.fi\/sptl_uudet\/?page_id=23928"},"modified":"2026-02-10T10:16:24","modified_gmt":"2026-02-10T08:16:24","slug":"kisajarjestajien-dokumentit","status":"publish","type":"page","link":"https:\/\/www.sptl.fi\/sptl_uudet\/?page_id=23928","title":{"rendered":"Kisaj\u00e4rjest\u00e4jien dokumentit"},"content":{"rendered":"<p>Alta l\u00f6ytyy kilpailujen j\u00e4rjest\u00e4jille tarpeellisia dokumentteja.<\/p>\n<ul>\n<li><a href=\"https:\/\/www.sptl.fi\/sptl_uudet\/?p=51639\">Kilpailujen j\u00e4rjest\u00e4j\u00e4n ohjeet versio 6.0<\/a><\/li>\n<li><a href=\"https:\/\/www.sptl.fi\/sptl_uudet\/Tiedostot\/NummeJyrk\/Webwelho-ohje-kilpailunjarjestajille-v1.1.pdf\">Webwelho-ohje kilpailunj\u00e4rjest\u00e4jille v1.1<\/a><\/li>\n<li><a href=\"https:\/\/www.sptl.fi\/sptl_uudet\/?p=51643\">GP-kilpailujen ohjeet kaudelle 2024\/2025<\/a><\/li>\n<li><a href=\"http:\/\/www.sptl.fi\/sptl_uudet\/wp-content\/uploads\/SPTL_s%C3%A4%C3%A4nn%C3%B6t_2020-21.pdf\">SPTL s\u00e4\u00e4nn\u00f6t<\/a><\/li>\n<li><a href=\"https:\/\/www.sptl.fi\/sptl_uudet\/wp-content\/uploads\/SPTL_Rating-manuaali_V7.0.pdf\">Ratingmanuaali versio 7.0<\/a><\/li>\n<li>Ylituomarin raportointilomake:&nbsp;<a href=\"https:\/\/forms.gle\/i9jAiJ5BDJFbydvw7\">https:\/\/forms.gle\/i9jAiJ5BDJFbydvw7<\/a><\/li>\n<\/ul>\n<p>&nbsp;<\/p>\n","protected":false},"excerpt":{"rendered":"<p>Alta l\u00f6ytyy kilpailujen j\u00e4rjest\u00e4jille tarpeellisia dokumentteja. Kilpailujen j\u00e4rjest\u00e4j\u00e4n ohjeet versio 6.0 Webwelho-ohje kilpailunj\u00e4rjest\u00e4jille v1.1 GP-kilpailujen ohjeet kaudelle 2024\/2025 SPTL s\u00e4\u00e4nn\u00f6t Ratingmanuaali versio 7.0 Ylituomarin raportointilomake:&nbsp;https:\/\/forms.gle\/i9jAiJ5BDJFbydvw7 &nbsp;<\/p>\n","protected":false},"author":7,"featured_media":0,"parent":1298,"menu_order":0,"comment_status":"closed","ping_status":"closed","template":"","meta":{"ngg_post_thumbnail":0,"footnotes":""},"class_list":["post-23928","page","type-page","status-publish","hentry"],"_links":{"self":[{"href":"https:\/\/www.sptl.fi\/sptl_uudet\/index.php?rest_route=\/wp\/v2\/pages\/23928","targetHints":{"allow":["GET"]}}],"collection":[{"href":"https:\/\/www.sptl.fi\/sptl_uudet\/index.php?rest_route=\/wp\/v2\/pages"}],"about":[{"href":"https:\/\/www.sptl.fi\/sptl_uudet\/index.php?rest_route=\/wp\/v2\/types\/page"}],"author":[{"embeddable":true,"href":"https:\/\/www.sptl.fi\/sptl_uudet\/index.php?rest_route=\/wp\/v2\/users\/7"}],"replies":[{"embeddable":true,"href":"https:\/\/www.sptl.fi\/sptl_uudet\/index.php?rest_route=%2Fwp%2Fv2%2Fcomments&post=23928"}],"version-history":[{"count":14,"href":"https:\/\/www.sptl.fi\/sptl_uudet\/index.php?rest_route=\/wp\/v2\/pages\/23928\/revisions"}],"predecessor-version":[{"id":65036,"href":"https:\/\/www.sptl.fi\/sptl_uudet\/index.php?rest_route=\/wp\/v2\/pages\/23928\/revisions\/65036"}],"up":[{"embeddable":true,"href":"https:\/\/www.sptl.fi\/sptl_uudet\/index.php?rest_route=\/wp\/v2\/pages\/1298"}],"wp:attachment":[{"href":"https:\/\/www.sptl.fi\/sptl_uudet\/index.php?rest_route=%2Fwp%2Fv2%2Fmedia&parent=23928"}],"curies":[{"name":"wp","href":"https:\/\/api.w.org\/{rel}","templated":true}]}}