{"id":24519,"date":"2020-10-29T14:07:09","date_gmt":"2020-10-29T12:07:09","guid":{"rendered":"https:\/\/www.sptl.fi\/sptl_uudet\/?page_id=24519"},"modified":"2025-06-27T13:26:54","modified_gmt":"2025-06-27T10:26:54","slug":"poytatennisliiton-vastuullisuusohjelma","status":"publish","type":"page","link":"https:\/\/www.sptl.fi\/sptl_uudet\/?page_id=24519","title":{"rendered":"Vastuullisuus"},"content":{"rendered":"<p><strong>Vastuullisuus ja vastuulliset valinnat l\u00e4pileikkaavat P\u00f6yt\u00e4tennisliiton toiminnan kaikki osa-alueet. P\u00f6yt\u00e4tennisliitossa vastuullisuus n\u00e4kyy nyt ja tulevaisuudessa mm. tiedottamisena, kouluttamisena ja konkreettisina tekoina. Liittoon on perustettu vuoden 2024 alussa vastuullisuusvaliokunta, joka valvoo ja edist\u00e4\u00e4 vastuullisuustoimien toteutumista liiton toiminnassa. <\/strong><\/p>\n<p>Liiton uusi vastuullisuusohjelma pohjaa Suomen Olympiakomitean yhteisty\u00f6ss\u00e4 kaikkien lajiliittojen kanssa laatiman Urheiluyhteis\u00f6n vastuullisuusohjelman periaatteisiin, mutta on laadittu p\u00f6yt\u00e4tenniksen lajikontekstiin. Urheiluyhteis\u00f6n tavoitteena on vastuullinen liikunta ja urheilu.<\/p>\n<p>Liiton vastuullisuusasioiden k\u00e4sikirja on Vastuullisuusohjelma. Ohjelmasta l\u00f6yd\u00e4t liiton toimintaperiaatteet ja tavoitteet seuraavissa osa-alueissa:<\/p>\n<ul>\n<li>Turvallinen toimintaymp\u00e4rist\u00f6<\/li>\n<li>Yhdenvertaisuus ja tasa-arvo<\/li>\n<li>Reilu kilpailu<\/li>\n<li>Hyv\u00e4 hallinto<\/li>\n<li>Ymp\u00e4rist\u00f6<\/li>\n<\/ul>\n<div class=\"ead-preview\"><div class=\"ead-document\" style=\"position: relative;\"><div class=\"ead-iframe-wrapper\"><iframe src=\"\/\/docs.google.com\/viewer?url=https%3A%2F%2Fwww.sptl.fi%2Fsptl_uudet%2Fwp-content%2Fuploads%2FVastuullisuusohjelma-2025-2028.pdf&amp;embedded=true&amp;hl=en\" title=\"Embedded Document\" class=\"ead-iframe\" style=\"width: 100%;height: 500px;border: none;visibility: hidden;\"><\/iframe><\/div>\t\t\t<div class=\"ead-document-loading\" style=\"width:100%;height:100%;position:absolute;left:0;top:0;z-index:10;\">\n\t\t\t\t<div class=\"ead-loading-wrap\">\n\t\t\t\t\t<div class=\"ead-loading-main\">\n\t\t\t\t\t\t<div class=\"ead-loading\">\n\t\t\t\t\t\t\t<img loading=\"lazy\" decoding=\"async\" src=\"https:\/\/www.sptl.fi\/sptl_uudet\/wp-content\/plugins\/embed-any-document\/images\/loading.svg\" width=\"55\" height=\"55\" alt=\"Loader\">\n\t\t\t\t\t\t\t<span>Loading...<\/span>\n\t\t\t\t\t\t<\/div>\n\t\t\t\t\t<\/div>\n\t\t\t\t\t<div class=\"ead-loading-foot\">\n\t\t\t\t\t\t<div class=\"ead-loading-foot-title\">\n\t\t\t\t\t\t\t<img loading=\"lazy\" decoding=\"async\" src=\"https:\/\/www.sptl.fi\/sptl_uudet\/wp-content\/plugins\/embed-any-document\/images\/EAD-logo.svg\" alt=\"EAD Logo\" width=\"36\" height=\"23\"\/>\n\t\t\t\t\t\t\t<span>Taking too long?<\/span>\n\t\t\t\t\t\t<\/div>\n\t\t\t\t\t\t<p>\n\t\t\t\t\t\t\t<div class=\"ead-document-btn ead-reload-btn\" role=\"button\">\n\t\t\t\t\t\t\t\t<img loading=\"lazy\" decoding=\"async\" src=\"https:\/\/www.sptl.fi\/sptl_uudet\/wp-content\/plugins\/embed-any-document\/images\/reload.svg\" alt=\"Reload\" width=\"12\" height=\"12\"\/> Reload document\t\t\t\t\t\t\t<\/div>\n\t\t\t\t\t\t\t<span>|<\/span>\n\t\t\t\t\t\t\t<a href=\"https:\/\/www.sptl.fi\/sptl_uudet\/wp-content\/uploads\/Vastuullisuusohjelma-2025-2028.pdf\" class=\"ead-document-btn\" target=\"_blank\">\n\t\t\t\t\t\t\t\t<img loading=\"lazy\" decoding=\"async\" src=\"https:\/\/www.sptl.fi\/sptl_uudet\/wp-content\/plugins\/embed-any-document\/images\/open.svg\" alt=\"Open\" width=\"12\" height=\"12\"\/> Open in new tab\t\t\t\t\t\t\t<\/a>\n\t\t\t\t\t<\/div>\n\t\t\t\t<\/div>\n\t\t\t<\/div>\n\t\t<\/div><p class=\"embed_download\"><a href=\"https:\/\/www.sptl.fi\/sptl_uudet\/wp-content\/uploads\/Vastuullisuusohjelma-2025-2028.pdf\" download>Download [2.67 MB] <\/a><\/p><\/div>\n<p>Linkkin\u00e4: <a href=\"https:\/\/www.sptl.fi\/sptl_uudet\/wp-content\/uploads\/Vastuullisuusohjelma-2025-2028.pdf\">Vastuullisuusohjelma 2025-2028<\/a><\/p>\n<h3>T\u00e4rkeit\u00e4 ja hy\u00f6dyllisi\u00e4 linkkej\u00e4&nbsp;<\/h3>\n<p><strong>YLEINEN<\/strong><\/p>\n<p><a href=\"https:\/\/forms.gle\/meY6wiyVQCLmh5A6A\">Palautelaatikko<\/a><\/p>\n<p><em>Voit antaa yleisesti palautetta liiton toiminnasta.&nbsp;<\/em><\/p>\n<p><a href=\"https:\/\/www.olympiakomitea.fi\/palvelumme\/palvelumme-urheiluseuroille\/vastuullinen-seura\/\">Olympiakomitean vastuullisuusmateriaalit seuroille<\/a><\/p>\n<p><strong>TURVALLINEN TOIMINTAYMP\u00c4RIST\u00d6<\/strong><\/p>\n<p><a href=\"https:\/\/urheiluyhteiso.ilmoituskanava.fi\/#\/\">Whistleblowing-kanava<\/a><br \/>\n<em>Voit kertoa nimell\u00e4si tai anonyymisti itseesi tai johonkin muuhun henkil\u00f6\u00f6n kohdistuneesta ep\u00e4asiallisesta k\u00e4yt\u00f6ksest\u00e4. Seuratoiminnassa, kilpailuissa ja sarjapeleiss\u00e4 tapahtuneet tilanteet voi l\u00e4hett\u00e4\u00e4 suoraan lajililiitolle. Lajiliittoa koskevat ep\u00e4ilyt voi kohdistaa Olympiakomitealle.&nbsp;<\/em><\/p>\n<p><a href=\"https:\/\/www.sptl.fi\/sptl_uudet\/wp-content\/uploads\/Vapaaehtoisen-rikostaustan-selvittaminen-opas.pdf\">Vapaaehtoisen rikostaustan selvitt\u00e4minen -opas<\/a><\/p>\n<p><strong>HYV\u00c4 HALLINTO<\/strong><\/p>\n<p><a href=\"https:\/\/www.sptl.fi\/sptl_uudet\/?page_id=48\">Liittohallituksen p\u00f6yt\u00e4kirjat<\/a><br \/>\n<a href=\"https:\/\/www.sptl.fi\/sptl_uudet\/wp-content\/uploads\/SPTL_saannot_2025-2026.pdf\">SPTL:n s\u00e4\u00e4nn\u00f6t<\/a><br \/>\n<a href=\"https:\/\/www.sptl.fi\/sptl_uudet\/wp-content\/uploads\/Kurinpitosaannot-SPTL.pdf\">SPTL:n kurinpitos\u00e4\u00e4nn\u00f6t<\/a><br \/>\n<a href=\"https:\/\/www.voimistelu.fi\/materiaalipankki\/olympiakomitean-mallisaannot-seuroille\/\" target=\"_blank\" rel=\"noopener noreferrer\">Olympiakomitean mallis\u00e4\u00e4nn\u00f6t suomeksi<\/a><br \/>\n<a href=\"https:\/\/www.voimistelu.fi\/materiaalipankki\/olympiakomitean-mallisaannot-seuroille-ruotsiksi\/\" target=\"_blank\" rel=\"noopener noreferrer\">Olympiakomitean mallis\u00e4\u00e4nn\u00f6t ruotsiksi<\/a><br \/>\n<a href=\"https:\/\/www.olympiakomitea.fi\/olympiakomitea\/jasenpalvelut\/yhdistyshallinnon-tueksi\/\" target=\"_blank\" rel=\"noopener noreferrer\">Olympiakomitean materiaalit yhdistyshallinnon tueksi<\/a><br \/>\n<a href=\"https:\/\/www.sptl.fi\/sptl_uudet\/wp-content\/uploads\/tyosopimusmalli_tuntivalmentajalle.docx\" target=\"_blank\" rel=\"noopener noreferrer\">Ty\u00f6sopimus mallipohja<\/a><\/p>\n<p><strong>YHDENVERTAISUUS JA TASA-ARVO<\/strong><\/p>\n<p><a href=\"https:\/\/www.sptl.fi\/sptl_uudet\/?page_id=42795\">EU-hanke<\/a><\/p>\n<p><em>P\u00f6yt\u00e4tennisliiton EU-hanke tasa-arvosta ja maahanmuuttajien integroinnista toimintaan.<\/em><\/p>\n<p><strong>REILU KILPAILU<\/strong><\/p>\n<p><a href=\"https:\/\/kamu.suek.fi\/fi\/\">KAMU -l\u00e4\u00e4kehaku (suek.fi)<\/a><\/p>\n<p><em>KAMU-palvelun avulla voit tarkistaa, mitk\u00e4 l\u00e4\u00e4keaineet on luokiteltu kielletyiksi, ehdoin kielletyiksi ja sallituiksi.<\/em><\/p>\n<p><a href=\"https:\/\/ilmo.suek.fi\/\">ILMO (suek.fi)<\/a><\/p>\n<p><em>Jokaisella on oikeus ilmoittaa, jos ep\u00e4ilee doping-, kilpailumanipulaatio- tai katsomoturvallisuusrikkomusta tai muuta eettist\u00e4 rikkomusta urheilussa. Puuttumalla rikkomuksiin autat suojelemaan urheilijoita ja urheilua sek\u00e4 turvaamaan tasavertaiset ja turvalliset l\u00e4ht\u00f6kohdat kaikille urheilijoille. ILMO-palvelussa voit tehd\u00e4 ilmoituksen urheilijan tai muun toimijan ep\u00e4ilytt\u00e4v\u00e4st\u00e4 toiminnasta.<\/em><\/p>\n<p><a href=\"https:\/\/suek.fi\/koulutus\/koulutusmateriaalit\/puhtaasti-paras-verkkokoulutus\/\">Puhtaasti paras -verkkokoulutus<\/a><\/p>\n<p><em>Puhtaasti paras on verkkokoulutus, jonka avulla niin urheilijat, urheilijan tukihenkil\u00f6t kuin kaikki muutkin urheilutoimijat voivat oppia ja varmistaa tietonsa antidopingasioista. Koulutuksen sis\u00e4lt\u00f6 perustuu Maailman antidopings\u00e4\u00e4nn\u00f6st\u00f6\u00f6n, joka tuli voimaan 1.1.2021.<\/em><\/p>\n<p><a href=\"https:\/\/puhtaastiparas.fi\/fi\/login?returnUrl=\/fi\" target=\"_blank\" rel=\"noopener noreferrer\">Reilusti paras -verkkokoulutus<\/a><\/p>\n<p><em>Auttaa urheilijoita, valmentajia ja muita urheilutoimijoita tunnistamaan kilpailumanipulaatioon liittyvi\u00e4 haasteita ja tilanteita.<\/em><\/p>\n<p><a href=\"https:\/\/suek.fi\/antidopingtoiminta\/erivapaus-urheilijan-laakityksessa\/\">Erivapaudet<\/a><\/p>\n<p>Urheilijoilla voi olla sairauksia, joita on hoidettava l\u00e4\u00e4kevalmisteilla tai toimenpiteill\u00e4. Mik\u00e4li urheilijan on sairautensa hoitamiseksi k\u00e4ytett\u00e4v\u00e4 WADAn Kiellettyjen aineiden ja menetelmien luettelossa olevaa ainetta tai menetelm\u00e4\u00e4, h\u00e4nelle voidaan my\u00f6nt\u00e4\u00e4 erivapaus.<\/p>\n<p><strong>YMP\u00c4RIST\u00d6 JA ILMASTO<\/strong><\/p>\n<p><a href=\"https:\/\/olympiakomitea.kuvat.fi\/kuvat\/Materiaalipankki\/Urheiluseuroille\/Vastuullisuus\/Ymp%C3%A4rist%C3%B6+ja+ilmasto\/\">Olympiakomitean ymp\u00e4rist\u00f6vinkit seuroille<\/a><\/p>\n<p><a href=\"https:\/\/www.facebook.com\/groups\/1978700995502656\">Pingisfoorumi <\/a><\/p>\n<p><em>Ryhm\u00e4ss\u00e4 mm. myyd\u00e4\u00e4n k\u00e4ytettyj\u00e4 pingisv\u00e4lineit\u00e4.<\/em><\/p>\n<p>&nbsp;<\/p>\n<p>&nbsp;<\/p>\n","protected":false},"excerpt":{"rendered":"<p>Vastuullisuus ja vastuulliset valinnat l\u00e4pileikkaavat P\u00f6yt\u00e4tennisliiton toiminnan kaikki osa-alueet. P\u00f6yt\u00e4tennisliitossa vastuullisuus n\u00e4kyy nyt ja tulevaisuudessa mm. tiedottamisena, kouluttamisena ja konkreettisina tekoina. Liittoon on perustettu vuoden 2024 alussa vastuullisuusvaliokunta, joka valvoo ja edist\u00e4\u00e4 vastuullisuustoimien toteutumista liiton toiminnassa. Liiton uusi vastuullisuusohjelma pohjaa Suomen Olympiakomitean yhteisty\u00f6ss\u00e4 kaikkien lajiliittojen kanssa laatiman Urheiluyhteis\u00f6n vastuullisuusohjelman periaatteisiin, mutta on laadittu p\u00f6yt\u00e4tenniksen lajikontekstiin. &hellip; <a href=\"https:\/\/www.sptl.fi\/sptl_uudet\/?page_id=24519\" class=\"more-link\">Jatka lukemista <span class=\"screen-reader-text\">Vastuullisuus<\/span> <span class=\"meta-nav\">&rarr;<\/span><\/a><\/p>\n","protected":false},"author":7,"featured_media":0,"parent":1251,"menu_order":0,"comment_status":"closed","ping_status":"closed","template":"","meta":{"ngg_post_thumbnail":0,"footnotes":""},"class_list":["post-24519","page","type-page","status-publish","hentry"],"_links":{"self":[{"href":"https:\/\/www.sptl.fi\/sptl_uudet\/index.php?rest_route=\/wp\/v2\/pages\/24519","targetHints":{"allow":["GET"]}}],"collection":[{"href":"https:\/\/www.sptl.fi\/sptl_uudet\/index.php?rest_route=\/wp\/v2\/pages"}],"about":[{"href":"https:\/\/www.sptl.fi\/sptl_uudet\/index.php?rest_route=\/wp\/v2\/types\/page"}],"author":[{"embeddable":true,"href":"https:\/\/www.sptl.fi\/sptl_uudet\/index.php?rest_route=\/wp\/v2\/users\/7"}],"replies":[{"embeddable":true,"href":"https:\/\/www.sptl.fi\/sptl_uudet\/index.php?rest_route=%2Fwp%2Fv2%2Fcomments&post=24519"}],"version-history":[{"count":15,"href":"https:\/\/www.sptl.fi\/sptl_uudet\/index.php?rest_route=\/wp\/v2\/pages\/24519\/revisions"}],"predecessor-version":[{"id":61008,"href":"https:\/\/www.sptl.fi\/sptl_uudet\/index.php?rest_route=\/wp\/v2\/pages\/24519\/revisions\/61008"}],"up":[{"embeddable":true,"href":"https:\/\/www.sptl.fi\/sptl_uudet\/index.php?rest_route=\/wp\/v2\/pages\/1251"}],"wp:attachment":[{"href":"https:\/\/www.sptl.fi\/sptl_uudet\/index.php?rest_route=%2Fwp%2Fv2%2Fmedia&parent=24519"}],"curies":[{"name":"wp","href":"https:\/\/api.w.org\/{rel}","templated":true}]}}