{"id":25274,"date":"2021-10-09T08:55:42","date_gmt":"2021-10-09T05:55:42","guid":{"rendered":"https:\/\/www.sptl.fi\/sptl_uudet\/?page_id=25274"},"modified":"2026-02-06T15:25:59","modified_gmt":"2026-02-06T13:25:59","slug":"kilpailuiden-ottelupohjia-ja-lomakkeita","status":"publish","type":"page","link":"https:\/\/www.sptl.fi\/sptl_uudet\/?page_id=25274","title":{"rendered":"Kilpailuiden ottelupohjia ja lomakkeita"},"content":{"rendered":"<p><strong>Kilpailut<\/strong><br \/>\n<a href=\"https:\/\/www.sptl.fi\/sptl_uudet\/wp-content\/uploads\/TOP-16_finaali_pohja.xls\" target=\"_blank\" rel=\"noopener\">Miesten TOP-16<\/a><br \/>\n<a href=\"https:\/\/www.sptl.fi\/sptl_uudet\/wp-content\/uploads\/Naisten-TOP-8-pohja.xlsx\" target=\"_blank\" rel=\"noopener\">Naisten TOP-8<\/a><br \/>\n<a href=\"https:\/\/www.sptl.fi\/sptl_uudet\/wp-content\/uploads\/Kaaviot_kasintehtyihin_tuloksiin-1.xls\">Cup- ja poolipohjia<\/a><a href=\"http:\/\/www.sptl.fi\/sptl_uudet\/wp-content\/uploads\/2016\/09\/Kaaviot_kasintehtyihin_tuloksiin.xls\" target=\"_blank\" rel=\"noopener\"><br \/>\n<\/a><a href=\"http:\/\/www.sptl.fi\/sptl_uudet\/wp-content\/uploads\/joukkueottelu-3-pelaajaa-paras-viidest%C3%A4-10-1.xls\" target=\"_blank\" rel=\"noopener\">Joukkueottelun p\u00f6yt\u00e4kirja kolme pelaajaa paras viidest\u00e4<\/a> (4.9.3) \/ <a href=\"https:\/\/www.sptl.fi\/sptl_uudet\/wp-content\/uploads\/joukkueottelu-3-pelaajaa-paras-viidesta.pdf\" target=\"_blank\" rel=\"noopener\">PDF<\/a><br \/>\n<a href=\"http:\/\/www.sptl.fi\/sptl_uudet\/wp-content\/uploads\/joukkueottelu-2-pelaajaa-12-1.xls\" target=\"_blank\" rel=\"noopener\">Joukkueottelun p\u00f6yt\u00e4kirja 2 pelaajaa<\/a> (4.9.1) \/ <a href=\"https:\/\/www.sptl.fi\/sptl_uudet\/wp-content\/uploads\/joukkueottelu-2-pelaajaa.pdf\" target=\"_blank\" rel=\"noopener\">PDF<\/a><br \/>\n<a href=\"http:\/\/www.sptl.fi\/sptl_uudet\/wp-content\/uploads\/2015\/08\/joukkueottelu-3-pelaajaa-paras-yhdeks%C3%A4st%C3%A4.xls\" target=\"_blank\" rel=\"noopener\">Joukkueottelun p\u00f6yt\u00e4kirja 3 pelaajaa&nbsp;paras yhdeks\u00e4st\u00e4&nbsp;<\/a>(4.9.5) \/ <a href=\"https:\/\/www.sptl.fi\/sptl_uudet\/wp-content\/uploads\/joukkueottelu-3-pelaajaa-paras-yhdeksasta.pdf\" target=\"_blank\" rel=\"noopener\">PDF<\/a><\/p>\n<p><strong>Tuomarip\u00f6yt\u00e4kirjat<\/strong><br \/>\n<a href=\"http:\/\/www.sptl.fi\/sptl_uudet\/wp-content\/uploads\/tuom-pk-uudella-logolla-x-4.pdf\" target=\"_blank\" rel=\"noopener\">Tuomarip\u00f6yt\u00e4kirja 4_kuvaa.pdf<\/a><br \/>\n<a href=\"https:\/\/www.sptl.fi\/sptl_uudet\/Lomakkeet\/TuomariPtk_Classic.pdf\" target=\"_blank\" rel=\"noopener\">Tuomaripoytakirja perinteinen.pdf<\/a><\/p>\n<p><strong>PKO<\/strong><br \/>\nPKO-taulukot (Eesti)\/ Ismo Lallo:&nbsp;<a href=\"https:\/\/www.sptl.fi\/sptl_uudet\/Lomakkeet\/Eesti_16.xls\" target=\"_blank\" rel=\"noopener\">PKO-kaavio 16 pelaajalle<\/a><br \/>\nPKO-taulukot (Eesti)\/ Ismo Lallo:&nbsp;<a href=\"https:\/\/www.sptl.fi\/sptl_uudet\/Lomakkeet\/Eesti_32.xls\" target=\"_blank\" rel=\"noopener\">PKO-kaavio 32 pelaajalle<\/a><br \/>\nPKO-taulukot (Eesti)\/ Ismo Lallo:&nbsp;<a href=\"https:\/\/www.sptl.fi\/sptl_uudet\/Lomakkeet\/Eesti_48.xls\" target=\"_blank\" rel=\"noopener\">PKO-kaavio 48 pelaajalle<\/a><br \/>\nPKO-taulukot (Eesti)\/ Ismo Lallo:&nbsp;<a href=\"https:\/\/www.sptl.fi\/sptl_uudet\/Lomakkeet\/Eesti_64.xls\" target=\"_blank\" rel=\"noopener\">PKO-kaavio 64 pelaajalle<\/a><br \/>\nIsmo Lallo:&nbsp;<a href=\"https:\/\/www.sptl.fi\/sptl_uudet\/?page_id=2570\" target=\"_blank\" rel=\"noopener\">PKO-ohje taulukoiden k\u00e4yt\u00f6st\u00e4<\/a><\/p>\n<p><strong>Kilpailuanomukset<\/strong><br \/>\nSM-kilpailun anomus:&nbsp;<a href=\"https:\/\/www.sptl.fi\/sptl_uudet\/Lomakkeet\/SM-anomuskaavake.doc\" target=\"_blank\" rel=\"noopener noreferrer\">DOC&nbsp;<\/a>\/&nbsp;<a href=\"https:\/\/www.sptl.fi\/sptl_uudet\/Lomakkeet\/SM-anomuskaavake.PDF\" target=\"_blank\" rel=\"noopener noreferrer\">PDF<\/a><br \/>\nMuun kilpailun anomus:&nbsp;<a href=\"https:\/\/www.sptl.fi\/sptl_uudet\/Lomakkeet\/Kilpailuanomuskaavake.doc\" target=\"_blank\" rel=\"noopener noreferrer\">DOC&nbsp;<\/a>\/&nbsp;<a href=\"https:\/\/www.sptl.fi\/sptl_uudet\/Lomakkeet\/Kilpailuanomuskaavake.PDF\" target=\"_blank\" rel=\"noopener noreferrer\">PDF<\/a><\/p>\n<p><strong>Seurasiirrot<\/strong><br \/>\nSeurasiirron voi ilmoittaa liiton toimistoon s\u00e4hk\u00f6postilla. Seurasiirtoa varten tarvitaan vanhan seuran, uuden seuran sek\u00e4 pelaajan vahvistus<br \/>\n<a href=\"http:\/\/www.sptl.fi\/sptl_uudet\/wp-content\/uploads\/SPTL_seurasiirtolomake_2019.pdf\" target=\"_blank\" rel=\"noopener\">Seurasiirtolomake<\/a><\/p>\n","protected":false},"excerpt":{"rendered":"<p>Kilpailut Miesten TOP-16 Naisten TOP-8 Cup- ja poolipohjia Joukkueottelun p\u00f6yt\u00e4kirja kolme pelaajaa paras viidest\u00e4 (4.9.3) \/ PDF Joukkueottelun p\u00f6yt\u00e4kirja 2 pelaajaa (4.9.1) \/ PDF Joukkueottelun p\u00f6yt\u00e4kirja 3 pelaajaa&nbsp;paras yhdeks\u00e4st\u00e4&nbsp;(4.9.5) \/ PDF Tuomarip\u00f6yt\u00e4kirjat Tuomarip\u00f6yt\u00e4kirja 4_kuvaa.pdf Tuomaripoytakirja perinteinen.pdf PKO PKO-taulukot (Eesti)\/ Ismo Lallo:&nbsp;PKO-kaavio 16 pelaajalle PKO-taulukot (Eesti)\/ Ismo Lallo:&nbsp;PKO-kaavio 32 pelaajalle PKO-taulukot (Eesti)\/ Ismo Lallo:&nbsp;PKO-kaavio 48 pelaajalle &hellip; <a href=\"https:\/\/www.sptl.fi\/sptl_uudet\/?page_id=25274\" class=\"more-link\">Jatka lukemista <span class=\"screen-reader-text\">Kilpailuiden ottelupohjia ja lomakkeita<\/span> <span class=\"meta-nav\">&rarr;<\/span><\/a><\/p>\n","protected":false},"author":7,"featured_media":0,"parent":1296,"menu_order":0,"comment_status":"closed","ping_status":"closed","template":"","meta":{"ngg_post_thumbnail":0,"footnotes":""},"class_list":["post-25274","page","type-page","status-publish","hentry"],"_links":{"self":[{"href":"https:\/\/www.sptl.fi\/sptl_uudet\/index.php?rest_route=\/wp\/v2\/pages\/25274","targetHints":{"allow":["GET"]}}],"collection":[{"href":"https:\/\/www.sptl.fi\/sptl_uudet\/index.php?rest_route=\/wp\/v2\/pages"}],"about":[{"href":"https:\/\/www.sptl.fi\/sptl_uudet\/index.php?rest_route=\/wp\/v2\/types\/page"}],"author":[{"embeddable":true,"href":"https:\/\/www.sptl.fi\/sptl_uudet\/index.php?rest_route=\/wp\/v2\/users\/7"}],"replies":[{"embeddable":true,"href":"https:\/\/www.sptl.fi\/sptl_uudet\/index.php?rest_route=%2Fwp%2Fv2%2Fcomments&post=25274"}],"version-history":[{"count":11,"href":"https:\/\/www.sptl.fi\/sptl_uudet\/index.php?rest_route=\/wp\/v2\/pages\/25274\/revisions"}],"predecessor-version":[{"id":64911,"href":"https:\/\/www.sptl.fi\/sptl_uudet\/index.php?rest_route=\/wp\/v2\/pages\/25274\/revisions\/64911"}],"up":[{"embeddable":true,"href":"https:\/\/www.sptl.fi\/sptl_uudet\/index.php?rest_route=\/wp\/v2\/pages\/1296"}],"wp:attachment":[{"href":"https:\/\/www.sptl.fi\/sptl_uudet\/index.php?rest_route=%2Fwp%2Fv2%2Fmedia&parent=25274"}],"curies":[{"name":"wp","href":"https:\/\/api.w.org\/{rel}","templated":true}]}}