{"id":299,"date":"2015-09-15T22:03:33","date_gmt":"2015-09-15T19:03:33","guid":{"rendered":"http:\/\/sptldev.sdihost.fi\/wordpress\/?page_id=299"},"modified":"2025-04-09T20:51:24","modified_gmt":"2025-04-09T17:51:24","slug":"vammaistoiminta","status":"publish","type":"page","link":"https:\/\/www.sptl.fi\/sptl_uudet\/?page_id=299","title":{"rendered":"Parap\u00f6yt\u00e4tennis"},"content":{"rendered":"<p>P\u00f6yt\u00e4tennis sopii lajina erinomaisesti l\u00e4hes kaikille liikuntarajoitteisille niin harraste- kuin kilpaurheilulajiksi. P\u00f6yt\u00e4tenniksess\u00e4 liikuntarajoitteiset pystyv\u00e4t kilpailemaan normaalisti my\u00f6s liiton j\u00e4rjest\u00e4miss\u00e4 tavallisissa kisoissa, lis\u00e4ksi vuosittain j\u00e4rjestet\u00e4\u00e4n parap\u00f6yt\u00e4tenniksen SM-kisat.<\/p>\n<p>Lajia voi harrastaa joko istuen tai seisten. Lajin s\u00e4\u00e4nn\u00f6t ja v\u00e4lineet toimivat pelaamisessa ilman isoja muutoksia. Py\u00f6r\u00e4tuolissa istuvien peleiss\u00e4 on k\u00e4yt\u00f6ss\u00e4 sy\u00f6tt\u00f6s\u00e4\u00e4nt\u00f6, jolloin sy\u00f6t\u00f6n t\u00e4ytyy tulla ulos p\u00f6yd\u00e4n p\u00e4\u00e4dyst\u00e4.<\/p>\n<p>P\u00f6yt\u00e4tennis on integraatiolaji ja Suomen P\u00f6yt\u00e4tennisliitto vastaa lajin toiminnasta.<\/p>\n<p>Ota rohkeasti yhteytt\u00e4 liittoon tai paikkakuntasi\/l\u00e4hialueesi seuraan, jos olet kiinnostunut p\u00f6yt\u00e4tenniksest\u00e4.<\/p>\n<p><a href=\"http:\/\/www.sptl.fi\/sptl_uudet\/wp-content\/uploads\/ParaSM.xls\"><strong>2018 Parap\u00f6yt\u00e4tenniksen SM-kisojen tulokset<\/strong><\/a><br \/>\n<strong><a href=\"http:\/\/www.sptl.fi\/sptl_uudet\/wp-content\/uploads\/Tulokset-Para-SM-2017.xlsx\">2017 Parap\u00f6yt\u00e4tenniksen SM-kisojen tulokset<\/a><br \/>\n<a href=\"http:\/\/www.sptl.fi\/sptl_uudet\/wp-content\/uploads\/2015\/09\/Tulokset-Vammaispingiksen-SM-1.xlsx\">2016 Parap\u00f6yt\u00e4tenniksen SM-kisojen tulokset<\/a><\/strong><\/p>\n","protected":false},"excerpt":{"rendered":"<p>P\u00f6yt\u00e4tennis sopii lajina erinomaisesti l\u00e4hes kaikille liikuntarajoitteisille niin harraste- kuin kilpaurheilulajiksi. P\u00f6yt\u00e4tenniksess\u00e4 liikuntarajoitteiset pystyv\u00e4t kilpailemaan normaalisti my\u00f6s liiton j\u00e4rjest\u00e4miss\u00e4 tavallisissa kisoissa, lis\u00e4ksi vuosittain j\u00e4rjestet\u00e4\u00e4n parap\u00f6yt\u00e4tenniksen SM-kisat. Lajia voi harrastaa joko istuen tai seisten. Lajin s\u00e4\u00e4nn\u00f6t ja v\u00e4lineet toimivat pelaamisessa ilman isoja muutoksia. Py\u00f6r\u00e4tuolissa istuvien peleiss\u00e4 on k\u00e4yt\u00f6ss\u00e4 sy\u00f6tt\u00f6s\u00e4\u00e4nt\u00f6, jolloin sy\u00f6t\u00f6n t\u00e4ytyy tulla ulos p\u00f6yd\u00e4n p\u00e4\u00e4dyst\u00e4. &hellip; <a href=\"https:\/\/www.sptl.fi\/sptl_uudet\/?page_id=299\" class=\"more-link\">Jatka lukemista <span class=\"screen-reader-text\">Parap\u00f6yt\u00e4tennis<\/span> <span class=\"meta-nav\">&rarr;<\/span><\/a><\/p>\n","protected":false},"author":1,"featured_media":0,"parent":0,"menu_order":0,"comment_status":"closed","ping_status":"closed","template":"","meta":{"ngg_post_thumbnail":0,"footnotes":""},"class_list":["post-299","page","type-page","status-publish","hentry"],"_links":{"self":[{"href":"https:\/\/www.sptl.fi\/sptl_uudet\/index.php?rest_route=\/wp\/v2\/pages\/299","targetHints":{"allow":["GET"]}}],"collection":[{"href":"https:\/\/www.sptl.fi\/sptl_uudet\/index.php?rest_route=\/wp\/v2\/pages"}],"about":[{"href":"https:\/\/www.sptl.fi\/sptl_uudet\/index.php?rest_route=\/wp\/v2\/types\/page"}],"author":[{"embeddable":true,"href":"https:\/\/www.sptl.fi\/sptl_uudet\/index.php?rest_route=\/wp\/v2\/users\/1"}],"replies":[{"embeddable":true,"href":"https:\/\/www.sptl.fi\/sptl_uudet\/index.php?rest_route=%2Fwp%2Fv2%2Fcomments&post=299"}],"version-history":[{"count":10,"href":"https:\/\/www.sptl.fi\/sptl_uudet\/index.php?rest_route=\/wp\/v2\/pages\/299\/revisions"}],"predecessor-version":[{"id":12965,"href":"https:\/\/www.sptl.fi\/sptl_uudet\/index.php?rest_route=\/wp\/v2\/pages\/299\/revisions\/12965"}],"wp:attachment":[{"href":"https:\/\/www.sptl.fi\/sptl_uudet\/index.php?rest_route=%2Fwp%2Fv2%2Fmedia&parent=299"}],"curies":[{"name":"wp","href":"https:\/\/api.w.org\/{rel}","templated":true}]}}