{"id":44886,"date":"2025-11-17T11:00:37","date_gmt":"2025-11-17T09:00:37","guid":{"rendered":"https:\/\/www.sptl.fi\/sptl_uudet\/?page_id=44886"},"modified":"2026-04-13T15:25:55","modified_gmt":"2026-04-13T12:25:55","slug":"gp-kilpailut","status":"publish","type":"page","link":"https:\/\/www.sptl.fi\/sptl_uudet\/?page_id=44886","title":{"rendered":"GP-kilpailut"},"content":{"rendered":"<h2><strong>KAUDEN 2025-2026 GP-SARJA<\/strong><\/h2>\n<p><strong>GP-SARJAN LOPULLISET PISTETILANTEET (p\u00e4ivitetty 13.4.2026 Espoon kev\u00e4tkisojen j\u00e4lkeen, taulukko sis\u00e4lt\u00e4\u00e4 useita v\u00e4lilehti\u00e4)<\/strong><\/p>\n<div class=\"ead-preview\"><div class=\"ead-document\" style=\"position: relative;\"><iframe src=\"\/\/view.officeapps.live.com\/op\/embed.aspx?src=https%3A%2F%2Fwww.sptl.fi%2Fsptl_uudet%2Fwp-content%2Fuploads%2FGP-pisteet-2025-26-lopullinen2.xlsx\" title=\"Embedded Document\" class=\"ead-iframe\" style=\"width: 100%;height: 500px;border: none;\"><\/iframe><\/div><\/div>\n<p><em>&#x1f53a; N14-luokan Tampereen GP:n ykk\u00f6ssija on jaettu kilpailuvaliokunnan p\u00e4\u00e4t\u00f6ksell\u00e4. Lis\u00e4ksi korjattu takautuvasti MK- ja NK-luokkiin pisteet sijoille 17-32.<\/em><\/p>\n<p><strong>Suomen P\u00f6yt\u00e4tennisliiton GP-sarja on kotimaisille huippupelaajille suunnattu kilpailusarja. GP-sarjan paremmuudesta pelataan miehiss\u00e4, naisissa ja nelj\u00e4ss\u00e4 eri&nbsp; junioriluokassa. Kaudella 2025-2026 sarja sis\u00e4lt\u00e4\u00e4 kahdeksan osakilpailua, joista kaksi on pelk\u00e4st\u00e4\u00e4n junioripelaajille.<\/strong><\/p>\n<p>Kauden 2025\/2026 GP-ohjeet: <a href=\"https:\/\/www.sptl.fi\/sptl_uudet\/?p=61881\">https:\/\/www.sptl.fi\/sptl_uudet\/?p=61881<\/a><\/p>\n<p><strong>KILPAILUOHJELMA<\/strong><\/p>\n<ul>\n<li>20.-21.9.2025 Tampere GP (PT 75)<\/li>\n<li>25.-26.10.2025 PT Espoon syyskisat GP, Ruskeasuo<\/li>\n<li>15.-16.11.2025 Wega-malja GP, Ruskeasuo<\/li>\n<li>10.-11.1.2026 Kosken Malja GP<\/li>\n<li>7.-8.2.2026 OP GP, Per\u00e4sein\u00e4joki (PeTo)<\/li>\n<li>21.-22.2.2026 Terva-Malja Juniori GP, Oulu (OPT-86)<\/li>\n<li>28.2.-1.3.2026 Smash kansalliset Juniori GP, Smash Center<\/li>\n<li>11.-12.4..2026 PT Espoon kev\u00e4tkisat GP<\/li>\n<\/ul>\n<p><strong>SARJAT<\/strong><\/p>\n<p>Miehet (MK)<br \/>\nNaiset (NK)<br \/>\nPojat 18 v (M18, s. 2007-10)<br \/>\nTyt\u00f6t 18 v. (N18, s. 2007-10)<br \/>\nPojat 14 v. (M14, s. 2011-)<br \/>\nTyt\u00f6t 14 v. (N14, s. 2011-)<\/p>\n<hr>\n<h2><strong>KAUDEN 2024-2025 GP-SARJA<\/strong><\/h2>\n<p><strong>KAUDEN 2024-2025 LOPULLISET PISTETILANTEET 14.4.2025 PT Espoon kev\u00e4tkisojen j\u00e4lkeen (taulukossa on useita v\u00e4lilehti\u00e4)<\/strong><\/p>\n<div class=\"ead-preview\"><div class=\"ead-document\" style=\"position: relative;\"><iframe src=\"\/\/view.officeapps.live.com\/op\/embed.aspx?src=https%3A%2F%2Fwww.sptl.fi%2Fsptl_uudet%2Fwp-content%2Fuploads%2FGP-pisteet-2024-25-11.xlsx\" title=\"Embedded Document\" class=\"ead-iframe\" style=\"width: 100%;height: 500px;border: none;\"><\/iframe><\/div><\/div>\n<p><strong>KILPAILUOHJELMA 2024-2025<\/strong><\/p>\n<p>1. Tampere GP (28.-29.9.2024)<br \/>\n2. PT Espoo syyskisat GP (26.-27.10.2024)<br \/>\n3. Wega Malja GP (16.-17.11.2024)<br \/>\n4. Kosken Malja GP (11.-12.1.2025)<br \/>\n5. Pongfinity Cup GP, Helsinki (1.-2.2025)<br \/>\n6. OP GP, Per\u00e4sein\u00e4joki (8.-9.3.2025)<br \/>\n7. PT Espoo kev\u00e4tkisat GP (12.-13.4.2025)<\/p>\n<p><strong>SARJAT<\/strong><\/p>\n<p>Miehet (MK)<br \/>\nNaiset (NK)<br \/>\nPojat 18v (M18, s. 2006-09)<br \/>\nTyt\u00f6t 18v (N18, s. 2006-09)<br \/>\nPojat 14v (M14, s. 2010-)<br \/>\nTyt\u00f6t 14v (N14, s. 2010-)<\/p>\n<p><strong>PALKINNOT<\/strong><\/p>\n<p><strong>Sarja<\/strong><\/p>\n<p>Miehet<\/p>\n<p>1. 500\u20ac<br \/>\n2. 300\u20ac<br \/>\n3. 200\u20ac<\/p>\n<p>Naiset<\/p>\n<p>1. 250\u20ac<br \/>\n2. 150\u20ac<br \/>\n3. 100\u20ac<\/p>\n<p>Miehet 18v<\/p>\n<p>1. 200\u20ac<br \/>\n2. 100\u20ac<br \/>\n3. 50\u20ac<\/p>\n<p>Naiset 18v<\/p>\n<p>1. 100\u20ac<br \/>\n2. 50\u20ac<br \/>\n3. 25\u20ac<\/p>\n<p>Miehet 14v<\/p>\n<p>1. 200\u20ac<br \/>\n2. 100\u20ac<br \/>\n3. 50\u20ac<\/p>\n<p>Naiset 14v<\/p>\n<p>1. 100\u20ac<br \/>\n2. 50\u20ac<br \/>\n3. 25\u20ac<\/p>\n<p><strong>Yksitt\u00e4iset kilpailut<\/strong><\/p>\n<p>Miehet<br \/>\n1. minimi 200\u20ac<br \/>\n2. minimi 50\u20ac<\/p>\n<p>Naiset<br \/>\n1. minimi 50\u20ac.<\/p>\n<p><a href=\"https:\/\/www.sptl.fi\/sptl_uudet\/?p=51643\"><strong>GP-ohjeet kaudelle 2024-25<\/strong><\/a><\/p>\n<hr>\n<h2><strong>KAUDEN 2023-2024 GP-SARJA<\/strong><\/h2>\n<p><strong><em>Edit: korjattu Espoon GP-kisojen pisteet ja lopputulokset.<\/em><\/strong><\/p>\n<div class=\"ead-preview\"><div class=\"ead-document\" style=\"position: relative;\"><iframe src=\"\/\/view.officeapps.live.com\/op\/embed.aspx?src=https%3A%2F%2Fwww.sptl.fi%2Fsptl_uudet%2Fwp-content%2Fuploads%2FGP-pisteet-2023-2024-16.xlsx\" title=\"Embedded Document\" class=\"ead-iframe\" style=\"width: 100%;height: 500px;border: none;\"><\/iframe><\/div><\/div>\n<p>&nbsp;<\/p>\n","protected":false},"excerpt":{"rendered":"<p>KAUDEN 2025-2026 GP-SARJA GP-SARJAN LOPULLISET PISTETILANTEET (p\u00e4ivitetty 13.4.2026 Espoon kev\u00e4tkisojen j\u00e4lkeen, taulukko sis\u00e4lt\u00e4\u00e4 useita v\u00e4lilehti\u00e4) &#x1f53a; N14-luokan Tampereen GP:n ykk\u00f6ssija on jaettu kilpailuvaliokunnan p\u00e4\u00e4t\u00f6ksell\u00e4. Lis\u00e4ksi korjattu takautuvasti MK- ja NK-luokkiin pisteet sijoille 17-32. Suomen P\u00f6yt\u00e4tennisliiton GP-sarja on kotimaisille huippupelaajille suunnattu kilpailusarja. GP-sarjan paremmuudesta pelataan miehiss\u00e4, naisissa ja nelj\u00e4ss\u00e4 eri&nbsp; junioriluokassa. Kaudella 2025-2026 sarja sis\u00e4lt\u00e4\u00e4 kahdeksan &hellip; <a href=\"https:\/\/www.sptl.fi\/sptl_uudet\/?page_id=44886\" class=\"more-link\">Jatka lukemista <span class=\"screen-reader-text\">GP-kilpailut<\/span> <span class=\"meta-nav\">&rarr;<\/span><\/a><\/p>\n","protected":false},"author":59,"featured_media":0,"parent":1296,"menu_order":0,"comment_status":"closed","ping_status":"closed","template":"","meta":{"ngg_post_thumbnail":0,"footnotes":""},"class_list":["post-44886","page","type-page","status-publish","hentry"],"_links":{"self":[{"href":"https:\/\/www.sptl.fi\/sptl_uudet\/index.php?rest_route=\/wp\/v2\/pages\/44886","targetHints":{"allow":["GET"]}}],"collection":[{"href":"https:\/\/www.sptl.fi\/sptl_uudet\/index.php?rest_route=\/wp\/v2\/pages"}],"about":[{"href":"https:\/\/www.sptl.fi\/sptl_uudet\/index.php?rest_route=\/wp\/v2\/types\/page"}],"author":[{"embeddable":true,"href":"https:\/\/www.sptl.fi\/sptl_uudet\/index.php?rest_route=\/wp\/v2\/users\/59"}],"replies":[{"embeddable":true,"href":"https:\/\/www.sptl.fi\/sptl_uudet\/index.php?rest_route=%2Fwp%2Fv2%2Fcomments&post=44886"}],"version-history":[{"count":82,"href":"https:\/\/www.sptl.fi\/sptl_uudet\/index.php?rest_route=\/wp\/v2\/pages\/44886\/revisions"}],"predecessor-version":[{"id":66152,"href":"https:\/\/www.sptl.fi\/sptl_uudet\/index.php?rest_route=\/wp\/v2\/pages\/44886\/revisions\/66152"}],"up":[{"embeddable":true,"href":"https:\/\/www.sptl.fi\/sptl_uudet\/index.php?rest_route=\/wp\/v2\/pages\/1296"}],"wp:attachment":[{"href":"https:\/\/www.sptl.fi\/sptl_uudet\/index.php?rest_route=%2Fwp%2Fv2%2Fmedia&parent=44886"}],"curies":[{"name":"wp","href":"https:\/\/api.w.org\/{rel}","templated":true}]}}