{"id":49509,"date":"2024-05-13T10:10:45","date_gmt":"2024-05-13T07:10:45","guid":{"rendered":"https:\/\/www.sptl.fi\/sptl_uudet\/?page_id=49509"},"modified":"2024-10-02T15:35:41","modified_gmt":"2024-10-02T12:35:41","slug":"bisnespingis","status":"publish","type":"page","link":"https:\/\/www.sptl.fi\/sptl_uudet\/?page_id=49509","title":{"rendered":"BisnesPingis"},"content":{"rendered":"<h3><strong>Verkostoidu, tue ja pid\u00e4 hauskaa &#8211; Liity BisnesPingikseen!<\/strong><\/h3>\n<p>&nbsp;<\/p>\n<p><strong>BisnesPingis on P\u00f6yt\u00e4tennisliiton uusi verkosto, johon voivat liitty\u00e4 kaikki yritysten ja muiden yhteis\u00f6jen edustajat. Verkoston tavoitteena on luoda j\u00e4senten v\u00e4lisi\u00e4 uusia liikesuhteita, kumppanuuksia ja kaupanmahdollisuuksia.<\/strong><\/p>\n<p>BisnesPingiksen j\u00e4senen\u00e4 p\u00e4\u00e4set verkostoitumaan maailman hienomman urheilulajin, p\u00f6yt\u00e4tenniksen parissa. Tarjolla on monipuolisia tapahtumia, uusia bisneskontakteja ja vauhdikkaita palloralleja. Mik\u00e4 parasta, t\u00e4ll\u00e4 kaikella tuet samalla suomalaista p\u00f6yt\u00e4tennist\u00e4. Tervetuloa mukaan!<\/p>\n<p><strong><a href=\"https:\/\/forms.gle\/pyHDEVP5sRLtNtiP8\">LIITY BISNESPINGIKSEEN<\/a><\/strong><\/p>\n<p><span style=\"font-style: inherit; font-weight: inherit;\"><a href=\"https:\/\/forms.gle\/pyHDEVP5sRLtNtiP8\"><img loading=\"lazy\" decoding=\"async\" class=\"alignnone size-full wp-image-49519\" src=\"https:\/\/www.sptl.fi\/sptl_uudet\/wp-content\/uploads\/BisnesPingis-1600-x-900-px-1.png\" alt=\"\" width=\"1600\" height=\"900\" srcset=\"https:\/\/www.sptl.fi\/sptl_uudet\/wp-content\/uploads\/BisnesPingis-1600-x-900-px-1.png 1600w, https:\/\/www.sptl.fi\/sptl_uudet\/wp-content\/uploads\/BisnesPingis-1600-x-900-px-1-300x169.png 300w, https:\/\/www.sptl.fi\/sptl_uudet\/wp-content\/uploads\/BisnesPingis-1600-x-900-px-1-1024x576.png 1024w, https:\/\/www.sptl.fi\/sptl_uudet\/wp-content\/uploads\/BisnesPingis-1600-x-900-px-1-1536x864.png 1536w\" sizes=\"auto, (max-width: 1600px) 100vw, 1600px\" \/><\/a><br \/>\n<\/span><\/p>\n<h4><strong><span style=\"font-weight: inherit;\">1. Verkostoidu: Uudet kaupanmahdollisuudet ja kumppanuudet<\/span><\/strong><\/h4>\n<p><span style=\"font-weight: inherit;\">BisnesPingiksen j\u00e4senet p\u00e4\u00e4sev\u00e4t luomaan edustamalleen yritykselle tai yhteis\u00f6lle oman profiilin SPTL:n verkkosivustolle ja kertomaan mit\u00e4 tekev\u00e4t. Samaan yhteyteen voi kuvata millaisia yhteisty\u00f6kumppaneita tai potentiaalisia asiakkaita yritys etsii. N\u00e4in j\u00e4senten on helpompi ymm\u00e4rt\u00e4\u00e4 toistensa bisnesprofiilia, tutustua toisiinsa ja sit\u00e4 my\u00f6den luoda uusia liikesuhteita tai kumppanuuksia. Sivusto aukeaa toukokuussa 2024.<\/span><\/p>\n<p><span style=\"font-weight: inherit;\">Kaikissa BisnesPingiksen tapahtumissa on osio my\u00f6s verkostoitumiselle ja liikesuhteiden edist\u00e4miselle. Pingispiireist\u00e4 voi l\u00f6yty\u00e4 juuri sinun organisaatiollesi kiinnostavia yhteisty\u00f6kumppaneita tai asiakkaita.<\/span><\/p>\n<p><img loading=\"lazy\" decoding=\"async\" class=\"alignnone size-full wp-image-47849\" src=\"https:\/\/www.sptl.fi\/sptl_uudet\/wp-content\/uploads\/RAmona-Betz-ETTU-U21EM-e1706277731909.jpeg\" alt=\"\" width=\"2048\" height=\"1300\" srcset=\"https:\/\/www.sptl.fi\/sptl_uudet\/wp-content\/uploads\/RAmona-Betz-ETTU-U21EM-e1706277731909.jpeg 2048w, https:\/\/www.sptl.fi\/sptl_uudet\/wp-content\/uploads\/RAmona-Betz-ETTU-U21EM-e1706277731909-300x190.jpeg 300w, https:\/\/www.sptl.fi\/sptl_uudet\/wp-content\/uploads\/RAmona-Betz-ETTU-U21EM-e1706277731909-1024x650.jpeg 1024w, https:\/\/www.sptl.fi\/sptl_uudet\/wp-content\/uploads\/RAmona-Betz-ETTU-U21EM-e1706277731909-1536x975.jpeg 1536w\" sizes=\"auto, (max-width: 2048px) 100vw, 2048px\" \/><\/p>\n<h4><strong><span style=\"font-weight: inherit;\">2. Tue: Valitse itsellesi sopiva kohde<\/span><\/strong><\/h4>\n<p><span style=\"font-weight: inherit;\">Voit allokoida halutessasi j\u00e4senmaksustasi 25 % (T\u00e4htij\u00e4sen) tai 50 % (Huippuj\u00e4sen) valitsemallesi kohteelle. Voit valita my\u00f6s yleistuen, jolloin liitto valitsee tuen k\u00e4ytt\u00f6tarkoituksen. J\u00e4ljelle j\u00e4\u00e4v\u00e4 osuus k\u00e4ytet\u00e4\u00e4n BisnesPingiksen tapahtumaj\u00e4rjestelyihin sek\u00e4 P\u00f6yt\u00e4tennisliiton normaaliin toimintaan.&nbsp;<\/span><\/p>\n<p><strong>TUETTAVAT KOHTEET<\/strong><\/p>\n<ol>\n<li>Juniorimaajoukkue<\/li>\n<li>Naisten maajoukkue<\/li>\n<li>Miesten maajoukkue<\/li>\n<li>Paramaajoukkue<\/li>\n<li>Koulupingis<\/li>\n<li>Valitsemasi p\u00f6yt\u00e4tennisseura<\/li>\n<li>Yleistuki<\/li>\n<\/ol>\n<p><img loading=\"lazy\" decoding=\"async\" class=\"alignnone size-full wp-image-43102\" src=\"https:\/\/www.sptl.fi\/sptl_uudet\/wp-content\/uploads\/ETTU-stage2-FIN-M-1.jpeg\" alt=\"\" width=\"2000\" height=\"1500\" srcset=\"https:\/\/www.sptl.fi\/sptl_uudet\/wp-content\/uploads\/ETTU-stage2-FIN-M-1.jpeg 2000w, https:\/\/www.sptl.fi\/sptl_uudet\/wp-content\/uploads\/ETTU-stage2-FIN-M-1-300x225.jpeg 300w, https:\/\/www.sptl.fi\/sptl_uudet\/wp-content\/uploads\/ETTU-stage2-FIN-M-1-1024x768.jpeg 1024w, https:\/\/www.sptl.fi\/sptl_uudet\/wp-content\/uploads\/ETTU-stage2-FIN-M-1-1536x1152.jpeg 1536w\" sizes=\"auto, (max-width: 2000px) 100vw, 2000px\" \/><\/p>\n<h4><strong><span style=\"font-weight: inherit;\">3. Pid\u00e4 hauskaa: Yhteiset tapahtumat<\/span><\/strong><\/h4>\n<p><span style=\"font-weight: inherit;\">BisnesPingiksen j\u00e4senille j\u00e4rjestet\u00e4\u00e4n vuoden aikana kolme yhteist\u00e4 tapahtumaa, joihin voit osallistua vapaasti.&nbsp;<\/span><\/p>\n<p><strong>Peli- ja verkostoitumistapahtuma<\/strong><\/p>\n<p>Noin kolmen tunnin tapahtuma syksyll\u00e4 2024, jossa ensin verkostoidutaan pelaamalla yhdess\u00e4 p\u00f6yt\u00e4tennist\u00e4 huippuvalmentajien johdolla sek\u00e4 sen j\u00e4lkeen pienen purtavan parissa. Tapahtuma j\u00e4rjestet\u00e4\u00e4n Ruskeasuolla.<\/p>\n<p><strong>Pingisgaala<\/strong><\/p>\n<p>Pingisgaala on suomalaisen p\u00f6yt\u00e4tenniksen uusi juhlatapahtuma, joka j\u00e4rjestet\u00e4\u00e4n la 14.12. Helsingiss\u00e4. Tapahtumap\u00e4iv\u00e4\u00e4n kuuluvat suuret kansalliset kilpailut Ruskeasuolla sek\u00e4 illallisgaala. BisnesPingiksen j\u00e4senille j\u00e4rjestet\u00e4\u00e4n oma p\u00f6yt\u00e4 gaalaan sek\u00e4 tapahtuma kilpailuissa.<\/p>\n<p><strong>Firma SM<\/strong><\/p>\n<p>Firmojen v\u00e4liset SM-kilpailut pelataan kev\u00e4\u00e4ll\u00e4 2025. Tapahtuman yhteydess\u00e4 j\u00e4rjestet\u00e4\u00e4n verkostoitumismahdollisuus BisnesPingiksen j\u00e4senille.<\/p>\n<p><span style=\"font-style: inherit; font-weight: inherit;\">&nbsp;<\/span><\/p>\n<h4><strong>J\u00e4senvaihtoehdot<\/strong><\/h4>\n<p aria-hidden=\"true\"><img loading=\"lazy\" decoding=\"async\" class=\"alignnone wp-image-49521 size-thumbnail\" src=\"https:\/\/www.sptl.fi\/sptl_uudet\/wp-content\/uploads\/Pyorea-1-150x150.png\" alt=\"\" width=\"150\" height=\"150\" srcset=\"https:\/\/www.sptl.fi\/sptl_uudet\/wp-content\/uploads\/Pyorea-1-150x150.png 150w, https:\/\/www.sptl.fi\/sptl_uudet\/wp-content\/uploads\/Pyorea-1-300x300.png 300w, https:\/\/www.sptl.fi\/sptl_uudet\/wp-content\/uploads\/Pyorea-1.png 500w\" sizes=\"auto, (max-width: 150px) 100vw, 150px\" \/><\/p>\n<p><strong>T\u00e4htij\u00e4sen (400\u20ac\/vuosi)<\/strong><\/p>\n<ul>\n<li>p\u00e4\u00e4sy BisnesPingiksen verkostosivustolle<\/li>\n<li>yksi illallislippu Pingisgaalaan la 14.12.2024<\/li>\n<li>ilmainen osallistuminen Firma SM-kilpailuihin (kev\u00e4\u00e4ll\u00e4 2025)<\/li>\n<li>peli- ja verkostotapahtuma kerran vuodessa (syksyll\u00e4 2024)<\/li>\n<li>25% summasta suoraan valitsemallesi pingiskohteelle<\/li>\n<\/ul>\n<p>&nbsp;<\/p>\n<p><img loading=\"lazy\" decoding=\"async\" class=\"alignnone wp-image-49522 size-thumbnail\" src=\"https:\/\/www.sptl.fi\/sptl_uudet\/wp-content\/uploads\/Pyorea-150x150.png\" alt=\"\" width=\"150\" height=\"150\" srcset=\"https:\/\/www.sptl.fi\/sptl_uudet\/wp-content\/uploads\/Pyorea-150x150.png 150w, https:\/\/www.sptl.fi\/sptl_uudet\/wp-content\/uploads\/Pyorea-300x300.png 300w, https:\/\/www.sptl.fi\/sptl_uudet\/wp-content\/uploads\/Pyorea.png 500w\" sizes=\"auto, (max-width: 150px) 100vw, 150px\" \/><\/p>\n<p><strong>Huippuj\u00e4sen (1000\u20ac\/vuosi)<\/strong><\/p>\n<ul>\n<li>T\u00e4htij\u00e4senen sis\u00e4ll\u00f6t<\/li>\n<li>kaksi illallislippua Pingisgaalaan<\/li>\n<li>maajoukkuevalmentajan vet\u00e4m\u00e4 yksityistunti<\/li>\n<li>maajoukkueen pelipaita toivomasi maajoukkuepelaajan nimikirjoituksella<\/li>\n<li>Some-julkaisu (IG, Facebook) yrityksesi\/yhteis\u00f6si j\u00e4seneksi liittymisest\u00e4<\/li>\n<li>50% summasta suoraan valitsemallesi pingiskohteelle<\/li>\n<\/ul>\n<p aria-hidden=\"true\"><em>Huom! Voit my\u00f6s j\u00e4tt\u00e4\u00e4 jonkun edun k\u00e4ytt\u00e4m\u00e4tt\u00e4 halutessasi.&nbsp;<\/em><\/p>\n<h4><strong>J\u00c4SENELT\u00c4<\/strong><\/h4>\n<p><em>&#8221;BisnesPingis on ehdottomasti hauskin tapa verkostoitua uusiin ihmisiin ja samalla l\u00f6yt\u00e4\u00e4<\/em><br \/>\n<em>uusia yhteisty\u00f6kumppaneita sek\u00e4 kaupanmahdollisuuksia!&#8221;&nbsp;&nbsp;<\/em><\/p>\n<p aria-hidden=\"true\"><img loading=\"lazy\" decoding=\"async\" class=\"alignnone wp-image-49523 size-thumbnail\" src=\"https:\/\/www.sptl.fi\/sptl_uudet\/wp-content\/uploads\/Pyorea-2-150x150.png\" alt=\"\" width=\"150\" height=\"150\" srcset=\"https:\/\/www.sptl.fi\/sptl_uudet\/wp-content\/uploads\/Pyorea-2-150x150.png 150w, https:\/\/www.sptl.fi\/sptl_uudet\/wp-content\/uploads\/Pyorea-2-300x300.png 300w, https:\/\/www.sptl.fi\/sptl_uudet\/wp-content\/uploads\/Pyorea-2.png 500w\" sizes=\"auto, (max-width: 150px) 100vw, 150px\" \/><\/p>\n<p><strong>Ari Holm<\/strong>,<br \/>\nMyynnintekij\u00e4 Holm Oy<\/p>\n<p>&nbsp;<\/p>\n<h4>Tiedustelut BisnesPingiksest\u00e4<\/h4>\n<p><strong>Henri Pelkonen<\/strong><br \/>\ntoiminnanjohtaja<br \/>\nhenri.pelkonen@sptl.fi<br \/>\n040 537 1449<\/p>\n<p><a href=\"https:\/\/forms.gle\/pyHDEVP5sRLtNtiP8\"><img loading=\"lazy\" decoding=\"async\" class=\"alignnone size-full wp-image-49550\" src=\"https:\/\/www.sptl.fi\/sptl_uudet\/wp-content\/uploads\/BisnesPingis-1600-x-900-px-1600-x-400-px-1.png\" alt=\"\" width=\"1600\" height=\"400\" srcset=\"https:\/\/www.sptl.fi\/sptl_uudet\/wp-content\/uploads\/BisnesPingis-1600-x-900-px-1600-x-400-px-1.png 1600w, https:\/\/www.sptl.fi\/sptl_uudet\/wp-content\/uploads\/BisnesPingis-1600-x-900-px-1600-x-400-px-1-300x75.png 300w, https:\/\/www.sptl.fi\/sptl_uudet\/wp-content\/uploads\/BisnesPingis-1600-x-900-px-1600-x-400-px-1-1024x256.png 1024w, https:\/\/www.sptl.fi\/sptl_uudet\/wp-content\/uploads\/BisnesPingis-1600-x-900-px-1600-x-400-px-1-1536x384.png 1536w\" sizes=\"auto, (max-width: 1600px) 100vw, 1600px\" \/><\/a><\/p>\n<p>&nbsp;<\/p>\n","protected":false},"excerpt":{"rendered":"<p>Verkostoidu, tue ja pid\u00e4 hauskaa &#8211; Liity BisnesPingikseen! &nbsp; BisnesPingis on P\u00f6yt\u00e4tennisliiton uusi verkosto, johon voivat liitty\u00e4 kaikki yritysten ja muiden yhteis\u00f6jen edustajat. Verkoston tavoitteena on luoda j\u00e4senten v\u00e4lisi\u00e4 uusia liikesuhteita, kumppanuuksia ja kaupanmahdollisuuksia. BisnesPingiksen j\u00e4senen\u00e4 p\u00e4\u00e4set verkostoitumaan maailman hienomman urheilulajin, p\u00f6yt\u00e4tenniksen parissa. Tarjolla on monipuolisia tapahtumia, uusia bisneskontakteja ja vauhdikkaita palloralleja. Mik\u00e4 parasta, t\u00e4ll\u00e4 &hellip; <a href=\"https:\/\/www.sptl.fi\/sptl_uudet\/?page_id=49509\" class=\"more-link\">Jatka lukemista <span class=\"screen-reader-text\">BisnesPingis<\/span> <span class=\"meta-nav\">&rarr;<\/span><\/a><\/p>\n","protected":false},"author":59,"featured_media":0,"parent":0,"menu_order":0,"comment_status":"closed","ping_status":"closed","template":"","meta":{"ngg_post_thumbnail":0,"footnotes":""},"class_list":["post-49509","page","type-page","status-publish","hentry"],"_links":{"self":[{"href":"https:\/\/www.sptl.fi\/sptl_uudet\/index.php?rest_route=\/wp\/v2\/pages\/49509","targetHints":{"allow":["GET"]}}],"collection":[{"href":"https:\/\/www.sptl.fi\/sptl_uudet\/index.php?rest_route=\/wp\/v2\/pages"}],"about":[{"href":"https:\/\/www.sptl.fi\/sptl_uudet\/index.php?rest_route=\/wp\/v2\/types\/page"}],"author":[{"embeddable":true,"href":"https:\/\/www.sptl.fi\/sptl_uudet\/index.php?rest_route=\/wp\/v2\/users\/59"}],"replies":[{"embeddable":true,"href":"https:\/\/www.sptl.fi\/sptl_uudet\/index.php?rest_route=%2Fwp%2Fv2%2Fcomments&post=49509"}],"version-history":[{"count":21,"href":"https:\/\/www.sptl.fi\/sptl_uudet\/index.php?rest_route=\/wp\/v2\/pages\/49509\/revisions"}],"predecessor-version":[{"id":53687,"href":"https:\/\/www.sptl.fi\/sptl_uudet\/index.php?rest_route=\/wp\/v2\/pages\/49509\/revisions\/53687"}],"wp:attachment":[{"href":"https:\/\/www.sptl.fi\/sptl_uudet\/index.php?rest_route=%2Fwp%2Fv2%2Fmedia&parent=49509"}],"curies":[{"name":"wp","href":"https:\/\/api.w.org\/{rel}","templated":true}]}}