{"id":51,"date":"2025-02-17T13:45:55","date_gmt":"2025-02-17T11:45:55","guid":{"rendered":"http:\/\/sptldev.sdihost.fi\/wordpress\/?page_id=51"},"modified":"2026-04-14T15:33:09","modified_gmt":"2026-04-14T12:33:09","slug":"valiokunnat","status":"publish","type":"page","link":"https:\/\/www.sptl.fi\/sptl_uudet\/?page_id=51","title":{"rendered":"Valiokunnat"},"content":{"rendered":"<h3>Ty\u00f6valiokunta (2026)<\/h3>\n<p><strong>Mika Pyykk\u00f6<\/strong> (pj.), 0400 841 662, mika.pyykko(a)kolumbus.fi<br \/>\n<strong>Sonja Grefberg<\/strong>, 040 556 6179, sonja.grefberg(a)kolumbus.fi<br \/>\n<strong>Matti Kurvinen<\/strong>, 040 504 7845, kurvinen(a)live.com<br \/>\n<strong>Henri Pelkonen<\/strong>, 040 537 1449, henri.pelkonen(a)sptl.fi<\/p>\n<p><em>Edist\u00e4\u00e4 ja valmistelee liittohallitukselle tulevia asioita ja p\u00e4\u00e4t\u00f6ksi\u00e4.<\/em><\/p>\n<h3>S\u00e4\u00e4nt\u00f6- ja tuomarivaliokunta (2026)<\/h3>\n<p><b>Tero Naumi<\/b> (pj.), 040 823 9895, teromi10@hotmail.fi<br \/>\n<b>Asko Rasinen<\/b>, 0400 444 779, asko.rasinen(a)kolumbus.fi<br \/>\n<b>Esko Heikkinen<\/b>, 050 625 32, esko.heikkinen(a)sptl.fi<br \/>\n<b>Sami Pyykk\u00f6<\/b>, 040 900 2118, samim.pyykko@gmail.com<br \/>\n<strong>Jari Heikkil\u00e4, <\/strong>jaritheikkila@gmail.com<\/p>\n<p><em>P\u00e4ivitt\u00e4\u00e4 ja tulkitsee liiton s\u00e4\u00e4nt\u00f6j\u00e4 sek\u00e4 vastaa tuomaritoiminnan kehitt\u00e4misest\u00e4.<\/em><\/p>\n<h3>Valmennus- ja seuravaliokunta (2026)<\/h3>\n<p style=\"text-align: left;\"><strong>Matti Vainio (pj)<\/strong>, 050 5720770, <span data-olk-copy-source=\"MessageBody\">matti.vainio@mbf.fi<\/span> (MBF)&nbsp; &nbsp; &nbsp; &nbsp; &nbsp; &nbsp; &nbsp; &nbsp; &nbsp; &nbsp; &nbsp; &nbsp; &nbsp; &nbsp; &nbsp; &nbsp; &nbsp; &nbsp; &nbsp; &nbsp; &nbsp;<\/p>\n<p style=\"text-align: left;\"><strong>Tapio Passinen (pj)<\/strong>, 040 8403681, tapio.passinen(a)yahoo.com (PTS Sherwood<strong>&nbsp; &nbsp; &nbsp; &nbsp; &nbsp; &nbsp; &nbsp; &nbsp; &nbsp; &nbsp; &nbsp; <\/strong><\/p>\n<p style=\"text-align: left;\"><strong>Mika R\u00e4s\u00e4nen<\/strong>, 040 594 3043, mika.rasanen(a)sptl.fi (SPTL \/ PT Espoo)<br \/>\n<strong>Taneli Keinonen<\/strong>, 050 5285861, taneli.keinonen (a)sptl.fi (SPTL)<br \/>\n<strong>Teemu Oinas<\/strong>, 050 485 8200, teemu.oinas(a)gmail.com (OPT-86)<br \/>\n<strong>Mika Sorvisto<\/strong>, 040 517 5866, mika.sorvisto(a)norrbotten.se (OPT-86)<br \/>\n<strong>Henri Pelkonen<\/strong>, 040 537 1449, henri.pelkonen(a)sptl.fi (SPTL)<br \/>\n<strong>Aaro M\u00e4kel\u00e4<\/strong>, 045 889 2470, aaromakela(a)outlook.com (PT Espoo)<br \/>\n<strong>Johanna Kaimio<\/strong>, 040 5760711, jonnaschuepbach(a)gmail.com (TuPy)<br \/>\n<strong>Matias Ojala<\/strong>, 044 2192110, ojala.matsku(a)gmail.com (OPT-86)<br \/>\n<strong>Riku Autio<\/strong>, 040 5912131, riku.autio.ra(a)gmail.com (PT 75)<br \/>\n<strong>Tomi Lehtonen<\/strong>, 040 5165047, tp.lehtonen(a)elisanet.fi (PT Jyv\u00e4skyl\u00e4)<br \/>\n<strong>Kristian Mustonen<\/strong>, 040 5536083, kristian.mustonen(a)gmail.com (PT-60)<br \/>\n<strong>Katja Kohonen<\/strong>, 050 5351489, katja.kohonen(a)siilinjarvi.fi (KuPTS)<br \/>\n<strong>Lassi Nyk\u00e4nen<\/strong>, 040 5628042, lassi.nykanen(a)smash.fi (Smash)<\/p>\n<p><em><span data-olk-copy-source=\"MessageBody\">\u201cSeura- ja valmennusvaliokunnan tarkoitus on vauhdittaa p\u00f6yt\u00e4tenniksen seurakasvua, parantaa seuravalmennuksen laatua sek\u00e4 edist\u00e4\u00e4 lajin olosuhteiden kehitt\u00e4mist\u00e4 linjaamalla, tukemalla ja seuraamalla kehitt\u00e4mistoimia, jotka toteutuvat p\u00e4\u00e4asiassa liiton toiminnan ja seurojen kautta.\u201d<\/span><\/em><\/p>\n<h4><strong>Parajaosto (2026)<\/strong><\/h4>\n<p><strong>Juha Julmala<\/strong> (pj.), 040 6817610, juha.julmala(a)gmail.com<br \/>\n<strong>Hannu Sihvo<\/strong>, 040 7186360, hannusihvo57(a)gmail.com<br \/>\n<strong>Asko Rasinen<\/strong>, 0400 444779, asko.rasinen(a)kolumbus.fi<br \/>\n<strong>Petri Mikkonen<\/strong>, petemikk(a)hotmail.com<br \/>\n<strong>Raimo Nevanen<\/strong><br \/>\n<strong>Aaro M\u00e4kel\u00e4<\/strong><br \/>\n<strong>Julius Muinonen<\/strong><\/p>\n<p><em>Toteuttaa parap\u00f6yt\u00e4tenniksen lajinlevityst\u00e4. Toimii seura- ja valmennusvaliokunnan alaisuudessa.&nbsp;<\/em><\/p>\n<h3>Kilpailuvaliokunta (2026)<\/h3>\n<p><strong>Teemu Oinas<\/strong> (pj), 050 485 8200, teemu.oinas(a)gmail.com<br \/>\n<strong>Jori Haataja<\/strong>, 040 504 2013, jori.haataja(a)outlook.com<br \/>\n<strong>Henri Pelkonen<\/strong>, 040 537 1449, henri.pelkonen(a)sptl.fi<br \/>\n<strong>Juha Julmala<\/strong>, 040 681 7610, juha.julmala(a)gmail.com<br \/>\n<strong>Aaro M\u00e4kel\u00e4<\/strong>, 045 889 2470, aaromakela(a)outlook.com<br \/>\n<strong>Vesa Lappi<\/strong>, 045 6716700, vesa.lappi(a)bandits.fi<br \/>\n<strong>Jyrki Nummenmaa<\/strong>, 040 5277999, jyrki.nummenmaa(a)gmail.com<br \/>\n<strong>Maaret Koivum\u00e4ki<\/strong>, 050 5249813, maaret.koivumaki(a)gmail.com&nbsp;<\/p>\n<p><strong>Kilpailuvaliokunnan IT-jaostoon<\/strong> kuuluvat Jyrki Nummenmaan lis\u00e4ksi Marko Koskinen ja Tomi Nummenmaa.<\/p>\n<p><em>Vastaa kansallisesta kilpailutoiminnasta. Ty\u00f6listalla mm. kilpailukalenterin suunnittelu, kilpailunveto-ohjelmat ja ratinglaskenta.<\/em><\/p>\n<h4>Sarjajaosto (2026)<\/h4>\n<p><strong>Teemu Oinas<\/strong> (pj): 4-divisioona Pohjois-Suomi ja It\u00e4-Suomi<em>, <\/em>puh. 050 485 8200, teemu.oinas(a)gmail.com<br \/>\n<strong>Juha Julmala<\/strong>: Mestaruussarja \/ 1-divisioona \/ 2-divisioona \/ 3-divisioona \/ 4-5 divisioonat Pohjanmaa, puh. 040 681 7610, juha.julmala(a)gmail.com<br \/>\n<strong>Aaro M\u00e4kel\u00e4<\/strong>: 4-6 divisioona Uusimaa, 4-6 divisioona Etel\u00e4-Suomi ja Varsinais-Suomi, puh. 045 889 2470, aaromakela(a)outlook.com<\/p>\n<p><em>Vastaa sarjatoiminnasta. Toimii kilpailuvaliokunnan alaisuudessa.<\/em><\/p>\n<h4>Veteraanijaosto (2026)<\/h4>\n<p><strong>Vesa Lappi<\/strong> (pj.), 045 6716700, vesa.lappi(a)bandits.fi<br \/>\n<strong>Hannu Sihvo<\/strong>, 040 7186 360,&nbsp;hannusihvo57(a)gmail.com<br \/>\n<strong>Ildiko Kadar<\/strong>, 045 3461779, tokes.ildiko(a)gmail.com<br \/>\n<strong>Tauno Kara<\/strong>, 0400 701586, tauno.kara(a)icloud.com<br \/>\n<strong>Lasse Vimpari<\/strong>, pingis_69(a)outlook.com<\/p>\n<p><em>Vastaa veteraanitoiminnasta. Toimii kilpailuvaliokunnan alaisuudessa.<\/em><\/p>\n<h3>Huippu-urheiluvaliokunta (2026)<\/h3>\n<p><strong>Sonja Grefberg<\/strong> (pj), 040 556 6179, sonja.grefberg(a)kolumbus.fi<br \/>\n<strong>Mattias Bergkvist<\/strong>, 0400 271065, ljmbergkvist(a)hotmail.com<br \/>\n<strong>Mika R\u00e4s\u00e4nen<\/strong>, 040 594 3043, mika.rasanen(a)sptl.fi<br \/>\n<strong>Pasi Valasti<\/strong>, 050 388 4306, pasi.valasti(a)sok.fi<br \/>\n<strong>Pekka Kainulainen<\/strong>&nbsp;<\/p>\n<p><em>Vastaa maajoukkuetoiminnasta.<\/em><\/p>\n<h3>Markkinointi- ja viestint\u00e4valiokunta (2026)<\/h3>\n<p><strong>Riku Solapuro (pj.),<\/strong> &nbsp;050 5260210, riku(a)icyform.com<br \/>\n<strong>Henri Pelkonen<\/strong>, 040 537 1449, henri.pelkonen(a)sptl.fi<br \/>\n<strong>Heikki Kiiskinen<\/strong>, 040 554 5075, heikki.kiiskinen(a)gmail.com<br \/>\n<strong>Konsta Ojanen<\/strong>, 0400 989 287, konsta.ojanen(a)gmail.com<br \/>\n<strong>Lassi Nyk\u00e4nen<\/strong>, 040 562 8042, lassi.nykanen(a)smash.fi<br \/>\n<strong>Anton M\u00e4kinen,<\/strong> 045 6514258, anton.makinen(a)smash.fi<\/p>\n<p><em>Kehitt\u00e4\u00e4 liiton sis\u00e4ist\u00e4 ja ulkoista viestint\u00e4\u00e4, markkinointia sek\u00e4 kumppanihankintaa.<\/em><\/p>\n<h3><strong>Nuorten valiokunta (2026)<\/strong><\/h3>\n<p><strong>Anton M\u00e4kinen (pj.)<\/strong>, 045 6514 258, anton.makinen(a)smash.fi<br \/>\n<strong>Aaro M\u00e4kel\u00e4<\/strong>, 045 889 2470, aaromakela(a)outlook.com<br \/>\n<strong>Simeoni Saarikoski<\/strong>, 044 9762464, simeoni.saarikoski(a)gmail.com<br \/>\n<strong>Matias Ojala<\/strong>, 044 2192110, ojala.matsku(a)gmail.com<br \/>\n<strong>Lauri Hakaste<\/strong>, 045 2568838,lauri.hakaste6(a)gmail.com<br \/>\n<strong>Tamila Vlasova<\/strong><\/p>\n<p><em>Tuo nuorten pelaajien \u00e4\u00e4nen kuuluviin hallitukselle. Tuo kehitysajatuksia nuorten n\u00e4k\u00f6kulmasta.<\/em><\/p>\n<h3><strong>Vastuullisuusvaliokunta (2026)<\/strong><\/h3>\n<p><strong>Timo Reina (pj.)<\/strong>, 040 555 8458, timo.reina(a)gmail.com<br \/>\n<strong>Simeoni Saarikoski<\/strong>, 044 9762464, simeoni.saarikoski(a)gmail.com<br \/>\n<strong>Oskari Hakala<\/strong>, 044 054 1550, oskari@tipotie.fi<br \/>\n<strong>Henri Pelkonen<\/strong>, 040 537 1449, henri.pelkonen@sptl.fi<br \/>\n<strong>Eve Autio<\/strong><br \/>\n<strong>Aku Kaura<\/strong><br \/>\n<strong>Samuli Oja<\/strong>, samulioja@gmail.com<\/p>\n<p><em>Kehitt\u00e4\u00e4 ja valvoo liiton vastuullisuutta (mm. hyv\u00e4 hallinto, yhdenvertaisuus ja turvallinen toimintaymp\u00e4rist\u00f6).<\/em><\/p>\n<h3><strong>Mailapelien kurinpitolautakunta (2026)<\/strong><\/h3>\n<p><strong>Pekka Kolppanen (pj.)<\/strong>, pekka.kolppanen@sptl.fi&nbsp;<br \/>\n<b>Tuomas Tiittala,<\/b> tuomas.tiittala@sptl.fi<br \/>\n<strong>Sami Pyykk\u00f6<\/strong>, sami.pyykko@sptl.fi<br \/>\n<strong>Pekka S\u00e4il\u00e4<\/strong>, pekka.saila@sptl.fi<br \/>\n<strong>Petri V\u00e4nttinen<\/strong>, petri.vanttinen@sptl.fi<br \/>\n<strong>Poku Salo<\/strong>, poku.salo@sptl.fi<br \/>\n<strong>Jarmo Karjala<\/strong>, jarmo.karjala@sptl.fi<\/p>\n<p><em>Vastaa liiton kurinpidosta. Kurinpitolauta on kolmen liiton (p\u00f6yt\u00e4tennis, sulkapallo ja squash) yhteinen.<\/em><\/p>\n<p><strong>Kansainv\u00e4liset kontaktit<\/strong><br \/>\n<strong>Sonja Grefberg<\/strong>, 040 556 6179, sonja.grefberg(a)kolumbus.fi<\/p>\n<p><strong>Ansiomerkit<\/strong><br \/>\n<strong>Juha Suotmaa<\/strong>, 040 5118166, juhsuo@gmail.com<\/p>\n<p>&nbsp;<\/p>\n","protected":false},"excerpt":{"rendered":"<p>Ty\u00f6valiokunta (2026) Mika Pyykk\u00f6 (pj.), 0400 841 662, mika.pyykko(a)kolumbus.fi Sonja Grefberg, 040 556 6179, sonja.grefberg(a)kolumbus.fi Matti Kurvinen, 040 504 7845, kurvinen(a)live.com Henri Pelkonen, 040 537 1449, henri.pelkonen(a)sptl.fi Edist\u00e4\u00e4 ja valmistelee liittohallitukselle tulevia asioita ja p\u00e4\u00e4t\u00f6ksi\u00e4. S\u00e4\u00e4nt\u00f6- ja tuomarivaliokunta (2026) Tero Naumi (pj.), 040 823 9895, teromi10@hotmail.fi Asko Rasinen, 0400 444 779, asko.rasinen(a)kolumbus.fi Esko Heikkinen, 050 &hellip; <a href=\"https:\/\/www.sptl.fi\/sptl_uudet\/?page_id=51\" class=\"more-link\">Jatka lukemista <span class=\"screen-reader-text\">Valiokunnat<\/span> <span class=\"meta-nav\">&rarr;<\/span><\/a><\/p>\n","protected":false},"author":287,"featured_media":0,"parent":1251,"menu_order":0,"comment_status":"closed","ping_status":"closed","template":"","meta":{"ngg_post_thumbnail":0,"footnotes":""},"class_list":["post-51","page","type-page","status-publish","hentry"],"_links":{"self":[{"href":"https:\/\/www.sptl.fi\/sptl_uudet\/index.php?rest_route=\/wp\/v2\/pages\/51","targetHints":{"allow":["GET"]}}],"collection":[{"href":"https:\/\/www.sptl.fi\/sptl_uudet\/index.php?rest_route=\/wp\/v2\/pages"}],"about":[{"href":"https:\/\/www.sptl.fi\/sptl_uudet\/index.php?rest_route=\/wp\/v2\/types\/page"}],"author":[{"embeddable":true,"href":"https:\/\/www.sptl.fi\/sptl_uudet\/index.php?rest_route=\/wp\/v2\/users\/287"}],"replies":[{"embeddable":true,"href":"https:\/\/www.sptl.fi\/sptl_uudet\/index.php?rest_route=%2Fwp%2Fv2%2Fcomments&post=51"}],"version-history":[{"count":105,"href":"https:\/\/www.sptl.fi\/sptl_uudet\/index.php?rest_route=\/wp\/v2\/pages\/51\/revisions"}],"predecessor-version":[{"id":66176,"href":"https:\/\/www.sptl.fi\/sptl_uudet\/index.php?rest_route=\/wp\/v2\/pages\/51\/revisions\/66176"}],"up":[{"embeddable":true,"href":"https:\/\/www.sptl.fi\/sptl_uudet\/index.php?rest_route=\/wp\/v2\/pages\/1251"}],"wp:attachment":[{"href":"https:\/\/www.sptl.fi\/sptl_uudet\/index.php?rest_route=%2Fwp%2Fv2%2Fmedia&parent=51"}],"curies":[{"name":"wp","href":"https:\/\/api.w.org\/{rel}","templated":true}]}}