{"id":58330,"date":"2025-03-06T09:45:19","date_gmt":"2025-03-06T07:45:19","guid":{"rendered":"https:\/\/www.sptl.fi\/sptl_uudet\/?page_id=58330"},"modified":"2025-06-10T10:33:57","modified_gmt":"2025-06-10T07:33:57","slug":"valmennusoppaita","status":"publish","type":"page","link":"https:\/\/www.sptl.fi\/sptl_uudet\/?page_id=58330","title":{"rendered":"Valmennusoppaita"},"content":{"rendered":"<p>Seuraaville sivuille on koottu p\u00f6yt\u00e4tennisvalmennukseen liittyvi\u00e4 oppaita:<\/p>\n<ul>\n<li style=\"list-style-type: none;\">\n<ul>\n<li><a href=\"https:\/\/www.sptl.fi\/sptl_uudet\/wp-content\/uploads\/Moderni-poytatennistekniikka..pdf\">Moderni p\u00f6yt\u00e4tennistekniikka<\/a><\/li>\n<li><a href=\"https:\/\/www.sptl.fi\/sptl_uudet\/wp-content\/uploads\/seuravalmentajakoulutus-itsenaisopiskelumateriaali16.11-1.pdf\">Seuravalmentajakoulutus ja perustekniikka<\/a><\/li>\n<li><a href=\"https:\/\/www.sptl.fi\/sptl_uudet\/wp-content\/uploads\/Fyysinen-suorituskyky.pdf\">Fyysisen suorituskyvyn harjoittaminen modernissa p\u00f6yt\u00e4tenniksess\u00e4<\/a><\/li>\n<li><a href=\"https:\/\/www.sptl.fi\/sptl_uudet\/wp-content\/uploads\/Rissanen_Vaha.pdf\">Olkap\u00e4\u00e4vammojen ennaltaehk\u00e4isev\u00e4 harjoitusopas p\u00f6yt\u00e4tennispelaajille<\/a><\/li>\n<\/ul>\n<\/li>\n<\/ul>\n","protected":false},"excerpt":{"rendered":"<p>Seuraaville sivuille on koottu p\u00f6yt\u00e4tennisvalmennukseen liittyvi\u00e4 oppaita: Moderni p\u00f6yt\u00e4tennistekniikka Seuravalmentajakoulutus ja perustekniikka Fyysisen suorituskyvyn harjoittaminen modernissa p\u00f6yt\u00e4tenniksess\u00e4 Olkap\u00e4\u00e4vammojen ennaltaehk\u00e4isev\u00e4 harjoitusopas p\u00f6yt\u00e4tennispelaajille<\/p>\n","protected":false},"author":460,"featured_media":0,"parent":1302,"menu_order":0,"comment_status":"closed","ping_status":"closed","template":"","meta":{"ngg_post_thumbnail":0,"footnotes":""},"class_list":["post-58330","page","type-page","status-publish","hentry"],"_links":{"self":[{"href":"https:\/\/www.sptl.fi\/sptl_uudet\/index.php?rest_route=\/wp\/v2\/pages\/58330","targetHints":{"allow":["GET"]}}],"collection":[{"href":"https:\/\/www.sptl.fi\/sptl_uudet\/index.php?rest_route=\/wp\/v2\/pages"}],"about":[{"href":"https:\/\/www.sptl.fi\/sptl_uudet\/index.php?rest_route=\/wp\/v2\/types\/page"}],"author":[{"embeddable":true,"href":"https:\/\/www.sptl.fi\/sptl_uudet\/index.php?rest_route=\/wp\/v2\/users\/460"}],"replies":[{"embeddable":true,"href":"https:\/\/www.sptl.fi\/sptl_uudet\/index.php?rest_route=%2Fwp%2Fv2%2Fcomments&post=58330"}],"version-history":[{"count":1,"href":"https:\/\/www.sptl.fi\/sptl_uudet\/index.php?rest_route=\/wp\/v2\/pages\/58330\/revisions"}],"predecessor-version":[{"id":58333,"href":"https:\/\/www.sptl.fi\/sptl_uudet\/index.php?rest_route=\/wp\/v2\/pages\/58330\/revisions\/58333"}],"up":[{"embeddable":true,"href":"https:\/\/www.sptl.fi\/sptl_uudet\/index.php?rest_route=\/wp\/v2\/pages\/1302"}],"wp:attachment":[{"href":"https:\/\/www.sptl.fi\/sptl_uudet\/index.php?rest_route=%2Fwp%2Fv2%2Fmedia&parent=58330"}],"curies":[{"name":"wp","href":"https:\/\/api.w.org\/{rel}","templated":true}]}}