{"id":60971,"date":"2025-06-25T13:23:46","date_gmt":"2025-06-25T10:23:46","guid":{"rendered":"https:\/\/www.sptl.fi\/sptl_uudet\/?page_id=60971"},"modified":"2025-09-26T10:20:12","modified_gmt":"2025-09-26T07:20:12","slug":"pingispoydat-suomessa","status":"publish","type":"page","link":"https:\/\/www.sptl.fi\/sptl_uudet\/?page_id=60971","title":{"rendered":"Pingisp\u00f6yd\u00e4t Suomessa"},"content":{"rendered":"<p><a href=\"https:\/\/www.sptl.fi\/sptl_uudet\/wp-content\/uploads\/poyta1.jpeg\"><img loading=\"lazy\" decoding=\"async\" class=\"alignright wp-image-27266 size-thumbnail\" src=\"https:\/\/www.sptl.fi\/sptl_uudet\/wp-content\/uploads\/poyta1-150x150.jpeg\" alt=\"\" width=\"150\" height=\"150\"><\/a>Seuraavaan taulukkoon on koottu Suomessa olevia pingisp\u00f6yti\u00e4. Lista ei ole t\u00e4ydellinen. Pyyd\u00e4mmekin harrastajia ja seuroja ilmoittamaan tiedossaan olevat pelipaikat listaan lis\u00e4tt\u00e4v\u00e4ksi.<\/p>\n<p>Virheist\u00e4 ja puuttuvista tiedoista voi olla yhteydess\u00e4 P\u00f6yt\u00e4tennisliittoon: info@sptl.fi. Tiedot perustuvat <a href=\"https:\/\/www.lipas.fi\/etusivu\">LIPAS-liikuntapaikkatietokantaan<\/a>.<\/p>\n<p>Tarkempia tietoja p\u00f6ytien varaamisesta saa kunkin tilan omistajalta. My\u00f6s <a href=\"https:\/\/www.sptl.fi\/sptl_uudet\/?page_id=34\">paikalliseen seuraan<\/a> voi olla yhteydess\u00e4 oman kunnan harrastamismahdollisuuksista.<\/p>\n<h4>Pelipaikkojen tyypit<\/h4>\n<p>Julkinen: kenen tahansa k\u00e4ytett\u00e4viss\u00e4 maksutta.<br \/>\nVarattavissa: maksullinen vuoro pit\u00e4\u00e4 varata etuk\u00e4teen.<br \/>\nYksityinen: ei vapaasti k\u00e4ytett\u00e4viss\u00e4 (esimerkiksi vain asiakkaille tai seuran j\u00e4senille).<\/p>\n<h4>Pingisp\u00f6yd\u00e4t Suomessa<\/h4>\n<div style=\"overflow-x: auto; display: block;\">\n<table>\n<tbody>\n<tr>\n<th>Paikkakunta<\/th>\n<th>Tila<\/th>\n<th>Tyyppi<\/th>\n<th>Osoite<\/th>\n<th>Sis\u00e4\/ulko<\/th>\n<th>P\u00f6ytien m\u00e4\u00e4r\u00e4<\/th>\n<\/tr>\n<tr>\n<td>Alavus<\/td>\n<td>Jokivarren Nuorisoseuran talo<\/td>\n<td>Yksityinen<\/td>\n<td>Jokivarrentie 349, 63300 Alavus<\/td>\n<td>Sis\u00e4<\/td>\n<td>1<\/td>\n<\/tr>\n<tr>\n<td>Alavus<\/td>\n<td>Kunto-Lutran liikuntahalli<\/td>\n<td>Varattavissa<\/td>\n<td>Kautunkuja 5, 63300 Alavus<\/td>\n<td>Sis\u00e4<\/td>\n<td>2<\/td>\n<\/tr>\n<tr>\n<td>Asikkala<\/td>\n<td>Asikkalan liikuntahalli<\/td>\n<td>?<\/td>\n<td>Asikkalantie 14, 17200 V\u00e4\u00e4ksy<\/td>\n<td>Sis\u00e4<\/td>\n<td>?<\/td>\n<\/tr>\n<tr>\n<td>Asikkala<\/td>\n<td>V\u00e4\u00e4ksyn yhteiskoulu<\/td>\n<td>Julkinen<\/td>\n<td>Asikkalantie 12, 17200 V\u00e4\u00e4ksy<\/td>\n<td>Ulko<\/td>\n<td>?<\/td>\n<\/tr>\n<tr>\n<td>Espoo<\/td>\n<td>Alberganesplanadi<\/td>\n<td>Julkinen<\/td>\n<td>Alberganesplanadi 5, 02600 Espoo<\/td>\n<td>Ulko<\/td>\n<td>1<\/td>\n<\/tr>\n<tr>\n<td>Espoo<\/td>\n<td>Espoonlahden koulu<\/td>\n<td>Julkinen<\/td>\n<td>Opettajantie 3, 02360 Espoo<\/td>\n<td>Ulko<\/td>\n<td>1<\/td>\n<\/tr>\n<tr>\n<td>Espoo<\/td>\n<td>Iso Vasikkasaari<\/td>\n<td>Julkinen<\/td>\n<td>Iso Vasikkasaari, 02230 Espoo<\/td>\n<td>Ulko<\/td>\n<td>1<\/td>\n<\/tr>\n<tr>\n<td>Espoo<\/td>\n<td>Juvanpuiston koulu<\/td>\n<td>Julkinen<\/td>\n<td>Juvanpuro 2, 02920 Espoo<\/td>\n<td>Ulko<\/td>\n<td>1<\/td>\n<\/tr>\n<tr>\n<td>Espoo<\/td>\n<td>J\u00e4rvenper\u00e4n koulu<\/td>\n<td>Julkinen<\/td>\n<td>Auroranm\u00e4ki 1, 02940 Espoo<\/td>\n<td>Ulko<\/td>\n<td>1<\/td>\n<\/tr>\n<tr>\n<td>Espoo<\/td>\n<td>Kantokasken koulu<\/td>\n<td>Julkinen<\/td>\n<td>Kaskisavu 4, 02340 Espoo<\/td>\n<td>Ulko<\/td>\n<td>1<\/td>\n<\/tr>\n<tr>\n<td>Espoo<\/td>\n<td>Karakallion koulu<\/td>\n<td>Julkinen<\/td>\n<td>Kotkakuja 5, 02620 Espoo<\/td>\n<td>Ulko<\/td>\n<td>1<\/td>\n<\/tr>\n<tr>\n<td>Espoo<\/td>\n<td>Karamalmens skola<\/td>\n<td>Julkinen<\/td>\n<td>Karaniityntie 4, 02610 Espoo<\/td>\n<td>Ulko<\/td>\n<td>1<\/td>\n<\/tr>\n<tr>\n<td>Espoo<\/td>\n<td>Karamzininpuisto<\/td>\n<td>Julkinen<\/td>\n<td>Kulloonm\u00e4entie 20, 02940 Espoo<\/td>\n<td>Ulko<\/td>\n<td>1<\/td>\n<\/tr>\n<tr>\n<td>Espoo<\/td>\n<td>Kuitinm\u00e4en yl\u00e4koulu<\/td>\n<td>Julkinen<\/td>\n<td>Kuitinkuja 4, 02210 Espoo<\/td>\n<td>Ulko<\/td>\n<td>2<\/td>\n<\/tr>\n<tr>\n<td>Espoo<\/td>\n<td>Kungsg\u00e5rdskolan<\/td>\n<td>Julkinen<\/td>\n<td>Juppinlaita 8, 02780 Espoo<\/td>\n<td>Ulko<\/td>\n<td>?<\/td>\n<\/tr>\n<tr>\n<td>Espoo<\/td>\n<td>Lagstads skolan<\/td>\n<td>Julkinen<\/td>\n<td>Espoonkatu 7, 02770 Espoo<\/td>\n<td>Ulko<\/td>\n<td>2<\/td>\n<\/tr>\n<tr>\n<td>Espoo<\/td>\n<td>Mainingin koulu<\/td>\n<td>Julkinen<\/td>\n<td>Maininkitie 23, 02320 Espoo<\/td>\n<td>Ulko<\/td>\n<td>1<\/td>\n<\/tr>\n<tr>\n<td>Espoo<\/td>\n<td>Mattlidens skolan<\/td>\n<td>Julkinen<\/td>\n<td>Matinsyrj\u00e4 1, 02230 Espoo<\/td>\n<td>Ulko<\/td>\n<td>2<\/td>\n<\/tr>\n<tr>\n<td>Espoo<\/td>\n<td>Opinm\u00e4en koulu<\/td>\n<td>Julkinen<\/td>\n<td>Lillhemtintie 1, 02250 Espoo<\/td>\n<td>Sis\u00e4<\/td>\n<td>3<\/td>\n<\/tr>\n<tr>\n<td>Espoo<\/td>\n<td>Perkkaan asukaspuisto<\/td>\n<td>Julkinen<\/td>\n<td>Majurinpolku 3, 02600 Espoo<\/td>\n<td>Ulko<\/td>\n<td>2<\/td>\n<\/tr>\n<tr>\n<td>Espoo<\/td>\n<td>Smedsby skolan<\/td>\n<td>Julkinen<\/td>\n<td>Vanha-Stensintie 5, 02750 Espoo<\/td>\n<td>Ulko<\/td>\n<td>1<\/td>\n<\/tr>\n<tr>\n<td>Espoo<\/td>\n<td>Suvelan asukaspuisto<\/td>\n<td>Julkinen<\/td>\n<td>Kirstintie 20, 02760 Espoo<\/td>\n<td>Ulko<\/td>\n<td>1<\/td>\n<\/tr>\n<tr>\n<td>Espoo<\/td>\n<td>Tapiolan asukaspuisto<\/td>\n<td>Julkinen<\/td>\n<td>Louhenkuja 4, 02130 Espoo<\/td>\n<td>Ulko<\/td>\n<td>1<\/td>\n<\/tr>\n<tr>\n<td>Espoo<\/td>\n<td><a href=\"https:\/\/targaarena.fi\/fi\/etusivu\/\">Targa arena<\/a><\/td>\n<td>Varattavissa<\/td>\n<td>Ullanm\u00e4entie 21, 02750 Espoo<\/td>\n<td>Sis\u00e4<\/td>\n<td>8<\/td>\n<\/tr>\n<tr>\n<td>Espoo<\/td>\n<td>Tuulim\u00e4en p\u00f6yt\u00e4tennissali<\/td>\n<td>Varattavissa<\/td>\n<td>It\u00e4tuulenkuja 9, 02100 Espoo<\/td>\n<td>Sis\u00e4<\/td>\n<td>13<\/td>\n<\/tr>\n<tr>\n<td>Espoo<\/td>\n<td>Viherkallion asukaspuisto<\/td>\n<td>Julkinen<\/td>\n<td>Kievarinpolku 8, 02710 Espoo<\/td>\n<td>Ulko<\/td>\n<td>1<\/td>\n<\/tr>\n<tr>\n<td>Hanko<\/td>\n<td>Pingissali<\/td>\n<td>Varattavissa<\/td>\n<td>Santalantie 2, 10960 Hanko<\/td>\n<td>Sis\u00e4<\/td>\n<td>6<\/td>\n<\/tr>\n<tr>\n<td>Heinola<\/td>\n<td>Vierum\u00e4ki<\/td>\n<td>Varattavissa<\/td>\n<td>Kaskelantie 1, 19120 Vierum\u00e4ki<\/td>\n<td>Sis\u00e4<\/td>\n<td>?<\/td>\n<\/tr>\n<tr>\n<td>Helsinki<\/td>\n<td>Alppilan lukio<\/td>\n<td>?<\/td>\n<td>Viipurinkatu 21, 00510 Helsinki<\/td>\n<td>Sis\u00e4<\/td>\n<td>1<\/td>\n<\/tr>\n<tr>\n<td>Helsinki<\/td>\n<td>Baanan p\u00f6yt\u00e4tennisp\u00f6yd\u00e4t<\/td>\n<td>Julkinen<\/td>\n<td>Finlandiapuisto, L\u00e4nsilinkki, Mechelininkatu, 00180 Helsinki<\/td>\n<td>Ulko<\/td>\n<td>2<\/td>\n<\/tr>\n<tr>\n<td>Helsinki<\/td>\n<td>Br\u00e4nd\u00f6 l\u00e5gstadieskola<\/td>\n<td>?<\/td>\n<td>St\u00e5hlbergintie 2, 00570 Helsinki<\/td>\n<td>Sis\u00e4<\/td>\n<td>1<\/td>\n<\/tr>\n<tr>\n<td>Helsinki<\/td>\n<td>Grundskolan Norsen<\/td>\n<td>?<\/td>\n<td>Unioninkatu 2, 00130 Helsinki<\/td>\n<td>Sis\u00e4<\/td>\n<td>2<\/td>\n<\/tr>\n<tr>\n<td>Helsinki<\/td>\n<td>Helsingin kielilukio<\/td>\n<td>?<\/td>\n<td>Kiviparintie 1, 00920 Helsinki<\/td>\n<td>Sis\u00e4<\/td>\n<td>1<\/td>\n<\/tr>\n<tr>\n<td>Helsinki<\/td>\n<td><a href=\"https:\/\/mailapelikeskus.fi\/\">Helsingin Mailapelikeskus<\/a><\/td>\n<td>Varattavissa<\/td>\n<td>Tapulikaupungintie 4, 00750 Helsinki<\/td>\n<td>Sis\u00e4<\/td>\n<td>2<\/td>\n<\/tr>\n<tr>\n<td>Helsinki<\/td>\n<td>It\u00e4keskuksen peruskoulu<\/td>\n<td>?<\/td>\n<td>J\u00e4\u00e4tanssipolku 1, 00900 Helsinki<\/td>\n<td>Sis\u00e4<\/td>\n<td>1<\/td>\n<\/tr>\n<tr>\n<td>Helsinki<\/td>\n<td>Kallion lukio<\/td>\n<td>?<\/td>\n<td>Porthaninkatu 15, 00530 Helsinki<\/td>\n<td>Sis\u00e4<\/td>\n<td>1<\/td>\n<\/tr>\n<tr>\n<td>Helsinki<\/td>\n<td>Konalan liikuntapuisto<\/td>\n<td>Julkinen<\/td>\n<td>Kolsarintie 13, 00390 Helsinki<\/td>\n<td>Ulko<\/td>\n<td>1<\/td>\n<\/tr>\n<tr>\n<td>Helsinki<\/td>\n<td>Kumpulan maauimala<\/td>\n<td>Julkinen<\/td>\n<td>Allastie 1, 00560 Helsinki<\/td>\n<td>Ulko<\/td>\n<td>1<\/td>\n<\/tr>\n<tr>\n<td>Helsinki<\/td>\n<td>Leikkipuisto Nuoli<\/td>\n<td>Julkinen<\/td>\n<td>Nuolitie, 00370 Helsinki<\/td>\n<td>Ulko<\/td>\n<td>1<\/td>\n<\/tr>\n<tr>\n<td>Helsinki<\/td>\n<td>Leikkipuisto Rusthollari<\/td>\n<td>Julkinen<\/td>\n<td>Puotilantie 6-8, 00910 Helsinki<\/td>\n<td>Ulko<\/td>\n<td>1<\/td>\n<\/tr>\n<tr>\n<td>Helsinki<\/td>\n<td><a href=\"https:\/\/meripeli.fi\/\">Merihaan Pallohalli<\/a><\/td>\n<td>Varattavissa<\/td>\n<td>Haapaniemenkatu 14 B, 00530 Helsinki<\/td>\n<td>Sis\u00e4<\/td>\n<td>1<\/td>\n<\/tr>\n<tr>\n<td>Helsinki<\/td>\n<td>Pakilan nuorisotalo<\/td>\n<td>?<\/td>\n<td>Halkosuontie 88, 00660 Helsinki<\/td>\n<td>Sis\u00e4<\/td>\n<td>1<\/td>\n<\/tr>\n<tr>\n<td>Helsinki<\/td>\n<td>Pirkkolan liikuntapuisto<\/td>\n<td>Julkinen<\/td>\n<td>Pirkkolan mets\u00e4tie 6, 00630 Helsinki<\/td>\n<td>Ulko<\/td>\n<td>3<\/td>\n<\/tr>\n<tr>\n<td>Helsinki<\/td>\n<td>Pohjoismainen yhten\u00e4iskoulu<\/td>\n<td>?<\/td>\n<td>Louhentie 3, 00610 Helsinki<\/td>\n<td>Sis\u00e4<\/td>\n<td>4<\/td>\n<\/tr>\n<tr>\n<td>Helsinki<\/td>\n<td>Porolahden peruskoulu<\/td>\n<td>?<\/td>\n<td>Satumaanpolku 2, 00820 Helsinki<\/td>\n<td>Sis\u00e4<\/td>\n<td>2<\/td>\n<\/tr>\n<tr>\n<td>Helsinki<\/td>\n<td>Pukinm\u00e4en liikuntapuisto<\/td>\n<td>Julkinen<\/td>\n<td>Kentt\u00e4tie 3, 00720 Helsinki<\/td>\n<td>Ulko<\/td>\n<td>4<\/td>\n<\/tr>\n<tr>\n<td>Helsinki<\/td>\n<td>Roihuvuoren liikuntapuisto<\/td>\n<td>Julkinen<\/td>\n<td>Satumaanpolku 4, 00820 Helsinki<\/td>\n<td>Ulko<\/td>\n<td>?<\/td>\n<\/tr>\n<tr>\n<td>Helsinki<\/td>\n<td>Roihuvuoren nuorisotalo<\/td>\n<td>?<\/td>\n<td>Prinssitie 1, 00820 Helsinki<\/td>\n<td>Sis\u00e4<\/td>\n<td>1<\/td>\n<\/tr>\n<tr>\n<td>Helsinki<\/td>\n<td>Ruskeasuon liikuntahalli<\/td>\n<td>Varattavissa<\/td>\n<td>Ratsastie 10, 00280 Helsinki<\/td>\n<td>Sis\u00e4<\/td>\n<td>12<\/td>\n<\/tr>\n<tr>\n<td>Helsinki<\/td>\n<td>Seikkailutalo<\/td>\n<td>?<\/td>\n<td>Kallvikinniementie 10, 00980 Helsinki<\/td>\n<td>Sis\u00e4<\/td>\n<td>1<\/td>\n<\/tr>\n<tr>\n<td>Helsinki<\/td>\n<td><a href=\"https:\/\/www.smash.fi\/pelipaikat\/smash-center\/\">Smash Center<\/a><\/td>\n<td>Varattavissa<\/td>\n<td>Varikkotie 4, 00900 Helsinki<\/td>\n<td>Sis\u00e4<\/td>\n<td>2<\/td>\n<\/tr>\n<tr>\n<td>Helsinki<\/td>\n<td>Stadin ammattiopisto<\/td>\n<td>?<\/td>\n<td>Prinsessantie 2, 00820 Helsinki<\/td>\n<td>Sis\u00e4<\/td>\n<td>1<\/td>\n<\/tr>\n<tr>\n<td>Helsinki<\/td>\n<td><a href=\"https:\/\/talihalli.fi\/\">Talihalli<\/a><\/td>\n<td>Varattavissa<\/td>\n<td>Huopalahdentie 28, 00350 Helsinki<\/td>\n<td>Sis\u00e4<\/td>\n<td>2<\/td>\n<\/tr>\n<tr>\n<td>Helsinki<\/td>\n<td>T\u00f6\u00f6l\u00f6n kisahalli<\/td>\n<td>Varattavissa<\/td>\n<td>Paavo Nurmen kuja 1 D, 00250 Helsinki<\/td>\n<td>Sis\u00e4<\/td>\n<td>7<\/td>\n<\/tr>\n<tr>\n<td>Helsinki<\/td>\n<td>Uimastadion<\/td>\n<td>Julkinen<\/td>\n<td>Hammarskj\u00f6ldintie 5, 00250 Helsinki<\/td>\n<td>Ulko<\/td>\n<td>2<\/td>\n<\/tr>\n<tr>\n<td>Helsinki<\/td>\n<td>Von Glanin puisto<\/td>\n<td>Julkinen<\/td>\n<td>Kartanonkaari 24, 00410 Helsinki<\/td>\n<td>Ulko<\/td>\n<td>1<\/td>\n<\/tr>\n<tr>\n<td>Hyvink\u00e4\u00e4<\/td>\n<td>Kipin\u00e4<\/td>\n<td>Julkinen<\/td>\n<td>Kenk\u00e4tehtaankatu 1, 05900 Hyvink\u00e4\u00e4<\/td>\n<td>Ulko<\/td>\n<td>1<\/td>\n<\/tr>\n<tr>\n<td>Hyvink\u00e4\u00e4<\/td>\n<td><a href=\"https:\/\/www.vehkacenter.com\/\">Vehkacenter<\/a><\/td>\n<td>Varattavissa<\/td>\n<td>Vehkakuja 1, 05830 Hyvink\u00e4\u00e4<\/td>\n<td>Sis\u00e4<\/td>\n<td>?<\/td>\n<\/tr>\n<tr>\n<td>Iisalmi<\/td>\n<td>Iisalmen P\u00f6yt\u00e4tenniksen halli<\/td>\n<td>Yksityinen<\/td>\n<td>Kilpivirrantie 7, 74120 Iisalmi<\/td>\n<td>Sis\u00e4<\/td>\n<td>?<\/td>\n<\/tr>\n<tr>\n<td>Isojoki<\/td>\n<td>Monitoimitalon nuorisotila<\/td>\n<td>?<\/td>\n<td>Kristiinantie 17, 64900 Isojoki<\/td>\n<td>Sis\u00e4<\/td>\n<td>?<\/td>\n<\/tr>\n<tr>\n<td>Jyv\u00e4skyl\u00e4<\/td>\n<td><a href=\"https:\/\/www.jyvaskylantennisseura.fi\/kentat\/jyvaskylan-tenniskeskus-janus\/\">Jyv\u00e4skyl\u00e4n Tenniskeskus Janus<\/a><\/td>\n<td>Varattavissa<\/td>\n<td>Sykeraitti 5, 40630 Jyv\u00e4skyl\u00e4<\/td>\n<td>Sis\u00e4<\/td>\n<td>2<\/td>\n<\/tr>\n<tr>\n<td>Jyv\u00e4skyl\u00e4<\/td>\n<td><a href=\"https:\/\/www.buugi.fi\/\">Liikuntakeskus Buugi<\/a><\/td>\n<td>Varattavissa<\/td>\n<td>Sykeraitti 7, 40630 Jyv\u00e4skyl\u00e4<\/td>\n<td>Sis\u00e4<\/td>\n<td>1<\/td>\n<\/tr>\n<tr>\n<td>Jyv\u00e4skyl\u00e4<\/td>\n<td><a href=\"https:\/\/hutunki.fi\/\">Liikuntakeskus Hutunki<\/a><\/td>\n<td>Varattavissa<\/td>\n<td>Reinontie 7, 40800 Vaajakoski<\/td>\n<td>Sis\u00e4<\/td>\n<td>1<\/td>\n<\/tr>\n<tr>\n<td>Jyv\u00e4skyl\u00e4<\/td>\n<td><a href=\"https:\/\/www.ptjyvaskyla.fi\/halli\/\">PT Jyv\u00e4skyl\u00e4n halli<\/a><\/td>\n<td>Varattavissa<\/td>\n<td>Sorastajantie 1, 40320 Jyv\u00e4skyl\u00e4<\/td>\n<td>Sis\u00e4<\/td>\n<td>8<\/td>\n<\/tr>\n<tr>\n<td>Kontiolahti<\/td>\n<td>Kylm\u00e4ojan koulu<\/td>\n<td>?<\/td>\n<td>Pohjatuulentie 6, 80710 Lehmo<\/td>\n<td>Sis\u00e4<\/td>\n<td>?<\/td>\n<\/tr>\n<tr>\n<td>Kouvola<\/td>\n<td>Kuusankosken Kalliosuoja<\/td>\n<td>?<\/td>\n<td>M\u00e4enp\u00e4\u00e4ntie 19a, 45700 Kuusankoski<\/td>\n<td>Sis\u00e4<\/td>\n<td>4<\/td>\n<\/tr>\n<tr>\n<td>Kruunupyy<\/td>\n<td>Keskuskoulu<\/td>\n<td>Julkinen<\/td>\n<td>Kronobyv\u00e4gen 4, 68500 Kruunupyy<\/td>\n<td>Ulko<\/td>\n<td>2<\/td>\n<\/tr>\n<tr>\n<td>Kuopio<\/td>\n<td>Luoteinen v\u00e4est\u00f6nsuoja<\/td>\n<td>Varattavissa<\/td>\n<td>Retkeilij\u00e4ntie, 70200 Kuopio<\/td>\n<td>Sis\u00e4<\/td>\n<td>10<\/td>\n<\/tr>\n<tr>\n<td>Kuusamo<\/td>\n<td><a href=\"https:\/\/www.kuusamo.fi\/kulttuuri-ja-vapaa-aika\/liikunta\/liikuntakeskus\/\">Kuusamon liikuntakeskus<\/a><\/td>\n<td>Varattavissa<\/td>\n<td>Kitkantie 42, 93600 Kuusamo<\/td>\n<td>Sis\u00e4<\/td>\n<td>?<\/td>\n<\/tr>\n<tr>\n<td>Lahti<\/td>\n<td><a href=\"https:\/\/www.tennishalli.net\/\">Lahden tennis- ja squashkeskus<\/a><\/td>\n<td>Varattavissa<\/td>\n<td>Kariniemenkatu 21, 15140 Lahti<\/td>\n<td>Sis\u00e4<\/td>\n<td>2<\/td>\n<\/tr>\n<tr>\n<td>Oulu<\/td>\n<td><a href=\"https:\/\/www.hukka.net\/\">Liikuntakeskus Hukka<\/a><\/td>\n<td>Varattavissa<\/td>\n<td>Isokatu 99, 90120 Oulu<\/td>\n<td>Sis\u00e4<\/td>\n<td>2<\/td>\n<\/tr>\n<tr>\n<td>Oulu<\/td>\n<td><a href=\"https:\/\/nallisport.com\/\">Nallisport<\/a><\/td>\n<td>Varattavissa<\/td>\n<td>Vellamontie 9, 90510 Oulu<\/td>\n<td>Sis\u00e4<\/td>\n<td>1<\/td>\n<\/tr>\n<tr>\n<td>Riihim\u00e4ki<\/td>\n<td><a href=\"https:\/\/jpjliikuntakeskus.fi\/\">JPJ Liikuntakeskus<\/a><\/td>\n<td>Varattavissa<\/td>\n<td>Peltosaarenkatu 21, 11130 Riihim\u00e4ki<\/td>\n<td>Sis\u00e4<\/td>\n<td>1<\/td>\n<\/tr>\n<tr>\n<td>Salo<\/td>\n<td>Hanhivaaran liikuntakeskus<\/td>\n<td>Varattavissa<\/td>\n<td>Salorankatu 5-7, 24240 Salo<\/td>\n<td>Sis\u00e4<\/td>\n<td>2<\/td>\n<\/tr>\n<tr>\n<td>Salo<\/td>\n<td>Salohalli<\/td>\n<td>Varattavissa<\/td>\n<td>Pormestarinkatu 5, 24100 Salo<\/td>\n<td>Sis\u00e4<\/td>\n<td>?<\/td>\n<\/tr>\n<tr>\n<td>Savitaipale<\/td>\n<td>Koulukeskus<\/td>\n<td>Julkinen<\/td>\n<td>Koulutie 7, 54800 Savitaipale<\/td>\n<td>Ulko<\/td>\n<td>?<\/td>\n<\/tr>\n<tr>\n<td>Savonlinna<\/td>\n<td><a href=\"https:\/\/www.kulmasport.com\/\">Kulmasport<\/a><\/td>\n<td>Varattavissa<\/td>\n<td>Kulmatie 5, 57210 Savonlinna<\/td>\n<td>Sis\u00e4<\/td>\n<td>2<\/td>\n<\/tr>\n<tr>\n<td>Tampere<\/td>\n<td>Kalevan liikuntapuisto<\/td>\n<td>Julkinen<\/td>\n<td>Salhojankatu 56, 33540 Tampere<\/td>\n<td>Sis\u00e4<\/td>\n<td>3<\/td>\n<\/tr>\n<tr>\n<td>Tampere<\/td>\n<td><a href=\"https:\/\/www.tampere.fi\/liikunta\/liikuntapaikat\/sisaliikuntapaikat\/naashalli\">N\u00e4\u00e4shalli<\/a><\/td>\n<td>Varattavissa<\/td>\n<td>N\u00e4sij\u00e4rvenkatu 8, 33210 Tampere<\/td>\n<td>Sis\u00e4<\/td>\n<td>8<\/td>\n<\/tr>\n<tr>\n<td>Tampere<\/td>\n<td><a href=\"https:\/\/tampereentenniskeskus.fi\/\">Tampereen tenniskeskus<\/a><\/td>\n<td>Varattavissa<\/td>\n<td>Toimelankatu 8, 33560 Tampere<\/td>\n<td>Sis\u00e4<\/td>\n<td>1<\/td>\n<\/tr>\n<tr>\n<td>Turku<\/td>\n<td><a href=\"https:\/\/www.turku.fi\/toimipaikat\/liikuntakeskus-alfa\">Liikuntakeskus Alfa<\/a><\/td>\n<td>Varattavissa<\/td>\n<td>Raunistulantie 15, 20300 Turku<\/td>\n<td>Sis\u00e4<\/td>\n<td>12<\/td>\n<\/tr>\n<tr>\n<td>Turku<\/td>\n<td><a href=\"https:\/\/www.manhattansportcenter.fi\/\">Manhattan Sport Center<\/a><\/td>\n<td>Varattavissa<\/td>\n<td>Pitk\u00e4m\u00e4enkatu 4 B, 20250 Turku<\/td>\n<td>Sis\u00e4<\/td>\n<td>1<\/td>\n<\/tr>\n<tr>\n<td>Tuusula<\/td>\n<td>Tuusulan Tenniskeskus<\/td>\n<td>Varattavissa<\/td>\n<td>Kilpailukuja 4, 04300 Tuusula<\/td>\n<td>Sis\u00e4<\/td>\n<td>2<\/td>\n<\/tr>\n<tr>\n<td>Uusikaarlepyy<\/td>\n<td>?<\/td>\n<td>Julkinen<\/td>\n<td>Andrasj\u00f6v\u00e4gen, 66900 Uusikaarlepyy<\/td>\n<td>Ulko<\/td>\n<td>1<\/td>\n<\/tr>\n<tr>\n<td>Uusikaarlepyy<\/td>\n<td>Stj\u00e4rnhallen<\/td>\n<td>Julkinen<\/td>\n<td>Idrottsgr\u00e4nd 1, 66900 Uusikaarlepyy<\/td>\n<td>Ulko<\/td>\n<td>1<\/td>\n<\/tr>\n<tr>\n<td>Vantaa<\/td>\n<td>Hakunilan kalliosuoja<\/td>\n<td>Varattavissa<\/td>\n<td>Harmotie 1, 01200 Vantaa<\/td>\n<td>Sis\u00e4<\/td>\n<td>11<\/td>\n<\/tr>\n<tr>\n<td>Vantaa<\/td>\n<td>H\u00e4meenkyl\u00e4n koulu<\/td>\n<td>Julkinen<\/td>\n<td>Varistontie 3, 01660 Vantaa<\/td>\n<td>Ulko<\/td>\n<td>2<\/td>\n<\/tr>\n<tr>\n<td>Vantaa<\/td>\n<td>Myyrm\u00e4en nuorisotila<\/td>\n<td>?<\/td>\n<td>Liesitori 1 A (3. kerros), 01600 Vantaa<\/td>\n<td>Sis\u00e4<\/td>\n<td>?<\/td>\n<\/tr>\n<tr>\n<td>Vantaa<\/td>\n<td>Peltolan koulu<\/td>\n<td>Julkinen<\/td>\n<td>Lummetie 27, 01300 Vantaa<\/td>\n<td>Ulko<\/td>\n<td>2<\/td>\n<\/tr>\n<tr>\n<td>Vantaa<\/td>\n<td>Vierum\u00e4en koulu<\/td>\n<td>Julkinen<\/td>\n<td>Lehmustontie 9, 01450 Vantaa<\/td>\n<td>Ulko<\/td>\n<td>2<\/td>\n<\/tr>\n<\/tbody>\n<\/table>\n<\/div>\n","protected":false},"excerpt":{"rendered":"<p>Seuraavaan taulukkoon on koottu Suomessa olevia pingisp\u00f6yti\u00e4. Lista ei ole t\u00e4ydellinen. Pyyd\u00e4mmekin harrastajia ja seuroja ilmoittamaan tiedossaan olevat pelipaikat listaan lis\u00e4tt\u00e4v\u00e4ksi. Virheist\u00e4 ja puuttuvista tiedoista voi olla yhteydess\u00e4 P\u00f6yt\u00e4tennisliittoon: info@sptl.fi. Tiedot perustuvat LIPAS-liikuntapaikkatietokantaan. Tarkempia tietoja p\u00f6ytien varaamisesta saa kunkin tilan omistajalta. My\u00f6s paikalliseen seuraan voi olla yhteydess\u00e4 oman kunnan harrastamismahdollisuuksista. Pelipaikkojen tyypit Julkinen: kenen tahansa &hellip; <a href=\"https:\/\/www.sptl.fi\/sptl_uudet\/?page_id=60971\" class=\"more-link\">Jatka lukemista <span class=\"screen-reader-text\">Pingisp\u00f6yd\u00e4t Suomessa<\/span> <span class=\"meta-nav\">&rarr;<\/span><\/a><\/p>\n","protected":false},"author":460,"featured_media":0,"parent":1088,"menu_order":0,"comment_status":"closed","ping_status":"closed","template":"","meta":{"ngg_post_thumbnail":0,"footnotes":""},"class_list":["post-60971","page","type-page","status-publish","hentry"],"_links":{"self":[{"href":"https:\/\/www.sptl.fi\/sptl_uudet\/index.php?rest_route=\/wp\/v2\/pages\/60971","targetHints":{"allow":["GET"]}}],"collection":[{"href":"https:\/\/www.sptl.fi\/sptl_uudet\/index.php?rest_route=\/wp\/v2\/pages"}],"about":[{"href":"https:\/\/www.sptl.fi\/sptl_uudet\/index.php?rest_route=\/wp\/v2\/types\/page"}],"author":[{"embeddable":true,"href":"https:\/\/www.sptl.fi\/sptl_uudet\/index.php?rest_route=\/wp\/v2\/users\/460"}],"replies":[{"embeddable":true,"href":"https:\/\/www.sptl.fi\/sptl_uudet\/index.php?rest_route=%2Fwp%2Fv2%2Fcomments&post=60971"}],"version-history":[{"count":13,"href":"https:\/\/www.sptl.fi\/sptl_uudet\/index.php?rest_route=\/wp\/v2\/pages\/60971\/revisions"}],"predecessor-version":[{"id":62235,"href":"https:\/\/www.sptl.fi\/sptl_uudet\/index.php?rest_route=\/wp\/v2\/pages\/60971\/revisions\/62235"}],"up":[{"embeddable":true,"href":"https:\/\/www.sptl.fi\/sptl_uudet\/index.php?rest_route=\/wp\/v2\/pages\/1088"}],"wp:attachment":[{"href":"https:\/\/www.sptl.fi\/sptl_uudet\/index.php?rest_route=%2Fwp%2Fv2%2Fmedia&parent=60971"}],"curies":[{"name":"wp","href":"https:\/\/api.w.org\/{rel}","templated":true}]}}