{"id":721,"date":"2016-04-05T01:40:54","date_gmt":"2016-04-04T22:40:54","guid":{"rendered":"http:\/\/www.tiedonrakentajat.fi\/sptldev\/?page_id=721"},"modified":"2025-10-08T16:19:30","modified_gmt":"2025-10-08T13:19:30","slug":"liiton-perimat-maksut","status":"publish","type":"page","link":"https:\/\/www.sptl.fi\/sptl_uudet\/?page_id=721","title":{"rendered":"Liiton perim\u00e4t maksut"},"content":{"rendered":"<h4>P\u00c4\u00c4TILI:&nbsp; FI12 5716 9020 0181 10 (OP)<\/h4>\n<p>P\u00d6YT\u00c4TENNISRAHASTO:&nbsp;FI11 5716 9020 0181 28<br \/>\nTilille maksetaan P\u00f6yt\u00e4tennisrahastoon suunnatut lahjoitukset<\/p>\n<p>LASKUTUSTILI:FI55 5710 0420 2557 47 (OP)<br \/>\nTilille maksetaan ainoastaan laskutuksen kautta tulevat maksut. K\u00e4yt\u00e4 aina viitett\u00e4.<\/p>\n<p>LISENSSITILI: FI34 5716 9020 0181 02<br \/>\nTilille maksetaan ainoastaan lisenssimaksuja.<\/p>\n<p>&nbsp;<\/p>\n<table width=\"443\">\n<tbody>\n<tr>\n<td colspan=\"3\" width=\"443\">\n<h4>Liiton perim\u00e4t maksut vuonna 2025<\/h4>\n<\/td>\n<\/tr>\n<tr>\n<td width=\"194\">J\u00e4senmaksu:<\/td>\n<td width=\"76\">&nbsp;<\/td>\n<td width=\"173\">&nbsp;<\/td>\n<\/tr>\n<tr>\n<td width=\"194\">Seurat<\/td>\n<td width=\"76\">&nbsp;<\/td>\n<td width=\"173\">120 \u20ac<\/td>\n<\/tr>\n<tr>\n<td width=\"194\">Uudet seurat 1.vuosi<\/td>\n<td width=\"76\">&nbsp;<\/td>\n<td width=\"173\">60 \u20ac<\/td>\n<\/tr>\n<tr>\n<td width=\"194\">&nbsp;<\/td>\n<td width=\"76\">&nbsp;<\/td>\n<td width=\"173\">&nbsp;<\/td>\n<\/tr>\n<tr>\n<td width=\"194\">Lisenssimaksut:<\/td>\n<td width=\"76\">&nbsp;<\/td>\n<td width=\"173\">&nbsp;<\/td>\n<\/tr>\n<tr>\n<td width=\"194\">Aikuiset (A)<\/td>\n<td width=\"76\">&nbsp;<\/td>\n<td width=\"173\">65 \u20ac <i><br \/>\n<\/i><\/td>\n<\/tr>\n<tr>\n<td width=\"194\">Veteraanit yli 60v (V)<\/td>\n<td width=\"76\">&nbsp;<\/td>\n<td width=\"173\">45 \u20ac<\/td>\n<\/tr>\n<tr>\n<td width=\"194\">25-vuotiaat ja alle (N)<\/td>\n<td width=\"76\">&nbsp;<\/td>\n<td width=\"173\">45 \u20ac <i><br \/>\n<\/i><\/td>\n<\/tr>\n<tr>\n<td width=\"194\">18-vuotiaat ja alle (B)<\/td>\n<td width=\"76\">&nbsp;<\/td>\n<td width=\"173\">25 \u20ac <i><br \/>\n<\/i><\/td>\n<\/tr>\n<tr>\n<td width=\"194\">13-vuotiaat ja alle (C)<\/td>\n<td width=\"76\">&nbsp;<\/td>\n<td width=\"173\">10 \u20ac<\/td>\n<\/tr>\n<tr>\n<td width=\"194\">Harrastajat (H)<\/td>\n<td width=\"76\">&nbsp;<\/td>\n<td width=\"173\">40 \u20ac<\/td>\n<\/tr>\n<tr>\n<td width=\"194\">Ensimm\u00e4isen kauden lisenssi (E)<\/td>\n<td width=\"76\">&nbsp;<\/td>\n<td width=\"173\">25 \u20ac<\/td>\n<\/tr>\n<tr>\n<td width=\"194\"><em>Lisenssit ovat voimassa tulevan kauden syyskuuhun asti (30.9.).<\/em><\/td>\n<td width=\"76\">&nbsp;<\/td>\n<td width=\"173\">&nbsp;<\/td>\n<\/tr>\n<tr>\n<td width=\"194\">&nbsp;<\/td>\n<td width=\"76\">&nbsp;<\/td>\n<td width=\"173\">&nbsp;<\/td>\n<\/tr>\n<tr>\n<td width=\"194\"><strong>Kilpailumaksut:<\/strong><\/td>\n<td width=\"76\">&nbsp;<\/td>\n<td width=\"173\">&nbsp;<\/td>\n<\/tr>\n<tr>\n<td width=\"194\">&nbsp;Yksip\u00e4iv\u00e4iset<\/td>\n<td width=\"76\">&nbsp;<\/td>\n<td width=\"173\">&nbsp;35 \u20ac<\/td>\n<\/tr>\n<tr>\n<td width=\"194\">Useampip\u00e4iv\u00e4iset<\/td>\n<td width=\"76\">&nbsp;<\/td>\n<td width=\"173\">&nbsp;50 \u20ac<\/td>\n<\/tr>\n<tr>\n<td width=\"194\">SM- kilpailut<\/td>\n<td width=\"76\">&nbsp;<\/td>\n<td width=\"173\">15 % osallistumismaksuista, Veteraanien henkil\u00f6kohtainen SM: 30 % osallistumismaksuista<\/td>\n<\/tr>\n<tr>\n<td width=\"194\">&nbsp;<\/td>\n<td width=\"76\">&nbsp;<\/td>\n<td width=\"173\">&nbsp;<\/td>\n<\/tr>\n<tr>\n<td width=\"194\"><strong>Sarjamaksut:<\/strong><\/td>\n<td width=\"76\">&nbsp;<\/td>\n<td width=\"173\">&nbsp;<\/td>\n<\/tr>\n<tr>\n<td width=\"194\">Miesten mestaruussarja<\/td>\n<td width=\"76\">&nbsp;<\/td>\n<td width=\"173\">350 \u20ac<\/td>\n<\/tr>\n<tr>\n<td width=\"194\">Miesten I Div<\/td>\n<td width=\"76\">&nbsp;<\/td>\n<td width=\"173\">250 \u20ac<\/td>\n<\/tr>\n<tr>\n<td width=\"194\">II Div<\/td>\n<td width=\"76\">&nbsp;<\/td>\n<td width=\"173\">200 \u20ac<\/td>\n<\/tr>\n<tr>\n<td width=\"194\">III Div<\/td>\n<td width=\"76\">&nbsp;<\/td>\n<td width=\"173\">200 \u20ac<\/td>\n<\/tr>\n<tr>\n<td width=\"194\">IV<\/td>\n<td width=\"76\">&nbsp;<\/td>\n<td width=\"173\">150 \u20ac<\/td>\n<\/tr>\n<tr>\n<td width=\"194\">V Div<\/td>\n<td width=\"76\">&nbsp;<\/td>\n<td width=\"173\">100 \u20ac<\/td>\n<\/tr>\n<tr>\n<td width=\"194\">VI Div<\/td>\n<td width=\"76\">&nbsp;<\/td>\n<td width=\"173\">100 \u20ac<\/td>\n<\/tr>\n<tr>\n<td width=\"194\">Naisten mestaruussarja<\/td>\n<td width=\"76\">&nbsp;<\/td>\n<td width=\"173\">200 \u20ac<\/td>\n<\/tr>\n<tr>\n<td width=\"194\">Naisten I Div<\/td>\n<td width=\"76\">&nbsp;<\/td>\n<td width=\"173\">100 \u20ac<\/td>\n<\/tr>\n<tr>\n<td width=\"194\">Naisten II Div<\/td>\n<td width=\"76\">&nbsp;<\/td>\n<td width=\"173\">100 \u20ac<\/td>\n<\/tr>\n<tr>\n<td width=\"194\"><strong>Seurasiirto<\/strong><\/td>\n<td width=\"76\">&nbsp;<\/td>\n<td width=\"173\">20 \u20ac<\/td>\n<\/tr>\n<tr>\n<td width=\"194\"><strong>&nbsp;Vastalausemaksu (saa takaisin jos menee l\u00e4pi)<\/strong><\/td>\n<td width=\"76\">&nbsp;<\/td>\n<td width=\"173\">&nbsp;50 \u20ac<\/td>\n<\/tr>\n<tr>\n<td width=\"194\">&nbsp;<\/td>\n<td width=\"76\">&nbsp;<\/td>\n<td width=\"173\">&nbsp;<\/td>\n<\/tr>\n<tr>\n<td width=\"194\"><strong>Ansiomerkit:<\/strong><\/td>\n<td width=\"76\">Pronssi<\/td>\n<td width=\"173\">60 \u20ac<\/td>\n<\/tr>\n<tr>\n<td width=\"194\">&nbsp;<\/td>\n<td width=\"76\">Hopea<\/td>\n<td width=\"173\">85 \u20ac<\/td>\n<\/tr>\n<tr>\n<td width=\"194\">&nbsp;<\/td>\n<td width=\"76\">Kulta<\/td>\n<td width=\"173\">110 \u20ac<\/td>\n<\/tr>\n<tr>\n<td width=\"194\">&nbsp;<\/td>\n<td width=\"76\">Kultainen plaketti<\/td>\n<td width=\"173\">150 \u20ac<\/td>\n<\/tr>\n<tr>\n<td width=\"194\">&nbsp;<\/td>\n<td width=\"76\">&nbsp;<\/td>\n<td width=\"173\">&nbsp;<\/td>\n<\/tr>\n<tr>\n<td width=\"194\"><strong>Sakkomaksut:<\/strong><\/td>\n<td width=\"76\">&nbsp;<\/td>\n<td width=\"173\">&nbsp;<\/td>\n<\/tr>\n<tr>\n<td width=\"194\">Sarjatulosten toimittaminen my\u00f6h\u00e4ss\u00e4<\/td>\n<td width=\"76\">&nbsp;<\/td>\n<td width=\"173\">100 \u20ac<\/td>\n<\/tr>\n<tr>\n<td width=\"194\">Sarjasta luopuminen<\/td>\n<td width=\"76\">&nbsp;<\/td>\n<td width=\"173\">sarjamaksua ei palauteta + sarjamaksun suuruinen sakko<\/td>\n<\/tr>\n<tr>\n<td width=\"194\"><strong>Lisenssitt\u00f6m\u00e4n pelaajan sakkomaksu:<\/strong><\/td>\n<td width=\"76\">&nbsp;<\/td>\n<td width=\"173\">&nbsp;<\/td>\n<\/tr>\n<tr>\n<td width=\"194\">Sarjat<\/td>\n<td width=\"76\">&nbsp;<\/td>\n<td width=\"173\">sakkomaksu on sarjamaksun suuruinen<\/td>\n<\/tr>\n<tr>\n<td width=\"194\">Kilpailuissa<\/td>\n<td width=\"76\">&nbsp;<\/td>\n<td width=\"173\">lisenssin suuruus<\/td>\n<\/tr>\n<tr>\n<td width=\"194\">&nbsp;<\/td>\n<td width=\"76\">&nbsp;<\/td>\n<td width=\"173\">&nbsp;<\/td>\n<\/tr>\n<tr>\n<td width=\"194\"><strong>Muut sakko-\/huomautusmaksut<\/strong><\/td>\n<td width=\"76\">&nbsp;<\/td>\n<td width=\"173\">20 \u20ac \u2013 400 \u20ac<\/td>\n<\/tr>\n<tr>\n<td width=\"194\"><strong>Laskutusmaksu<\/strong><\/td>\n<td width=\"76\">&nbsp;<\/td>\n<td width=\"173\">2 \u20ac<\/td>\n<\/tr>\n<tr>\n<td width=\"194\"><strong>Huomautusmaksu<\/strong><\/td>\n<td width=\"76\">&nbsp;<\/td>\n<td width=\"173\">10 \u20ac<\/td>\n<\/tr>\n<tr>\n<td width=\"194\"><strong>Viiv\u00e4styskorko<\/strong><\/td>\n<td width=\"76\">&nbsp;<\/td>\n<td width=\"173\">6 %<\/td>\n<\/tr>\n<\/tbody>\n<\/table>\n<p>&nbsp;<\/p>\n","protected":false},"excerpt":{"rendered":"<p>P\u00c4\u00c4TILI:&nbsp; FI12 5716 9020 0181 10 (OP) P\u00d6YT\u00c4TENNISRAHASTO:&nbsp;FI11 5716 9020 0181 28 Tilille maksetaan P\u00f6yt\u00e4tennisrahastoon suunnatut lahjoitukset LASKUTUSTILI:FI55 5710 0420 2557 47 (OP) Tilille maksetaan ainoastaan laskutuksen kautta tulevat maksut. K\u00e4yt\u00e4 aina viitett\u00e4. LISENSSITILI: FI34 5716 9020 0181 02 Tilille maksetaan ainoastaan lisenssimaksuja. &nbsp; Liiton perim\u00e4t maksut vuonna 2025 J\u00e4senmaksu: &nbsp; &nbsp; Seurat &nbsp; 120 &hellip; <a href=\"https:\/\/www.sptl.fi\/sptl_uudet\/?page_id=721\" class=\"more-link\">Jatka lukemista <span class=\"screen-reader-text\">Liiton perim\u00e4t maksut<\/span> <span class=\"meta-nav\">&rarr;<\/span><\/a><\/p>\n","protected":false},"author":287,"featured_media":0,"parent":1251,"menu_order":0,"comment_status":"closed","ping_status":"closed","template":"","meta":{"ngg_post_thumbnail":0,"footnotes":""},"class_list":["post-721","page","type-page","status-publish","hentry"],"_links":{"self":[{"href":"https:\/\/www.sptl.fi\/sptl_uudet\/index.php?rest_route=\/wp\/v2\/pages\/721","targetHints":{"allow":["GET"]}}],"collection":[{"href":"https:\/\/www.sptl.fi\/sptl_uudet\/index.php?rest_route=\/wp\/v2\/pages"}],"about":[{"href":"https:\/\/www.sptl.fi\/sptl_uudet\/index.php?rest_route=\/wp\/v2\/types\/page"}],"author":[{"embeddable":true,"href":"https:\/\/www.sptl.fi\/sptl_uudet\/index.php?rest_route=\/wp\/v2\/users\/287"}],"replies":[{"embeddable":true,"href":"https:\/\/www.sptl.fi\/sptl_uudet\/index.php?rest_route=%2Fwp%2Fv2%2Fcomments&post=721"}],"version-history":[{"count":49,"href":"https:\/\/www.sptl.fi\/sptl_uudet\/index.php?rest_route=\/wp\/v2\/pages\/721\/revisions"}],"predecessor-version":[{"id":62557,"href":"https:\/\/www.sptl.fi\/sptl_uudet\/index.php?rest_route=\/wp\/v2\/pages\/721\/revisions\/62557"}],"up":[{"embeddable":true,"href":"https:\/\/www.sptl.fi\/sptl_uudet\/index.php?rest_route=\/wp\/v2\/pages\/1251"}],"wp:attachment":[{"href":"https:\/\/www.sptl.fi\/sptl_uudet\/index.php?rest_route=%2Fwp%2Fv2%2Fmedia&parent=721"}],"curies":[{"name":"wp","href":"https:\/\/api.w.org\/{rel}","templated":true}]}}