{"id":725,"date":"2016-04-05T01:42:27","date_gmt":"2016-04-04T22:42:27","guid":{"rendered":"http:\/\/www.tiedonrakentajat.fi\/sptldev\/?page_id=725"},"modified":"2026-02-20T09:56:07","modified_gmt":"2026-02-20T07:56:07","slug":"liittokokous","status":"publish","type":"page","link":"https:\/\/www.sptl.fi\/sptl_uudet\/?page_id=725","title":{"rendered":"Liittokokoukset"},"content":{"rendered":"<h3>Liittokokousten p\u00f6yt\u00e4kirjat<\/h3>\n<p><a href=\"https:\/\/www.sptl.fi\/sptl_uudet\/wp-content\/uploads\/Syysliittokokouksen-poytakirja-1-1.pdf\">Syysliittokokous 2025<\/a><br \/>\n<a href=\"https:\/\/www.sptl.fi\/sptl_uudet\/wp-content\/uploads\/SPTL-Kevatkokouksen-poytakirja-2025.pdf\">Kev\u00e4tliittokokous 2025<\/a><br \/>\n<a href=\"https:\/\/www.sptl.fi\/sptl_uudet\/wp-content\/uploads\/Syysliittokokouksen-poytakirja-1-1.pdf\">Syysliittokokous 2024<\/a><br \/>\n<a href=\"https:\/\/www.sptl.fi\/sptl_uudet\/wp-content\/uploads\/SPTL-_-Kevatkokouksen-poytakirja.pdf\">Kev\u00e4tliittokokous 2024<\/a><br \/>\n<a href=\"https:\/\/www.sptl.fi\/sptl_uudet\/wp-content\/uploads\/Syysliittokokous2023-pk-1.pdf\">Syysliittokokous 2023<\/a><br \/>\n<a href=\"https:\/\/www.sptl.fi\/sptl_uudet\/wp-content\/uploads\/Poytakirja_kevatliittokokous_2023.pdf\" target=\"_blank\" rel=\"noopener\">Kev\u00e4tliittokokous 2023<\/a><br \/>\n<a href=\"https:\/\/www.sptl.fi\/sptl_uudet\/wp-content\/uploads\/syysliittokokous-2022-poytakirja.pdf\" target=\"_blank\" rel=\"noopener\">Syysliittokokous 2022<\/a><br \/>\n<a href=\"https:\/\/www.sptl.fi\/sptl_uudet\/wp-content\/uploads\/Poytakirja_kevatliittokokous_2022.pdf\" target=\"_blank\" rel=\"noopener\">Kev\u00e4tliittokokous 2022<\/a><br \/>\n<a href=\"https:\/\/www.sptl.fi\/sptl_uudet\/wp-content\/uploads\/Syysliittokokouksen-poytakirja.pdf\" target=\"_blank\" rel=\"noopener\">Syysliittokokous 2021<\/a><br \/>\n<a href=\"https:\/\/www.sptl.fi\/sptl_uudet\/wp-content\/uploads\/Poytakirja_kevatliittokokous_2021.pdf\" target=\"_blank\" rel=\"noopener\">Kev\u00e4tliittokokous 2021<\/a><br \/>\n<a href=\"https:\/\/www.sptl.fi\/sptl_uudet\/wp-content\/uploads\/ylimaarainen-liittokokous-31.5.-poytakirja.pdf\" target=\"_blank\" rel=\"noopener\">Ylim\u00e4\u00e4r\u00e4inen liittokokous 2021<\/a><br \/>\n<a href=\"https:\/\/www.sptl.fi\/sptl_uudet\/wp-content\/uploads\/syysliittokokous-2020-poytakirja.docx\">Syysliittokokous 2020<\/a><br \/>\n<a href=\"https:\/\/www.sptl.fi\/sptl_uudet\/wp-content\/uploads\/ylimaarainen-liittokokous-poytakirja.docx\">Ylim\u00e4\u00e4r\u00e4inen syysliittokokous 2020<\/a><br \/>\n<a href=\"http:\/\/www.sptl.fi\/sptl_uudet\/wp-content\/uploads\/p\u00f6yt\u00e4kirja_kev\u00e4tliittokokous_2020.docx\">Kev\u00e4tliittokokous 2020<\/a><br \/>\n<a href=\"http:\/\/www.sptl.fi\/sptl_uudet\/wp-content\/uploads\/syysliittokokouksen-p\u00f6yt\u00e4kirja2019.docx\">Syysliittokokous 2019<\/a>&nbsp;<br \/>\n<a href=\"http:\/\/www.sptl.fi\/sptl_uudet\/wp-content\/uploads\/P\u00f6yt\u00e4kirja_kev\u00e4tliittokokous_2019.docx\">Kev\u00e4tliittokokous 2019<\/a><br \/>\n<a href=\"http:\/\/www.sptl.fi\/sptl_uudet\/wp-content\/uploads\/syysliittokokouksen-p\u00f6yt\u00e4kirja2018.docx\">Syysliittokokous 2018<\/a><br \/>\n<a href=\"http:\/\/www.sptl.fi\/sptl_uudet\/wp-content\/uploads\/P\u00f6yt\u00e4kirja_kev\u00e4tliittokokous_2018.docx\">Kev\u00e4tliittokokous 2018<\/a><br \/>\n<a href=\"http:\/\/www.sptl.fi\/sptl_uudet\/wp-content\/uploads\/SPTL-syyskokous-ptk-1.doc\">Syysliittokokous 2017<br \/>\n<\/a><a href=\"http:\/\/www.sptl.fi\/sptl_uudet\/wp-content\/uploads\/Liittokokous-kev\u00e4t-2017-p\u00f6yt\u00e4kirja.docx\">Kev\u00e4tliittokokous 2017<\/a><br \/>\n<a href=\"http:\/\/www.sptl.fi\/sptl_uudet\/wp-content\/uploads\/2016\/04\/syysliittokokouksen-p\u00f6yt\u00e4kirja2016.doc\">Syysliittokokous 2016<\/a><br \/>\n<a href=\"http:\/\/www.sptl.fi\/sptl_uudet\/wp-content\/uploads\/2016\/04\/P\u00f6yt\u00e4kirja-kev\u00e4tliittokokous-2016.docx\">Kev\u00e4tliittokokous 2016<\/a><br \/>\n<a href=\"http:\/\/www.sptl.fi\/sptl_uudet\/wp-content\/uploads\/2016\/04\/Syysliittokokouksen-p\u00f6yt\u00e4kirja-3.doc\">Syysliittokokous 2015<\/a><\/p>\n<h3>Toimintasuunnitelmat<\/h3>\n<p><a href=\"https:\/\/www.sptl.fi\/sptl_uudet\/wp-content\/uploads\/Toimintasuunnitelma-2025.pdf\">Toimintasuunnitelma 2025<\/a><br \/>\n<a href=\"https:\/\/www.sptl.fi\/sptl_uudet\/wp-content\/uploads\/Toimintasuunnitelma-2024.pdf\">Toimintasuunnitelma 2024<\/a><br \/>\n<a href=\"https:\/\/www.sptl.fi\/sptl_uudet\/wp-content\/uploads\/SPTL_toimintasuunnitelma_2023-1.pdf\">Toimintasuunnitelma 2023<\/a><br \/>\n<a href=\"https:\/\/www.sptl.fi\/sptl_uudet\/wp-content\/uploads\/SPTL_toimintasuunnitelma_2022-1.pdf\">Toimintasuunnitelma 2022<\/a><br \/>\n<a href=\"https:\/\/www.sptl.fi\/sptl_uudet\/wp-content\/uploads\/SPTL_toimintasuunnitelma_2021.pdf\">Toimintasuunnitelma 2021<\/a><br \/>\n<a href=\"http:\/\/www.sptl.fi\/sptl_uudet\/wp-content\/uploads\/SPTL_toimintasuunnitelma_2020-2.pdf\">Toimintasuunnitelma 2020<\/a><br \/>\n<a href=\"http:\/\/www.sptl.fi\/sptl_uudet\/wp-content\/uploads\/SPTL_toimintasuunnitelma_2019-1.pdf\">Toimintasuunnitelma 2019<\/a><br \/>\nT<a href=\"http:\/\/www.sptl.fi\/sptl_uudet\/wp-content\/uploads\/SPTL_toimintasuunnitelma_2018-2.pdf\">oimintasuunnitelma<\/a><a href=\"http:\/\/www.sptl.fi\/sptl_uudet\/wp-content\/uploads\/SPTL_toimintasuunnitelma_2018-2.pdf\"> 2018<\/a><br \/>\n<a href=\"http:\/\/www.sptl.fi\/sptl_uudet\/wp-content\/uploads\/2016\/04\/SPTL_toimintasuunnitelma_2017.pdf\">Toimintasuunnitelma 2017<\/a><br \/>\n<a href=\"http:\/\/www.sptl.fi\/sptl_uudet\/wp-content\/uploads\/2016\/04\/SPTL_toimintasuunnitelma_2016-1.pdf\">Toimintasuunnitelma 2016<\/a><\/p>\n<h3>Talousarviot<\/h3>\n<p><a href=\"https:\/\/www.sptl.fi\/sptl_uudet\/wp-content\/uploads\/Talousarvio-2025.pdf\">Talousarvio 2025<\/a><br \/>\n<a href=\"https:\/\/www.sptl.fi\/sptl_uudet\/wp-content\/uploads\/Talousarvio-2024.pdf\">Talousarvio 2024<\/a><br \/>\n<a href=\"https:\/\/www.sptl.fi\/sptl_uudet\/wp-content\/uploads\/Talousarvio-vuodelle-2023_alustava.pdf\">Talousarvio 2023<\/a><br \/>\n<a href=\"https:\/\/www.sptl.fi\/sptl_uudet\/wp-content\/uploads\/Talousarvio-vuodelle-2022_SPTL.pdf\">Talousarvio 2022<\/a><br \/>\n<a href=\"https:\/\/www.sptl.fi\/sptl_uudet\/wp-content\/uploads\/Talousarvio-vuodelle-2021_.pdf\">Talousarvio 2021<\/a><br \/>\n<a href=\"http:\/\/www.sptl.fi\/sptl_uudet\/wp-content\/uploads\/Talousarvio-vuodelle-2020_.xlsx\">Talousarvio 2020<\/a><br \/>\n<a href=\"http:\/\/www.sptl.fi\/sptl_uudet\/wp-content\/uploads\/Talousarvio-vuodelle-2019.xlsx\">Talousarvio 2019<\/a><br \/>\n<a href=\"http:\/\/www.sptl.fi\/sptl_uudet\/wp-content\/uploads\/Talousarvio-vuodelle-2018-2.xlsx\">Talousarvio 2018<\/a><\/p>\n<h3>Vuosikertomukset<\/h3>\n<p><a href=\"https:\/\/www.sptl.fi\/sptl_uudet\/wp-content\/uploads\/Vuosikertomus-2024-1.pdf\">Vuosikertomus 2024<\/a><br \/>\n<a href=\"https:\/\/www.sptl.fi\/sptl_uudet\/wp-content\/uploads\/Vuosikertomus-2023-5.pdf\">Vuosikertomus 2023<\/a><br \/>\n<a href=\"https:\/\/www.sptl.fi\/sptl_uudet\/wp-content\/uploads\/SPTL_toimintakertomus_2022-2.pdf\">Vuosikertomus 2022<\/a><br \/>\n<a href=\"https:\/\/www.sptl.fi\/sptl_uudet\/wp-content\/uploads\/SPTL_toimintakertomus_2021.pdf\">Vuosikertomus 2021<\/a><br \/>\n<a href=\"https:\/\/www.sptl.fi\/sptl_uudet\/wp-content\/uploads\/SPTL_toimintakertomus_2020-1.pdf\">Vuosikertomus 2020<\/a><br \/>\n<a href=\"http:\/\/www.sptl.fi\/sptl_uudet\/wp-content\/uploads\/SPTL_toimintakertomus_2019.pdf\">Vuosikertomus 2019<\/a><br \/>\n<a href=\"http:\/\/www.sptl.fi\/sptl_uudet\/wp-content\/uploads\/SPTL_toimintakertomus_2018-1.pdf\">Vuosikertomus 2018<\/a><\/p>\n<h3>Tilinp\u00e4\u00e4t\u00f6kset<\/h3>\n<p><a href=\"https:\/\/www.sptl.fi\/sptl_uudet\/wp-content\/uploads\/Tilinpaatos-31.12.2024.pdf\">Tilinp\u00e4\u00e4t\u00f6s 2024<\/a><br \/>\n<a href=\"https:\/\/www.sptl.fi\/sptl_uudet\/wp-content\/uploads\/Tilinpaatoserittely-31.12.2023-1.pdf\">Tilinp\u00e4\u00e4t\u00f6s 2023<\/a><br \/>\n<a href=\"https:\/\/www.sptl.fi\/sptl_uudet\/wp-content\/uploads\/tilinpaatos-ja-tase.pdf\">Tilinp\u00e4\u00e4t\u00f6s 2022<\/a><br \/>\n<a href=\"https:\/\/www.sptl.fi\/sptl_uudet\/wp-content\/uploads\/Tuloslaskelma2021.pdf\">Tuloslaskelma 2021<\/a> ja <a href=\"https:\/\/www.sptl.fi\/sptl_uudet\/wp-content\/uploads\/Tase2021.pdf\">tase 2021<\/a><br \/>\n<a href=\"https:\/\/www.sptl.fi\/sptl_uudet\/wp-content\/uploads\/YK_TULOS_VIRALLINEN__2020.pdf\">Tuloslaskelma 2020<\/a> ja <a href=\"https:\/\/www.sptl.fi\/sptl_uudet\/wp-content\/uploads\/YK_TASE_VIRALLINEN__2020.pdf\">tase 2020<\/a><br \/>\n<a href=\"http:\/\/www.sptl.fi\/sptl_uudet\/wp-content\/uploads\/Tilinp%C3%A4%C3%A4t%C3%B6s_2019.pdf\">Tuloslaskelma 2019<\/a> ja <a href=\"http:\/\/www.sptl.fi\/sptl_uudet\/wp-content\/uploads\/Tase_2019.pdf\">tase 2019<\/a><br \/>\n<a href=\"http:\/\/www.sptl.fi\/sptl_uudet\/wp-content\/uploads\/YK_TULOS_VIRALLINEN__KV__ETP_2018.pdf\">Tuloslaskelma 2018<\/a> ja <a href=\"http:\/\/www.sptl.fi\/sptl_uudet\/wp-content\/uploads\/YK_TASE_VIRALLINEN__KV__ETP_2018.pdf\">tase 2018<\/a><\/p>\n<h3>Liittokokoukset SPTL:n s\u00e4\u00e4nn\u00f6iss\u00e4<\/h3>\n<p>10 \u00a7 Kev\u00e4tliittokokous pidet\u00e4\u00e4n vuosittain huhtikuun loppuun menness\u00e4 ja syysliittokokous marraskuun loppuun menness\u00e4. Liittohallitus m\u00e4\u00e4r\u00e4\u00e4 kokousajan ja -paikan. Ylim\u00e4\u00e4r\u00e4inen liittokokous pidet\u00e4\u00e4n, mik\u00e4li liittokokous tai liittohallitus niin p\u00e4\u00e4tt\u00e4\u00e4 tai mik\u00e4li v\u00e4hint\u00e4\u00e4n yksi viidesosa (1\/5) \u00e4\u00e4nioikeutetuista j\u00e4senseuroista vaatii sit\u00e4 kirjallisesti liittohallitukselta m\u00e4\u00e4r\u00e4tyn asian k\u00e4sittelemiseksi. Viimeksi mainitussa tapauksessa liittokokous on pidett\u00e4v\u00e4 kahden (2) kuukauden kuluessa vaatimuksen esitt\u00e4misest\u00e4.<\/p>\n<p>11 \u00a7 Kutsu liittokokoukseen on julkaistava liiton verkkosivuilla tai l\u00e4hetett\u00e4v\u00e4 j\u00e4senille kirjallisesti v\u00e4hint\u00e4\u00e4n kolme (3) viikkoa ennen kokousta.<\/p>\n<p>12 \u00a7 \u00c4\u00e4nioikeutetun j\u00e4senseuran kirjallisesta vaatimuksesta liittokokouksen esityslistalle on merkitt\u00e4v\u00e4 asia, joka halutaan liittokokousk\u00e4sittelyyn edellytt\u00e4en, ett\u00e4 t\u00e4m\u00e4 vaatimus on j\u00e4tetty liittohallitukselle v\u00e4hint\u00e4\u00e4n yht\u00e4 kuukautta ennen kokousta.<\/p>\n<p>13 \u00a7 Liittokokouksessa saavat olla edustettuina j\u00e4senmaksuvelvollisuutensa t\u00e4ytt\u00e4neet j\u00e4senseurat. N\u00e4ill\u00e4 on oikeus l\u00e4hett\u00e4\u00e4 kokoukseen yksi (1) \u00e4\u00e4nioikeutettu edustaja sek\u00e4 yksi (1) lis\u00e4edustaja, jolla on puheoikeus mutta ei \u00e4\u00e4nioikeutta. \u00c4\u00e4nioikeutta k\u00e4ytt\u00e4v\u00e4ll\u00e4 edustajalla tulee olla j\u00e4senseuran antama valtakirja. Liiton kunniapuheenjohtajilla ja kunniaj\u00e4senill\u00e4, liiton puheenjohtajalla ja varapuheenjohtajalla, liittohallituksen varsinaisilla j\u00e4senill\u00e4, liiton toimihenkil\u00f6ill\u00e4 sek\u00e4 valiokuntien j\u00e4senill\u00e4 on liittokokouksessa l\u00e4sn\u00e4olo- ja puheoikeus. Liittokokous voi antaa muillekin henkil\u00f6ille joko pelk\u00e4n l\u00e4sn\u00e4olo-oikeuden tai sek\u00e4 l\u00e4sn\u00e4olo- ett\u00e4 puheoikeuden.<\/p>\n<p>14 \u00a7 Liittokokouksessa jokaisella j\u00e4senseuralla on yksi \u00e4\u00e4ni. Sama henkil\u00f6 voi edustaa valtakirjalla enint\u00e4\u00e4n kolmea (3) j\u00e4senseuraa.<\/p>\n<p>15 \u00a7 Liittokokouksen p\u00e4\u00e4t\u00f6kseksi tulee, ellei n\u00e4iss\u00e4 s\u00e4\u00e4nn\u00f6iss\u00e4 ole muuta m\u00e4\u00e4r\u00e4tty, mielipide, jota on kannattanut yli puolet annetuista \u00e4\u00e4nist\u00e4. Vaaleissa valituiksi tulevat eniten \u00e4\u00e4ni\u00e4 saaneet. \u00c4\u00e4nten menness\u00e4 tasan ratkaisee kokouksen puheenjohtajan kanta, vaaleissa saman \u00e4\u00e4nim\u00e4\u00e4r\u00e4n saaneiden kesken arpa. Liiton puheenjohtajan ja varapuheenjohtajan vaalissa on valituksi tulevan kuitenkin saatava yli puolet annetuista \u00e4\u00e4nist\u00e4. Ellei ensimm\u00e4isess\u00e4 \u00e4\u00e4nestyksess\u00e4 kukaan ehdokkaista ole saanut yli puolta annetuista \u00e4\u00e4nist\u00e4, toimitetaan uusi vaali kahden ensimm\u00e4isess\u00e4 vaalissa eniten \u00e4\u00e4ni\u00e4 saaneen v\u00e4lill\u00e4. \u00c4\u00e4nestykset ja vaalit tapahtuvat suljetuin lipuin, mik\u00e4li yksikin \u00e4\u00e4nioikeutettu edustaja niin vaatii. &nbsp;Liiton puheenjohtaja tai, h\u00e4nen ollessa estyneen\u00e4, liiton varapuheenjohtaja avaa liittokokouksen.<\/p>\n<p>Kev\u00e4tliittokokouksessa<br \/>\n\u2013 esitet\u00e4\u00e4n tilinp\u00e4\u00e4t\u00f6s, joka k\u00e4sitt\u00e4\u00e4 tuloslaskelman, taseen ja toimintakertomuksen sek\u00e4 tilintarkastajien lausunnon ja p\u00e4\u00e4tet\u00e4\u00e4n<\/p>\n<ul>\n<li>Tuloslaskelman ja taseen vahvistamisesta<\/li>\n<li>vastuuvapauden my\u00f6nt\u00e4misest\u00e4 liittohallitukselle ja muille tilivelvollisille<\/li>\n<li>kilpailum\u00e4\u00e4r\u00e4ysten muuttamisesta<\/li>\n<\/ul>\n<p>Syysliittokokouksessa<br \/>\n\u2013 vahvistetaan seuraavan vuoden toimintasuunnitelma<br \/>\n\u2013 p\u00e4\u00e4tet\u00e4\u00e4n j\u00e4senmaksun ja muiden liitolle tulevien maksujen suuruus<br \/>\n\u2013 vahvistetaan seuraavan tilikauden talousarvio<br \/>\n\u2013 p\u00e4\u00e4tet\u00e4\u00e4n liiton puheenjohtajalle, varapuheenjohtajalle, liittohallituksen j\u00e4senille ja tilintarkastajille maksettavista palkkioista<br \/>\n\u2013 valitaan joka toinen vuosi liittohallituksen puheenjohtaja ja varapuheenjohtaja, joiden toimikausi alkaa v\u00e4litt\u00f6m\u00e4sti kokouksen j\u00e4lkeen<br \/>\n\u2013 valitaan seuraavaksi kaksivuotiskaudeksi nelj\u00e4n (4) erovuoroisen liittohallituksen j\u00e4senen tilalle uudet j\u00e4senet ja yhdeksi vuodeksi nelj\u00e4 (4) varaj\u00e4sent\u00e4, joiden toimikausi alkaa v\u00e4litt\u00f6m\u00e4sti kokouksen j\u00e4lkeen<br \/>\n\u2013 valitaan kaksi (2) tilintarkastajaa ja heille henkil\u00f6kohtaiset varamiehet tarkastamaan liiton seuraavan tilikauden tilej\u00e4 ja hallintoa<\/p>\n","protected":false},"excerpt":{"rendered":"<p>Liittokokousten p\u00f6yt\u00e4kirjat Syysliittokokous 2025 Kev\u00e4tliittokokous 2025 Syysliittokokous 2024 Kev\u00e4tliittokokous 2024 Syysliittokokous 2023 Kev\u00e4tliittokokous 2023 Syysliittokokous 2022 Kev\u00e4tliittokokous 2022 Syysliittokokous 2021 Kev\u00e4tliittokokous 2021 Ylim\u00e4\u00e4r\u00e4inen liittokokous 2021 Syysliittokokous 2020 Ylim\u00e4\u00e4r\u00e4inen syysliittokokous 2020 Kev\u00e4tliittokokous 2020 Syysliittokokous 2019&nbsp; Kev\u00e4tliittokokous 2019 Syysliittokokous 2018 Kev\u00e4tliittokokous 2018 Syysliittokokous 2017 Kev\u00e4tliittokokous 2017 Syysliittokokous 2016 Kev\u00e4tliittokokous 2016 Syysliittokokous 2015 Toimintasuunnitelmat Toimintasuunnitelma 2025 Toimintasuunnitelma 2024 &hellip; <a href=\"https:\/\/www.sptl.fi\/sptl_uudet\/?page_id=725\" class=\"more-link\">Jatka lukemista <span class=\"screen-reader-text\">Liittokokoukset<\/span> <span class=\"meta-nav\">&rarr;<\/span><\/a><\/p>\n","protected":false},"author":287,"featured_media":0,"parent":1251,"menu_order":0,"comment_status":"closed","ping_status":"closed","template":"","meta":{"ngg_post_thumbnail":0,"footnotes":""},"class_list":["post-725","page","type-page","status-publish","hentry"],"_links":{"self":[{"href":"https:\/\/www.sptl.fi\/sptl_uudet\/index.php?rest_route=\/wp\/v2\/pages\/725","targetHints":{"allow":["GET"]}}],"collection":[{"href":"https:\/\/www.sptl.fi\/sptl_uudet\/index.php?rest_route=\/wp\/v2\/pages"}],"about":[{"href":"https:\/\/www.sptl.fi\/sptl_uudet\/index.php?rest_route=\/wp\/v2\/types\/page"}],"author":[{"embeddable":true,"href":"https:\/\/www.sptl.fi\/sptl_uudet\/index.php?rest_route=\/wp\/v2\/users\/287"}],"replies":[{"embeddable":true,"href":"https:\/\/www.sptl.fi\/sptl_uudet\/index.php?rest_route=%2Fwp%2Fv2%2Fcomments&post=725"}],"version-history":[{"count":52,"href":"https:\/\/www.sptl.fi\/sptl_uudet\/index.php?rest_route=\/wp\/v2\/pages\/725\/revisions"}],"predecessor-version":[{"id":65146,"href":"https:\/\/www.sptl.fi\/sptl_uudet\/index.php?rest_route=\/wp\/v2\/pages\/725\/revisions\/65146"}],"up":[{"embeddable":true,"href":"https:\/\/www.sptl.fi\/sptl_uudet\/index.php?rest_route=\/wp\/v2\/pages\/1251"}],"wp:attachment":[{"href":"https:\/\/www.sptl.fi\/sptl_uudet\/index.php?rest_route=%2Fwp%2Fv2%2Fmedia&parent=725"}],"curies":[{"name":"wp","href":"https:\/\/api.w.org\/{rel}","templated":true}]}}