{"id":734,"date":"2016-04-05T01:56:22","date_gmt":"2016-04-04T22:56:22","guid":{"rendered":"http:\/\/www.tiedonrakentajat.fi\/sptldev\/?page_id=734"},"modified":"2025-06-13T12:42:33","modified_gmt":"2025-06-13T09:42:33","slug":"seuran-perustaminen","status":"publish","type":"page","link":"https:\/\/www.sptl.fi\/sptl_uudet\/?page_id=734","title":{"rendered":"Seuran perustaminen"},"content":{"rendered":"<p>&nbsp;<\/p>\n<p><strong>Liiton toimintas\u00e4\u00e4nn\u00f6t,&nbsp;5 \u00a7<\/strong><\/p>\n<p>Liittohallitus voi hyv\u00e4ksy\u00e4 kirjallisesta hakemuksesta liiton j\u00e4seneksi rekister\u00f6idyn yhdistyksen.<\/p>\n<p>J\u00e4senseurojen katsotaan sitoutuneen noudattamaan liiton s\u00e4\u00e4nt\u00f6j\u00e4 ja sen toimielinten p\u00e4\u00e4t\u00f6ksi\u00e4 sek\u00e4 ITTF:n s\u00e4\u00e4nt\u00f6j\u00e4 ja m\u00e4\u00e4r\u00e4yksi\u00e4. Syysliittokokous m\u00e4\u00e4r\u00e4\u00e4 vuosittaisen j\u00e4senmaksun.<\/p>\n<p>Lis\u00e4tietoa uuden yhdistyksen perustamisesta l\u00f6ytyy t\u00e4\u00e4lt\u00e4:&nbsp;<a href=\"https:\/\/www.prh.fi\/fi\/yhdistysrekisteri\/yhdistyksen_perustajalle.html\">Yhdistyksen perustaminen<\/a><\/p>\n<p>Jos haluat lis\u00e4tietoa liiton j\u00e4senyyden hakemisesta ja seuran perustamisesta, ota yhteytt\u00e4: info(a)sptl.fi<\/p>\n<p>&nbsp;<\/p>\n","protected":false},"excerpt":{"rendered":"<p>&nbsp; Liiton toimintas\u00e4\u00e4nn\u00f6t,&nbsp;5 \u00a7 Liittohallitus voi hyv\u00e4ksy\u00e4 kirjallisesta hakemuksesta liiton j\u00e4seneksi rekister\u00f6idyn yhdistyksen. J\u00e4senseurojen katsotaan sitoutuneen noudattamaan liiton s\u00e4\u00e4nt\u00f6j\u00e4 ja sen toimielinten p\u00e4\u00e4t\u00f6ksi\u00e4 sek\u00e4 ITTF:n s\u00e4\u00e4nt\u00f6j\u00e4 ja m\u00e4\u00e4r\u00e4yksi\u00e4. Syysliittokokous m\u00e4\u00e4r\u00e4\u00e4 vuosittaisen j\u00e4senmaksun. Lis\u00e4tietoa uuden yhdistyksen perustamisesta l\u00f6ytyy t\u00e4\u00e4lt\u00e4:&nbsp;Yhdistyksen perustaminen Jos haluat lis\u00e4tietoa liiton j\u00e4senyyden hakemisesta ja seuran perustamisesta, ota yhteytt\u00e4: info(a)sptl.fi &nbsp;<\/p>\n","protected":false},"author":1,"featured_media":0,"parent":1298,"menu_order":0,"comment_status":"closed","ping_status":"closed","template":"","meta":{"ngg_post_thumbnail":0,"footnotes":""},"class_list":["post-734","page","type-page","status-publish","hentry"],"_links":{"self":[{"href":"https:\/\/www.sptl.fi\/sptl_uudet\/index.php?rest_route=\/wp\/v2\/pages\/734","targetHints":{"allow":["GET"]}}],"collection":[{"href":"https:\/\/www.sptl.fi\/sptl_uudet\/index.php?rest_route=\/wp\/v2\/pages"}],"about":[{"href":"https:\/\/www.sptl.fi\/sptl_uudet\/index.php?rest_route=\/wp\/v2\/types\/page"}],"author":[{"embeddable":true,"href":"https:\/\/www.sptl.fi\/sptl_uudet\/index.php?rest_route=\/wp\/v2\/users\/1"}],"replies":[{"embeddable":true,"href":"https:\/\/www.sptl.fi\/sptl_uudet\/index.php?rest_route=%2Fwp%2Fv2%2Fcomments&post=734"}],"version-history":[{"count":4,"href":"https:\/\/www.sptl.fi\/sptl_uudet\/index.php?rest_route=\/wp\/v2\/pages\/734\/revisions"}],"predecessor-version":[{"id":16755,"href":"https:\/\/www.sptl.fi\/sptl_uudet\/index.php?rest_route=\/wp\/v2\/pages\/734\/revisions\/16755"}],"up":[{"embeddable":true,"href":"https:\/\/www.sptl.fi\/sptl_uudet\/index.php?rest_route=\/wp\/v2\/pages\/1298"}],"wp:attachment":[{"href":"https:\/\/www.sptl.fi\/sptl_uudet\/index.php?rest_route=%2Fwp%2Fv2%2Fmedia&parent=734"}],"curies":[{"name":"wp","href":"https:\/\/api.w.org\/{rel}","templated":true}]}}