{"id":740,"date":"2016-04-05T02:01:48","date_gmt":"2016-04-04T23:01:48","guid":{"rendered":"http:\/\/www.tiedonrakentajat.fi\/sptldev\/?page_id=740"},"modified":"2026-03-04T08:42:14","modified_gmt":"2026-03-04T06:42:14","slug":"maajoukkueryhmat","status":"publish","type":"page","link":"https:\/\/www.sptl.fi\/sptl_uudet\/?page_id=740","title":{"rendered":"Maajoukkuetoiminta"},"content":{"rendered":"<p><strong>P\u00f6yt\u00e4tennisliitolla on nelj\u00e4 maajoukkueryhm\u00e4\u00e4: miehet, naiset, juniorit ja parapelaajat. Joukkueet valitsee huippu-urheiluvaliokunta. Valiokunta toimii yhteisty\u00f6ss\u00e4 liiton valmentajien kanssa. Miesten maajoukkueen ja Ruskeasuon valmennusryhm\u00e4n valmennuksesta vastaa liiton p\u00e4\u00e4valmentaja Mattias Bergkvist. Liiton nuorten olympiavalmentajana toimii Mika R\u00e4s\u00e4nen, joka toimii paramaajoukkueen, naisten maajoukkueen sek\u00e4 nuorten lupausten valmentajana. Lis\u00e4ksi R\u00e4s\u00e4nen tekee seuravalmennusta.&nbsp;<\/strong><\/p>\n<p><img loading=\"lazy\" decoding=\"async\" class=\"alignnone size-large wp-image-52516\" src=\"https:\/\/www.sptl.fi\/sptl_uudet\/wp-content\/uploads\/North_EU_TT_Ch_Riga_2024_IMG_6423-1024x691.jpg\" alt=\"\" width=\"604\" height=\"408\" srcset=\"https:\/\/www.sptl.fi\/sptl_uudet\/wp-content\/uploads\/North_EU_TT_Ch_Riga_2024_IMG_6423-1024x691.jpg 1024w, https:\/\/www.sptl.fi\/sptl_uudet\/wp-content\/uploads\/North_EU_TT_Ch_Riga_2024_IMG_6423-300x202.jpg 300w, https:\/\/www.sptl.fi\/sptl_uudet\/wp-content\/uploads\/North_EU_TT_Ch_Riga_2024_IMG_6423-1536x1037.jpg 1536w, https:\/\/www.sptl.fi\/sptl_uudet\/wp-content\/uploads\/North_EU_TT_Ch_Riga_2024_IMG_6423.jpg 2048w\" sizes=\"auto, (max-width: 604px) 100vw, 604px\" \/><\/p>\n<p>P\u00f6yt\u00e4tennisliiton arvokisojen valinnoista vastaa huippu-urheiluvaliokunta. Valiokunta valitsee pelaajat edustusteht\u00e4viin kisakohtaisesti. Valintakriteereist\u00e4 merkitt\u00e4vin on menestyminen kilpailuissa. Valittavien pelaajien tulee osoittaa pelitaso isoimmissa kotimaisissa kisoissa (SM-kilpailut, GP-kilpailut, TOP) sek\u00e4 sarjapeleiss\u00e4. Kansainv\u00e4lisiss\u00e4 otteluissa ja tapahtumissa menestyminen on my\u00f6s merkitt\u00e4v\u00e4 tekij\u00e4. Lis\u00e4ksi pelaajien on pystytt\u00e4v\u00e4 osoittamaan sitoutumista maajoukkueteht\u00e4vien edellytt\u00e4miin harjoittelum\u00e4\u00e4riin. Kotimainen kilpailuj\u00e4rjestelm\u00e4 ja k\u00e4yt\u00f6ss\u00e4 oleva ratingsysteemi antavat riitt\u00e4v\u00e4n mahdollisuuden pelaajille osoittaa tasonsa.<\/p>\n<p><img loading=\"lazy\" decoding=\"async\" class=\"alignnone size-large wp-image-52514\" src=\"https:\/\/www.sptl.fi\/sptl_uudet\/wp-content\/uploads\/North_EU_TT_Ch_Riga_2024_IMG_6187-1024x683.jpg\" alt=\"\" width=\"604\" height=\"403\"><\/p>\n<p><strong>Valiokunta ei kuitenkaan tee valintoja pelk\u00e4st\u00e4\u00e4n kilpailutulosten tai ratingpisteiden perusteella, vaan kokonaisuuteen vaikuttaa harjoittelu, sitoutuminen sek\u00e4 tulevaisuuden suunnitelmat ja n\u00e4kym\u00e4t.<\/strong><\/p>\n<p><strong>Lue my\u00f6s: <a href=\"https:\/\/www.sptl.fi\/sptl_uudet\/?p=64660\">Liitto panostaa lupaaviin junioreihin \u2013 lue ket\u00e4, miksi ja miten tuetaan<\/a><\/strong><\/p>\n<hr>\n<h2 style=\"text-align: left;\"><strong>Maajoukkueryhm\u00e4<\/strong><\/h2>\n<p>Alla olevat pelaavat ovat edustaneet tai on valittu edustamaan Suomea kansainv\u00e4lisiin arvokisoihin.<\/p>\n<h3 style=\"text-align: left;\"><strong>Miesten maajoukkue<\/strong><\/h3>\n<p style=\"text-align: left;\"><strong>Benedek Ol\u00e1h<\/strong><br \/>\nSein\u00e4joen Sisu<br \/>\nBalta AZS AWFiS Gda\u0144sk (Puola)<br \/>\nLeka Enea Irun (Espanja)<br \/>\nPrinceton Revolution (Yhdysvallat)<br \/>\ns. 1991<\/p>\n<p><img loading=\"lazy\" decoding=\"async\" class=\"alignnone wp-image-61321 size-medium\" src=\"https:\/\/www.sptl.fi\/sptl_uudet\/wp-content\/uploads\/IMG_3131-300x300.jpg\" alt=\"\" width=\"300\" height=\"300\" srcset=\"https:\/\/www.sptl.fi\/sptl_uudet\/wp-content\/uploads\/IMG_3131-300x300.jpg 300w, https:\/\/www.sptl.fi\/sptl_uudet\/wp-content\/uploads\/IMG_3131-150x150.jpg 150w, https:\/\/www.sptl.fi\/sptl_uudet\/wp-content\/uploads\/IMG_3131.jpg 1000w\" sizes=\"auto, (max-width: 300px) 100vw, 300px\" \/><\/p>\n<hr>\n<p style=\"text-align: left;\"><strong>Alex Naumi<br \/>\n<\/strong>Kosken Kaiku<br \/>\nEsl\u00f6vs AI BTK (Ruotsi)<br \/>\nASTS Olimpia Grudzi\u0105dz (Puola)<br \/>\nLe Havre (Ranska)<br \/>\nMaardu LTK (Viro)<br \/>\ns. 2001<\/p>\n<p style=\"text-align: left;\"><img loading=\"lazy\" decoding=\"async\" class=\"alignnone wp-image-61322 size-medium\" src=\"https:\/\/www.sptl.fi\/sptl_uudet\/wp-content\/uploads\/IMG_3587-300x300.jpg\" alt=\"\" width=\"300\" height=\"300\" srcset=\"https:\/\/www.sptl.fi\/sptl_uudet\/wp-content\/uploads\/IMG_3587-300x300.jpg 300w, https:\/\/www.sptl.fi\/sptl_uudet\/wp-content\/uploads\/IMG_3587-150x150.jpg 150w, https:\/\/www.sptl.fi\/sptl_uudet\/wp-content\/uploads\/IMG_3587.jpg 1000w\" sizes=\"auto, (max-width: 300px) 100vw, 300px\" \/><\/p>\n<hr>\n<p style=\"text-align: left;\"><strong>Aleksi R\u00e4s\u00e4nen<\/strong><br \/>\nPT Espoo<br \/>\nKosta SK (Ruotsi)<br \/>\nTV 1879 Hilpoltstein Tischtennis (Saksa)<br \/>\nMaardu LTK (Viro)<br \/>\ns. 2005<\/p>\n<p><img loading=\"lazy\" decoding=\"async\" class=\"alignnone wp-image-61330 size-medium\" src=\"https:\/\/www.sptl.fi\/sptl_uudet\/wp-content\/uploads\/IMG_3149-1-300x300.jpg\" alt=\"\" width=\"300\" height=\"300\" srcset=\"https:\/\/www.sptl.fi\/sptl_uudet\/wp-content\/uploads\/IMG_3149-1-300x300.jpg 300w, https:\/\/www.sptl.fi\/sptl_uudet\/wp-content\/uploads\/IMG_3149-1-150x150.jpg 150w, https:\/\/www.sptl.fi\/sptl_uudet\/wp-content\/uploads\/IMG_3149-1.jpg 1000w\" sizes=\"auto, (max-width: 300px) 100vw, 300px\" \/><\/p>\n<hr>\n<p><strong>Lassi Lehtola<\/strong><br \/>\nMBF, Helsinki<br \/>\nBTK K\u00e4vlinge (Ruotsi)<br \/>\ns. 2008<\/p>\n<p><img loading=\"lazy\" decoding=\"async\" class=\"alignnone size-medium wp-image-61327\" src=\"https:\/\/www.sptl.fi\/sptl_uudet\/wp-content\/uploads\/IMG_3299-300x300.jpg\" alt=\"\" width=\"300\" height=\"300\" srcset=\"https:\/\/www.sptl.fi\/sptl_uudet\/wp-content\/uploads\/IMG_3299-300x300.jpg 300w, https:\/\/www.sptl.fi\/sptl_uudet\/wp-content\/uploads\/IMG_3299-150x150.jpg 150w, https:\/\/www.sptl.fi\/sptl_uudet\/wp-content\/uploads\/IMG_3299.jpg 1000w\" sizes=\"auto, (max-width: 300px) 100vw, 300px\" \/><\/p>\n<hr>\n<h3 style=\"text-align: left;\"><strong>Naisten maajoukkue<\/strong><\/h3>\n<p style=\"text-align: left;\"><strong>Marina Donner<\/strong><br \/>\nMBF Helsinki<br \/>\nSp\u00e5rv\u00e4gens BTK (Ruotsi)<br \/>\nTalTech (Viro)<br \/>\ns. 1982<\/p>\n<p><img loading=\"lazy\" decoding=\"async\" class=\"alignnone size-medium wp-image-61329\" src=\"https:\/\/www.sptl.fi\/sptl_uudet\/wp-content\/uploads\/IMG_3204-300x300.jpg\" alt=\"\" width=\"300\" height=\"300\" srcset=\"https:\/\/www.sptl.fi\/sptl_uudet\/wp-content\/uploads\/IMG_3204-300x300.jpg 300w, https:\/\/www.sptl.fi\/sptl_uudet\/wp-content\/uploads\/IMG_3204-150x150.jpg 150w, https:\/\/www.sptl.fi\/sptl_uudet\/wp-content\/uploads\/IMG_3204.jpg 1000w\" sizes=\"auto, (max-width: 300px) 100vw, 300px\" \/><\/p>\n<hr>\n<p><strong>Maria Girlea<br \/>\n<\/strong>PT Jyv\u00e4skyl\u00e4<br \/>\nSp\u00e5rv\u00e4gens BTK (Ruotsi)<br \/>\nSaint-Denis TT 93 (Ranska)<br \/>\ns. 2005<\/p>\n<p><img loading=\"lazy\" decoding=\"async\" class=\"alignnone size-medium wp-image-61331\" src=\"https:\/\/www.sptl.fi\/sptl_uudet\/wp-content\/uploads\/Maria-300x300.jpg\" alt=\"\" width=\"300\" height=\"300\" srcset=\"https:\/\/www.sptl.fi\/sptl_uudet\/wp-content\/uploads\/Maria-300x300.jpg 300w, https:\/\/www.sptl.fi\/sptl_uudet\/wp-content\/uploads\/Maria-1024x1024.jpg 1024w, https:\/\/www.sptl.fi\/sptl_uudet\/wp-content\/uploads\/Maria-150x150.jpg 150w, https:\/\/www.sptl.fi\/sptl_uudet\/wp-content\/uploads\/Maria-1534x1536.jpg 1534w, https:\/\/www.sptl.fi\/sptl_uudet\/wp-content\/uploads\/Maria.jpg 1570w\" sizes=\"auto, (max-width: 300px) 100vw, 300px\" \/><\/p>\n<hr>\n<p><strong>Aleksandra Titievskaja<\/strong><br \/>\nPT Espoo<br \/>\n\u00c5storps BTK (Ruotsi)<br \/>\ns. 2004<\/p>\n<p><img loading=\"lazy\" decoding=\"async\" class=\"alignnone size-medium wp-image-61328\" src=\"https:\/\/www.sptl.fi\/sptl_uudet\/wp-content\/uploads\/IMG_3243-300x300.jpg\" alt=\"\" width=\"300\" height=\"300\" srcset=\"https:\/\/www.sptl.fi\/sptl_uudet\/wp-content\/uploads\/IMG_3243-300x300.jpg 300w, https:\/\/www.sptl.fi\/sptl_uudet\/wp-content\/uploads\/IMG_3243-150x150.jpg 150w, https:\/\/www.sptl.fi\/sptl_uudet\/wp-content\/uploads\/IMG_3243.jpg 1000w\" sizes=\"auto, (max-width: 300px) 100vw, 300px\" \/><\/p>\n<hr>\n<p><strong>Mia Kellow<\/strong><br \/>\nTIP-70<br \/>\ns. 2009<\/p>\n<p><img loading=\"lazy\" decoding=\"async\" class=\"alignnone size-medium wp-image-61326\" src=\"https:\/\/www.sptl.fi\/sptl_uudet\/wp-content\/uploads\/IMG_3323-300x292.jpg\" alt=\"\" width=\"300\" height=\"292\" srcset=\"https:\/\/www.sptl.fi\/sptl_uudet\/wp-content\/uploads\/IMG_3323-300x292.jpg 300w, https:\/\/www.sptl.fi\/sptl_uudet\/wp-content\/uploads\/IMG_3323.jpg 1000w\" sizes=\"auto, (max-width: 300px) 100vw, 300px\" \/><\/p>\n<hr>\n<h3 style=\"text-align: left;\"><strong>Juniorimaajoukkue<\/strong><\/h3>\n<p><strong>Jimi Koivum\u00e4ki<\/strong><br \/>\nPT 75, Tampere<br \/>\nTrelleborgs BTK (Ruotsi)<br \/>\ns. 2011<\/p>\n<p><img loading=\"lazy\" decoding=\"async\" class=\"alignnone wp-image-61332\" src=\"https:\/\/www.sptl.fi\/sptl_uudet\/wp-content\/uploads\/jimi-1-292x300.jpg\" alt=\"\" width=\"300\" height=\"308\" srcset=\"https:\/\/www.sptl.fi\/sptl_uudet\/wp-content\/uploads\/jimi-1-292x300.jpg 292w, https:\/\/www.sptl.fi\/sptl_uudet\/wp-content\/uploads\/jimi-1.jpg 768w\" sizes=\"auto, (max-width: 300px) 100vw, 300px\" \/><\/p>\n<hr>\n<p><strong>Eetu M\u00e4kel\u00e4<\/strong><br \/>\nOPT-86<br \/>\ns. 2012<\/p>\n<p><img loading=\"lazy\" decoding=\"async\" class=\"alignnone wp-image-61373 size-medium\" src=\"https:\/\/www.sptl.fi\/sptl_uudet\/wp-content\/uploads\/Eetu-Makela-ETTU-2025-300x300.jpg\" alt=\"\" width=\"300\" height=\"300\" srcset=\"https:\/\/www.sptl.fi\/sptl_uudet\/wp-content\/uploads\/Eetu-Makela-ETTU-2025-300x300.jpg 300w, https:\/\/www.sptl.fi\/sptl_uudet\/wp-content\/uploads\/Eetu-Makela-ETTU-2025-150x150.jpg 150w, https:\/\/www.sptl.fi\/sptl_uudet\/wp-content\/uploads\/Eetu-Makela-ETTU-2025.jpg 533w\" sizes=\"auto, (max-width: 300px) 100vw, 300px\" \/><\/p>\n<hr>\n<p><strong>Max Takkavuori<\/strong><br \/>\nKosken Kaiku<br \/>\ns. 2013<\/p>\n<p><img loading=\"lazy\" decoding=\"async\" class=\"alignnone wp-image-61516\" src=\"https:\/\/www.sptl.fi\/sptl_uudet\/wp-content\/uploads\/Max-FJO2025.jpg\" alt=\"\" width=\"300\" height=\"400\" srcset=\"https:\/\/www.sptl.fi\/sptl_uudet\/wp-content\/uploads\/Max-FJO2025.jpg 1340w, https:\/\/www.sptl.fi\/sptl_uudet\/wp-content\/uploads\/Max-FJO2025-225x300.jpg 225w, https:\/\/www.sptl.fi\/sptl_uudet\/wp-content\/uploads\/Max-FJO2025-768x1024.jpg 768w, https:\/\/www.sptl.fi\/sptl_uudet\/wp-content\/uploads\/Max-FJO2025-1152x1536.jpg 1152w\" sizes=\"auto, (max-width: 300px) 100vw, 300px\" \/><\/p>\n<hr>\n<p><strong>Joel Koivum\u00e4ki<\/strong><br \/>\nPT 75, Tampere<br \/>\ns. 2014<\/p>\n<p><img loading=\"lazy\" decoding=\"async\" class=\"alignnone wp-image-61797\" src=\"https:\/\/www.sptl.fi\/sptl_uudet\/wp-content\/uploads\/JoleKoivumakiMJ.jpg\" alt=\"\" width=\"300\" height=\"375\" srcset=\"https:\/\/www.sptl.fi\/sptl_uudet\/wp-content\/uploads\/JoleKoivumakiMJ.jpg 1092w, https:\/\/www.sptl.fi\/sptl_uudet\/wp-content\/uploads\/JoleKoivumakiMJ-240x300.jpg 240w, https:\/\/www.sptl.fi\/sptl_uudet\/wp-content\/uploads\/JoleKoivumakiMJ-819x1024.jpg 819w\" sizes=\"auto, (max-width: 300px) 100vw, 300px\" \/><\/p>\n<hr>\n<p><strong>Kamilla Kadar<\/strong><br \/>\nMBF, Helsinki<br \/>\ns. 2015<\/p>\n<p><img loading=\"lazy\" decoding=\"async\" class=\"alignnone size-medium wp-image-61334\" src=\"https:\/\/www.sptl.fi\/sptl_uudet\/wp-content\/uploads\/Kamilla-Kadar-3-1-300x300.jpg\" alt=\"\" width=\"300\" height=\"300\" srcset=\"https:\/\/www.sptl.fi\/sptl_uudet\/wp-content\/uploads\/Kamilla-Kadar-3-1-300x300.jpg 300w, https:\/\/www.sptl.fi\/sptl_uudet\/wp-content\/uploads\/Kamilla-Kadar-3-1-150x150.jpg 150w, https:\/\/www.sptl.fi\/sptl_uudet\/wp-content\/uploads\/Kamilla-Kadar-3-1.jpg 879w\" sizes=\"auto, (max-width: 300px) 100vw, 300px\" \/><\/p>\n<hr>\n<h3 style=\"text-align: left;\"><strong>Valmentajat<\/strong><\/h3>\n<p><strong>Mattias Bergkvist, p\u00e4\u00e4valmentaja<\/strong><\/p>\n<p><img loading=\"lazy\" decoding=\"async\" class=\"alignnone wp-image-31301\" src=\"https:\/\/www.sptl.fi\/sptl_uudet\/wp-content\/uploads\/Mattias-Bergkvist-950x1024.jpg\" alt=\"\" width=\"400\" height=\"431\" srcset=\"https:\/\/www.sptl.fi\/sptl_uudet\/wp-content\/uploads\/Mattias-Bergkvist-950x1024.jpg 950w, https:\/\/www.sptl.fi\/sptl_uudet\/wp-content\/uploads\/Mattias-Bergkvist-278x300.jpg 278w, https:\/\/www.sptl.fi\/sptl_uudet\/wp-content\/uploads\/Mattias-Bergkvist-1425x1536.jpg 1425w, https:\/\/www.sptl.fi\/sptl_uudet\/wp-content\/uploads\/Mattias-Bergkvist-1901x2048.jpg 1901w, https:\/\/www.sptl.fi\/sptl_uudet\/wp-content\/uploads\/Mattias-Bergkvist.jpg 1946w\" sizes=\"auto, (max-width: 400px) 100vw, 400px\" \/><\/p>\n<p><strong>Mika R\u00e4s\u00e4nen, valmentaja<\/strong><\/p>\n<p><img loading=\"lazy\" decoding=\"async\" class=\"alignnone wp-image-44831\" src=\"https:\/\/www.sptl.fi\/sptl_uudet\/wp-content\/uploads\/Mika_Rasanen_2023-1-640x679-1-e1697632352682.jpeg\" alt=\"\" width=\"400\" height=\"374\" srcset=\"https:\/\/www.sptl.fi\/sptl_uudet\/wp-content\/uploads\/Mika_Rasanen_2023-1-640x679-1-e1697632352682.jpeg 640w, https:\/\/www.sptl.fi\/sptl_uudet\/wp-content\/uploads\/Mika_Rasanen_2023-1-640x679-1-e1697632352682-300x281.jpeg 300w\" sizes=\"auto, (max-width: 400px) 100vw, 400px\" \/><\/p>\n<hr>\n<h3><strong>Paramaajoukkue<\/strong><\/h3>\n<p><strong>Aino Tapola<\/strong><br \/>\nP\u00f6yt\u00e4tennisseura Wega Helsinki<br \/>\ns. 1997<\/p>\n<p><img loading=\"lazy\" decoding=\"async\" class=\"alignnone wp-image-27001\" src=\"https:\/\/www.sptl.fi\/sptl_uudet\/wp-content\/uploads\/aino_pohjoisentahti.jpg\" alt=\"\" width=\"400\" height=\"230\" srcset=\"https:\/\/www.sptl.fi\/sptl_uudet\/wp-content\/uploads\/aino_pohjoisentahti.jpg 1020w, https:\/\/www.sptl.fi\/sptl_uudet\/wp-content\/uploads\/aino_pohjoisentahti-300x172.jpg 300w\" sizes=\"auto, (max-width: 400px) 100vw, 400px\" \/><\/p>\n<hr>\n<p><strong>Timo Natunen<\/strong><br \/>\nKuPts (Kuopio)<br \/>\ns. 1987<\/p>\n<p><img loading=\"lazy\" decoding=\"async\" class=\"alignnone wp-image-29045\" src=\"https:\/\/www.sptl.fi\/sptl_uudet\/wp-content\/uploads\/Timo-Natunen-1024x784.png\" alt=\"\" width=\"400\" height=\"306\" srcset=\"https:\/\/www.sptl.fi\/sptl_uudet\/wp-content\/uploads\/Timo-Natunen-1024x784.png 1024w, https:\/\/www.sptl.fi\/sptl_uudet\/wp-content\/uploads\/Timo-Natunen-300x230.png 300w, https:\/\/www.sptl.fi\/sptl_uudet\/wp-content\/uploads\/Timo-Natunen.png 1271w\" sizes=\"auto, (max-width: 400px) 100vw, 400px\" \/><\/p>\n<hr>\n<p><strong>Aaro M\u00e4kel\u00e4<\/strong><br \/>\nPT Espoo<br \/>\ns. 2004<\/p>\n<p><img loading=\"lazy\" decoding=\"async\" class=\"alignnone wp-image-30350\" src=\"https:\/\/www.sptl.fi\/sptl_uudet\/wp-content\/uploads\/Aaro.jpg\" alt=\"\" width=\"400\" height=\"264\" srcset=\"https:\/\/www.sptl.fi\/sptl_uudet\/wp-content\/uploads\/Aaro.jpg 1000w, https:\/\/www.sptl.fi\/sptl_uudet\/wp-content\/uploads\/Aaro-300x198.jpg 300w\" sizes=\"auto, (max-width: 400px) 100vw, 400px\" \/><\/p>\n<hr>\n<h3><strong>Valmentajat<\/strong><\/h3>\n<p><strong>Hannu Sihvo ja Martti Autio<\/strong><\/p>\n<p><img loading=\"lazy\" decoding=\"async\" class=\"alignnone wp-image-26961\" src=\"https:\/\/www.sptl.fi\/sptl_uudet\/wp-content\/uploads\/ainotapolavalmentajat-1024x680.jpg\" alt=\"\" width=\"400\" height=\"266\" srcset=\"https:\/\/www.sptl.fi\/sptl_uudet\/wp-content\/uploads\/ainotapolavalmentajat-1024x680.jpg 1024w, https:\/\/www.sptl.fi\/sptl_uudet\/wp-content\/uploads\/ainotapolavalmentajat-300x199.jpg 300w, https:\/\/www.sptl.fi\/sptl_uudet\/wp-content\/uploads\/ainotapolavalmentajat-1536x1021.jpg 1536w, https:\/\/www.sptl.fi\/sptl_uudet\/wp-content\/uploads\/ainotapolavalmentajat.jpg 1651w\" sizes=\"auto, (max-width: 400px) 100vw, 400px\" \/><\/p>\n<p><strong>Iivari Hartikainen<\/strong><\/p>\n<p><img loading=\"lazy\" decoding=\"async\" class=\"alignnone wp-image-37110\" src=\"https:\/\/www.sptl.fi\/sptl_uudet\/wp-content\/uploads\/Iivari-Hartikainen.png\" alt=\"\" width=\"400\" height=\"296\" srcset=\"https:\/\/www.sptl.fi\/sptl_uudet\/wp-content\/uploads\/Iivari-Hartikainen.png 727w, https:\/\/www.sptl.fi\/sptl_uudet\/wp-content\/uploads\/Iivari-Hartikainen-300x222.png 300w\" sizes=\"auto, (max-width: 400px) 100vw, 400px\" \/><\/p>\n<hr>\n<h3><strong>Special Olympics ja VIRTUS -edustaja<\/strong><\/h3>\n<p><strong>Timo Averjanov<\/strong><br \/>\nTIP-70, Vantaa<br \/>\ns. 1993<\/p>\n<p><img loading=\"lazy\" decoding=\"async\" class=\"alignnone wp-image-62341\" src=\"https:\/\/www.sptl.fi\/sptl_uudet\/wp-content\/uploads\/Timo-Averjanov-ITTF-1.jpg\" alt=\"\" width=\"400\" height=\"267\" srcset=\"https:\/\/www.sptl.fi\/sptl_uudet\/wp-content\/uploads\/Timo-Averjanov-ITTF-1.jpg 1024w, https:\/\/www.sptl.fi\/sptl_uudet\/wp-content\/uploads\/Timo-Averjanov-ITTF-1-300x200.jpg 300w\" sizes=\"auto, (max-width: 400px) 100vw, 400px\" \/><\/p>\n<h3><strong>Valmentaja<\/strong><\/h3>\n<p><strong>Julius Muinonen <\/strong>(kuvassa oikealla)<\/p>\n<p><img loading=\"lazy\" decoding=\"async\" class=\"alignnone wp-image-62360\" src=\"https:\/\/www.sptl.fi\/sptl_uudet\/wp-content\/uploads\/IMG_50781-1.jpg\" alt=\"\" width=\"400\" height=\"267\" srcset=\"https:\/\/www.sptl.fi\/sptl_uudet\/wp-content\/uploads\/IMG_50781-1.jpg 2256w, https:\/\/www.sptl.fi\/sptl_uudet\/wp-content\/uploads\/IMG_50781-1-300x200.jpg 300w, https:\/\/www.sptl.fi\/sptl_uudet\/wp-content\/uploads\/IMG_50781-1-1024x683.jpg 1024w, https:\/\/www.sptl.fi\/sptl_uudet\/wp-content\/uploads\/IMG_50781-1-1536x1024.jpg 1536w, https:\/\/www.sptl.fi\/sptl_uudet\/wp-content\/uploads\/IMG_50781-1-2048x1365.jpg 2048w\" sizes=\"auto, (max-width: 400px) 100vw, 400px\" \/><\/p>\n<p>&nbsp;<\/p>\n","protected":false},"excerpt":{"rendered":"<p>P\u00f6yt\u00e4tennisliitolla on nelj\u00e4 maajoukkueryhm\u00e4\u00e4: miehet, naiset, juniorit ja parapelaajat. Joukkueet valitsee huippu-urheiluvaliokunta. Valiokunta toimii yhteisty\u00f6ss\u00e4 liiton valmentajien kanssa. Miesten maajoukkueen ja Ruskeasuon valmennusryhm\u00e4n valmennuksesta vastaa liiton p\u00e4\u00e4valmentaja Mattias Bergkvist. Liiton nuorten olympiavalmentajana toimii Mika R\u00e4s\u00e4nen, joka toimii paramaajoukkueen, naisten maajoukkueen sek\u00e4 nuorten lupausten valmentajana. Lis\u00e4ksi R\u00e4s\u00e4nen tekee seuravalmennusta.&nbsp; P\u00f6yt\u00e4tennisliiton arvokisojen valinnoista vastaa huippu-urheiluvaliokunta. Valiokunta valitsee &hellip; <a href=\"https:\/\/www.sptl.fi\/sptl_uudet\/?page_id=740\" class=\"more-link\">Jatka lukemista <span class=\"screen-reader-text\">Maajoukkuetoiminta<\/span> <span class=\"meta-nav\">&rarr;<\/span><\/a><\/p>\n","protected":false},"author":287,"featured_media":0,"parent":303,"menu_order":0,"comment_status":"closed","ping_status":"closed","template":"","meta":{"ngg_post_thumbnail":0,"footnotes":""},"class_list":["post-740","page","type-page","status-publish","hentry"],"_links":{"self":[{"href":"https:\/\/www.sptl.fi\/sptl_uudet\/index.php?rest_route=\/wp\/v2\/pages\/740","targetHints":{"allow":["GET"]}}],"collection":[{"href":"https:\/\/www.sptl.fi\/sptl_uudet\/index.php?rest_route=\/wp\/v2\/pages"}],"about":[{"href":"https:\/\/www.sptl.fi\/sptl_uudet\/index.php?rest_route=\/wp\/v2\/types\/page"}],"author":[{"embeddable":true,"href":"https:\/\/www.sptl.fi\/sptl_uudet\/index.php?rest_route=\/wp\/v2\/users\/287"}],"replies":[{"embeddable":true,"href":"https:\/\/www.sptl.fi\/sptl_uudet\/index.php?rest_route=%2Fwp%2Fv2%2Fcomments&post=740"}],"version-history":[{"count":99,"href":"https:\/\/www.sptl.fi\/sptl_uudet\/index.php?rest_route=\/wp\/v2\/pages\/740\/revisions"}],"predecessor-version":[{"id":65393,"href":"https:\/\/www.sptl.fi\/sptl_uudet\/index.php?rest_route=\/wp\/v2\/pages\/740\/revisions\/65393"}],"up":[{"embeddable":true,"href":"https:\/\/www.sptl.fi\/sptl_uudet\/index.php?rest_route=\/wp\/v2\/pages\/303"}],"wp:attachment":[{"href":"https:\/\/www.sptl.fi\/sptl_uudet\/index.php?rest_route=%2Fwp%2Fv2%2Fmedia&parent=740"}],"curies":[{"name":"wp","href":"https:\/\/api.w.org\/{rel}","templated":true}]}}