{"id":752,"date":"2016-04-05T02:04:57","date_gmt":"2016-04-04T23:04:57","guid":{"rendered":"http:\/\/www.tiedonrakentajat.fi\/sptldev\/?page_id=752"},"modified":"2025-11-19T12:05:36","modified_gmt":"2025-11-19T10:05:36","slug":"poytatennispelaajan-polku","status":"publish","type":"page","link":"https:\/\/www.sptl.fi\/sptl_uudet\/?page_id=752","title":{"rendered":"P\u00f6yt\u00e4tennispelaajan polku"},"content":{"rendered":"<div class=\"ead-document\">P\u00f6yt\u00e4tenniksen urheilijapolku rakentuu Huippu-urheilun Instituutti KIHU:n tuottamalle pohjalle. Huippu-urheilijaksi t\u00e4ht\u00e4\u00e4v\u00e4 nuori p\u00f6yt\u00e4tennispelaaja aloittaa p\u00f6yt\u00e4tennisuransa jo nuorena. Taulukko sis\u00e4lt\u00e4\u00e4 keskeisimpi\u00e4 valmennuksessa huomioon otettavia tekij\u00f6it\u00e4 eri ik\u00e4ryhmille.&nbsp;<\/div>\n<div class=\"ead-document\">&nbsp;<\/div>\n<div class=\"ead-document\">&nbsp;<\/div>\n<div class=\"ead-document\"><iframe style=\"border: currentColor; width: 100%; height: 500px;\" src=\"\/\/docs.google.com\/viewer?url=http%3A%2F%2Fwww.sptl.fi%2Fsptl_uudet%2Fwp-content%2Fuploads%2F2016%2F04%2Fp%C3%B6yt%C3%A4tennispelaajan-polku.docx&amp;embedded=true&amp;hl=en\"><\/iframe><\/div>\n","protected":false},"excerpt":{"rendered":"<p>P\u00f6yt\u00e4tenniksen urheilijapolku rakentuu Huippu-urheilun Instituutti KIHU:n tuottamalle pohjalle. Huippu-urheilijaksi t\u00e4ht\u00e4\u00e4v\u00e4 nuori p\u00f6yt\u00e4tennispelaaja aloittaa p\u00f6yt\u00e4tennisuransa jo nuorena. Taulukko sis\u00e4lt\u00e4\u00e4 keskeisimpi\u00e4 valmennuksessa huomioon otettavia tekij\u00f6it\u00e4 eri ik\u00e4ryhmille.&nbsp; &nbsp; &nbsp;<\/p>\n","protected":false},"author":287,"featured_media":0,"parent":303,"menu_order":0,"comment_status":"closed","ping_status":"closed","template":"","meta":{"ngg_post_thumbnail":0,"footnotes":""},"class_list":["post-752","page","type-page","status-publish","hentry"],"_links":{"self":[{"href":"https:\/\/www.sptl.fi\/sptl_uudet\/index.php?rest_route=\/wp\/v2\/pages\/752","targetHints":{"allow":["GET"]}}],"collection":[{"href":"https:\/\/www.sptl.fi\/sptl_uudet\/index.php?rest_route=\/wp\/v2\/pages"}],"about":[{"href":"https:\/\/www.sptl.fi\/sptl_uudet\/index.php?rest_route=\/wp\/v2\/types\/page"}],"author":[{"embeddable":true,"href":"https:\/\/www.sptl.fi\/sptl_uudet\/index.php?rest_route=\/wp\/v2\/users\/287"}],"replies":[{"embeddable":true,"href":"https:\/\/www.sptl.fi\/sptl_uudet\/index.php?rest_route=%2Fwp%2Fv2%2Fcomments&post=752"}],"version-history":[{"count":7,"href":"https:\/\/www.sptl.fi\/sptl_uudet\/index.php?rest_route=\/wp\/v2\/pages\/752\/revisions"}],"predecessor-version":[{"id":63564,"href":"https:\/\/www.sptl.fi\/sptl_uudet\/index.php?rest_route=\/wp\/v2\/pages\/752\/revisions\/63564"}],"up":[{"embeddable":true,"href":"https:\/\/www.sptl.fi\/sptl_uudet\/index.php?rest_route=\/wp\/v2\/pages\/303"}],"wp:attachment":[{"href":"https:\/\/www.sptl.fi\/sptl_uudet\/index.php?rest_route=%2Fwp%2Fv2%2Fmedia&parent=752"}],"curies":[{"name":"wp","href":"https:\/\/api.w.org\/{rel}","templated":true}]}}