{"id":756,"date":"2016-04-05T02:06:20","date_gmt":"2016-04-04T23:06:20","guid":{"rendered":"http:\/\/www.tiedonrakentajat.fi\/sptldev\/?page_id=756"},"modified":"2025-04-09T20:50:51","modified_gmt":"2025-04-09T17:50:51","slug":"pingis-tv","status":"publish","type":"page","link":"https:\/\/www.sptl.fi\/sptl_uudet\/?page_id=756","title":{"rendered":"PingisTV"},"content":{"rendered":"<p><strong>PingisTV:n ydin on laadukkaan katsojakokemuksen hallinta.<\/strong><\/p>\n<p>T\u00e4rkeint\u00e4 striimin tekemisess\u00e4 on, ett\u00e4 l\u00e4hetyksill\u00e4 on PingisTV:n osaava vastuullinen l\u00e4hett\u00e4j\u00e4, joka on nimettyn\u00e4 hyviss\u00e4 ajoin ja v\u00e4hint\u00e4\u00e4n viikko ennen tapahtumaa, mieluusti jo aiemmin. L\u00e4hett\u00e4j\u00e4 voi toimia paikanp\u00e4\u00e4ll\u00e4 tai et\u00e4n\u00e4, jolloin kuvaaja on l\u00e4hett\u00e4j\u00e4n ohjeistama henkil\u00f6. L\u00e4hetyksen eteen ty\u00f6skentelee yleens\u00e4 aina useampi henkil\u00f6 mukaan lukien kuvattavan tapahtuman johto.<\/p>\n<p>L\u00e4hetys on yhdistelm\u00e4 suoraa l\u00e4hetyst\u00e4 ja sen tallennetta. Ennakkovalmistelut ja suunnitelmallisuus varmistavat luotettavan ja laadukkaan suoran l\u00e4hetyksen katsojille.<br \/>\nOnnistunut l\u00e4hetys on yhdistelm\u00e4 hyv\u00e4\u00e4 l\u00e4hetyksen sis\u00e4ll\u00f6n suunnittelua (mielenkiintoiset pelit, kuvakulma, etc.), laitteiston ja palvelujen teknist\u00e4 toimivuutta sek\u00e4 kokonaisuuden hallintaa.<\/p>\n<p>Katsojat tavoitetaan ensisijaisesti sptl.fi-sivustolta(~60%) ja toissijaisesti P\u00f6yt\u00e4tennisliiton YouTube-palvelusta(~40%), jotka ovat kaikielle l\u00e4hetyksille pakollisia jakelukanavia. Muut jakelukanavat, kuten ettutv ja seurojen kanavat ovat mahdollisia lis\u00e4kanavia.<br \/>\nPerusl\u00e4hetyksess\u00e4 k\u00e4ytet\u00e4\u00e4n liiton striimiluuria tai muuta vastaavaa kameran ja encooderin yhdistelm\u00e4\u00e4, liiton YouTube-kanavaa sek\u00e4 sptl.fi-sivuston ylimm\u00e4ksi kiinnitetty\u00e4 artikkelia.<\/p>\n<p>Useammat striimit, videoleikkaus, pelaajien nimet ja pisteet tekstuureina, uusinnat, hidastukset ja haastattelut sek\u00e4 l\u00e4hetyst\u00e4 tukeva ulkoinen tulospalvelu ovat kannatettavia lis\u00e4ominaisuuksia parantamaan katsojakokemusta.<\/p>\n<p>PingisTV on Suomen p\u00f6yt\u00e4tennisliiton rekister\u00f6im\u00e4t\u00f6n tuote.<\/p>\n<p><strong>Suorat ja p\u00e4\u00e4ttyneet PingisTV-l\u00e4hetykset l\u00f6yd\u00e4t:<\/strong><br \/>\n<strong><a href=\"https:\/\/www.youtube.com\/@suomenpoytatennisliitto\/streams\" target=\"_blank\" rel=\"noopener\">https:\/\/www.youtube.com\/@suomenpoytatennisliitto\/streams<\/a><\/strong><\/p>\n<p><a href=\"https:\/\/www.sptl.fi\/sptl_uudet\/?p=46059\"><strong>Ohjeistus livestriimaukseen<\/strong><\/a><\/p>\n<p>&nbsp;<\/p>\n","protected":false},"excerpt":{"rendered":"<p>PingisTV:n ydin on laadukkaan katsojakokemuksen hallinta. T\u00e4rkeint\u00e4 striimin tekemisess\u00e4 on, ett\u00e4 l\u00e4hetyksill\u00e4 on PingisTV:n osaava vastuullinen l\u00e4hett\u00e4j\u00e4, joka on nimettyn\u00e4 hyviss\u00e4 ajoin ja v\u00e4hint\u00e4\u00e4n viikko ennen tapahtumaa, mieluusti jo aiemmin. L\u00e4hett\u00e4j\u00e4 voi toimia paikanp\u00e4\u00e4ll\u00e4 tai et\u00e4n\u00e4, jolloin kuvaaja on l\u00e4hett\u00e4j\u00e4n ohjeistama henkil\u00f6. L\u00e4hetyksen eteen ty\u00f6skentelee yleens\u00e4 aina useampi henkil\u00f6 mukaan lukien kuvattavan tapahtuman johto. L\u00e4hetys &hellip; <a href=\"https:\/\/www.sptl.fi\/sptl_uudet\/?page_id=756\" class=\"more-link\">Jatka lukemista <span class=\"screen-reader-text\">PingisTV<\/span> <span class=\"meta-nav\">&rarr;<\/span><\/a><\/p>\n","protected":false},"author":287,"featured_media":0,"parent":0,"menu_order":0,"comment_status":"closed","ping_status":"closed","template":"","meta":{"ngg_post_thumbnail":0,"footnotes":""},"class_list":["post-756","page","type-page","status-publish","hentry"],"_links":{"self":[{"href":"https:\/\/www.sptl.fi\/sptl_uudet\/index.php?rest_route=\/wp\/v2\/pages\/756","targetHints":{"allow":["GET"]}}],"collection":[{"href":"https:\/\/www.sptl.fi\/sptl_uudet\/index.php?rest_route=\/wp\/v2\/pages"}],"about":[{"href":"https:\/\/www.sptl.fi\/sptl_uudet\/index.php?rest_route=\/wp\/v2\/types\/page"}],"author":[{"embeddable":true,"href":"https:\/\/www.sptl.fi\/sptl_uudet\/index.php?rest_route=\/wp\/v2\/users\/287"}],"replies":[{"embeddable":true,"href":"https:\/\/www.sptl.fi\/sptl_uudet\/index.php?rest_route=%2Fwp%2Fv2%2Fcomments&post=756"}],"version-history":[{"count":31,"href":"https:\/\/www.sptl.fi\/sptl_uudet\/index.php?rest_route=\/wp\/v2\/pages\/756\/revisions"}],"predecessor-version":[{"id":57371,"href":"https:\/\/www.sptl.fi\/sptl_uudet\/index.php?rest_route=\/wp\/v2\/pages\/756\/revisions\/57371"}],"wp:attachment":[{"href":"https:\/\/www.sptl.fi\/sptl_uudet\/index.php?rest_route=%2Fwp%2Fv2%2Fmedia&parent=756"}],"curies":[{"name":"wp","href":"https:\/\/api.w.org\/{rel}","templated":true}]}}