{"id":961,"date":"2016-05-12T13:39:59","date_gmt":"2016-05-12T10:39:59","guid":{"rendered":"http:\/\/www.tiedonrakentajat.fi\/sptldev\/?page_id=961"},"modified":"2025-03-06T10:04:29","modified_gmt":"2025-03-06T08:04:29","slug":"fyysinen-harjoittelu","status":"publish","type":"page","link":"https:\/\/www.sptl.fi\/sptl_uudet\/?page_id=961","title":{"rendered":"Fyysinen harjoittelu"},"content":{"rendered":"<div class=\"ead-document\">\n<hr>\n<h3><strong><a href=\"https:\/\/www.sptl.fi\/sptl_uudet\/wp-content\/uploads\/Fyysinen-suorituskyky.pdf\">Fyysisen suorituskyvyn harjoittaminen modernissa p\u00f6yt\u00e4tenniksess\u00e4- opas<\/a><\/strong><\/h3>\n<hr>\n<p><strong>12.5.2021<\/strong>Kilpap\u00f6yt\u00e4tenniksen fysiikkaharjoitteluopas l\u00f6ytyy yl\u00e4puolen linkist\u00e4. Oppaan sis\u00e4ll\u00f6st\u00e4 vastaavat Esko Heikkinen, Mikko Levola, Tuomas Sallinen ja Mika R\u00e4s\u00e4nen. My\u00f6s Gunnar Malmberg, Pauliina Ranta ja Toni Ruokanen ovat osallistuneet oppaan tekoon.<\/p>\n<p>Tarkoituksemme ja tavoitteemme on, ett\u00e4 materiaali olisi jatkuvasti el\u00e4v\u00e4 ja kehittyv\u00e4.<\/p>\n<p>P\u00f6yt\u00e4tennis on taitolaji. Tason noustessa p\u00f6yt\u00e4tennis on fyysisilt\u00e4, teknisilt\u00e4, taktisilta ja psyykkisilt\u00e4 vaatimuksiltaan eritt\u00e4in haastavaa. Tekniikka ja fyysinen suorituskyky kulkevat monelta osin my\u00f6s k\u00e4si k\u00e4dess\u00e4, jolloin esimerkiksi voimatason nostaminen vaikuttaa my\u00f6s suoritustekniikkaan.<\/p>\n<p>Fyysinen harjoittelu vaikuttaa jokaiseen ihmiseen yksil\u00f6llisesti. Elimist\u00f6n reagointi fyysiseen harjoitteluun vaihtelee muun muassa i\u00e4n, kehitysasteen, harjoitustaustan ja rakenteellisten erojen mukaan. Etenkin nuorten harjoittelussa t\u00e4m\u00e4 tulee ottaa huomioon.<\/p>\n<p><strong>Harjoitusohjeita eri ik\u00e4luokkien junioripelaajille<\/strong><\/p>\n<\/div>\n<div class=\"ead-document\">\n<div class=\"ead-document\"><iframe loading=\"lazy\" style=\"border: currentColor; width: 600px; height: 760px;\" src=\"\/\/docs.google.com\/viewer?url=http%3A%2F%2Fwww.sptl.fi%2Fsptl_uudet%2Fwp-content%2Fuploads%2F2016%2F05%2Fharjoitusohjeet.pdf&amp;embedded=true&amp;hl=en\" width=\"300\" height=\"150\"><\/iframe><\/div>\n<\/div>\n<div class=\"ead-document\"><strong>&nbsp;<\/strong><\/div>\n<div class=\"ead-document\"><strong> Mikko Levolan esitys valmentajap\u00e4ivill\u00e4<\/strong><\/div>\n<div class=\"ead-document\">\n<div class=\"ead-document\"><iframe loading=\"lazy\" style=\"border: currentColor; width: 600px; height: 400px;\" src=\"\/\/docs.google.com\/viewer?url=http%3A%2F%2Fwww.sptl.fi%2Fsptl_uudet%2Fwp-content%2Fuploads%2F2016%2F05%2FPingis_voima-ja-nopeusharj_2016.pdf&amp;embedded=true&amp;hl=en\" width=\"300\" height=\"150\"><\/iframe><\/div>\n<\/div>\n<div class=\"ead-document\"><strong>&nbsp;<\/strong><\/div>\n","protected":false},"excerpt":{"rendered":"<p>Fyysisen suorituskyvyn harjoittaminen modernissa p\u00f6yt\u00e4tenniksess\u00e4- opas 12.5.2021Kilpap\u00f6yt\u00e4tenniksen fysiikkaharjoitteluopas l\u00f6ytyy yl\u00e4puolen linkist\u00e4. Oppaan sis\u00e4ll\u00f6st\u00e4 vastaavat Esko Heikkinen, Mikko Levola, Tuomas Sallinen ja Mika R\u00e4s\u00e4nen. My\u00f6s Gunnar Malmberg, Pauliina Ranta ja Toni Ruokanen ovat osallistuneet oppaan tekoon. Tarkoituksemme ja tavoitteemme on, ett\u00e4 materiaali olisi jatkuvasti el\u00e4v\u00e4 ja kehittyv\u00e4. P\u00f6yt\u00e4tennis on taitolaji. Tason noustessa p\u00f6yt\u00e4tennis on fyysisilt\u00e4, teknisilt\u00e4, &hellip; <a href=\"https:\/\/www.sptl.fi\/sptl_uudet\/?page_id=961\" class=\"more-link\">Jatka lukemista <span class=\"screen-reader-text\">Fyysinen harjoittelu<\/span> <span class=\"meta-nav\">&rarr;<\/span><\/a><\/p>\n","protected":false},"author":7,"featured_media":0,"parent":306,"menu_order":10,"comment_status":"closed","ping_status":"closed","template":"","meta":{"ngg_post_thumbnail":0,"footnotes":""},"class_list":["post-961","page","type-page","status-publish","hentry"],"_links":{"self":[{"href":"https:\/\/www.sptl.fi\/sptl_uudet\/index.php?rest_route=\/wp\/v2\/pages\/961","targetHints":{"allow":["GET"]}}],"collection":[{"href":"https:\/\/www.sptl.fi\/sptl_uudet\/index.php?rest_route=\/wp\/v2\/pages"}],"about":[{"href":"https:\/\/www.sptl.fi\/sptl_uudet\/index.php?rest_route=\/wp\/v2\/types\/page"}],"author":[{"embeddable":true,"href":"https:\/\/www.sptl.fi\/sptl_uudet\/index.php?rest_route=\/wp\/v2\/users\/7"}],"replies":[{"embeddable":true,"href":"https:\/\/www.sptl.fi\/sptl_uudet\/index.php?rest_route=%2Fwp%2Fv2%2Fcomments&post=961"}],"version-history":[{"count":29,"href":"https:\/\/www.sptl.fi\/sptl_uudet\/index.php?rest_route=\/wp\/v2\/pages\/961\/revisions"}],"predecessor-version":[{"id":58341,"href":"https:\/\/www.sptl.fi\/sptl_uudet\/index.php?rest_route=\/wp\/v2\/pages\/961\/revisions\/58341"}],"up":[{"embeddable":true,"href":"https:\/\/www.sptl.fi\/sptl_uudet\/index.php?rest_route=\/wp\/v2\/pages\/306"}],"wp:attachment":[{"href":"https:\/\/www.sptl.fi\/sptl_uudet\/index.php?rest_route=%2Fwp%2Fv2%2Fmedia&parent=961"}],"curies":[{"name":"wp","href":"https:\/\/api.w.org\/{rel}","templated":true}]}}